{"id":35810,"date":"2025-07-31T19:22:40","date_gmt":"2025-07-31T17:22:40","guid":{"rendered":"https:\/\/tsv-giessen.de\/?post_type=product&#038;p=35810"},"modified":"2025-08-01T06:27:19","modified_gmt":"2025-08-01T04:27:19","slug":"tequila","status":"publish","type":"product","link":"https:\/\/tsv-giessen.de\/?product=tequila","title":{"rendered":"Tequila"},"content":{"rendered":"<p>\ud83d\udc3e Tequila \u2013 Unser liebevoller Beagle sucht ein neues Zuhause<br \/>\nDas ist Tequila, unser treuer und verschmuster Beagle, 4 Jahre alt, kastriert und vollst\u00e4ndig geimpft. Er sucht ein liebevolles, ruhiges und strukturiertes neues Zuhause.<br \/>\nTequila ist ein sehr anh\u00e4nglicher Hund. Er liebt es, mit dem Ball zu spielen \u2013 er bringt ihn immer wieder zur\u00fcck und freut sich \u00fcber jedes gemeinsame Spiel. Er genie\u00dft es, gestreichelt zu werden, und begr\u00fc\u00dft seine Menschen mit gro\u00dfer Freude, wenn sie nach Hause kommen. Au\u00dferdem ist er stubenrein und zeigt zuverl\u00e4ssig an, wenn er raus muss.<br \/>\nDas ideale Zuhause f\u00fcr Tequila w\u00e4re:<br \/>\neine Familie oder Person, bei der meistens jemand zu Hause ist (z.\u202fB. im Homeoffice, Teilzeit arbeitend oder im Ruhestand),<br \/>\nmit regelm\u00e4\u00dfigen Spazierg\u00e4ngen und ausreichend Bewegung,<br \/>\nund einem sicher eingez\u00e4unten Garten, in dem er sich tags\u00fcber frei und sicher bewegen kann.<br \/>\nTequila bringt viele sch\u00f6ne Eigenschaften mit, hat aber auch seine Herausforderungen:<br \/>\nEr kann nicht gut alleine bleiben \u2013 er wird nerv\u00f6s und bellt, wenn er alleine ist. Au\u00dferdem kann er drau\u00dfen nicht ohne Leine laufen, da er stark auf andere Hunde und Tiere reagiert.<br \/>\nMit anderen Hunden oder Haustieren k\u00f6nnte er m\u00f6glicherweise zusammenleben, wenn man ihn langsam und geduldig daran gew\u00f6hnt.<br \/>\nEr braucht einen erfahrenen oder geduldigen Menschen, der bereit ist, mit ihm weiter zu trainieren \u2013 insbesondere im Umgang mit Alleinsein und Reiz\u00fcberflutung. Daf\u00fcr bekommt man einen treuen und liebevollen Begleiter.<br \/>\nWir m\u00f6chten den \u00dcbergang so angenehm wie m\u00f6glich gestalten. Wenn Tequila adoptiert wird, bin ich gerne bereit, ihn w\u00e4hrend Urlaubszeiten bei mir aufzunehmen, damit er nicht in eine Hundepension muss \u2013 das ist f\u00fcr ihn zu stressig.<br \/>\nSo schwer es uns f\u00e4llt, ihn abzugeben, glauben wir, dass Tequila in einem ruhigeren und strukturierteren Zuhause gl\u00fccklicher w\u00e4re. Wir hoffen auf liebevolle Menschen, die bereit sind, ihm die Stabilit\u00e4t zu geben, die er braucht.<br \/>\n\ud83d\udcde Kontakt: Annika Theis<br \/>\n\ud83d\udcf1 +49 176 24934416<br \/>\nBei Fragen oder Interesse stehe ich gerne zur Verf\u00fcgung und unterst\u00fctze auch aktiv beim Vermittlungsprozess.<\/p>\n<p><span class=\"fs13 cf1 ff1\"><b>Bemerkung:<\/b><br \/>\n<\/span><span class=\"fs13 cf1 ff1\">Die Beschreibungen sind Momentaufnahmen des Tieres in unserem Tierheim. Jedes Tier kann sich im neuen Zuhause anders entwickeln.<\/span><\/p>\n","protected":false},"excerpt":{"rendered":"<p>\ud83d\udc3e Tequila \u2013 Unser liebevoller Beagle sucht ein neues Zuhause Das ist Tequila, unser treuer und verschmuster Beagle, 4 Jahre alt, kastriert und vollst\u00e4ndig geimpft. Er sucht ein liebevolles, ruhiges&#8230;<\/p>\n","protected":false},"featured_media":35812,"template":"","meta":{"_piecal_is_event":false,"_piecal_start_date":"","_piecal_end_date":"","_piecal_is_allday":false},"product_cat":[159],"product_tag":[],"_links":{"self":[{"href":"https:\/\/tsv-giessen.de\/index.php?rest_route=\/wp\/v2\/product\/35810"}],"collection":[{"href":"https:\/\/tsv-giessen.de\/index.php?rest_route=\/wp\/v2\/product"}],"about":[{"href":"https:\/\/tsv-giessen.de\/index.php?rest_route=\/wp\/v2\/types\/product"}],"wp:featuredmedia":[{"embeddable":true,"href":"https:\/\/tsv-giessen.de\/index.php?rest_route=\/wp\/v2\/media\/35812"}],"wp:attachment":[{"href":"https:\/\/tsv-giessen.de\/index.php?rest_route=%2Fwp%2Fv2%2Fmedia&parent=35810"}],"wp:term":[{"taxonomy":"product_cat","embeddable":true,"href":"https:\/\/tsv-giessen.de\/index.php?rest_route=%2Fwp%2Fv2%2Fproduct_cat&post=35810"},{"taxonomy":"product_tag","embeddable":true,"href":"https:\/\/tsv-giessen.de\/index.php?rest_route=%2Fwp%2Fv2%2Fproduct_tag&post=35810"}],"curies":[{"name":"wp","href":"https:\/\/api.w.org\/{rel}","templated":true}]}}