{"id":35752,"date":"2025-07-27T15:30:51","date_gmt":"2025-07-27T13:30:51","guid":{"rendered":"https:\/\/tsv-giessen.de\/?post_type=product&#038;p=35752"},"modified":"2025-12-24T10:56:09","modified_gmt":"2025-12-24T09:56:09","slug":"raphael","status":"publish","type":"product","link":"https:\/\/tsv-giessen.de\/?product=raphael","title":{"rendered":"Raphael"},"content":{"rendered":"<p>Raphael ist von Splinter und seinen drei Teenage-Mutant-Ninja-Turtles-Br\u00fcdern getrennt worden und wurde alleine herumirrend gefunden. Wir haben ihm nat\u00fcrlich Asyl geboten, in der Hoffnung, dass seine Familie sich meldet, aber leider wurde er bisher nicht abgeholt.<br \/>\nRaphael ist eher ein ruhiger Kandidat unter unseren Schildkr\u00f6ten und verbringt die warmen Sommertage lieber zur\u00fcckgezogen im Schatten, als auf Wanderschaft zu gehen.<br \/>\nEr ist noch nicht lange bei uns, sodass wir bisher noch nicht mehr \u00fcber ihn herausfinden konnten, aber nat\u00fcrlich erg\u00e4nzen wir neue Erkenntnisse von unserem H\u00fcbschen.<\/p>\n<p><span class=\"fs13 cf1 ff1\"><b>Bemerkung:<\/b><br \/>\n<\/span><span class=\"fs13 cf1 ff1\">Die Beschreibungen sind Momentaufnahmen des Tieres in unserem Tierheim. Jedes Tier kann sich im neuen Zuhause anders entwickeln.<\/span><\/p>\n","protected":false},"excerpt":{"rendered":"<p>Raphael ist von Splinter und seinen drei Teenage-Mutant-Ninja-Turtles-Br\u00fcdern getrennt worden und wurde alleine herumirrend gefunden. Wir haben ihm nat\u00fcrlich Asyl geboten, in der Hoffnung, dass seine Familie sich meldet, aber&#8230;<\/p>\n","protected":false},"featured_media":35739,"template":"","meta":{"_piecal_is_event":false,"_piecal_start_date":"","_piecal_end_date":"","_piecal_is_allday":false},"product_cat":[111,115],"product_tag":[],"_links":{"self":[{"href":"https:\/\/tsv-giessen.de\/index.php?rest_route=\/wp\/v2\/product\/35752"}],"collection":[{"href":"https:\/\/tsv-giessen.de\/index.php?rest_route=\/wp\/v2\/product"}],"about":[{"href":"https:\/\/tsv-giessen.de\/index.php?rest_route=\/wp\/v2\/types\/product"}],"wp:featuredmedia":[{"embeddable":true,"href":"https:\/\/tsv-giessen.de\/index.php?rest_route=\/wp\/v2\/media\/35739"}],"wp:attachment":[{"href":"https:\/\/tsv-giessen.de\/index.php?rest_route=%2Fwp%2Fv2%2Fmedia&parent=35752"}],"wp:term":[{"taxonomy":"product_cat","embeddable":true,"href":"https:\/\/tsv-giessen.de\/index.php?rest_route=%2Fwp%2Fv2%2Fproduct_cat&post=35752"},{"taxonomy":"product_tag","embeddable":true,"href":"https:\/\/tsv-giessen.de\/index.php?rest_route=%2Fwp%2Fv2%2Fproduct_tag&post=35752"}],"curies":[{"name":"wp","href":"https:\/\/api.w.org\/{rel}","templated":true}]}}