{"id":35747,"date":"2025-07-27T13:20:01","date_gmt":"2025-07-27T11:20:01","guid":{"rendered":"https:\/\/tsv-giessen.de\/?post_type=product&#038;p=35747"},"modified":"2025-07-27T13:30:34","modified_gmt":"2025-07-27T11:30:34","slug":"boris-und-igor","status":"publish","type":"product","link":"https:\/\/tsv-giessen.de\/?product=boris-und-igor","title":{"rendered":"Boris und Igor"},"content":{"rendered":"<p>Boris und Igor sind zusammen gefunden worden. Ob sie ausgesetzt wurden, oder sich in (vermutlich) br\u00fcderlicher Gemeinschaft als Ausbrecherk\u00fcnstler einen Namen machen wollten, wissen wir leider nicht. Dieses Leben ist nun aber erst mal vorbei, jetzt sind sie sicher eingez\u00e4unt in unserem Schildkr\u00f6tengehege und warten auf ihr Endzuhause, in dem sie ihr Gehege unsicher machen k\u00f6nnen.<\/p>\n<p>Miteinander kommen die beiden aktuell gut aus, langfristig muss dies nat\u00fcrlich geschaut werden, da es nun mal zwei M\u00e4nner sind.<br \/>\nLange sind die beiden noch nicht bei uns, weswegen wir aktuell noch nicht viel mehr \u00fcber sie sagen k\u00f6nnen.<\/p>\n<p><span class=\"fs13 cf1 ff1\"><b>Bemerkung:<\/b><br \/>\n<\/span><span class=\"fs13 cf1 ff1\">Die Beschreibungen sind Momentaufnahmen des Tieres in unserem Tierheim. Jedes Tier kann sich im neuen Zuhause anders entwickeln.<\/span><\/p>\n","protected":false},"excerpt":{"rendered":"<p>Boris und Igor sind zusammen gefunden worden. Ob sie ausgesetzt wurden, oder sich in (vermutlich) br\u00fcderlicher Gemeinschaft als Ausbrecherk\u00fcnstler einen Namen machen wollten, wissen wir leider nicht. Dieses Leben ist&#8230;<\/p>\n","protected":false},"featured_media":35744,"template":"","meta":{"_piecal_is_event":false,"_piecal_start_date":"","_piecal_end_date":"","_piecal_is_allday":false},"product_cat":[111,115],"product_tag":[],"_links":{"self":[{"href":"https:\/\/tsv-giessen.de\/index.php?rest_route=\/wp\/v2\/product\/35747"}],"collection":[{"href":"https:\/\/tsv-giessen.de\/index.php?rest_route=\/wp\/v2\/product"}],"about":[{"href":"https:\/\/tsv-giessen.de\/index.php?rest_route=\/wp\/v2\/types\/product"}],"wp:featuredmedia":[{"embeddable":true,"href":"https:\/\/tsv-giessen.de\/index.php?rest_route=\/wp\/v2\/media\/35744"}],"wp:attachment":[{"href":"https:\/\/tsv-giessen.de\/index.php?rest_route=%2Fwp%2Fv2%2Fmedia&parent=35747"}],"wp:term":[{"taxonomy":"product_cat","embeddable":true,"href":"https:\/\/tsv-giessen.de\/index.php?rest_route=%2Fwp%2Fv2%2Fproduct_cat&post=35747"},{"taxonomy":"product_tag","embeddable":true,"href":"https:\/\/tsv-giessen.de\/index.php?rest_route=%2Fwp%2Fv2%2Fproduct_tag&post=35747"}],"curies":[{"name":"wp","href":"https:\/\/api.w.org\/{rel}","templated":true}]}}