{"id":35736,"date":"2025-07-26T15:09:22","date_gmt":"2025-07-26T13:09:22","guid":{"rendered":"https:\/\/tsv-giessen.de\/?post_type=product&#038;p=35736"},"modified":"2025-07-26T16:12:56","modified_gmt":"2025-07-26T14:12:56","slug":"vladimir","status":"publish","type":"product","link":"https:\/\/tsv-giessen.de\/?product=vladimir","title":{"rendered":"Vladimir"},"content":{"rendered":"<p>Vladimir ist ein sehr durchsetzungsfreudiger und bewegungsbegeisterter Schildkr\u00f6tenmann, der allerdings mit anderen Schildkr\u00f6ten lieber nichts zu tun haben m\u00f6chte:<br \/>\nWir haben tats\u00e4chlich einen Sichtschutz mit Brettern bauen m\u00fcssen, da sonst doch starkes Konkurrenzverhalten zwischen unseren M\u00e4nnern gezeigt wurde.<br \/>\nVladimir sucht also ein Zuhause als Einzelprinz, mit viel Auslauf, aber auch gut abgesichert, denn er testet schon alle Umz\u00e4unungen auf Leib und Nieren, ob sie einen stattlichen Mann wie ihn auch wirklich aufhalten k\u00f6nnen.<\/p>\n<p>Wer hat noch ein Pl\u00e4tzchen frei f\u00fcr unseren Prinz und m\u00f6chte Vladimir das Schildkr\u00f6tenleben in Suas und Braus bieten, dass er verdient hat?<\/p>\n<p><span class=\"fs13 cf1 ff1\"><b>Bemerkung:<\/b><br \/>\n<\/span><span class=\"fs13 cf1 ff1\">Die Beschreibungen sind Momentaufnahmen des Tieres in unserem Tierheim. Jedes Tier kann sich im neuen Zuhause anders entwickeln.<\/span><\/p>\n","protected":false},"excerpt":{"rendered":"<p>Vladimir ist ein sehr durchsetzungsfreudiger und bewegungsbegeisterter Schildkr\u00f6tenmann, der allerdings mit anderen Schildkr\u00f6ten lieber nichts zu tun haben m\u00f6chte: Wir haben tats\u00e4chlich einen Sichtschutz mit Brettern bauen m\u00fcssen, da sonst&#8230;<\/p>\n","protected":false},"featured_media":35745,"template":"","meta":{"_piecal_is_event":false,"_piecal_start_date":"","_piecal_end_date":"","_piecal_is_allday":false},"product_cat":[111,115],"product_tag":[],"_links":{"self":[{"href":"https:\/\/tsv-giessen.de\/index.php?rest_route=\/wp\/v2\/product\/35736"}],"collection":[{"href":"https:\/\/tsv-giessen.de\/index.php?rest_route=\/wp\/v2\/product"}],"about":[{"href":"https:\/\/tsv-giessen.de\/index.php?rest_route=\/wp\/v2\/types\/product"}],"wp:featuredmedia":[{"embeddable":true,"href":"https:\/\/tsv-giessen.de\/index.php?rest_route=\/wp\/v2\/media\/35745"}],"wp:attachment":[{"href":"https:\/\/tsv-giessen.de\/index.php?rest_route=%2Fwp%2Fv2%2Fmedia&parent=35736"}],"wp:term":[{"taxonomy":"product_cat","embeddable":true,"href":"https:\/\/tsv-giessen.de\/index.php?rest_route=%2Fwp%2Fv2%2Fproduct_cat&post=35736"},{"taxonomy":"product_tag","embeddable":true,"href":"https:\/\/tsv-giessen.de\/index.php?rest_route=%2Fwp%2Fv2%2Fproduct_tag&post=35736"}],"curies":[{"name":"wp","href":"https:\/\/api.w.org\/{rel}","templated":true}]}}