{"id":35707,"date":"2025-07-20T09:16:05","date_gmt":"2025-07-20T07:16:05","guid":{"rendered":"https:\/\/tsv-giessen.de\/?post_type=product&#038;p=35707"},"modified":"2026-04-02T12:31:59","modified_gmt":"2026-04-02T10:31:59","slug":"finn-paten-gesucht","status":"publish","type":"product","link":"https:\/\/tsv-giessen.de\/?product=finn-paten-gesucht","title":{"rendered":"Finn"},"content":{"rendered":"<p>Finn wurde wegen \u00dcberforderung bei uns abgeben. Inzwischen konnten wir ihn besser kennenlernen: In dem h\u00fcbschen, sportlichen R\u00fcden steckt ein echtes Energieb\u00fcndel mit gro\u00dfem Lernwillen und viel Charme.<\/p>\n<p>Finn ist ein Arbeitshund durch und durch. Er ist ein sehr aktiver Hund, der sowohl k\u00f6rperlich als auch geistig ausgelastet werden m\u00f6chte. Er lernt unglaublich schnell, arbeitet aufmerksam mit und zeigt mit Begeisterung seine Lieblings\u00adtricks.<\/p>\n<p>Finn braucht Menschen, die ihm klare Strukturen und Sicherheit vermitteln. In belebten Umgebungen reagiert er stark auf Au\u00dfenreize, insbesondere auf fremde Menschen und Hunde. Er neigt dabei zu reaktivem Verhalten und braucht Unterst\u00fctzung, um in solchen Momenten wieder zur Ruhe zu finden. Hier braucht es Ruhe, Geduld und konsequentes Training.<br \/>\nFinn trainiert flei\u00dfig daran, seine Impulse besser zu kontrollieren.<\/p>\n<p>Leinenf\u00fchrigkeit muss Finn noch lernen. In ruhiger Umgebung kann er sich schon teilweise gut konzentrieren und an lockerer Leine laufen, an belebteren Umgebungen f\u00e4llt ihm das noch schwer.<\/p>\n<p>Neben gemeinsamen Aktivit\u00e4ten liebt Finn auch N\u00e4he und Zuwendung. Ausgiebige Kuscheleinheiten mit \u201eseinen\u201c Menschen genie\u00dft er sehr.<\/p>\n<p>F\u00fcr Finn w\u00fcnschen wir uns erfahrene Menschen, die Freude daran haben, mit ihm gemeinsam zu arbeiten, ihn zu f\u00f6rdern und ihm eine klare, liebevolle F\u00fchrung zu geben.<br \/>\nIn seinem neuen Zuhause ist eine gute Balance aus Auslastung und Ruhe gefragt.<br \/>\nWer m\u00f6chte unser Powerpacket Kennenlernen? Melden Sie sich gerne am besten per E-Mail in unserem Tierheim.<\/p>\n<p><span class=\"fs13 cf1 ff1\"><b>Bemerkung:<\/b><br \/>\n<\/span><span class=\"fs13 cf1 ff1\">Die Beschreibungen sind Momentaufnahmen des Tieres in unserem Tierheim. Jedes Tier kann sich im neuen Zuhause anders entwickeln.<\/span><\/p>\n","protected":false},"excerpt":{"rendered":"<p>Finn wurde wegen \u00dcberforderung bei uns abgeben. Inzwischen konnten wir ihn besser kennenlernen: In dem h\u00fcbschen, sportlichen R\u00fcden steckt ein echtes Energieb\u00fcndel mit gro\u00dfem Lernwillen und viel Charme. Finn ist&#8230;<\/p>\n","protected":false},"featured_media":39574,"template":"","meta":{"_piecal_is_event":false,"_piecal_start_date":"","_piecal_end_date":"","_piecal_is_allday":false},"product_cat":[41,57],"product_tag":[],"_links":{"self":[{"href":"https:\/\/tsv-giessen.de\/index.php?rest_route=\/wp\/v2\/product\/35707"}],"collection":[{"href":"https:\/\/tsv-giessen.de\/index.php?rest_route=\/wp\/v2\/product"}],"about":[{"href":"https:\/\/tsv-giessen.de\/index.php?rest_route=\/wp\/v2\/types\/product"}],"wp:featuredmedia":[{"embeddable":true,"href":"https:\/\/tsv-giessen.de\/index.php?rest_route=\/wp\/v2\/media\/39574"}],"wp:attachment":[{"href":"https:\/\/tsv-giessen.de\/index.php?rest_route=%2Fwp%2Fv2%2Fmedia&parent=35707"}],"wp:term":[{"taxonomy":"product_cat","embeddable":true,"href":"https:\/\/tsv-giessen.de\/index.php?rest_route=%2Fwp%2Fv2%2Fproduct_cat&post=35707"},{"taxonomy":"product_tag","embeddable":true,"href":"https:\/\/tsv-giessen.de\/index.php?rest_route=%2Fwp%2Fv2%2Fproduct_tag&post=35707"}],"curies":[{"name":"wp","href":"https:\/\/api.w.org\/{rel}","templated":true}]}}