{"id":35087,"date":"2025-06-11T04:05:28","date_gmt":"2025-06-11T02:05:28","guid":{"rendered":"https:\/\/tsv-giessen.de\/?post_type=product&#038;p=35087"},"modified":"2025-06-11T04:16:39","modified_gmt":"2025-06-11T02:16:39","slug":"neo","status":"publish","type":"product","link":"https:\/\/tsv-giessen.de\/?product=neo","title":{"rendered":"Neo"},"content":{"rendered":"<p style=\"text-align: left\"><strong>Von Privat:<\/strong><\/p>\n<p style=\"text-align: left\">Neo ist ein freundlicher, liebevoller und aufgeweckter Hund und sucht ein neues Zuhause bei Menschen, gerne mit H\u00fctehund-Erfahrung, da wir ihm bedingt durch unsere Trennung zeitlich nicht mehr gerecht werden k\u00f6nnen.<\/p>\n<p style=\"font-weight: 400\">Er ist als Welpe bei uns eingezogen und war von Anfang an ein recht selbstbewusst. Neo war selbstverst\u00e4ndlich in der Hundeschule und beherrscht alle g\u00e4ngigen Grundkommandos. Nichts desto trotz ben\u00f6tigt er konsequent gesezte Grenzen, da er sonst gerne mal hinterfragt. Sind diese Grenzen festgelegt benimmt er sich in diesen hervorragend. In neuen oder stressigen Situationen kann er gerne mal \u201edr\u00fcber\u201c sein, was man aber mit einem ruhigen Verhalten leicht in den Griff bekommt. Neo hat von Anfang gelernt, dass Zuhause Ruhe bedeutet und ist ein angenehmer Mitbewohner. Auch regelm\u00e4\u00dfiges Alleinebleiben von 3-4 Stunden ist er gewohnt, das sollte man aber im neuen Zuhause kleinschrittig wieder aufbauen, damit es weiterhin so unkompliziert funktioniert.<\/p>\n<p style=\"font-weight: 400\">Rassetypisch m\u00f6chte Neo gefordert werden und lernt neue Dinge sehr schnell. Wir haben mit ihm aportieren, Nasenarbeit und auch Dummy-training gemacht, wo er mit viel Freude und Engagement dabei war und immer gefallen m\u00f6chte.<\/p>\n<p style=\"font-weight: 400\">Im Freilauf ist Neo bisher mit allen Hunden vertr\u00e4glich gewesen, auch wenn er dort gerne mal ein bisschen frech und forsch ist. An der Leine p\u00f6belt er aus Unsicherheit erst mal, l\u00e4sst sich aber mit etwas \u00dcbung daraus ablenken. Er ist (auch l\u00e4ngere) Autofahrten gew\u00f6hnt und ist dabei absolut entspannt. Er genie\u00dft das Zusammenleben mit seinen Menschen, sucht die N\u00e4he und ist gerne im Alltagsgeschehen dabei.<\/p>\n<p style=\"font-weight: 400\">Alles in allem ist Neo ein toller Hund, der nur jemanden braucht, der seine Energie in die richtigen Bahnen lenkt.<\/p>\n<p style=\"font-weight: 400\">Sollte er Ihr Interesse geweckt haben, melden Sie sich unter 017621684758. Sollten Sie mich nicht erreichen, sprechen sie bitte au die Mailbox ich rufe dann zur\u00fcck.<\/p>\n<p style=\"font-weight: 400\">Mit freundlichen Gr\u00fc\u00dfen<\/p>\n<p style=\"font-weight: 400\">Samantha G\u00f6rtz<\/p>\n<p style=\"font-weight: 400\">\n<p><span class=\"fs13 cf1 ff1\"><b>Bemerkung:<\/b><br \/>\n<\/span><span class=\"fs13 cf1 ff1\">Die Beschreibungen sind Momentaufnahmen des Tieres in unserem Tierheim. Jedes Tier kann sich im neuen Zuhause anders entwickeln.<\/span><\/p>\n","protected":false},"excerpt":{"rendered":"<p>Von Privat: Neo ist ein freundlicher, liebevoller und aufgeweckter Hund und sucht ein neues Zuhause bei Menschen, gerne mit H\u00fctehund-Erfahrung, da wir ihm bedingt durch unsere Trennung zeitlich nicht mehr&#8230;<\/p>\n","protected":false},"featured_media":35089,"template":"","meta":{"_piecal_is_event":false,"_piecal_start_date":"","_piecal_end_date":"","_piecal_is_allday":false},"product_cat":[159],"product_tag":[],"_links":{"self":[{"href":"https:\/\/tsv-giessen.de\/index.php?rest_route=\/wp\/v2\/product\/35087"}],"collection":[{"href":"https:\/\/tsv-giessen.de\/index.php?rest_route=\/wp\/v2\/product"}],"about":[{"href":"https:\/\/tsv-giessen.de\/index.php?rest_route=\/wp\/v2\/types\/product"}],"wp:featuredmedia":[{"embeddable":true,"href":"https:\/\/tsv-giessen.de\/index.php?rest_route=\/wp\/v2\/media\/35089"}],"wp:attachment":[{"href":"https:\/\/tsv-giessen.de\/index.php?rest_route=%2Fwp%2Fv2%2Fmedia&parent=35087"}],"wp:term":[{"taxonomy":"product_cat","embeddable":true,"href":"https:\/\/tsv-giessen.de\/index.php?rest_route=%2Fwp%2Fv2%2Fproduct_cat&post=35087"},{"taxonomy":"product_tag","embeddable":true,"href":"https:\/\/tsv-giessen.de\/index.php?rest_route=%2Fwp%2Fv2%2Fproduct_tag&post=35087"}],"curies":[{"name":"wp","href":"https:\/\/api.w.org\/{rel}","templated":true}]}}