{"id":35011,"date":"2025-06-05T08:10:31","date_gmt":"2025-06-05T06:10:31","guid":{"rendered":"https:\/\/tsv-giessen.de\/?post_type=product&#038;p=35011"},"modified":"2025-06-05T08:43:09","modified_gmt":"2025-06-05T06:43:09","slug":"henry-2","status":"publish","type":"product","link":"https:\/\/tsv-giessen.de\/?product=henry-2","title":{"rendered":"Henry"},"content":{"rendered":"<p style=\"text-align: left\">Henry<\/p>\n<p style=\"text-align: left\">Mischlingsr\u00fcde, kastriert<\/p>\n<p style=\"text-align: left\">*20.06.2015<\/p>\n<p style=\"text-align: left\">Schulterh\u00f6he: 67 cm<\/p>\n<p style=\"text-align: left\">In eine Pflegestelle in 61267 Neu-Anspach<\/p>\n<p style=\"text-align: left\">Henry, der R\u00fcde mit dem gro\u00dfen Herzen<\/p>\n<p style=\"text-align: left\">Henry ist ein menschenbezogener R\u00fcde mit einem ausgeglichenen und freundlichen Wesen.<\/p>\n<p style=\"text-align: left\">Menschen gegen\u00fcber ist er sehr anh\u00e4nglich und verschmust, Auch Kinder mag er sehr gerne. Er hat innerhalb k\u00fcrzester Zeit alle Nachbarn der Pflegestelle in sein Herz geschlossen und freut sich \u00fcber jede Aufmerksamkeit.<\/p>\n<p style=\"text-align: left\">Obwohl er anfangs das Leben im Haus nicht kannte, hat er sich schnell eingelebt und kommt mittlerweile gut mit dem Alltag klar. Wir gehen davon aus, dass Henry j\u00fcnger ist als urspr\u00fcnglich angenommen.<\/p>\n<p style=\"text-align: left\">Henry ist ein sportlicher und aktiver Hund, der gerne lange Spazierg\u00e4nge macht. Dabei zeigt er allerdings auch Jagdtrieb. Dies ist aber nichts, was man mit Training nicht in den Griff bekommen k\u00f6nnte. Mit der richtigen F\u00fchrung und konsequentem Training l\u00e4sst sich sein Jagdtrieb sicher gut h\u00e4ndeln.<\/p>\n<p style=\"text-align: left\">Auch wenn Henry freundlich und aufgeschlossen ist, so ist er auch in manchen Situationen stur wie ein Esel.<\/p>\n<p style=\"text-align: left\">Henry ist intelligent und lernbereit, er arbeitet gerne mit seinem Menschen zusammen. Auch f\u00fcr sportliche Aktivit\u00e4ten wie Mantrailing, Canicross oder Dummytraining w\u00e4re er sicherlich gut geeignet.<\/p>\n<p style=\"text-align: left\">Im Umgang mit anderen Hunden ist Henry generell freundlich. In seiner Pflegestelle lebt er problemlos mit einem R\u00fcden und einer H\u00fcndin zusammen.<\/p>\n<p style=\"text-align: left\">Henry bleibt problemlos alleine und ist ruhig im Haus \u2013 er bellt kaum und zeigt sich insgesamt sehr anpassungsf\u00e4hig. Autofahrten meistert er entspannt und freut sich \u00fcber gemeinsame Ausfl\u00fcge.<\/p>\n<p style=\"text-align: left\">Henry war ein Langzeitinsasse in einem Tierheim und w\u00fcnscht sich endlich ein eigenes Heim zu haben.<\/p>\n<p style=\"text-align: left\">Er ist ein loyaler, liebevoller Hund mit Charakter und braucht Menschen, die seine Bed\u00fcrfnisse ernst nehmen, mit ihm kuscheln und gemeinsam etwas erleben m\u00f6chten. Wer ihm klare Strukturen und gen\u00fcgend Auslastung bietet, bekommt einen treuen Begleiter an seiner Seite.<\/p>\n<p style=\"text-align: left\">Wir geben Vermittlungshilfe.<\/p>\n<p style=\"text-align: left\">Kontakt \u00fcber:<\/p>\n<p style=\"text-align: left\">Anja Griesand<\/p>\n<p style=\"text-align: left\">Anja@Griesand.de<\/p>\n<p style=\"text-align: left\">06472-911444<\/p>\n<p><span class=\"fs13 cf1 ff1\"><b>Bemerkung:<\/b><br \/>\n<\/span><span class=\"fs13 cf1 ff1\">Die Beschreibungen sind Momentaufnahmen des Tieres in unserem Tierheim. Jedes Tier kann sich im neuen Zuhause anders entwickeln.<\/span><\/p>\n","protected":false},"excerpt":{"rendered":"<p>Henry Mischlingsr\u00fcde, kastriert *20.06.2015 Schulterh\u00f6he: 67 cm In eine Pflegestelle in 61267 Neu-Anspach Henry, der R\u00fcde mit dem gro\u00dfen Herzen Henry ist ein menschenbezogener R\u00fcde mit einem ausgeglichenen und freundlichen&#8230;<\/p>\n","protected":false},"featured_media":35017,"template":"","meta":{"_piecal_is_event":false,"_piecal_start_date":"","_piecal_end_date":"","_piecal_is_allday":false},"product_cat":[1746],"product_tag":[],"_links":{"self":[{"href":"https:\/\/tsv-giessen.de\/index.php?rest_route=\/wp\/v2\/product\/35011"}],"collection":[{"href":"https:\/\/tsv-giessen.de\/index.php?rest_route=\/wp\/v2\/product"}],"about":[{"href":"https:\/\/tsv-giessen.de\/index.php?rest_route=\/wp\/v2\/types\/product"}],"wp:featuredmedia":[{"embeddable":true,"href":"https:\/\/tsv-giessen.de\/index.php?rest_route=\/wp\/v2\/media\/35017"}],"wp:attachment":[{"href":"https:\/\/tsv-giessen.de\/index.php?rest_route=%2Fwp%2Fv2%2Fmedia&parent=35011"}],"wp:term":[{"taxonomy":"product_cat","embeddable":true,"href":"https:\/\/tsv-giessen.de\/index.php?rest_route=%2Fwp%2Fv2%2Fproduct_cat&post=35011"},{"taxonomy":"product_tag","embeddable":true,"href":"https:\/\/tsv-giessen.de\/index.php?rest_route=%2Fwp%2Fv2%2Fproduct_tag&post=35011"}],"curies":[{"name":"wp","href":"https:\/\/api.w.org\/{rel}","templated":true}]}}