{"id":34982,"date":"2025-06-04T06:12:00","date_gmt":"2025-06-04T04:12:00","guid":{"rendered":"https:\/\/tsv-giessen.de\/?post_type=product&#038;p=34982"},"modified":"2026-01-20T00:37:06","modified_gmt":"2026-01-19T23:37:06","slug":"gysi-und-angie","status":"publish","type":"product","link":"https:\/\/tsv-giessen.de\/?product=gysi-und-angie","title":{"rendered":"Gysi und Angie"},"content":{"rendered":"<p style=\"text-align: left\">Gysi und Angie suchen zusammen ein Zuhause.<\/p>\n<p style=\"text-align: left\">Gysi ist ein rot-wei\u00dfer Kater und ca.10 Jahre alt. Er kennt und nutz die Katzenklappe. Allerdings zeigt er sich Menschen gegen\u00fcber eher scheu und \u00e4ngstlich. Auf Ber\u00fchrungen reagiert er empfindlich. Einf\u00fchlungsverm\u00f6gen, Geduld und das richtige Fingerspitzengef\u00fchl sind bei ihm besonders gefragt.<\/p>\n<p>Mit dem linken Hinterbein hinkt er etwas. Wahrscheinlich hat der Kater schon einiges erlebt.<\/p>\n<p>Auch Angie hat eine bewegte Vergangenheit. Ca. 2018 geboren lief sie 2019 schwanger ihren Findern zu. Die Kitten wurden \u00fcber das Tierheim vermittelt und nun sucht auch Angie zusammen mit Gysi ihr &#8220;F\u00fcr-immer- Zuhause&#8221;. Die schwarze Katze hat gelegentlich Schnupfen und nur noch einen Rei\u00dfzahn. Gegen\u00fcber Menschen zeigt Angie sich eher \u00e4ngstlich und scheu. Seit 2025 lebt sie als Wohnungskatze.<\/p>\n<p>Wer m\u00f6chte Gysi und Angie kennenlernen? Sie haben in ihrem Leben wahrscheinlich schon viel erlebt. Wer schenkt den Beiden ein Zuhause, in dem sie endlich ankommen d\u00fcrfen?<\/p>\n<p>Wir freuen uns darauf, Sie im Tierheim kennenzulernen!<\/p>\n<p><span class=\"fs13 cf1 ff1\"><b>Bemerkung:<\/b><br \/>\n<\/span><span class=\"fs13 cf1 ff1\">Die Beschreibungen sind Momentaufnahmen des Tieres in unserem Tierheim. Jedes Tier kann sich im neuen Zuhause anders entwickeln.<\/span><\/p>\n","protected":false},"excerpt":{"rendered":"<p>Gysi und Angie suchen zusammen ein Zuhause. Gysi ist ein rot-wei\u00dfer Kater und ca.10 Jahre alt. Er kennt und nutz die Katzenklappe. Allerdings zeigt er sich Menschen gegen\u00fcber eher scheu&#8230;<\/p>\n","protected":false},"featured_media":36861,"template":"","meta":{"_piecal_is_event":false,"_piecal_start_date":"","_piecal_end_date":"","_piecal_is_allday":false},"product_cat":[59,60],"product_tag":[],"_links":{"self":[{"href":"https:\/\/tsv-giessen.de\/index.php?rest_route=\/wp\/v2\/product\/34982"}],"collection":[{"href":"https:\/\/tsv-giessen.de\/index.php?rest_route=\/wp\/v2\/product"}],"about":[{"href":"https:\/\/tsv-giessen.de\/index.php?rest_route=\/wp\/v2\/types\/product"}],"wp:featuredmedia":[{"embeddable":true,"href":"https:\/\/tsv-giessen.de\/index.php?rest_route=\/wp\/v2\/media\/36861"}],"wp:attachment":[{"href":"https:\/\/tsv-giessen.de\/index.php?rest_route=%2Fwp%2Fv2%2Fmedia&parent=34982"}],"wp:term":[{"taxonomy":"product_cat","embeddable":true,"href":"https:\/\/tsv-giessen.de\/index.php?rest_route=%2Fwp%2Fv2%2Fproduct_cat&post=34982"},{"taxonomy":"product_tag","embeddable":true,"href":"https:\/\/tsv-giessen.de\/index.php?rest_route=%2Fwp%2Fv2%2Fproduct_tag&post=34982"}],"curies":[{"name":"wp","href":"https:\/\/api.w.org\/{rel}","templated":true}]}}