{"id":34867,"date":"2025-05-27T07:12:36","date_gmt":"2025-05-27T05:12:36","guid":{"rendered":"https:\/\/tsv-giessen.de\/?post_type=product&#038;p=34867"},"modified":"2026-03-19T09:58:13","modified_gmt":"2026-03-19T08:58:13","slug":"rocky-3","status":"publish","type":"product","link":"https:\/\/tsv-giessen.de\/?product=rocky-3","title":{"rendered":"Rocky"},"content":{"rendered":"<p style=\"text-align: left\">Update:<\/p>\n<p style=\"text-align: left\">Rocky ist seit Mai 2025 wieder bei uns im Tierheim und hat sich gut wieder eingelebt.<\/p>\n<p style=\"text-align: left\">Er zeigt bei uns weiterhin, dass er seinen eigenen Kopf hat und dazu neigt diesen durchzusetzen, wenn er nicht klar angeleitet wird.<\/p>\n<p style=\"text-align: left\">In neuen und aufregenden Situationen zeigt er sich unsicher und versucht die Situationen auf seine Weise zu l\u00f6sen in dem er nach vorne geht. Im Training soll er lernen seinem Menschen die Verantwortung zu \u00fcberlassen. Dabei lernt Rocky, dass sein Mensch die Situation f\u00fcr ihn l\u00f6st und er sich zur\u00fcck ziehen kann.<\/p>\n<p style=\"text-align: left\">Rocky ist sehr gut lesbar und zeigt deutlich, wie er eine Situation findet und wie er gerade drauf ist. F\u00fchlt der R\u00fcde sich eingeengt sendet er eindeutige Warnsignale. Werden diese nicht ernst genommen, neigt er dazu auch seine Z\u00e4hne einzusetzen.<\/p>\n<p style=\"text-align: left\">Rocky sucht bei seinen Menschen nach F\u00fchrung und Anleitung. Bekommt er diese zeigt er sich vorbildlich und sehr bezogen auf seinen Menschen.<\/p>\n<p style=\"text-align: left\">Im Hundekontakt macht Rocky gro\u00dfe Fortschritte, er braucht allerdings noch eine klare Anleitung und muss lernen nicht zu st\u00fcrmisch zu sein. Der R\u00fcde zeigt sich dominant, teilweise eifers\u00fcchtig und impulsiv. Auf der anderen Seite aber auch sehr verspielt, wenn die Chemie stimmt. Daher suchen wir ein Zuhause als Einzelprinz mit vielen Hundekontakten.<\/p>\n<p style=\"text-align: left\">Rocky l\u00e4uft mit einer souver\u00e4nen F\u00fchrung gut an der Leine, er hat keinen Jagdtrieb und zeigt sich drau\u00dfen orientiert an seinem Menschen.<\/p>\n<p style=\"text-align: left\">Wir suchen f\u00fcr ihn hundeerfahrene Menschen, die Lust haben sich auf den jungen R\u00fcden einzulassen und sehen, was f\u00fcr ein toller Hund in ihm steckt.<\/p>\n<p>&nbsp;<\/p>\n<p style=\"text-align: left\">Rocky kam leider vor ein paar Tagen aus der Vermittlung zur\u00fcck. Zwischen dem neuen Besitzer und Rocky hat es leider nicht gepasst. Der sportliche, junge, schwarze R\u00fcde bekommt nun Zeit, sich wieder im Tierheim einzuleben. Wie er sich dann im Hundekontakt, drau\u00dfen an der Leine und beim Training zeigt, werden wir zeitnah berichten.<\/p>\n<p>Rocky ist ein Akita- Mischling. Auf der einen Seite ist er ein verspielter, dynamischer Hund. Der junge R\u00fcde freut sich sehr \u00fcber seine Bezugspersonen und geht sehr gerne mit diesen auf lange Streifz\u00fcge durch die Wiesen, W\u00e4lder und Felder. Er braucht k\u00f6rperliche Auslastung, aber ebenso Training um ihn mental zu f\u00f6rdern. Rocky hat n\u00e4mlich auf der anderen Seite durchaus rassetypisch seinen eigenen Kopf. Oftmals neigt er dazu selbst zu entscheiden, was er gut findet und was nicht. Seine Meinung versucht er &#8211; wenn n\u00f6tig &#8211; auch mit den Z\u00e4hnen durchzusetzen. Zudem zeigt er teilweise Ressourcen verteidigendes und territoriales Verhalten. Andererseits findet er pl\u00f6tzliche laute Ger\u00e4usche, unbekannte Situationen oder Gegenst\u00e4nde h\u00e4ufig gruselig. Hier braucht er eine ruhige Anleitung und Vertrauen zum Menschen um zu lernen, dass er diese Situationen meistern kann. Rocky ben\u00f6tigt insgesamt eine klare und faire Kommunikation, sowie feste Strukturen. Zudem muss er die Gelegenheit bekommen Vertrauen aufzubauen.<\/p>\n<p>Wenn man lernt ihn zu lesen, sich entsprechend verh\u00e4lt und mit ihm Grenzen fair kommuniziert, ist Rocky bereit sein Verhalten anzupassen. Kann\u00a0 man ihm zus\u00e4tzlich die Lebenssituation bietet, bei der er zur Ruhe kommen kann und gleichzeitig gen\u00fcgend Auslastung und Training erf\u00e4hrt, kann Rocky zu einem tollen Begleiter werden.<\/p>\n<p>Rocky sucht Menschen, die mit dem urspr\u00fcnglichen und selbst\u00e4ndigen Verhalten des Akita in ihm gut umgehen k\u00f6nnen und gleichzeitig Erfahrung im Training mit Hunden haben, die noch viel Anleitung ben\u00f6tigen. Wir suchen sehr verantwortungsbewusste Menschen f\u00fcr Rocky. Der junge R\u00fcde hat es so sehr verdient endlich die Menschen zu finden, die den tollen Begleiter in ihm sehen ohne die anderen Verhaltensweisen, die er zeigt, zu untersch\u00e4tzen. Wer sieht Rocky? Wer hat Erfahrung und ist motiviert ihm das zu Hause zu schenken, welches er braucht um sich in den richtigen Bahnen weiter zu entwickeln?<\/p>\n<p>Sportliche Menschen mit Hingabe, Erfahrung, individuell auf den Hund angepasste Trainingskonzepte und viel Geduld und Durchhalteverm\u00f6gen sind hier gefragt. Wir sind uns sicher, es gibt das richtige Zuhause f\u00fcr diesen h\u00fcbschen Kerl.<\/p>\n<p>Wer sich auf das gemeinsame Abenteuer mit Rocky einlassen m\u00f6chte, darf sich sehr gerne bei uns im Tierheim melden. Wir freuen uns auf Sie.<\/p>\n<p><strong>Bemerkung:<\/strong><\/p>\n<p><span class=\"fs13 cf1 ff1\"> Beschreibungen sind Momentaufnahmen des Tieres in unserem Tierheim. Jedes Tier kann sich im neuen Zuhause anders entwickeln.<\/span><\/p>\n","protected":false},"excerpt":{"rendered":"<p>Update: Rocky ist seit Mai 2025 wieder bei uns im Tierheim und hat sich gut wieder eingelebt. Er zeigt bei uns weiterhin, dass er seinen eigenen Kopf hat und dazu&#8230;<\/p>\n","protected":false},"featured_media":36591,"template":"","meta":{"_piecal_is_event":false,"_piecal_start_date":"","_piecal_end_date":"","_piecal_is_allday":false},"product_cat":[41,57],"product_tag":[],"_links":{"self":[{"href":"https:\/\/tsv-giessen.de\/index.php?rest_route=\/wp\/v2\/product\/34867"}],"collection":[{"href":"https:\/\/tsv-giessen.de\/index.php?rest_route=\/wp\/v2\/product"}],"about":[{"href":"https:\/\/tsv-giessen.de\/index.php?rest_route=\/wp\/v2\/types\/product"}],"wp:featuredmedia":[{"embeddable":true,"href":"https:\/\/tsv-giessen.de\/index.php?rest_route=\/wp\/v2\/media\/36591"}],"wp:attachment":[{"href":"https:\/\/tsv-giessen.de\/index.php?rest_route=%2Fwp%2Fv2%2Fmedia&parent=34867"}],"wp:term":[{"taxonomy":"product_cat","embeddable":true,"href":"https:\/\/tsv-giessen.de\/index.php?rest_route=%2Fwp%2Fv2%2Fproduct_cat&post=34867"},{"taxonomy":"product_tag","embeddable":true,"href":"https:\/\/tsv-giessen.de\/index.php?rest_route=%2Fwp%2Fv2%2Fproduct_tag&post=34867"}],"curies":[{"name":"wp","href":"https:\/\/api.w.org\/{rel}","templated":true}]}}