{"id":34479,"date":"2025-04-29T05:08:35","date_gmt":"2025-04-29T03:08:35","guid":{"rendered":"https:\/\/tsv-giessen.de\/?post_type=product&#038;p=34479"},"modified":"2025-08-06T08:01:19","modified_gmt":"2025-08-06T06:01:19","slug":"ohana","status":"publish","type":"product","link":"https:\/\/tsv-giessen.de\/?product=ohana","title":{"rendered":"Ohana"},"content":{"rendered":"<p>Aloha hier kommt Ohana!<br \/>\nOhana ist die Mama einer kleinen hawaiianischen Familie, jedenfalls vom Namen her. Geboren wurden alle f\u00fcnf in Bulgarien. Sie ist die Mama der vier Welpen Kailani, Lani, Leilani und Liko.<br \/>\nOhana bedeutet im hawaiianischen Familie. Als Mama der vier Welpen passt der Name sehr gut zu dieser h\u00fcbschen rehbraunen H\u00fcndin mit dem sehr gewinnenden Wesen. Generell ist sie ein echter Familienhund. Ohana liebt jedes Familienmitglied ihrer Pflegefamilie, besonders<br \/>\ndas Kleinkind, mit dem sie sehr liebevoll und sanft umgeht.<br \/>\nOhana ist sehr liebebed\u00fcrftig und freundlich. Die h\u00fcbsche H\u00fcndin ist immer gut gelaunt und fr\u00f6hlich. Sie wedelt viel und zeigt so ihre Freude. Ohana ist auch eine sehr dankbare und<br \/>\nunkomplizierte H\u00fcndin.<br \/>\nMenschen gegen\u00fcber ist sie sehr zugewandt, genie\u00dft jede Streicheleinheit und ist eine treue<br \/>\nSeele. Sie ist dankbar f\u00fcr jedes gute Wort und ist sehr froh, dass sie und ihre vier Welpen in Sicherheit sind. Besorgte Nachbarn hatten die Polizei informiert und um Hilfe gebeten, denn der Besitzer von Ohana wollte Ohana erschie\u00dfen, weil sie sich gewagt hatte Welpen zu<br \/>\ngeb\u00e4ren. Die Welpen wollte er ebenfalls t\u00f6ten. F\u00fcr uns ist das unvorstellbar, doch der Besitzer von Ohana h\u00e4tte die kleine Familie tats\u00e4chlich get\u00f6tet.<br \/>\nVom Temperament her ist sie ruhig, ausgeglichen und mit wenig zufrieden. Sie nimmt alles so wie es kommt und ist \u00e4u\u00dferst dankbar. Ohana bleibt auch problemlos alleine.<br \/>\nOhana ist mit Katzen vertr\u00e4glich und lebt auch in ihrer Pflegefamilie problemlos mit Katzen zusammen.<br \/>\nOhana ist sehr intelligent und versteht schnell, was man sich von ihr w\u00fcnscht. Sie brilliert mit ihrer Freundlichkeit und ihrem offenen Wesen. Ohana hat keinerlei Futterneid oder Aggressionen. Sie ist sehr friedfertig.<br \/>\nIm Auto f\u00e4hrt sie problemlos mit, l\u00e4uft gut an der Leine und scheint auch sonst eine sehr pflegeleichte H\u00fcndin zu sein. Sie ist auch kein Kl\u00e4ffer und zeigte bisher keinen Jagdtrieb.<br \/>\nOhana wurde positiv auf Anaplasmose (Zeckenerkrankung) und Herzwurm getestet und wird aktuell dagegen behandelt. Es war ein Zufallsfund, sie hatte keine Anzeichen.<br \/>\nEinig ihrer Vorderz\u00e4hne sind abgenutzt. Scheinbar hat sie gegen den Hunger Steine gekaut.<br \/>\nAnsonsten sind die Z\u00e4hne gut, wie man auf dem Foto sieht.<br \/>\nMit anderen Hunden ist sie gut vertr\u00e4glich und hat ein sanftes und f\u00fcrsorgliches Wesen. Sie ist ihren Welpen auch eine geduldige, liebevolle und z\u00e4rtliche Mama. Ohana ist eine Traumh\u00fcndin!<\/p>\n<p>Wir k\u00f6nnen uns die Ohana sehr gut in einer Familie mit Kindern vorstellen. Sie ist auch f\u00fcr Hundeanf\u00e4nger oder \u00e4ltere Adoptanten geeignet.<\/p>\n<p>In einer Pflegestelle in 35305 Gr\u00fcnberg<\/p>\n<p>Kontakt \u00fcber:<br \/>\nAnja Griesand<br \/>\nAnja@Griesand.de<br \/>\n06472-911444<\/p>\n<p><span class=\"fs13 cf1 ff1\"><strong>Bemerkung: Beschreibungen sind Momentaufnahmen des Tieres in unserem Tierheim. Jedes Tier kann sich im neuen Zuhause anders entwickeln<\/strong>.<\/span><\/p>\n","protected":false},"excerpt":{"rendered":"<p>Aloha hier kommt Ohana! Ohana ist die Mama einer kleinen hawaiianischen Familie, jedenfalls vom Namen her. Geboren wurden alle f\u00fcnf in Bulgarien. Sie ist die Mama der vier Welpen Kailani,&#8230;<\/p>\n","protected":false},"featured_media":34480,"template":"","meta":{"_piecal_is_event":false,"_piecal_start_date":"","_piecal_end_date":"","_piecal_is_allday":false},"product_cat":[1746],"product_tag":[],"_links":{"self":[{"href":"https:\/\/tsv-giessen.de\/index.php?rest_route=\/wp\/v2\/product\/34479"}],"collection":[{"href":"https:\/\/tsv-giessen.de\/index.php?rest_route=\/wp\/v2\/product"}],"about":[{"href":"https:\/\/tsv-giessen.de\/index.php?rest_route=\/wp\/v2\/types\/product"}],"wp:featuredmedia":[{"embeddable":true,"href":"https:\/\/tsv-giessen.de\/index.php?rest_route=\/wp\/v2\/media\/34480"}],"wp:attachment":[{"href":"https:\/\/tsv-giessen.de\/index.php?rest_route=%2Fwp%2Fv2%2Fmedia&parent=34479"}],"wp:term":[{"taxonomy":"product_cat","embeddable":true,"href":"https:\/\/tsv-giessen.de\/index.php?rest_route=%2Fwp%2Fv2%2Fproduct_cat&post=34479"},{"taxonomy":"product_tag","embeddable":true,"href":"https:\/\/tsv-giessen.de\/index.php?rest_route=%2Fwp%2Fv2%2Fproduct_tag&post=34479"}],"curies":[{"name":"wp","href":"https:\/\/api.w.org\/{rel}","templated":true}]}}