{"id":34115,"date":"2025-04-01T06:11:38","date_gmt":"2025-04-01T04:11:38","guid":{"rendered":"https:\/\/tsv-giessen.de\/?post_type=product&#038;p=34115"},"modified":"2026-01-01T14:26:51","modified_gmt":"2026-01-01T13:26:51","slug":"ossip","status":"publish","type":"product","link":"https:\/\/tsv-giessen.de\/?product=ossip","title":{"rendered":"Ossip"},"content":{"rendered":"<p>Ossip stammt von einem Bauernhof, der verkauft wurde und auf dem die Katzen auf Grund dessen nicht bleiben durften. Ossip ist noch sehr scheu und skeptisch und ein absoluter Freig\u00e4nger. Andere Katzen sind okay und er k\u00f6nnte sehr gerne zusammen mit Olrik vermittelt werden.<\/p>\n<p>Olrik und Ossip verbringen gerne und viel Zeit miteinander, weshalb es sich anbietet, dass die beiden Kater gemeinsam in ihr neues Zuhause umziehen.<\/p>\n<p>Zur Zeit befinden sich die Zwei zusammen auf einer Pflegestelle. Dort lernen sie den vertrauten Umgang mit Menschen kennen und tauen langsam auf.<\/p>\n<p>Wer sich bereits jetzt vorstellen kann, dass richtige Zuhause f\u00fcr die noch ziemlich scheuen Freig\u00e4nger bieten zu k\u00f6nnen, darf sich gerne im Tierheim melden.<\/p>\n<p><span class=\"fs13 cf1 ff1\"><b>Bemerkung:<\/b><br \/>\n<\/span><span class=\"fs13 cf1 ff1\">Die Beschreibungen sind Momentaufnahmen des Tieres in unserem Tierheim. Jedes Tier kann sich im neuen Zuhause anders entwickeln.<\/span><\/p>\n","protected":false},"excerpt":{"rendered":"<p>Ossip stammt von einem Bauernhof, der verkauft wurde und auf dem die Katzen auf Grund dessen nicht bleiben durften. Ossip ist noch sehr scheu und skeptisch und ein absoluter Freig\u00e4nger&#8230;.<\/p>\n","protected":false},"featured_media":34116,"template":"","meta":{"_piecal_is_event":false,"_piecal_start_date":"","_piecal_end_date":"","_piecal_is_allday":false},"product_cat":[59,60,161],"product_tag":[],"_links":{"self":[{"href":"https:\/\/tsv-giessen.de\/index.php?rest_route=\/wp\/v2\/product\/34115"}],"collection":[{"href":"https:\/\/tsv-giessen.de\/index.php?rest_route=\/wp\/v2\/product"}],"about":[{"href":"https:\/\/tsv-giessen.de\/index.php?rest_route=\/wp\/v2\/types\/product"}],"wp:featuredmedia":[{"embeddable":true,"href":"https:\/\/tsv-giessen.de\/index.php?rest_route=\/wp\/v2\/media\/34116"}],"wp:attachment":[{"href":"https:\/\/tsv-giessen.de\/index.php?rest_route=%2Fwp%2Fv2%2Fmedia&parent=34115"}],"wp:term":[{"taxonomy":"product_cat","embeddable":true,"href":"https:\/\/tsv-giessen.de\/index.php?rest_route=%2Fwp%2Fv2%2Fproduct_cat&post=34115"},{"taxonomy":"product_tag","embeddable":true,"href":"https:\/\/tsv-giessen.de\/index.php?rest_route=%2Fwp%2Fv2%2Fproduct_tag&post=34115"}],"curies":[{"name":"wp","href":"https:\/\/api.w.org\/{rel}","templated":true}]}}