{"id":33972,"date":"2025-03-25T06:54:08","date_gmt":"2025-03-25T05:54:08","guid":{"rendered":"https:\/\/tsv-giessen.de\/?post_type=product&#038;p=33972"},"modified":"2026-03-19T09:39:49","modified_gmt":"2026-03-19T08:39:49","slug":"charly-castiel-dean-bitte-keine-neuen-anfragen-mehr-stellen-kopie","status":"publish","type":"product","link":"https:\/\/tsv-giessen.de\/?product=charly-castiel-dean-bitte-keine-neuen-anfragen-mehr-stellen-kopie","title":{"rendered":"Charly &#8211; Nicht zu vermitteln &#8211; Paten gesucht"},"content":{"rendered":"<p>Charly darf auf ihrer Dauerpflegestelle bleiben und sucht Paten<\/p>\n<p>Charly &#8211; Zuhause mit souver\u00e4nen Ersthund gesucht<\/p>\n<p>Charly befindet sich bereits seit einiger Zeit auf einer Pflegestelle. Dort entwickelte sie sich vom Welpen zur jungen H\u00fcndin. Hier wurde und wird viel gearbeitet um ihrer Skepsis gegen\u00fcber fremden Menschen und neuen Situationen zu begegnen. Dazu geh\u00f6ren Besuche im Tiernahrungsgesch\u00e4ft oder Baumarkt, sowie Social Walks (gemeinsame Spazierg\u00e4nge mit anderen Mensch-Hunde-Teams) und Ausfl\u00fcge mit dem Wohnmobil.<\/p>\n<p>Charly f\u00e4llt es allerdings immer noch schwer fremden Menschen ohne Argwohn zu begegnen. Sie braucht viel Geduld und beobachtet alles lieber aus der sicheren Entfernung. Vor allem M\u00e4nner haben es schwer bei der jungen H\u00fcndin. Noch drastischer pr\u00e4sentiert sich ihr Verhalten gegen\u00fcber Kindern. Hier kennt sie nur Flucht als Ausweg &#8211; fast panisch nimmt sie rei\u00df aus. An dieser Thematik muss \u00e4u\u00dferst sensibel gearbeitet werden. Auch innerhalb der Pflegefamilie schenkt Charly trotz intensiver Bem\u00fchungen nicht jedem Familienmitglied ihr Vertrauen.<\/p>\n<p>An ihre auserw\u00e4hlte Bezugsperson bindet sie sich hingegen sehr. Dennoch tendiert Charly zu eigenst\u00e4ndigen Handeln. Ob ein Kommando sinnvoll ist, w\u00fcrde sie manchmal gerne selbst entscheiden. Und durch die tiefe Schlammpf\u00fctze muss erst getobt werden, bevor man dem Rufen folgt. Ihr creme-weise Fell versteckt Charly dann sehr gerne unter einer braunen bis schwarzen Schlamm-Maske.<\/p>\n<p>Hervorzuheben ist, dass die clevere H\u00fcndin mit Katzen, Gefl\u00fcgel und Kleintieren vertr\u00e4glich ist. Dies bezieht sich allerdings auf das h\u00e4usliche Umfeld. In Feld und Wald ist es etwas ganz anders. Da sucht die freche H\u00fcndin aktiv nach einer Spur, die sie verfolgen kann. Und zu einem Bewegungsreiz durch Reh oder Hase sagt Charly auch nicht nein, sondern w\u00fcrde gerne hinterher hetzen, wenn die Schleppleine es nicht verhindern w\u00fcrde.<\/p>\n<p>Innerhalb der Pflegefamilie lebt Charly in einem gemischten Rudel. Es zeigt sich sehr deutlich, dass die junge H\u00fcndin durch einen souver\u00e4nen, offenen und freundlichen Ersthund profitiert. Charly beobachtet das Verhalten des anderen Hundes genau und kann seinem Beispiel folgen und f\u00fcr sie schwierige Situationen deutlich schneller und sicherer meistern. Allerdings zeichnet sich seit ihrer Pupert\u00e4t ab, dass sie mit H\u00fcndinnen gro\u00dfen Diskussionsbedarf hat. Charly steigt h\u00e4ufig sehr \u00fcberspitzt und zu heftig in solche Diskussionen ein. Zudem wird dies von einem sehr kontrollierendem Verhalten begleitet. Mit R\u00fcden zeigt Charly sich deutlich entspannter, verspielt und sehr zugewandt.<\/p>\n<p>F\u00fcr Charly suchen wir Menschen die Erfahrung mit einem eigenst\u00e4ndig handelnden und zugleich skeptischen Hund haben. Die junge H\u00fcndin muss sehr gut angeleitet werden, damit ihr Verhalten nicht irgendwann entgleitet und sich in Richtung territoriale &#8211; , Ressourcen geleitete &#8211; oder Angst-Aggression entwickelt.<\/p>\n<p>Ein sehr sozialer, souver\u00e4ner, freundlicher und offener R\u00fcde als Ersthund w\u00e4re f\u00fcr Charly ideal.<\/p>\n<p>&nbsp;<\/p>\n<p>Die h\u00fcbsche Charly &#8211; die &#8220;kleine Prinzessin&#8221;. Wenn sie fr\u00f6hlich ist, strahlt ihr ganzes Gesicht. Sie hat ein creme-wei\u00dfes, langes, super weiches Fell, sodass man sie am liebsten die ganze Zeit kuscheln m\u00f6chte &#8211; aber daf\u00fcr braucht Charlie erst Mal Vertrauen. Besonders in der Anfangszeit zeigt sich die H\u00fcndin sch\u00fcchtern und beobachtet neue Menschen erst Mal mit Abstand. Um sie auf den Arm nehmen zu k\u00f6nnen oder sie zu streicheln, braucht Charly Zeit und etwas Geduld. Ihr vertraute Menschen begr\u00fc\u00dft Charly mittlerweile offen und springt begeistert an ihnen hoch. Sie zeigt sich dort immer verspielter und aufgeschlossener. Der Kontakt zu ihr fremden Menschen f\u00e4llt ihr aber immer noch schwer. Wir glauben, dass ihr ein souver\u00e4ner, freundlicher Ersthund in der neuen Familie sehr helfen k\u00f6nnte. Dieser w\u00fcrde ihr das Ankommen wahrscheinlich sehr erleichtern. Charly k\u00f6nnte sich an ihm orientieren. An seinem Beispiel lernen und beobachten, dass die neue Familie ein ganz toller und sicherer Ort ist. Wenn das Eis n\u00e4mlich erst Mal gebrochen ist, bl\u00fcht Charly auf. Sie ist dann sehr verspielt und kann sich auch deutlich durchsetzten. Sie ist ziemlich clever. F\u00fchlt sie sich sicher lernt Charly sehr gerne und schnell. Und weil in ihr auch ein kleines freches Hundem\u00e4dchen schlummert, lernt sie den Bl\u00f6dsinn bestimmt besonders schnell.<\/p>\n<p>Wer m\u00f6chte Charly&#8217;s Herz erobern und kann ihr das Zuhause bieten, welches die kleine H\u00fcndin braucht um Sicherheit und Vertrauen zu gewinnen.<\/p>\n<p>Meldet euch gerne im Tierheim und lernt Charly kennen und lieben.<\/p>\n<p><span class=\"fs13 cf1 ff1\"><b>Bemerkung:<\/b><br \/>\n<\/span><span class=\"fs13 cf1 ff1\">Die Beschreibungen sind Momentaufnahmen des Tieres in unserem Tierheim. Jedes Tier kann sich im neuen Zuhause anders entwickeln.<\/span><\/p>\n","protected":false},"excerpt":{"rendered":"<p>Charly darf auf ihrer Dauerpflegestelle bleiben und sucht Paten Charly &#8211; Zuhause mit souver\u00e4nen Ersthund gesucht Charly befindet sich bereits seit einiger Zeit auf einer Pflegestelle. Dort entwickelte sie sich&#8230;<\/p>\n","protected":false},"featured_media":35579,"template":"","meta":{"_piecal_is_event":false,"_piecal_start_date":"","_piecal_end_date":"","_piecal_is_allday":false},"product_cat":[147,58,161],"product_tag":[],"_links":{"self":[{"href":"https:\/\/tsv-giessen.de\/index.php?rest_route=\/wp\/v2\/product\/33972"}],"collection":[{"href":"https:\/\/tsv-giessen.de\/index.php?rest_route=\/wp\/v2\/product"}],"about":[{"href":"https:\/\/tsv-giessen.de\/index.php?rest_route=\/wp\/v2\/types\/product"}],"wp:featuredmedia":[{"embeddable":true,"href":"https:\/\/tsv-giessen.de\/index.php?rest_route=\/wp\/v2\/media\/35579"}],"wp:attachment":[{"href":"https:\/\/tsv-giessen.de\/index.php?rest_route=%2Fwp%2Fv2%2Fmedia&parent=33972"}],"wp:term":[{"taxonomy":"product_cat","embeddable":true,"href":"https:\/\/tsv-giessen.de\/index.php?rest_route=%2Fwp%2Fv2%2Fproduct_cat&post=33972"},{"taxonomy":"product_tag","embeddable":true,"href":"https:\/\/tsv-giessen.de\/index.php?rest_route=%2Fwp%2Fv2%2Fproduct_tag&post=33972"}],"curies":[{"name":"wp","href":"https:\/\/api.w.org\/{rel}","templated":true}]}}