{"id":33802,"date":"2025-03-07T06:22:04","date_gmt":"2025-03-07T05:22:04","guid":{"rendered":"https:\/\/tsv-giessen.de\/?post_type=product&#038;p=33802"},"modified":"2026-04-09T20:12:23","modified_gmt":"2026-04-09T18:12:23","slug":"calici","status":"publish","type":"product","link":"https:\/\/tsv-giessen.de\/?product=calici","title":{"rendered":"Calici &#8211; reserviert"},"content":{"rendered":"<blockquote><p>Update:<\/p><\/blockquote>\n<p>Calici zeigt sich zunehmend selbstbewusst an der Leine und gegen\u00fcber anderen Hunden. Dort kann sie schon Mal sehr impulsiv und sehr aufgeregt.<\/p>\n<p>Calici liebt es mit ihren Menschen in ruhiger Umgebung zu kuscheln.<\/p>\n<p>Als ehemaliger Stra\u00dfenhund hat sie gelernt eigenverantwortlich zu handeln und skeptisch gegen\u00fcber Fremden zu sein. Daher braucht sie Menschen, die viel Zeit und Geduld haben und sie nehmen wie sie ist nehmen.<\/p>\n<p>Katzen Regen sie leider sehr auf und sollten nicht in der neuen Familie leben.<\/p>\n<p>Update:<\/p>\n<p>Calici hat schon so viel auf ihrem Weg gelernt \u2013 und doch wartet noch eine Welt voller Chancen und Liebe auf sie. Mit einem souver\u00e4nen Zweithund an ihrer Seite geht sie inzwischen an der Leine, auch wenn sie noch viel Training braucht. Auch Spazierg\u00e4nge &#8220;alleine&#8221; (ohne Zweithund) meistert sie inzwischen ebenfalls und zeigt sich neugierig auf alles, was die Welt zu bieten hat. Vielleicht ja schon bald mit dir an ihrer Seite?<\/p>\n<p>Es ist sch\u00f6n zu beobachten, wie sie zunehmend mit ihren Hundekumpels spielt und sich gerne auf dem Sandplatz austobt. Ihre Energie ist beeindruckend \u2013 auch l\u00e4ngere Strecken l\u00e4uft sie mit Begeisterung, selbst im schnelleren Gang.<\/p>\n<p>Doch auch wenn sie immer selbstbewusster wird, braucht sie noch ein bisschen Geduld und Verst\u00e4ndnis. Bei fremden Menschen ist sie zun\u00e4chst scheu und beginnt zu bellen. Aber wer sich Zeit nimmt, wird mit einem Herz auf vier Pfoten belohnt: Schnell baut sie Vertrauen auf, l\u00e4sst sich streicheln und nimmt sogar Futter aus der Hand. Sie braucht das Gef\u00fchl von Sicherheit und Vertrauen.<\/p>\n<p>Und wenn sie erst einmal Vertrauen gefasst hat, ist sie unglaublich zutraulich. Sie liebt es, gestreichelt zu werden, und genie\u00dft die N\u00e4he zu den Menschen, die ihr wichtig sind. (Besonders die Momente, in denen sie geb\u00fcrstet wird, zeigen, wie sehr sie Zuwendung zu sch\u00e4tzen wei\u00df.)<\/p>\n<p>Hast du ein liebevolles Zuhause f\u00fcr diese wundervolle H\u00fcndin, in dem sie in Ruhe ankommen kann?<\/p>\n<p>Update:<\/p>\n<p>\u00dcber ihre Bezugspersonen freut sich Calici mittlerweile sogar richtig. Kommt angelaufen und l\u00e4sst sich streicheln. Die Leine findet sie allerdings immer noch gruselig. Sobald Calici eine Spannung auf der Leine wahr nimmt und bemerkt, dass sie nicht mehr weg kann, schmei\u00dft sie sich auf den Boden oder m\u00f6chte fliehen. Hier wartet noch Training auf die sensible H\u00fcndin um ihr Sicherheit und Vertrauen in Mensch und Leine zu geben.<\/p>\n<p>Im Freilauf und im Sozialkontakt mit anderen Hunden werden\u00a0 Unsicherheiten und teilweise\u00a0 kontrollierendes und sogar mobbendes Verhalten schw\u00e4cheren Hunden gegen\u00fcber sichtbar. Mit Hunden, die sie gut kennenlernen konnte und dir ihr gegen\u00fcber freundlich und selbstbewusst auftreten, zeigt sie sich aufgeschlossen und verspielt. Besonders auf der Sandwiese tobt sie dann gerne frei mit diesen Hunden und ihren Menschen umher. Bei neuen Hundekontakten pr\u00e4sentiert sich sich teilweise unsicher, verbellt die Hunde und verf\u00e4llt dann schnell in ein Wegschnappen oder \u00fcberm\u00e4\u00dfiges kontrollieren. Bei unsicheren H\u00fcndinnen zeigte Calici auch schon Mal ein Hinterherrennen, Kontrollieren und unfreundliches Verfolgen. Hier braucht die H\u00fcndin noch weitere Anleitung und Training um besser in die Kommunikation mit anderen Hunden zu kommen und sich h\u00f6flich und angemessen zu verhalten.<\/p>\n<p>&nbsp;<\/p>\n<p>Vor ein paar Wochen erreichte uns ein Notruf aus einem befreundeten Tierheim. Ganz dringend wurden Pl\u00e4tze f\u00fcr einige Hunde in Deutschland gesucht. Wir \u00fcberlegten kurz &#8211; wir hatten Platz und dort war die Not sehr gro\u00df. Tierschutz endet nicht an Staatsgrenzen. Nachhaltigem, Verantwortung bewusstem Tierschutz stehen wir zur Seite, wenn es unsere Kapazit\u00e4ten zulassen. Somit sind Calici, Flavi und Bunya bei uns eingezogen.<\/p>\n<p>Calici zeigt sich noch sehr \u00e4ngstlich. Wenn man auf sie zugeht, bei schnellen Bewegungen oder unbekannten Ger\u00e4uschen nimmt sie rei\u00df aus.<\/p>\n<p>Setzt man sich aber mit viel Geduld zu ihr und wirft etwas Futter, traut sie sich auch n\u00e4her an einen heran und l\u00e4sst sich von vertrauten Personen auch streicheln.<\/p>\n<p>Sie hat leider eine Fehlbildungen an einer Hinterpfote. Was ihr wiederfahren ist, k\u00f6nnen wir leider nicht sagen.<\/p>\n<p>Aber sie scheint eine ganz liebe H\u00fcndin zu sein. Calici darf nun erst einmal ankommen und sich einleben. Sobald wir sie besser kennen, erfolgen regelm\u00e4\u00dfige Updates.<\/p>\n<p>Wir suchen f\u00fcr die sensible H\u00fcndin Menschen mit viel Einf\u00fchlungsverm\u00f6gen, Geduld und vielleicht Erfahrung mit \u00e4ngstlichen Hunden. Wir w\u00fcnschen uns f\u00fcr Calici, dass sie erlebt, geliebt zu werden und wie es sich anf\u00fchlt ein eigenes liebevolles Zuhause zu haben.<\/p>\n<p>Wessen Herz kann Calici ber\u00fchren? Meldet euch gerne bei uns im Tierheim.<\/p>\n<p><span class=\"fs13 cf1 ff1\"><b>Bemerkung:<\/b><br \/>\n<\/span><span class=\"fs13 cf1 ff1\">Die Beschreibungen sind Momentaufnahmen des Tieres in unserem Tierheim. Jedes Tier kann sich im neuen Zuhause anders entwickeln.<\/span><\/p>\n","protected":false},"excerpt":{"rendered":"<p>Update: Calici zeigt sich zunehmend selbstbewusst an der Leine und gegen\u00fcber anderen Hunden. Dort kann sie schon Mal sehr impulsiv und sehr aufgeregt. Calici liebt es mit ihren Menschen in&#8230;<\/p>\n","protected":false},"featured_media":33826,"template":"","meta":{"_piecal_is_event":false,"_piecal_start_date":"","_piecal_end_date":"","_piecal_is_allday":false},"product_cat":[41,58],"product_tag":[],"_links":{"self":[{"href":"https:\/\/tsv-giessen.de\/index.php?rest_route=\/wp\/v2\/product\/33802"}],"collection":[{"href":"https:\/\/tsv-giessen.de\/index.php?rest_route=\/wp\/v2\/product"}],"about":[{"href":"https:\/\/tsv-giessen.de\/index.php?rest_route=\/wp\/v2\/types\/product"}],"wp:featuredmedia":[{"embeddable":true,"href":"https:\/\/tsv-giessen.de\/index.php?rest_route=\/wp\/v2\/media\/33826"}],"wp:attachment":[{"href":"https:\/\/tsv-giessen.de\/index.php?rest_route=%2Fwp%2Fv2%2Fmedia&parent=33802"}],"wp:term":[{"taxonomy":"product_cat","embeddable":true,"href":"https:\/\/tsv-giessen.de\/index.php?rest_route=%2Fwp%2Fv2%2Fproduct_cat&post=33802"},{"taxonomy":"product_tag","embeddable":true,"href":"https:\/\/tsv-giessen.de\/index.php?rest_route=%2Fwp%2Fv2%2Fproduct_tag&post=33802"}],"curies":[{"name":"wp","href":"https:\/\/api.w.org\/{rel}","templated":true}]}}