{"id":33444,"date":"2025-02-10T21:11:02","date_gmt":"2025-02-10T20:11:02","guid":{"rendered":"https:\/\/tsv-giessen.de\/?post_type=product&#038;p=33444"},"modified":"2026-03-19T10:02:58","modified_gmt":"2026-03-19T09:02:58","slug":"trolli","status":"publish","type":"product","link":"https:\/\/tsv-giessen.de\/?product=trolli","title":{"rendered":"Trolli"},"content":{"rendered":"<p>Update:<\/p>\n<p>Trolli hat sich wirklich toll entwickelt. Wenn er seine Bezugspersonen erblickt \u00fcberschl\u00e4gt er sich fast vor Freude. Selbst vielen fremden Personen gegen\u00fcber verh\u00e4lt Trolli sich freundlich und aufgeschlossen. Allerdings gibt es immer mal wieder Personen, mit denen er nicht warm wird. Zudem zeigt der R\u00fcde territoriales Verhalten, d.h. tauchen fremde Menschen oder Hunde pl\u00f6tzlich an seinem Auslauf auf, verbellt er diese. Der Herdenschutzhundanteil in seinem Wesen wird immer deutlicher.<\/p>\n<p>Mit H\u00fcndinnen zeigt sich der kastrierte R\u00fcde bisher sehr vertr\u00e4glich. Im Freilauf mit H\u00fcndinnen fordert Trolli anf\u00e4nglich gerne zum Spielen auf, akzeptiert aber auch, wenn sein Gegen\u00fcber eher seine Ruhe haben m\u00f6chte. Nach dem ersten Rennen legt er sich dann im Auslauf am liebsten in die Sonne und beobachtet das Geschehen. Sein Zimmer teilt er sich momentan mit Calici.<\/p>\n<p>Bei R\u00fcden entscheidet sehr die Sympathie. Mit kastrierte R\u00fcden funktioniert ein gemeinsamer Freilauf oder Begegnungen an der Leine teilweise. Mit unkastrierten R\u00fcden ist dies sehr h\u00e4ufig schwierig.<\/p>\n<p>Auf Spazierg\u00e4ngen l\u00e4uft Trolli die meiste Zeit entspannt und gut an der Leine. Bei Hundebegegnungen (vor allem mit R\u00fcden) zeigt er sich teilweise sehr aufgeregt. Fehlt ihm dann die richtige F\u00fchrung springt Trolli bellend in die Leine. Leitet man ihn hingegen gut und rechtzeitig an, kommuniziert mit ihm fair die Grenzen, geht er deutlich souver\u00e4ner durch diese Situationen.<\/p>\n<p>F\u00fchrt der Spaziergang an einem Bach oder Graben vorbei, liebt Trolli es sich dort abzuk\u00fchlen und durch das flache Wasser zu laufen.<\/p>\n<p>Allerdings gibt es Situationen (zum Beispiel beim Tierarzt, wenn es dort vielleicht doch Mal kurz unangenehm wird) in denen Trolli den Maulkorb dringend ben\u00f6tigt. In diesen bedr\u00e4ngenden Situationen wehrt er sich mit allem was er hat. Hier darf man den ansonsten wirklich sehr lieben R\u00fcden auf keinen Fall untersch\u00e4tzen.<\/p>\n<p>F\u00fcr Trolli w\u00fcnschen wir uns verantwortungsvolle Menschen, die mit ihm gemeinsam sch\u00f6ne Streifz\u00fcge durch die Natur unternehmen. Einen Alltag, in dem der R\u00fcde seine Menschen viel begleiten darf. Und \u00fcber eine freundliche H\u00fcndin in der neuen Familie w\u00fcrde er sich bestimmt auch sehr freuen. Ein gut eingez\u00e4untes Grundst\u00fcck, wo er sich nach Lust und Laune austoben oder in die Sonne legen kann, w\u00fcrden sein Traumzuhause perfekt abrunden. Nat\u00fcrlich muss Trolli das ein oder andere noch lernen. Daher w\u00e4re es wichtig mit ihm regelm\u00e4\u00dfig unter Anleitung eines Trainers daran zu arbeiten.<\/p>\n<p>Wo wartet Trolli&#8217;s Traumzuhause? Wer m\u00f6chte Trolli kennen lernen und sich in den tollen R\u00fcden verlieben? Meldet euch sehr gerne im Tierheim.<\/p>\n<p>&nbsp;<\/p>\n<p>Als Trolli zu uns kam zeigte er sich Menschen gegen\u00fcber sehr unsicher und verbellte Menschen, die in sein Zimmer kamen.<\/p>\n<p>Inzwischen ist er angekommen und zeigt sich mit seinen Bezugspersonen freundlich und zug\u00e4nglich.<\/p>\n<p>Wie Trolli sich drau\u00dfen beim Spaziergang verh\u00e4lt m\u00fcssen wir aktuell noch genauer testen, klar ist in ihm steckt ein Herdenschutzhund, der sowohl im Hunde-, als auch im Menschenkontakt selbst entscheiden wird, wen er mag und wen nicht.<\/p>\n<p>Mit unserer H\u00fcndin Nika zeigt Trolli sich vertr\u00e4glich, bei anderen Hunden m\u00fcssen wir die Vertr\u00e4glichkeit noch testen.<\/p>\n<p>Mehr Infos zu Trolli folgen, wenn wir ihn besser kennenlernen konnten.<\/p>\n<p>Wer sich jetzt schon f\u00fcr Trolli interessiert darf sich nat\u00fcrlich gerne melden &#8211; allerdings suchen wir f\u00fcr den h\u00fcbschen Kerl, Menschen mit Hundeerfahrung am besten auch Erfahrung im Umgang mit Herdenschutzhunden.<\/p>\n<p><span class=\"fs13 cf1 ff1\"><b>Bemerkung:<\/b><br \/>\n<\/span><span class=\"fs13 cf1 ff1\">Die Beschreibungen sind Momentaufnahmen des Tieres in unserem Tierheim. Jedes Tier kann sich im neuen Zuhause anders entwickeln.<\/span><\/p>\n","protected":false},"excerpt":{"rendered":"<p>Update: Trolli hat sich wirklich toll entwickelt. Wenn er seine Bezugspersonen erblickt \u00fcberschl\u00e4gt er sich fast vor Freude. Selbst vielen fremden Personen gegen\u00fcber verh\u00e4lt Trolli sich freundlich und aufgeschlossen. Allerdings&#8230;<\/p>\n","protected":false},"featured_media":37022,"template":"","meta":{"_piecal_is_event":false,"_piecal_start_date":"","_piecal_end_date":"","_piecal_is_allday":false},"product_cat":[41,57],"product_tag":[],"_links":{"self":[{"href":"https:\/\/tsv-giessen.de\/index.php?rest_route=\/wp\/v2\/product\/33444"}],"collection":[{"href":"https:\/\/tsv-giessen.de\/index.php?rest_route=\/wp\/v2\/product"}],"about":[{"href":"https:\/\/tsv-giessen.de\/index.php?rest_route=\/wp\/v2\/types\/product"}],"wp:featuredmedia":[{"embeddable":true,"href":"https:\/\/tsv-giessen.de\/index.php?rest_route=\/wp\/v2\/media\/37022"}],"wp:attachment":[{"href":"https:\/\/tsv-giessen.de\/index.php?rest_route=%2Fwp%2Fv2%2Fmedia&parent=33444"}],"wp:term":[{"taxonomy":"product_cat","embeddable":true,"href":"https:\/\/tsv-giessen.de\/index.php?rest_route=%2Fwp%2Fv2%2Fproduct_cat&post=33444"},{"taxonomy":"product_tag","embeddable":true,"href":"https:\/\/tsv-giessen.de\/index.php?rest_route=%2Fwp%2Fv2%2Fproduct_tag&post=33444"}],"curies":[{"name":"wp","href":"https:\/\/api.w.org\/{rel}","templated":true}]}}