{"id":32693,"date":"2024-12-07T15:21:38","date_gmt":"2024-12-07T14:21:38","guid":{"rendered":"https:\/\/tsv-giessen.de\/?post_type=product&#038;p=32693"},"modified":"2026-01-18T00:05:49","modified_gmt":"2026-01-17T23:05:49","slug":"fire","status":"publish","type":"product","link":"https:\/\/tsv-giessen.de\/?product=fire","title":{"rendered":"Fire"},"content":{"rendered":"<p>Unser Husky R\u00fcde Fire tr\u00e4gt seinen Namen im Charakter. Bei uns im Tierheim ist er liebevoll als B\u00e4r bekannt, doch lasst euch nicht von diesem s\u00fc\u00dfen Spitznamen t\u00e4uschen. Fire ist sehr temperamentvoll und wei\u00df zu jeder Zeit was er will und was er nicht will. M\u00f6chte man ihn als Begleiter gewinnen, braucht es sehr viel Geduld, Ruhe und Verst\u00e4ndnis f\u00fcr diese Rasse. Konflikte sollten stets Kompromiss bereit gel\u00f6st werden, auf eine harte Erziehung reagiert der R\u00fcde abwehrend und neigt dazu in die Konfrontation mit dem Menschen zu gehen. Er scheut sich keinesfalls den Menschen und seine F\u00fchrungsqualit\u00e4ten in Frage zu stellen oder zu ma\u00dfregeln. Fremden ist er gegen\u00fcber skeptisch, generell sind M\u00e4nner f\u00fcr ihn schwieriger als Frauen. Sein Verhalten ist zu tiefst urspr\u00fcnglich, was sich auch in neuen Ger\u00e4uschen oder Gegenst\u00e4nden zeigt, die er zun\u00e4chst lieber erstmal von weitem Beobachtet.<\/p>\n<p>Mit seiner Vertrauensperson zeigt er sich als sportlicher Allrounder. Egal ob Wandertouren an der Schleppleine, Schwimmen am See oder Trailrun im Wald, Fire kann bei allen Disziplinen punkten. Auch im Tricksen ist er ein Weltmeister und pr\u00e4sentiert hier gerne seine kooperative Seite. Seine dominanter Charakter darf jedoch nie untersch\u00e4tzt werden, in f\u00fcr ihn stressigen Situationen oder bei angestautem Frust neigt er dazu sich an seinem Menschen abzureagieren und in den \u00c4rmel zu bei\u00dfen und zu ziehen. Generell ist das Verhalten abbrechbar, jedoch entscheidet er selbst wem er zuh\u00f6rt und wem nicht.<\/p>\n<p>Im Alltag hat er gute Fortschritte gemacht. Er f\u00e4hrt mittlerweile gerne Auto und steigt selbstst\u00e4ndig ein und aus. R\u00fcckbank funktioniert hier aktuell noch besser als Kofferraum, da enge R\u00e4ume eine gro\u00dfe Schwierigkeit f\u00fcr ihn darstellen. Leinenf\u00fchrigkeit, Grundkommandos und einen Abruf beherrscht er, man merkt jedoch schnell wenn Fire keine Lust hat zuzuh\u00f6ren oder zu gestresst ist. Leider ist er sehr jagdtriebig, vor allem Pferde, Rehe und Schafe stehen auf seiner Beuteliste ganz oben.<\/p>\n<p>Im h\u00e4uslichen Umfeld ist unser Husky nicht einfach. Schon nach kurzer Zeit stellt er Ressourcen Anspr\u00fcche an Wohnraum, Liegefl\u00e4chen und auch Personen. Hereinkommenden Personen zeigt er dann deutlich, dass er sie in seinem Bereich nicht haben m\u00f6chte, indem er gerne auch mal schnappt und seinen Standpunkt verdeutlicht. Eine Futterresource zeigt er je nach Person unterschiedlich stark ausgepr\u00e4gt. Fire bindet sich an einen Menschen sehr stark, diese Person steht bei ihm an erster Stelle, wenn andere Menschen oder Hunde ins Spiel kommen. Seine Ressourcen Thematiken sind dennoch zu ber\u00fccksichtigen. Wenn man ihn gut lesen kann und das Zusammenleben auf gegenseitigem Verst\u00e4ndnis beruht, hat man einen treuen Begleiter, der einen mit seiner sportlichen Leistung und N\u00e4he belohnt. Man sollte sich jedoch bewusst machen, dass viele Situationen mit ihm auch mal zu erm\u00fcdenden Diskussionen f\u00fchren kann.<\/p>\n<p>F\u00fcr Fire suchen wir sportliche und rassekundige Menschen. Eine Einzelperson w\u00e4re w\u00fcnschenswert. Im neuen Zuhause sollten keine Kinder und keine Katzen wohnen.<\/p>\n<p>Mit H\u00fcndinnen ist er grunds\u00e4tzlich vertr\u00e4glich, bei R\u00fcden entscheidet die Sympathie. Dennoch sollten bei einem Ersthund seine Problematiken im Hinterkopf behalten werden.<\/p>\n<p><strong>Bemerkung:<\/strong><\/p>\n<p><span class=\"fs13 cf1 ff1\"> Beschreibungen sind Momentaufnahmen des Tieres in unserem Tierheim. Jedes Tier kann sich im neuen Zuhause anders entwickeln.<\/span><\/p>\n","protected":false},"excerpt":{"rendered":"<p>Unser Husky R\u00fcde Fire tr\u00e4gt seinen Namen im Charakter. Bei uns im Tierheim ist er liebevoll als B\u00e4r bekannt, doch lasst euch nicht von diesem s\u00fc\u00dfen Spitznamen t\u00e4uschen. Fire ist&#8230;<\/p>\n","protected":false},"featured_media":34104,"template":"","meta":{"_piecal_is_event":false,"_piecal_start_date":"","_piecal_end_date":"","_piecal_is_allday":false},"product_cat":[110,41,58],"product_tag":[],"_links":{"self":[{"href":"https:\/\/tsv-giessen.de\/index.php?rest_route=\/wp\/v2\/product\/32693"}],"collection":[{"href":"https:\/\/tsv-giessen.de\/index.php?rest_route=\/wp\/v2\/product"}],"about":[{"href":"https:\/\/tsv-giessen.de\/index.php?rest_route=\/wp\/v2\/types\/product"}],"wp:featuredmedia":[{"embeddable":true,"href":"https:\/\/tsv-giessen.de\/index.php?rest_route=\/wp\/v2\/media\/34104"}],"wp:attachment":[{"href":"https:\/\/tsv-giessen.de\/index.php?rest_route=%2Fwp%2Fv2%2Fmedia&parent=32693"}],"wp:term":[{"taxonomy":"product_cat","embeddable":true,"href":"https:\/\/tsv-giessen.de\/index.php?rest_route=%2Fwp%2Fv2%2Fproduct_cat&post=32693"},{"taxonomy":"product_tag","embeddable":true,"href":"https:\/\/tsv-giessen.de\/index.php?rest_route=%2Fwp%2Fv2%2Fproduct_tag&post=32693"}],"curies":[{"name":"wp","href":"https:\/\/api.w.org\/{rel}","templated":true}]}}