{"id":32522,"date":"2024-11-20T13:44:14","date_gmt":"2024-11-20T12:44:14","guid":{"rendered":"https:\/\/tsv-giessen.de\/?post_type=product&#038;p=32522"},"modified":"2025-01-08T14:59:06","modified_gmt":"2025-01-08T13:59:06","slug":"buddy","status":"publish","type":"product","link":"https:\/\/tsv-giessen.de\/?product=buddy","title":{"rendered":"G\u00f6rdi"},"content":{"rendered":"<p><strong>Update: G\u00f6rdi wohnt mittlerweile im Tierheim Marburg. Bei Interesse melden sie sich gerne dort.<\/strong><\/p>\n<p>G\u00f6rdi ist ein freundlicher, aber etwas distanzloser Dobermann-Labrador-Junghund, der noch ein bisschen weiter die Schulbank dr\u00fccken muss, um ein entspannter Alltagsbegleiter zu werden.<\/p>\n<p>Er hat Spass am Laufen, so dass er sich gut als Begleiter beim Joggen oder beim entspannten Radfahren eignet.<br \/>\nG\u00f6rdi kennt die Regeln des t\u00e4glichen Alltags, hinterfragt diese aber immer wieder. Hier heisst es dranbleiben.<br \/>\ner ist sehr umweltsicher und reagiert nicht auf Au\u00dfenreize, wie Radfahrer , Jogger etc.<br \/>\nHundebegegnung kann er unter Anleitung schon gut meistern. Diese sollten aber noch weiter gefestigt werden.<br \/>\nAlleine bleiben f\u00e4llt ihm momentan noch schwer. Daher sollten sich seine neue Familie die Zeit nehmen, dies weiter mit ihm zu \u00fcben.<\/p>\n<p>G\u00f6rdi ist gerade mitten in der Pubert\u00e4t. Das sollte nicht vergessen werden!<br \/>\nGrunds\u00e4tzlich ist er ein netter, lustiger Hund, dem man die Regeln des Zusammenlebens weiter n\u00e4herbringen muss. Bekommt er diese Anleitung nicht, tut er all das, was ER f\u00fcr gut und richtig h\u00e4lt. Da er ein sehr diskussionsfreudiger Hund ist, der viel von sich h\u00e4lt (er zeigt bisher keinerlei Aggression!), ist hier ein langer Atem und Ausdauer n\u00f6tig.<br \/>\nWir w\u00fcnschen uns f\u00fcr G\u00f6rdi daher Menschen, die Erfahrung mit der Rasse Dobermann haben und wissen worauf man sich mit einem pubert\u00e4ren R\u00fcden einl\u00e4sst.<br \/>\nWeiterhin sollte genug Zeit und Motivation vorhanden sein um weiter mit ihm zu Arbeiten.<br \/>\nG\u00f6rdi ist KEIN Anf\u00e4ngerhund.<\/p>\n<p>Kontakt:<\/p>\n<p>Tierheim Cappel in Marburg<\/p>\n<p>Bahnhaus 7<\/p>\n<p>35043 Marburg<\/p>\n<p>&nbsp;<\/p>\n<p>Telefon: 06421 46792<\/p>\n<p>Fax: 06421 953137<\/p>\n<p><strong>Bemerkung:<\/strong><\/p>\n<p><span class=\"fs13 cf1 ff1\"> Beschreibungen sind Momentaufnahmen des Tieres in unserem Tierheim. Jedes Tier kann sich im neuen Zuhause anders entwickeln.<\/span><\/p>\n","protected":false},"excerpt":{"rendered":"<p>Update: G\u00f6rdi wohnt mittlerweile im Tierheim Marburg. Bei Interesse melden sie sich gerne dort. G\u00f6rdi ist ein freundlicher, aber etwas distanzloser Dobermann-Labrador-Junghund, der noch ein bisschen weiter die Schulbank dr\u00fccken&#8230;<\/p>\n","protected":false},"featured_media":32523,"template":"","meta":{"_piecal_is_event":false,"_piecal_start_date":"","_piecal_end_date":"","_piecal_is_allday":false},"product_cat":[1746],"product_tag":[],"_links":{"self":[{"href":"https:\/\/tsv-giessen.de\/index.php?rest_route=\/wp\/v2\/product\/32522"}],"collection":[{"href":"https:\/\/tsv-giessen.de\/index.php?rest_route=\/wp\/v2\/product"}],"about":[{"href":"https:\/\/tsv-giessen.de\/index.php?rest_route=\/wp\/v2\/types\/product"}],"wp:featuredmedia":[{"embeddable":true,"href":"https:\/\/tsv-giessen.de\/index.php?rest_route=\/wp\/v2\/media\/32523"}],"wp:attachment":[{"href":"https:\/\/tsv-giessen.de\/index.php?rest_route=%2Fwp%2Fv2%2Fmedia&parent=32522"}],"wp:term":[{"taxonomy":"product_cat","embeddable":true,"href":"https:\/\/tsv-giessen.de\/index.php?rest_route=%2Fwp%2Fv2%2Fproduct_cat&post=32522"},{"taxonomy":"product_tag","embeddable":true,"href":"https:\/\/tsv-giessen.de\/index.php?rest_route=%2Fwp%2Fv2%2Fproduct_tag&post=32522"}],"curies":[{"name":"wp","href":"https:\/\/api.w.org\/{rel}","templated":true}]}}