{"id":32154,"date":"2024-10-16T19:53:37","date_gmt":"2024-10-16T17:53:37","guid":{"rendered":"https:\/\/tsv-giessen.de\/?post_type=product&#038;p=32154"},"modified":"2026-01-21T19:30:29","modified_gmt":"2026-01-21T18:30:29","slug":"pino","status":"publish","type":"product","link":"https:\/\/tsv-giessen.de\/?product=pino","title":{"rendered":"Pino"},"content":{"rendered":"<p>Pino kam zwar bereits im September zu uns, h\u00e4tte aber bereits damals als Halloween-Attraktion durchgehen k\u00f6nnen: Der arme Pino hatte am ganzen K\u00f6rper offene, blutige und eitrige Stellen. Die Behandlung gestaltete sich als ebenso langwierig wie kostenintensiv &#8211; aber letztendlich hat sie Erfolg gezeigt: Mittlerweile sind Pinos Verletzungen alle verheilt und es w\u00e4chst sogar schon wieder Fell. H\u00f6chste Zeit also um nach einem Zuhause f\u00fcr Pino zu suchen!<\/p>\n<p>Mittlerweile ist sogar die Ursache f\u00fcr Pinos Hautprobleme bekannt: Der h\u00fcbsche Katermann reagiert allergisch auf Futtermilben und auf Hausstaub. Ein Supergau f\u00fcr einen Abenteurer wie Pino! Mit einer guten medikament\u00f6sen Einstellung und ein bisschen Fingerspitzengef\u00fchl aber dennoch kein Ausschlusskriterium f\u00fcr ein sch\u00f6nes und spannendes Katzenleben.<\/p>\n<p>Der stattliche Kater ist neugierig und geht offen auf seine Menschen zu. Allerdings kann er bisweilen auch etwas launisch sein und hat eine kurze Z\u00fcndschnur, bevor er seine Krallen einsetzt. Kinder sollten dementsprechend schon etwas \u00e4lter sein und auch die Erwachsenen im Haus sollten etwas Erfahrung mit Katzen mitbringen, um Pino gut lesen zu k\u00f6nnen.<\/p>\n<p>Pino hat allerdings nicht nur Baustellen: Der besondere Kater ist aktiv, neugierig und wahnsinnig verspielt. Mit seiner einmaligen Art wird er seine Menschen jeden Tag aufs Neue mit Lachern versorgen und daf\u00fcr sorgen, dass kein Tag langweilig wird!<\/p>\n<p>Klingt gut? Melden Sie sich bei uns und lernen Sie Pino pers\u00f6nlich kennen &#8211; und lieben!<\/p>\n<p><span class=\"fs13 cf1 ff1\"><b>Bemerkung:<\/b><br \/>\n<\/span><span class=\"fs13 cf1 ff1\">Die Beschreibungen sind Momentaufnahmen des Tieres in unserem Tierheim. Jedes Tier kann sich im neuen Zuhause anders entwickeln.<\/span><\/p>\n","protected":false},"excerpt":{"rendered":"<p>Pino kam zwar bereits im September zu uns, h\u00e4tte aber bereits damals als Halloween-Attraktion durchgehen k\u00f6nnen: Der arme Pino hatte am ganzen K\u00f6rper offene, blutige und eitrige Stellen. Die Behandlung&#8230;<\/p>\n","protected":false},"featured_media":32114,"template":"","meta":{"_piecal_is_event":false,"_piecal_start_date":"","_piecal_end_date":"","_piecal_is_allday":false},"product_cat":[59,60],"product_tag":[],"_links":{"self":[{"href":"https:\/\/tsv-giessen.de\/index.php?rest_route=\/wp\/v2\/product\/32154"}],"collection":[{"href":"https:\/\/tsv-giessen.de\/index.php?rest_route=\/wp\/v2\/product"}],"about":[{"href":"https:\/\/tsv-giessen.de\/index.php?rest_route=\/wp\/v2\/types\/product"}],"wp:featuredmedia":[{"embeddable":true,"href":"https:\/\/tsv-giessen.de\/index.php?rest_route=\/wp\/v2\/media\/32114"}],"wp:attachment":[{"href":"https:\/\/tsv-giessen.de\/index.php?rest_route=%2Fwp%2Fv2%2Fmedia&parent=32154"}],"wp:term":[{"taxonomy":"product_cat","embeddable":true,"href":"https:\/\/tsv-giessen.de\/index.php?rest_route=%2Fwp%2Fv2%2Fproduct_cat&post=32154"},{"taxonomy":"product_tag","embeddable":true,"href":"https:\/\/tsv-giessen.de\/index.php?rest_route=%2Fwp%2Fv2%2Fproduct_tag&post=32154"}],"curies":[{"name":"wp","href":"https:\/\/api.w.org\/{rel}","templated":true}]}}