{"id":31981,"date":"2024-10-08T13:33:54","date_gmt":"2024-10-08T11:33:54","guid":{"rendered":"https:\/\/tsv-giessen.de\/?post_type=product&#038;p=31981"},"modified":"2025-08-05T07:00:20","modified_gmt":"2025-08-05T05:00:20","slug":"edward","status":"publish","type":"product","link":"https:\/\/tsv-giessen.de\/?product=edward","title":{"rendered":"Edward- reserviert"},"content":{"rendered":"<p>Edward stammt zusammen mit Bella aus einer beh\u00f6rdlichen Beschlagnahmung. Allerdings hat er den Wesenstest schon mit Bravour gemeistert. Dennoch m\u00fcssen Interessenten eine Sachkundepr\u00fcfung ablegen und den Wesenstest ebenfalls mit Edward bestehen um ihn adoptieren zu k\u00f6nnen. Dies ist sehr zeitintensiv da mit Edward zun\u00e4chst gemeinsam trainiert und eine vertrauensvolle Beziehung aufgebaut werden muss.<\/p>\n<p>Edward hat ein sehr liebevolles und freundliches Wesen. Er f\u00fchlt sich am wohlsten, wenn er seine Bezugspersonen bei sich hat. Und kann seine Freude bei einem Wiedersehen nicht zur\u00fcck halten.<\/p>\n<p>Mit seinen 2 Jahren ist er noch entsprechend verspielt und liebt es einfach mal zu rennen und sich auszupowern.<\/p>\n<p>Besonders das Spielen und Toben mit anderen Hunden bereitet im gro\u00dfe Freude. Edward zeigt sich bei uns bisher sehr vertr\u00e4glich mit Artgenossen. Und ist auch im Spiel meistens abrufbar.<\/p>\n<p>Insgesamt zeigt Edward sich sehr lernwillig. Er freut sich, wenn man mit ihm neue Sachen \u00fcbt und er eine Aufgabe bekommt. Bei einem ersten Agility Training zeigte er sich zum Beispiel sehr talentiert und bewies eine beeindruckende Geschwindigkeit beim Lernen und bew\u00e4ltigen der Hindernisse. Klicker Training findet Edward ebenfalls gro\u00dfartig. Die Grundkommandos wie &#8220;Sitz&#8221;, &#8220;Platz&#8221; und &#8220;Bleib&#8221; und das Abrufen beherrscht er meist ohne Probleme.<\/p>\n<p>Wir arbeiten aktiv auch daran, dass er lernt in gewissen Situationen nah bei seinem Menschen zu laufen und so beispielsweise Hundebegegnungen problemlos zu meistern.<\/p>\n<p>Jedoch hat Edward einen ausgepr\u00e4gten Jagdtrieb. Insbesondere bei Waldspazierg\u00e4ngen zeigt sich dies deutlich indem er im Wald Dinge anvisiert oder sich beim Schn\u00fcffeln in einer Spur vertieft. In den meisten F\u00e4llen ist Edward an der Schleppleine aber abrufbar und l\u00e4uft dann weiter. Selten gibt es Situationen in denen er sich in der Jagdsituation verliert.<\/p>\n<p>An der Leine l\u00e4uft Edward sehr souver\u00e4n. Bei schnellen Radfahrern oder teilweise w\u00e4hrend Hundebegegnungen zeigt Edward seine Unsicherheit durch bellen und nach vorne gehen. Ist man als Mensch aber souver\u00e4n genug und lenkt ihn fr\u00fch genug um, sind auch diese Situationen kein Problem.<\/p>\n<p>Im h\u00e4uslichen Umfeld verh\u00e4lt Edward sich wie ein Mustersch\u00fcler. Er schaut sich alles in Ruhe an und begutachtet seine Umgebung. Wird aber auch schnell entspannt und zieht sich auf seinen Platz zur\u00fcck. Er zeigt sich dann auch als Schmusehund und fordert seine Kuscheleinheiten gerne auch Mal ein. Anderen Personen gegen\u00fcber zeigt er sich offen und freundlich und freut sich dann auch \u00fcber das ein oder andere Leckerlie und Streicheleinheit (selbst bei ihm bis dahin unbekannten Personen). Er ist auch kinderfreundlich und zeigt bisher absolut kein Problem mit Kindern. Die Kinder sollten schon stehfest sein, da er zum kuscheln gerne mal anstupst.<\/p>\n<p>Mit Edward wird auch viel Stadttraining gemacht, wobei auch der ein oder andere Besuch in einem Caf\u00e9 nicht fehlen darf. Hierbei zeigt er sich wie im h\u00e4uslichen Umfeld sehr entspannt und kommt schnell zur Ruhe. Wichtig ist dabei ihm &#8220;seinen Platz&#8221; zu erm\u00f6glichen, damit er dort entspannen kann. Aber auch Besuche von L\u00e4den (in die er mit rein gehen darf) meistert er problemlos und zeigt sich sehr entspannt und ansprechbar.<\/p>\n<p>Auch wenn Edward viel Jagdtrieb aufweist, zeigt er sich bei Katzen eher sehr \u00e4ngstlich.<\/p>\n<p>F\u00fcr Edward w\u00fcnschen wir uns Menschen, die ihn weiterhin in seiner tollen Entwicklung unterst\u00fctzen. Mit ihm gemeinsam nich viele neue Dinge entdecken und sein Potential erkennen und f\u00f6rdern m\u00f6chten.<\/p>\n<p>Wir suchen aber auch weiterhin nach Paten, die Edward auf seinem Weg zum Traumhund unterst\u00fctzen.<\/p>\n<p><strong>Bemerkung:<\/strong><\/p>\n<p><span class=\"fs13 cf1 ff1\"> Beschreibungen sind Momentaufnahmen des Tieres in unserem Tierheim. Jedes Tier kann sich im neuen Zuhause anders entwickeln.<\/span><\/p>\n","protected":false},"excerpt":{"rendered":"<p>Edward stammt zusammen mit Bella aus einer beh\u00f6rdlichen Beschlagnahmung. Allerdings hat er den Wesenstest schon mit Bravour gemeistert. Dennoch m\u00fcssen Interessenten eine Sachkundepr\u00fcfung ablegen und den Wesenstest ebenfalls mit Edward&#8230;<\/p>\n","protected":false},"featured_media":34656,"template":"","meta":{"_piecal_is_event":false,"_piecal_start_date":"","_piecal_end_date":"","_piecal_is_allday":false},"product_cat":[147,41,58],"product_tag":[],"_links":{"self":[{"href":"https:\/\/tsv-giessen.de\/index.php?rest_route=\/wp\/v2\/product\/31981"}],"collection":[{"href":"https:\/\/tsv-giessen.de\/index.php?rest_route=\/wp\/v2\/product"}],"about":[{"href":"https:\/\/tsv-giessen.de\/index.php?rest_route=\/wp\/v2\/types\/product"}],"wp:featuredmedia":[{"embeddable":true,"href":"https:\/\/tsv-giessen.de\/index.php?rest_route=\/wp\/v2\/media\/34656"}],"wp:attachment":[{"href":"https:\/\/tsv-giessen.de\/index.php?rest_route=%2Fwp%2Fv2%2Fmedia&parent=31981"}],"wp:term":[{"taxonomy":"product_cat","embeddable":true,"href":"https:\/\/tsv-giessen.de\/index.php?rest_route=%2Fwp%2Fv2%2Fproduct_cat&post=31981"},{"taxonomy":"product_tag","embeddable":true,"href":"https:\/\/tsv-giessen.de\/index.php?rest_route=%2Fwp%2Fv2%2Fproduct_tag&post=31981"}],"curies":[{"name":"wp","href":"https:\/\/api.w.org\/{rel}","templated":true}]}}