{"id":31979,"date":"2024-10-08T13:30:59","date_gmt":"2024-10-08T11:30:59","guid":{"rendered":"https:\/\/tsv-giessen.de\/?post_type=product&#038;p=31979"},"modified":"2026-04-02T12:08:03","modified_gmt":"2026-04-02T10:08:03","slug":"bella","status":"publish","type":"product","link":"https:\/\/tsv-giessen.de\/?product=bella","title":{"rendered":"Bella"},"content":{"rendered":"<p>Update:<\/p>\n<p>Bella hat inzwischen erfolgreich ihren Wesenstest bestanden und darf daher gerne in ihr neues Zuhause ziehen. Da sie auf Grund eines Beissvorfalls wesenstestflichtig wurde, m\u00fcssen ihre neuen Menschen ebenfalls einen Wesenstest mit ihr laufen und eine Sachkundepr\u00fcfung ablegen.<\/p>\n<p>Die h\u00fcbsche H\u00fcndin ist im Tierheim einsam. Zwar versuchen wir, Bella m\u00f6glichst viel Zeit zu schenken, aber das Tierheim ersetzt kein Zuhause.<\/p>\n<p>Bella ist kein Hund f\u00fcr &#8220;jeder Mann&#8221;. Sie braucht Menschen mit Erfahrung, die ihr eine klare und liebevolle Erziehung bieten und mit ihr an ihren Themen arbeiten.<\/p>\n<p>Drau\u00dfen hat Bella tolle Fortschritte gemacht, ihr fallen Hundebegegnungen deutlich leichter und Begegnungen mit fremden Menschen sind f\u00fcr sie fast kein Problem mehr.<\/p>\n<p>Drinnen zeigt sich Bella sowohl gegen\u00fcber Menschen, als auch gegen\u00fcber Artgenossen zum Teil noch ressourcenverteidigend. Daran sollte im neuen Zuhause weiter gearbeitet werden.<\/p>\n<p>Wer Bella kennt und einsch\u00e4tzen kann, kann die H\u00fcndin auch gut lesen. Sie zeigt deutlich an, wenn ihr etwas nicht gef\u00e4llt und &#8220;korrigiert&#8221; Dinge, die sie als unfair empfindet.<\/p>\n<p>Im Hundekontakt ist Bella ebenfalls sehr fair. Sie geht mit ihr bekannten Artgenossen gerne spazieren. Allerdings ist und bleibt sie eine Einzelprinzessin. Sehr aufgedrehte andere Hunde und starke H\u00fcndinnen wei\u00dft Bella zurecht und setzt klare Grenzen.<\/p>\n<p>Wir suchen f\u00fcr Bella die Nadel im Heuhaufen, ihr &#8220;Perfect Match&#8221;, eine Einzelperson oder ein Paar ohne Kinder, die sie geistig und k\u00f6rperlich auslasten, mit ihr an ihren Themen arbeiten und sie gleichzeitig so liebe wie sie ist.<\/p>\n<p>Bella stammt aus einer beh\u00f6rdlichen Beschlagnahmung. Auf Grund eines \u00a0Beissvorfalls wurde sie als gef\u00e4hrlicher Hund eingestuft. Aktuell arbeiten wir daran, dass sie den Wesenstest souver\u00e4n meistert. Hat sie den Test bestanden, darf sie in ein neues Zuhause ziehen. Das neue Herrchen oder Frauchen muss allerdings \u00fcber einen sogenannten Sachkundenachweis verf\u00fcgen, um Bella halten zu d\u00fcrfen.<\/p>\n<p>Aber Bella ist viel mehr &#8211; sie verdient es nicht als gef\u00e4hrlicher Hund abgestempelt zu werden.<\/p>\n<p>Sie bindet sich sehr an &#8220;ihren&#8221; Menschen, wenn sie einmal Vertrauen gefasst hat. Sie hat Spa\u00df daran, spazieren zu gehen und sich durch Wald und Wiese zu schn\u00fcffeln. Trotz der Tatsache, dass sie noch einiges lernen muss, geht sie angenehm an der Leine. F\u00fcr Leckerlis, die ihr schmecken, tut sie viel und l\u00e4sst sich damit gut ablenken, wenn mal ein Hund vorbeikommt, den sie nicht so mag. Social walks mit Artgenossen meistert sie auch sehr gut. Im direkten Kontakt mit anderen Hunden ist sie je nach Sympathie vertr\u00e4glich, aber nicht wirklich an anderen Hunden interessiert. Fur Bella w\u00fcrden wir uns eher ein Zuhause als Einzelprinzessin w\u00fcnschen<\/p>\n<p>Fremden gegen\u00fcber ist sie vorsichtig. In Situationen, in denen fremde Menschen zu nahe an sie kommen, muss man aufpassen.<\/p>\n<p>Am wohlsten f\u00fchlt sich Bella in einer ruhigen Atmosph\u00e4re. Sie ben\u00f6tigt einen sicheren R\u00fcckzugsort und eine liebevolle und gleichzeitig gut strukturierte und klare F\u00fchrung.<\/p>\n<p>Im h\u00e4uslichen Umfeld verh\u00e4lt sie sich ruhig. Nur wenn pl\u00f6tzlich Fremde vor dem Tor stehen, ist sie wachsam und schl\u00e4gt an.<\/p>\n<p>Mit ihrem Menschen kuschelt Bella auch gerne mal. Und mit der richtigen Motivation lernt sie auch den ein oder anderen Trick.<\/p>\n<p>Bella hat die Chance auf einen Neuanfang verdient. Daher wird sie zur Zeit behutsam auf den Wesenstest vorbereitet. Auf Grund von gesundheitlichen Beeintr\u00e4chtigungen, welche Zeit, eine langfristige medizinische Versorgung und Schmerzbehandlung erfordern, musste ihr Training zeitweise ausgesetzt werden. Man darf sie nicht \u00fcberfordern und muss kleinschrittig mit ihr arbeiten.<\/p>\n<p>Auf ihren Weg in ein neues Leben ben\u00f6tigt Bella Paten, die sie unterst\u00fctzen m\u00f6chten. Meldet euch sehr gerne im Tierheim, wenn ihr Bella&#8217;s Paten sein wollt.<\/p>\n<p><strong>Bemerkung:<\/strong><\/p>\n<p><span class=\"fs13 cf1 ff1\"> Beschreibungen sind Momentaufnahmen des Tieres in unserem Tierheim. Jedes Tier kann sich im neuen Zuhause anders entwickeln.<\/span><\/p>\n","protected":false},"excerpt":{"rendered":"<p>Update: Bella hat inzwischen erfolgreich ihren Wesenstest bestanden und darf daher gerne in ihr neues Zuhause ziehen. Da sie auf Grund eines Beissvorfalls wesenstestflichtig wurde, m\u00fcssen ihre neuen Menschen ebenfalls&#8230;<\/p>\n","protected":false},"featured_media":39562,"template":"","meta":{"_piecal_is_event":false,"_piecal_start_date":"","_piecal_end_date":"","_piecal_is_allday":false},"product_cat":[147,41,58],"product_tag":[],"_links":{"self":[{"href":"https:\/\/tsv-giessen.de\/index.php?rest_route=\/wp\/v2\/product\/31979"}],"collection":[{"href":"https:\/\/tsv-giessen.de\/index.php?rest_route=\/wp\/v2\/product"}],"about":[{"href":"https:\/\/tsv-giessen.de\/index.php?rest_route=\/wp\/v2\/types\/product"}],"wp:featuredmedia":[{"embeddable":true,"href":"https:\/\/tsv-giessen.de\/index.php?rest_route=\/wp\/v2\/media\/39562"}],"wp:attachment":[{"href":"https:\/\/tsv-giessen.de\/index.php?rest_route=%2Fwp%2Fv2%2Fmedia&parent=31979"}],"wp:term":[{"taxonomy":"product_cat","embeddable":true,"href":"https:\/\/tsv-giessen.de\/index.php?rest_route=%2Fwp%2Fv2%2Fproduct_cat&post=31979"},{"taxonomy":"product_tag","embeddable":true,"href":"https:\/\/tsv-giessen.de\/index.php?rest_route=%2Fwp%2Fv2%2Fproduct_tag&post=31979"}],"curies":[{"name":"wp","href":"https:\/\/api.w.org\/{rel}","templated":true}]}}