{"id":30856,"date":"2024-07-14T21:08:36","date_gmt":"2024-07-14T19:08:36","guid":{"rendered":"https:\/\/tsv-giessen.de\/?post_type=product&#038;p=30856"},"modified":"2026-03-30T16:12:23","modified_gmt":"2026-03-30T14:12:23","slug":"titan-paten-gesucht","status":"publish","type":"product","link":"https:\/\/tsv-giessen.de\/?product=titan-paten-gesucht","title":{"rendered":"Titan"},"content":{"rendered":"<p><span class=\"x4k7w5x x1h91t0o x1h9r5lt x1jfb8zj xv2umb2 x1beo9mf xaigb6o x12ejxvf x3igimt xarpa2k xedcshv x1lytzrv x1t2pt76 x7ja8zs x1qrby5j\"><span class=\"x193iq5w xeuugli x13faqbe x1vvkbs x1xmvt09 x1lliihq x1s928wv xhkezso x1gmr53x x1cpjm7i x1fgarty x1943h6x xudqn12 x3x7a5m x6prxxf xvq8zen xo1l8bm x14ctfv\" dir=\"auto\">Titan<\/span><\/span><\/p>\n<p><span class=\"x4k7w5x x1h91t0o x1h9r5lt x1jfb8zj xv2umb2 x1beo9mf xaigb6o x12ejxvf x3igimt xarpa2k xedcshv x1lytzrv x1t2pt76 x7ja8zs x1qrby5j\"><span class=\"x193iq5w xeuugli x13faqbe x1vvkbs x1xmvt09 x1lliihq x1s928wv xhkezso x1gmr53x x1cpjm7i x1fgarty x1943h6x xudqn12 x3x7a5m x6prxxf xvq8zen xo1l8bm x14ctfv\" dir=\"auto\">Update:<\/span><\/span><\/p>\n<p>Titan zeigt deutlich, dass er den engen Kontakt zu seinen Menschen sehr sch\u00e4tzt. Er freut sich sehr \u00fcber eine extra Portion Aufmerksamkeit durch seine Hundebegleiter und zeigt sich motiviert beim Training.<\/p>\n<p>Auch fremden Menschen gegen\u00fcber verliert Titan mittlerweile schneller seine Skepsis, wenn sich diese ein wenig Zeit nehmen ihn Kennenzulernen (und gute Leckerlies helfen auch das Eis zu brechen).<\/p>\n<p>Auf Social Walks zeigt er sich weiterhin gut und je nach Sympathie begegnet er Hunden teilweise Recht freundlich. Man merkt ihm aber auch an, wenn man zu bestimmten Artgenossen etwas mehr Abstand halten sollte.<\/p>\n<p>Titan hat sich toll entwickelt. Im Zusammenleben mit Balu hat er seine Rolle gefunden und die beiden sind ein eingespieltes Team.<\/p>\n<p>Sein Verhalten entspricht dem, was er ist &#8211; ein Herdenschutzhund mit Herz. Titan bewacht, meldet und das gerne mit Nachdruck. Aber genauso sehr freut er sich \u00fcber bekannte Gesichter und noch mehr \u00fcber &#8220;seine Menschen&#8221;.<\/p>\n<p>Die Haltung eines Herdenschutzhundes hat ganz besondere Anspr\u00fcche &#8211; aber wer diesen gerecht wird und Erfahrung mit der Rasse hat, wird in Titan einen tollen Begleiter finden.<\/p>\n<p><span class=\"x4k7w5x x1h91t0o x1h9r5lt x1jfb8zj xv2umb2 x1beo9mf xaigb6o x12ejxvf x3igimt xarpa2k xedcshv x1lytzrv x1t2pt76 x7ja8zs x1qrby5j\"><span class=\"x193iq5w xeuugli x13faqbe x1vvkbs x1xmvt09 x1lliihq x1s928wv xhkezso x1gmr53x x1cpjm7i x1fgarty x1943h6x xudqn12 x3x7a5m x6prxxf xvq8zen xo1l8bm x14ctfv\" dir=\"auto\">Update 12.12.2024:<\/span><\/span><\/p>\n<p><span class=\"x4k7w5x x1h91t0o x1h9r5lt x1jfb8zj xv2umb2 x1beo9mf xaigb6o x12ejxvf x3igimt xarpa2k xedcshv x1lytzrv x1t2pt76 x7ja8zs x1qrby5j\"><span class=\"x193iq5w xeuugli x13faqbe x1vvkbs x1xmvt09 x1lliihq x1s928wv xhkezso x1gmr53x x1cpjm7i x1fgarty x1943h6x xudqn12 x3x7a5m x6prxxf xvq8zen xo1l8bm x14ctfv\" dir=\"auto\">Mittlerweile lebt Titan zusammen mit Balu im Auslauf. Dies tut ihm sichtlich gut. Am Zaun bietet sich Titan die M\u00f6glichkeit stressfrei verschiedene Menschen und Hunde kennenzulernen. Auf diese Weise kn\u00fcpft er immer mehr freundliche Kontakte. Titan zeigt auch Sympathie f\u00fcr den ein oder anderen Hund. Er geht dann freundlich und interessiert auf diese zu. Im Zusammenleben mit Balu \u00fcbernimmt Titan die dominante Rolle. <\/span><\/span><\/p>\n<p><span class=\"x4k7w5x x1h91t0o x1h9r5lt x1jfb8zj xv2umb2 x1beo9mf xaigb6o x12ejxvf x3igimt xarpa2k xedcshv x1lytzrv x1t2pt76 x7ja8zs x1qrby5j\"><span class=\"x193iq5w xeuugli x13faqbe x1vvkbs x1xmvt09 x1lliihq x1s928wv xhkezso x1gmr53x x1cpjm7i x1fgarty x1943h6x xudqn12 x3x7a5m x6prxxf xvq8zen xo1l8bm x14ctfv\" dir=\"auto\">Seit dem Fr\u00fchsommer geht er mit seinem Hundebegleiter regelm\u00e4\u00dfig auf lange Streifz\u00fcge durch Feld und Wald. Nach und nach lernt er immer mehr Au\u00dfenreize kennen. Auf einige reagiert er an der Leine noch stark. Aber das Training zeigt immer mehr Fortschritte. Im Social Walk mit anderen Hunden zeigt er sich mittlerweile gut. Ziel ist es ihn langsam an alle m\u00f6glichen Umweltreize zu gew\u00f6hnen und ihm zu zeigen, dass er immer entspannt bleiben kann. <\/span><\/span><\/p>\n<p><span class=\"x4k7w5x x1h91t0o x1h9r5lt x1jfb8zj xv2umb2 x1beo9mf xaigb6o x12ejxvf x3igimt xarpa2k xedcshv x1lytzrv x1t2pt76 x7ja8zs x1qrby5j\"><span class=\"x193iq5w xeuugli x13faqbe x1vvkbs x1xmvt09 x1lliihq x1s928wv xhkezso x1gmr53x x1cpjm7i x1fgarty x1943h6x xudqn12 x3x7a5m x6prxxf xvq8zen xo1l8bm x14ctfv\" dir=\"auto\">Im Umgang mit Titan ist es wichtig auf seine Signale zu achten, mit Druck und Zwang erreicht man gar nichts. Aber mit geduldiger Kommunikation l\u00e4sst er sich auf einen ein. Von seinen Bezugspersonen l\u00e4sst er sich problemlos das Geschirr und Maulkorb anziehen, b\u00fcrsten und genie\u00dft jeden Streicheleinheit. <\/span><\/span><\/p>\n<p><span class=\"x4k7w5x x1h91t0o x1h9r5lt x1jfb8zj xv2umb2 x1beo9mf xaigb6o x12ejxvf x3igimt xarpa2k xedcshv x1lytzrv x1t2pt76 x7ja8zs x1qrby5j\"><span class=\"x193iq5w xeuugli x13faqbe x1vvkbs x1xmvt09 x1lliihq x1s928wv xhkezso x1gmr53x x1cpjm7i x1fgarty x1943h6x xudqn12 x3x7a5m x6prxxf xvq8zen xo1l8bm x14ctfv\" dir=\"auto\">Titan freut sich \u00fcber jede Besch\u00e4ftigung mit seinen Menschen und bl\u00fcht dabei richtig auf. Wir w\u00fcnschen uns f\u00fcr Titan Hunde erfahrene Menschen, die geduldig, liebevoll aber auch konsequent mit ihm umgehen. Und ihm ein Zuhause bieten k\u00f6nnen, dass seinen Bed\u00fcrfnissen nach Freiraum, aber dennoch engen Kontakt zu seinem Menschen gerecht wird.<\/span><\/span><\/p>\n<p><span class=\"x4k7w5x x1h91t0o x1h9r5lt x1jfb8zj xv2umb2 x1beo9mf xaigb6o x12ejxvf x3igimt xarpa2k xedcshv x1lytzrv x1t2pt76 x7ja8zs x1qrby5j\"><span class=\"x193iq5w xeuugli x13faqbe x1vvkbs x1xmvt09 x1lliihq x1s928wv xhkezso x1gmr53x x1cpjm7i x1fgarty x1943h6x xudqn12 x3x7a5m x6prxxf xvq8zen xo1l8bm x14ctfv\" dir=\"auto\">Gro\u00df, wei\u00df, kuscheliges Fell und dunkle Augen &#8211; das ist unser Titan (oft liebevoll von seinen Hundebegleitern als &#8220;kleiner Eisb\u00e4r&#8221; bezeichnet). Und eigentlich wird er seinem Namen gar nicht so richtig gerecht. Er wurde angebunden in einem gesundheitlich erb\u00e4rmlichen Zustand aufgefunden. Sein Fell war ausgefallen, seine Haut und Ohren entz\u00fcndet. Der R\u00fcde litt unter einer schweren Flohallergie. Zudem wies er massive Liegeschwielen auf und war sehr d\u00fcnn. <\/span><\/span><\/p>\n<p><span class=\"x4k7w5x x1h91t0o x1h9r5lt x1jfb8zj xv2umb2 x1beo9mf xaigb6o x12ejxvf x3igimt xarpa2k xedcshv x1lytzrv x1t2pt76 x7ja8zs x1qrby5j\"><span class=\"x193iq5w xeuugli x13faqbe x1vvkbs x1xmvt09 x1lliihq x1s928wv xhkezso x1gmr53x x1cpjm7i x1fgarty x1943h6x xudqn12 x3x7a5m x6prxxf xvq8zen xo1l8bm x14ctfv\" dir=\"auto\">Im Tierheim erhielt Titan medizinische Versorgung und Pflege. Mittlerweile ist die Allergie gut zur\u00fcck gegangen und sein sch\u00f6nes wei\u00dfes Fell kommt zum Vorschein. Allerdings befindet er sich immer noch in Behandlung und daher w\u00fcrden wir uns sehr \u00fcber Patenschaften freuen, die Titan auf seinem Weg zur\u00fcck zu einem stattlichen, gesunden R\u00fcden unterst\u00fctzen wollen. <\/span><\/span><\/p>\n<p><span class=\"x4k7w5x x1h91t0o x1h9r5lt x1jfb8zj xv2umb2 x1beo9mf xaigb6o x12ejxvf x3igimt xarpa2k xedcshv x1lytzrv x1t2pt76 x7ja8zs x1qrby5j\"><span class=\"x193iq5w xeuugli x13faqbe x1vvkbs x1xmvt09 x1lliihq x1s928wv xhkezso x1gmr53x x1cpjm7i x1fgarty x1943h6x xudqn12 x3x7a5m x6prxxf xvq8zen xo1l8bm x14ctfv\" dir=\"auto\">Um den wahrscheinlich Herdenschutzhund-Mischling erst Mal ankommen lassen zu k\u00f6nnen und ihn besser kennenzulernen bezog Titan ein Trennzimmer. Dies erm\u00f6glicht Mensch und Hund einen sicheren Rahmen um Kontakt aufzubauen. Herdenschutzhundetypisch wurd alles Fremde erst einmal abgelehnt und stark verbellt. Allerdings ist es seinen Pflegern und Hundebegleitern schnell gelungen sein Herz zu erobern. \u00dcber seine Bezugsperson freut sich Titan daher mittlerweile riesig. <\/span><\/span><\/p>\n<p><span class=\"x4k7w5x x1h91t0o x1h9r5lt x1jfb8zj xv2umb2 x1beo9mf xaigb6o x12ejxvf x3igimt xarpa2k xedcshv x1lytzrv x1t2pt76 x7ja8zs x1qrby5j\"><span class=\"x193iq5w xeuugli x13faqbe x1vvkbs x1xmvt09 x1lliihq x1s928wv xhkezso x1gmr53x x1cpjm7i x1fgarty x1943h6x xudqn12 x3x7a5m x6prxxf xvq8zen xo1l8bm x14ctfv\" dir=\"auto\">Der R\u00fcde zeigt sich verschmust und sucht den K\u00f6rperkontakt zu seinen Menschen. Allerdings sucht sich Titan seine Leute prinzipiell aus. Er hat einen eigenst\u00e4ndigen Charakter und wird nicht mit jedem warm. <\/span><\/span><\/p>\n<p><span class=\"x4k7w5x x1h91t0o x1h9r5lt x1jfb8zj xv2umb2 x1beo9mf xaigb6o x12ejxvf x3igimt xarpa2k xedcshv x1lytzrv x1t2pt76 x7ja8zs x1qrby5j\"><span class=\"x193iq5w xeuugli x13faqbe x1vvkbs x1xmvt09 x1lliihq x1s928wv xhkezso x1gmr53x x1cpjm7i x1fgarty x1943h6x xudqn12 x3x7a5m x6prxxf xvq8zen xo1l8bm x14ctfv\" dir=\"auto\">Gro\u00dfe Freude entwickelt er bei dem gemeinsamen Training und der Besch\u00e4ftigung mit seinen Menschen. Maulkorbtraining findet er zum Beispiel ganz toll. Aber auch &#8220;Sitz&#8221; und &#8220;Gib Pf\u00f6tchen&#8221; sind \u00dcbungen, die er mit Begeisterung ausf\u00fchrt. Das Klickertraining unterst\u00fctzt die Arbeit dabei schon erfolgreich. Grunds\u00e4tzlich muss man sich allerdings langsam an ihn herran tasten. Was geht bereits und was ist noch zu viel. Dies verdeutlicht beispielsweise die F\u00fctterungssituation, bei der er zu Ressourcen verteidigenden Verhalten neigt. <\/span><\/span><\/p>\n<p><span class=\"x4k7w5x x1h91t0o x1h9r5lt x1jfb8zj xv2umb2 x1beo9mf xaigb6o x12ejxvf x3igimt xarpa2k xedcshv x1lytzrv x1t2pt76 x7ja8zs x1qrby5j\"><span class=\"x193iq5w xeuugli x13faqbe x1vvkbs x1xmvt09 x1lliihq x1s928wv xhkezso x1gmr53x x1cpjm7i x1fgarty x1943h6x xudqn12 x3x7a5m x6prxxf xvq8zen xo1l8bm x14ctfv\" dir=\"auto\">Sobald Titan gesundheitlich fit genug ist um auch l\u00e4nger raus zu k\u00f6nnen und sich Neuigkeiten ergeben, werden wir davon berichten. Bis dahin freuen wir uns \u00fcber Menschen, die ihn finanziell unterst\u00fctzen.<\/span><\/span><\/p>\n<p>&nbsp;<\/p>\n<p><span class=\"fs13 cf1 ff1\"><b>Bemerkung:<\/b><br \/>\n<\/span><span class=\"fs13 cf1 ff1\">Die Beschreibungen sind Momentaufnahmen des Tieres in unserem Tierheim. Jedes Tier kann sich im neuen Zuhause anders entwickeln.<\/span><\/p>\n","protected":false},"excerpt":{"rendered":"<p>Titan Update: Titan zeigt deutlich, dass er den engen Kontakt zu seinen Menschen sehr sch\u00e4tzt. Er freut sich sehr \u00fcber eine extra Portion Aufmerksamkeit durch seine Hundebegleiter und zeigt sich&#8230;<\/p>\n","protected":false},"featured_media":35114,"template":"","meta":{"_piecal_is_event":false,"_piecal_start_date":"","_piecal_end_date":"","_piecal_is_allday":false},"product_cat":[147,41,57],"product_tag":[],"_links":{"self":[{"href":"https:\/\/tsv-giessen.de\/index.php?rest_route=\/wp\/v2\/product\/30856"}],"collection":[{"href":"https:\/\/tsv-giessen.de\/index.php?rest_route=\/wp\/v2\/product"}],"about":[{"href":"https:\/\/tsv-giessen.de\/index.php?rest_route=\/wp\/v2\/types\/product"}],"wp:featuredmedia":[{"embeddable":true,"href":"https:\/\/tsv-giessen.de\/index.php?rest_route=\/wp\/v2\/media\/35114"}],"wp:attachment":[{"href":"https:\/\/tsv-giessen.de\/index.php?rest_route=%2Fwp%2Fv2%2Fmedia&parent=30856"}],"wp:term":[{"taxonomy":"product_cat","embeddable":true,"href":"https:\/\/tsv-giessen.de\/index.php?rest_route=%2Fwp%2Fv2%2Fproduct_cat&post=30856"},{"taxonomy":"product_tag","embeddable":true,"href":"https:\/\/tsv-giessen.de\/index.php?rest_route=%2Fwp%2Fv2%2Fproduct_tag&post=30856"}],"curies":[{"name":"wp","href":"https:\/\/api.w.org\/{rel}","templated":true}]}}