{"id":29985,"date":"2024-05-19T20:55:15","date_gmt":"2024-05-19T18:55:15","guid":{"rendered":"https:\/\/tsv-giessen.de\/?post_type=product&#038;p=29985"},"modified":"2025-08-05T07:56:45","modified_gmt":"2025-08-05T05:56:45","slug":"zoey","status":"publish","type":"product","link":"https:\/\/tsv-giessen.de\/?product=zoey","title":{"rendered":"Zoey"},"content":{"rendered":"<div class=\"x11i5rnm xat24cr x1mh8g0r x1vvkbs xtlvy1s x126k92a\">\n<div dir=\"auto\">\n<div class=\"x11i5rnm xat24cr x1mh8g0r x1vvkbs xtlvy1s x126k92a\">\n<div dir=\"auto\">\n<p>Update Zoey:<\/p>\n<p>Zoey ist mittlerweile in der Lage auch in einer gr\u00f6\u00dferen Hundegruppe zu laufen. Sie hat viele Fortschritte in der Kommunikation mit anderen Hunden gemacht.<\/p>\n<p>Leider wird Zoey im Tierheim immer \u00fcbersehen. Niemand scheint sich f\u00fcr die H\u00fcndin zu interessieren. Ja, sie ist nicht die einfachste H\u00fcndin &#8211; Zoey ist laut, fordernd, aufgeregt und hat ihren eigenen Kopf&#8230;Aber sie ist auch sehr clever, lernt gerne neue Tricks, ist gerne \u00fcberall dabei, liebt ihre Menschen bedingungslos und ist dann auch richtig verschmust. Zoey ist nicht mehr die j\u00fcngste und hat medizinisch ein paar Baustellen. Wir wissen, dass es schwer f\u00fcr die H\u00fcndin ist ihren Menschen zu finden.\u00a0 Aber irgendwo muss es ihn doch geben &#8211; den Menschen, der zu Zoey passt &#8211; ihren Deckel &#8211; ihr perfect Match. Und auch wenn Zoey schwarzes Fell hat, ihre P\u00e4ckchen tr\u00e4gt und ein paar Baustellen hat &#8211; sie ist es wert gesehen zu werden.<\/p>\n<p>Update Zoey:<\/p>\n<p>Zoey konnte mit Jamie und Zelda vergesellschaftet werden. Nun lebet sie mit den Beiden in einem Zimmer als eine harmonische Dreier-WG.<\/p>\n<p>Update Zoey:<\/p>\n<p>Zoey ist eine clevere H\u00fcndin die es liebt zu tricksen. Sie braucht mentale Auslastung um zur Ruhe zu kommen. Gerne verf\u00e4llt sie aufgrund von Aufregung oder Unruhe in Dauergebell. Wird sie hierbei richtig angeleitet, kann sie ihre Aufmerksamkeit schnell einer neuen Aufgabe widmen, wodurch sie sich entspannt.<\/p>\n<p>Die schwarze Sch\u00f6nheit liebt es neue Orte zu erkunden. Auto fahren gef\u00e4llt ihr sehr und so steigt sie liebend gerne freiwillig ein und aus.<\/p>\n<p>Im Training wird deutlich, das die H\u00fcndin sehr auf Dynamik reagiert und schnell ihre Aufmerksamkeit erweckt. Hierbei bereiten ihr vor allem andere Hunde, die sich hektisch bewegen und mit ihr aktiv Kontakt kn\u00fcpfen wollen Schwierigkeiten. Auch der Jagdtrieb erwacht durch fl\u00fcchtende Rehe oder Kaninchen.<br \/>\nIn solchen Situationen ist es noch schwierig Zoeys Aufmerksamkeit zur\u00fcckzugewinnen.<\/p>\n<p>Ein Zuhause in l\u00e4ndlicher Umgebung mit aktiven Menschen ist f\u00fcr Zoey genau das Richtige.<\/p>\n<\/div>\n<div dir=\"auto\"><\/div>\n<div dir=\"auto\"><\/div>\n<div dir=\"auto\"><\/div>\n<div dir=\"auto\"><span class=\"x4k7w5x x1h91t0o x1h9r5lt x1jfb8zj xv2umb2 x1beo9mf xaigb6o x12ejxvf x3igimt xarpa2k xedcshv x1lytzrv x1t2pt76 x7ja8zs x1qrby5j\"><span class=\"x193iq5w xeuugli x13faqbe x1vvkbs x1xmvt09 x1lliihq x1s928wv xhkezso x1gmr53x x1cpjm7i x1fgarty x1943h6x xudqn12 x3x7a5m x6prxxf xvq8zen xo1l8bm x14ctfv\" dir=\"auto\">Zoey, die schwarze Sch\u00f6nheit mit den zwei unterschiedlichen Augenfarben. <\/span><\/span><\/div>\n<div dir=\"auto\"><\/div>\n<div dir=\"auto\"><span class=\"x4k7w5x x1h91t0o x1h9r5lt x1jfb8zj xv2umb2 x1beo9mf xaigb6o x12ejxvf x3igimt xarpa2k xedcshv x1lytzrv x1t2pt76 x7ja8zs x1qrby5j\"><span class=\"x193iq5w xeuugli x13faqbe x1vvkbs x1xmvt09 x1lliihq x1s928wv xhkezso x1gmr53x x1cpjm7i x1fgarty x1943h6x xudqn12 x3x7a5m x6prxxf xvq8zen xo1l8bm x14ctfv\" dir=\"auto\">Die vermutlich 8 j\u00e4hrige H\u00fcndin wurde von ihren ehemaligen Besitzern anonym ins Fundtierhaus gesetzt. Bei ihr lag ein Zettel mit wenigen Informationen zum Alter, Hundeunvertr\u00e4glichkeit und Skepsis manchen Menschen gegen\u00fcber. <\/span><\/span><\/div>\n<div dir=\"auto\"><\/div>\n<div dir=\"auto\"><span class=\"x4k7w5x x1h91t0o x1h9r5lt x1jfb8zj xv2umb2 x1beo9mf xaigb6o x12ejxvf x3igimt xarpa2k xedcshv x1lytzrv x1t2pt76 x7ja8zs x1qrby5j\"><span class=\"x193iq5w xeuugli x13faqbe x1vvkbs x1xmvt09 x1lliihq x1s928wv xhkezso x1gmr53x x1cpjm7i x1fgarty x1943h6x xudqn12 x3x7a5m x6prxxf xvq8zen xo1l8bm x14ctfv\" dir=\"auto\">Sie bezog ihr Zimmer im Tierheim und zeigt sich zun\u00e4chst auch als sehr \u00e4ngstlicher und unsicherer Hund. Die H\u00fcndin verhielt sich Fremden gegen\u00fcber sehr skeptisch und zeigt ihre Unsicherheit deutlich durch K\u00f6rperhaltung und Laut\u00e4u\u00dferung. Wer sich jedoch durch viel Zeit, Geduld und Vertrauensarbeit in das Herz der schwarzen H\u00fcndin geschlichen hat, wird freundlich begr\u00fc\u00dft. <\/span><\/span><\/div>\n<div dir=\"auto\"><\/div>\n<div dir=\"auto\"><span class=\"x4k7w5x x1h91t0o x1h9r5lt x1jfb8zj xv2umb2 x1beo9mf xaigb6o x12ejxvf x3igimt xarpa2k xedcshv x1lytzrv x1t2pt76 x7ja8zs x1qrby5j\"><span class=\"x193iq5w xeuugli x13faqbe x1vvkbs x1xmvt09 x1lliihq x1s928wv xhkezso x1gmr53x x1cpjm7i x1fgarty x1943h6x xudqn12 x3x7a5m x6prxxf xvq8zen xo1l8bm x14ctfv\" dir=\"auto\">Bei den ersten Trainingseinheiten mit Zoey zeigte sich schnell, dass sie die Grundkommandos sicher beherrscht. Streicheleinheiten genie\u00dft Zoey mittlerweile sehr und durch positive Verst\u00e4rkung steigert sich ihre Aufmerksamkeit zu ihren Menschen deutlich. Allerdings lenken \u00e4u\u00dfere Reize die H\u00fcndin immer noch schnell ab und sie kommt schwer zur Ruhe. <\/span><\/span><\/div>\n<div dir=\"auto\"><\/div>\n<div dir=\"auto\"><span class=\"x4k7w5x x1h91t0o x1h9r5lt x1jfb8zj xv2umb2 x1beo9mf xaigb6o x12ejxvf x3igimt xarpa2k xedcshv x1lytzrv x1t2pt76 x7ja8zs x1qrby5j\"><span class=\"x193iq5w xeuugli x13faqbe x1vvkbs x1xmvt09 x1lliihq x1s928wv xhkezso x1gmr53x x1cpjm7i x1fgarty x1943h6x xudqn12 x3x7a5m x6prxxf xvq8zen xo1l8bm x14ctfv\" dir=\"auto\">Auf die Ger\u00e4usche im Tierheim, besonders auf das Hundegebell, reagiert sie sehr gestresst. Bei ersten \u00dcbungen im Sozialtraining w\u00fcrde deutlich, dass sie den Kontakt zu anderen Hunden wahrscheinlich nie richtig kennengelernt hat. Mit dem lieben Sammy klappte aber der angeleitete und gesicherte Freilauf schon sehr gut. In gewissen Situationen (zum Beispiel Hundebegegnungen an der Leine oder hinter dem Zaun) ben\u00f6tigt Zoey klar kommunizierte Regeln. Diese geben ihr Halt und die M\u00f6glichkeit Situationen anders wahrzunehmen und ihr Verhalten anzupassen. <\/span><\/span><\/div>\n<div dir=\"auto\"><\/div>\n<div dir=\"auto\"><span class=\"x4k7w5x x1h91t0o x1h9r5lt x1jfb8zj xv2umb2 x1beo9mf xaigb6o x12ejxvf x3igimt xarpa2k xedcshv x1lytzrv x1t2pt76 x7ja8zs x1qrby5j\"><span class=\"x193iq5w xeuugli x13faqbe x1vvkbs x1xmvt09 x1lliihq x1s928wv xhkezso x1gmr53x x1cpjm7i x1fgarty x1943h6x xudqn12 x3x7a5m x6prxxf xvq8zen xo1l8bm x14ctfv\" dir=\"auto\">F\u00fcr Zoey w\u00fcnschen wir uns hundeerfahrene Menschen, die das n\u00f6tige Fingerspitzengef\u00fchl besitzen auf der einen Seite liebevoll und geduldig auf die H\u00fcndin einzugehen, sie zu f\u00f6rdern und an ihrer Skepsis zu arbeiten und auf der anderen Seite konsequent und klar Regeln kommunizieren k\u00f6nnen. Zoey ist nicht nur durch ihr eisblaues Auge etwas ganz besonders &#8211; ihre einzigartige Pers\u00f6nlichkeit ben\u00f6tigt Menschen, die sie wieder strahlen lassen.<\/span><\/span><\/div>\n<\/div>\n<div dir=\"auto\"><\/div>\n<\/div>\n<\/div>\n<p><strong>Bemerkung:<\/strong><\/p>\n<p><span class=\"fs13 cf1 ff1\">Beschreibungen sind Momentaufnahmen unseres Tierheims. Jedes Tier kann sich im neuen Zuhause anders entwickeln.<\/span><\/p>\n","protected":false},"excerpt":{"rendered":"<p>Update Zoey: Zoey ist mittlerweile in der Lage auch in einer gr\u00f6\u00dferen Hundegruppe zu laufen. Sie hat viele Fortschritte in der Kommunikation mit anderen Hunden gemacht. Leider wird Zoey im&#8230;<\/p>\n","protected":false},"featured_media":31855,"template":"","meta":{"_piecal_is_event":false,"_piecal_start_date":"","_piecal_end_date":"","_piecal_is_allday":false},"product_cat":[41,57,123],"product_tag":[],"_links":{"self":[{"href":"https:\/\/tsv-giessen.de\/index.php?rest_route=\/wp\/v2\/product\/29985"}],"collection":[{"href":"https:\/\/tsv-giessen.de\/index.php?rest_route=\/wp\/v2\/product"}],"about":[{"href":"https:\/\/tsv-giessen.de\/index.php?rest_route=\/wp\/v2\/types\/product"}],"wp:featuredmedia":[{"embeddable":true,"href":"https:\/\/tsv-giessen.de\/index.php?rest_route=\/wp\/v2\/media\/31855"}],"wp:attachment":[{"href":"https:\/\/tsv-giessen.de\/index.php?rest_route=%2Fwp%2Fv2%2Fmedia&parent=29985"}],"wp:term":[{"taxonomy":"product_cat","embeddable":true,"href":"https:\/\/tsv-giessen.de\/index.php?rest_route=%2Fwp%2Fv2%2Fproduct_cat&post=29985"},{"taxonomy":"product_tag","embeddable":true,"href":"https:\/\/tsv-giessen.de\/index.php?rest_route=%2Fwp%2Fv2%2Fproduct_tag&post=29985"}],"curies":[{"name":"wp","href":"https:\/\/api.w.org\/{rel}","templated":true}]}}