{"id":29124,"date":"2024-03-19T20:34:41","date_gmt":"2024-03-19T19:34:41","guid":{"rendered":"https:\/\/tsv-giessen.de\/?post_type=product&#038;p=29124"},"modified":"2024-03-19T20:40:58","modified_gmt":"2024-03-19T19:40:58","slug":"foxy","status":"publish","type":"product","link":"https:\/\/tsv-giessen.de\/?product=foxy","title":{"rendered":"Foxy"},"content":{"rendered":"<p>Foxy ist ein f\u00fcnfj\u00e4hriger Kopov Mischling, der aus einem Shelter in Rum\u00e4nien gerettet wurde. Foxy ist selbstbewusst, eigenst\u00e4ndig und wei\u00df genau was er will und was nicht. Aber er ist auch eine echte Drama Queen. Dinge, die ihn erfreuen, machen ihn \u00fcberschw\u00e4nglich und das abwarten f\u00e4llt ihm sehr schwer. Mit Hunden kommt Foxy gut zurecht, momentan lebt er in einer Hundegruppe von 5 Hunden. Jedoch neigt er dazu schnell F\u00e4sser mit unkastrierten R\u00fcden aufzumachen. Trotzdem kann er gut und friedlich mit ihnen laufen, wenn seine Person darauf achtet, dass er sich benimmt. Und damit w\u00e4ren wir beim eigentlichen Thema: seine Person. Foxy klebt sich extrem eng an seinen Menschen. Er zeigt sich dabei extrem unterw\u00fcrfig, als w\u00fcrde er Gefahr laufen jederzeit geh\u00e4utet zu werden, so kriecht er allzeit in einen hinein, oft auch grob und ohne R\u00fccksicht auf blaue Flecken. Je mehr man dieses Verhalten zul\u00e4sst, desto mehr beginnt er andere Menschen abzugrenzen und wird unangenehm, wenn andere etwas von ihm wollen. Hier ist also die Bezugsperson gefragt. Foxys Bindungspartner muss darauf achten das N\u00e4he und Distanz kontrolliert bleiben und dann l\u00f6st sich auch der Rest des Problems.<\/p>\n<p>Angemessene N\u00e4he und Qualitytime sind hier wichtig, \u00dcbertreibungen und unkontrolliertes \u201eeinschleimen\u201c kontraproduktiv. Unter diesen Bedingungen kann Foxy gut mit Menschen in seiner Umgebung leben und l\u00e4sst sich auch von anderen durchaus h\u00e4ndeln. Des Weiteren kann Foxy gut alleine bleiben, macht nichts kaputt, f\u00e4hrt im Auto mit (fiept allerdings), ist stubenrein, l\u00e4uft gut an der Leine und l\u00e4sst alles was einem so auf einem Spaziergang begegnet gut passieren, wenn man ihn auf die Seite nimmt und fest h\u00e4lt oder einen kleinen Bogen einschl\u00e4gt. Zuvor hat er ausf\u00fchrlich an der Leine gep\u00f6belt und gezogen, das ist schon gut geworden aber eben noch keine Selbstverst\u00e4ndlichkeit. Zudem ist sein Jagdtrieb nicht sonderlich ausgepr\u00e4gt, wenn man ihm klar von vorneherein zeigt, dass dieses Verhalten unerw\u00fcnscht ist.<\/p>\n<p>Somit darf man einfach nur nicht auf den kleinen Charm Bolzen reinfallen, der sowohl in der Lage ist zu vermitteln, dass er ohne Kontakt eines grausamen Todes stirbt, als auch vollkommen auf Durchzug stellen kann, wenn er gerade etwas wichtigeres vor hat. So kann es sein, dass er gerade am Anfang bei k\u00f6rperlicher Einschr\u00e4nkung ausl\u00f6st und seine Menschen antestet, wenn man dagegenh\u00e4lt ist das Thema in ein paar Tagen erledigt. Er ist ein Hund mit einem gewissen Sinn f\u00fcr Humor, dabei doch sehr gen\u00fcgsam und braucht keine Dauerbesch\u00e4ftigung. Foxy schl\u00e4ft gerne viel und ist an sich recht entspannt, will man jedoch etwas mit ihm machen kann er hektisch und energetisch werden und fiept wenn er irgendwas nicht darf. Foxy sucht klare, sichere und konfliktstarke Menschen. Kinder sollten nicht im Haushalt sein und auch nicht geplant, ein P\u00e4rchen ginge durchaus, sowie ein Zusammenleben mit weiteren gut gef\u00fchrten Hunden. Ein ruhiges klares und bestimmtes Handling sind Voraussetzung, um mit Foxy gl\u00fccklich zu werden. Aber unter den Voraussetzungen ist er ein anschmiegsamer und netter Begleiter mit etwas Drama Queen. Leider kann Foxy nicht mehr bei uns bleiben, da einer unserer Hunde krank ist und mit dem Stress, dass ein weiterer, neuer Hund im Haus ist nicht umgehen kann und somit stark abbaut, folglich suchen wir so schnell wie m\u00f6glich eine Bleibe f\u00fcr die lustige kleine Drama Queen mit Anspruch.<\/p>\n<p>Kontakt: <span style=\"font-family: Aptos; font-size: medium;\">01732846401<\/span><\/p>\n<p><strong>Bemerkung:<\/strong><\/p>\n<p><span class=\"fs13 cf1 ff1\"> Beschreibungen sind Momentaufnahmen der vermittelnden Person. Jedes Tier kann sich im neuen Zuhause anders entwickeln.<\/span><\/p>\n<p>&nbsp;<\/p>\n","protected":false},"excerpt":{"rendered":"<p>Foxy ist ein f\u00fcnfj\u00e4hriger Kopov Mischling, der aus einem Shelter in Rum\u00e4nien gerettet wurde. Foxy ist selbstbewusst, eigenst\u00e4ndig und wei\u00df genau was er will und was nicht. Aber er ist&#8230;<\/p>\n","protected":false},"featured_media":29130,"template":"","meta":{"_piecal_is_event":false,"_piecal_start_date":"","_piecal_end_date":"","_piecal_is_allday":false},"product_cat":[159],"product_tag":[],"_links":{"self":[{"href":"https:\/\/tsv-giessen.de\/index.php?rest_route=\/wp\/v2\/product\/29124"}],"collection":[{"href":"https:\/\/tsv-giessen.de\/index.php?rest_route=\/wp\/v2\/product"}],"about":[{"href":"https:\/\/tsv-giessen.de\/index.php?rest_route=\/wp\/v2\/types\/product"}],"wp:featuredmedia":[{"embeddable":true,"href":"https:\/\/tsv-giessen.de\/index.php?rest_route=\/wp\/v2\/media\/29130"}],"wp:attachment":[{"href":"https:\/\/tsv-giessen.de\/index.php?rest_route=%2Fwp%2Fv2%2Fmedia&parent=29124"}],"wp:term":[{"taxonomy":"product_cat","embeddable":true,"href":"https:\/\/tsv-giessen.de\/index.php?rest_route=%2Fwp%2Fv2%2Fproduct_cat&post=29124"},{"taxonomy":"product_tag","embeddable":true,"href":"https:\/\/tsv-giessen.de\/index.php?rest_route=%2Fwp%2Fv2%2Fproduct_tag&post=29124"}],"curies":[{"name":"wp","href":"https:\/\/api.w.org\/{rel}","templated":true}]}}