{"id":27717,"date":"2023-12-01T09:20:50","date_gmt":"2023-12-01T08:20:50","guid":{"rendered":"https:\/\/tsv-giessen.de\/?post_type=product&#038;p=27717"},"modified":"2026-03-10T12:30:50","modified_gmt":"2026-03-10T11:30:50","slug":"attila-2","status":"publish","type":"product","link":"https:\/\/tsv-giessen.de\/?product=attila-2","title":{"rendered":"Attila"},"content":{"rendered":"<div class=\"moz-text-plain\" lang=\"x-unicode\">\n<h6 class=\"moz-quote-pre\">Attila ist auf der Suche nach Menschen mit Hundeerfahrung, die ihm wohlwollende Spielregeln vorgeben k\u00f6nnen. Attila hat in seinem fr\u00fcheren Zuhause gelernt sich in reizbehafteten Situationen gegen den eigenen Mensch zu richten. Er nutzt dabei alle Kraft und Gr\u00f6\u00dfe, die er zu bieten hat um zum Erfolg zu kommen: dem Abbau von Stress und Frust. Reizbehaftete Situationen k\u00f6nnen Hundebegegnungen sein, (bellende) Hunde am Zaun, herumrennende Kinder, generell Kinder, die kleiner und nicht bedeutend gr\u00f6\u00dfer sind als Atilla selbst und oder einfach nur belebte Orte. Im Tierheim wurde Attilas Frustrationstoleranz und Impulskontrolle bereits gut gest\u00e4rkt, allerdings ist die R\u00fcckarbeit eines solchen Verhaltens langwirig. Dies muss potenziellen Interessenten bewusst sein. Ebenso muss Interessenten die Ernsthaftigkeit dieses Verhaltens bewusst sein. Bei Trainingsunterbrechung, Unsicherheit im Umgang mit Attila oder Inkonsequenz f\u00e4llt Attila in alte Verhaltensmuster zur\u00fcck. \u00a0 Attila zeigt ein ausgepr\u00e4gtes Jagdverhalten. Er w\u00fcrde ganze Wiesen und G\u00e4rten nach M\u00e4usen im Boden umpfl\u00fcgen, alle V\u00f6gel in Sichtweite jagen und auch Katzen, Hasen, Rehen hinterherjagen. Ballspiele und unkontrolliertes Hinterherjagen von Spielzeugen sind daher ein absolutes No-Go. \u00a0 Erwachsenen Menschen gegen\u00fcber zeigt sich Attila freundlich, ohne Anleitung aber auch hier sehr st\u00fcrmisch und distanzlos. \u00a0 Mit anderen Hunden ist Attila grunds\u00e4tzlich vertr\u00e4glich. Im Sozialkontakt ben\u00f6tigt er eine gute Anleitung und ist mittlerweile gut lenkbar. Mit bekannten Hunden, vor allem seinen festen Sozialpartnern zeigt sich Attila freundlich und hat gelernt sich zur\u00fcckzunehmen, sich h\u00f6flich anzun\u00e4hern und sieht sie nicht mehr als Ausl\u00f6ser f\u00fcr Stress. \u00a0 Menschen, die er kennenlernt, schlie\u00dft er schnell ins Herz. Er zeigt sich insbesondere im h\u00e4uslichen Umfeld vorbildlich. Nach einem l\u00e4ngeren Anleitungsprozess kommt er toll zur Ruhe, kennt Platzzuweisungen, R\u00fccksichtnahme und ist sehr kuschelbed\u00fcrftig. Er ist stubenrein und f\u00e4hrt problemlos im Auto mit. Attila beherrscht alle Grundkommandos und so einige Tricks. Er l\u00e4uft mittlerweile gut an der Leine und ist ansprechbar. Der R\u00fcckruf sitzt gut. \u00a0 Attila ger\u00e4t in Lernprozessen recht schnell in Stress, weshalb die Intervalle kurz und auf seine Stimmung angepasst werden sollten. Er fragt insbesondere in der sozialen Beziehung zu seinem Menschen gerne und immer wieder nach, ob sein Mensch denn auch ernst zu nehmen ist, F\u00fchrungsqualit\u00e4t besitzt und aufmerksam genug ist, seine kleinen Diskussionsfragen zu sehen und zu besprechen. Er sucht also Menschen, die mindestens so beharrlich sind wie er und eigentlich auch noch ein St\u00fcck beharrlicher. Attila hat sich wirklich toll entwickelt und er birgt gro\u00dfes Potenzial ein treuer Begleiter zu sein. Er hat Kraft, Power, Energie und ist definitiv arbeitsintensiv. Mit klaren Strukturen, Best\u00e4ndigkeit und Ruhe sowie sinnvoller Auslastung kann er in erfahrene, kinderlose H\u00e4nde abgegeben werden. \u00a0 Attila ist sehr liebenswert. Vor allem im h\u00e4uslichen Bereich kann er lernen zu entspannen und ist gerne nah bei seinem Menschen und kuschelt. Er l\u00e4sst seinen Menschen am Wochenende ausschlafen und passt sich an. Er hat bisher weder mit anderen Hunden noch mit dem Menschen eine Futterressourcen-Thematik gezeigt. Er mag Nasenarbeit und mit guter Anleitung k\u00f6nnte er bestimmt ein toller Jogging- oder Canicross-Partner werden. \u00a0 Kurz gesagt: Attila braucht in nahezu allen Lebenslagen eine gute, konsequente Anleitung. Wird er gut angeleitet und gef\u00fchrt ist er ein wirklich toller Hund! \ud83d\ude0a<\/h6>\n<\/div>\n<h6><\/h6>\n<h6><strong>Bemerkung:<\/strong><\/h6>\n<h6><span class=\"fs13 cf1 ff1\"> Beschreibungen sind Momentaufnahmen des Tieres in unserem Tierheim. Jedes Tier kann sich im neuen Zuhause anders entwickeln.<\/span><\/h6>\n<h6><\/h6>\n","protected":false},"excerpt":{"rendered":"<p>Attila ist auf der Suche nach Menschen mit Hundeerfahrung, die ihm wohlwollende Spielregeln vorgeben k\u00f6nnen. Attila hat in seinem fr\u00fcheren Zuhause gelernt sich in reizbehafteten Situationen gegen den eigenen Mensch&#8230;<\/p>\n","protected":false},"featured_media":33901,"template":"","meta":{"_piecal_is_event":false,"_piecal_start_date":"","_piecal_end_date":"","_piecal_is_allday":false},"product_cat":[110,147,41,57],"product_tag":[],"_links":{"self":[{"href":"https:\/\/tsv-giessen.de\/index.php?rest_route=\/wp\/v2\/product\/27717"}],"collection":[{"href":"https:\/\/tsv-giessen.de\/index.php?rest_route=\/wp\/v2\/product"}],"about":[{"href":"https:\/\/tsv-giessen.de\/index.php?rest_route=\/wp\/v2\/types\/product"}],"wp:featuredmedia":[{"embeddable":true,"href":"https:\/\/tsv-giessen.de\/index.php?rest_route=\/wp\/v2\/media\/33901"}],"wp:attachment":[{"href":"https:\/\/tsv-giessen.de\/index.php?rest_route=%2Fwp%2Fv2%2Fmedia&parent=27717"}],"wp:term":[{"taxonomy":"product_cat","embeddable":true,"href":"https:\/\/tsv-giessen.de\/index.php?rest_route=%2Fwp%2Fv2%2Fproduct_cat&post=27717"},{"taxonomy":"product_tag","embeddable":true,"href":"https:\/\/tsv-giessen.de\/index.php?rest_route=%2Fwp%2Fv2%2Fproduct_tag&post=27717"}],"curies":[{"name":"wp","href":"https:\/\/api.w.org\/{rel}","templated":true}]}}