{"id":27084,"date":"2023-10-19T20:58:43","date_gmt":"2023-10-19T18:58:43","guid":{"rendered":"https:\/\/tsv-giessen.de\/?post_type=product&#038;p=27084"},"modified":"2023-12-20T23:10:38","modified_gmt":"2023-12-20T22:10:38","slug":"milo","status":"publish","type":"product","link":"https:\/\/tsv-giessen.de\/?product=milo","title":{"rendered":"Milo"},"content":{"rendered":"<p><span class=\"x4k7w5x x1h91t0o x1h9r5lt x1jfb8zj xv2umb2 x1beo9mf xaigb6o x12ejxvf x3igimt xarpa2k xedcshv x1lytzrv x1t2pt76 x7ja8zs x1qrby5j\">Milo ist ein Jahr alt und ein Scottish Fold Mix. Er liebt es zu schmusen und spielt gerne. Er ist ein sanfter Kater und lebt derzeit in der Wohnung, aber ich denke, er w\u00fcrde es genie\u00dfen, drau\u00dfen zu sein. Kern gesund ist er auch! Mit anderen Katzen oder Katern kann er manchmal dominanter sein, obwohl er die meiste Zeit seines Lebens mit einem anderen Kater verbracht hat. Er ist geboren am 02.04.2022, gechipt, kastriert und hat sogar einen Reisepass. Bei Interesse melden Sie sich bitte unter <span class=\"x193iq5w xeuugli x13faqbe x1vvkbs x1xmvt09 x1lliihq x1s928wv xhkezso x1gmr53x x1cpjm7i x1fgarty x1943h6x xudqn12 x3x7a5m x6prxxf xvq8zen xo1l8bm x14ctfv\" dir=\"auto\">01638971938<\/span><br \/>\n<\/span><\/p>\n<p><span class=\"fs13 cf1 ff1\"><b>Bemerkung:<\/b><br \/>\n<\/span><span class=\"fs13 cf1 ff1\">Die Beschreibung stammt von Milos Besitzer.<br \/>\n<\/span><\/p>\n","protected":false},"excerpt":{"rendered":"<p>Milo ist ein Jahr alt und ein Scottish Fold Mix. Er liebt es zu schmusen und spielt gerne. Er ist ein sanfter Kater und lebt derzeit in der Wohnung, aber&#8230;<\/p>\n","protected":false},"featured_media":27079,"template":"","meta":{"_piecal_is_event":false,"_piecal_start_date":"","_piecal_end_date":"","_piecal_is_allday":false},"product_cat":[159],"product_tag":[],"_links":{"self":[{"href":"https:\/\/tsv-giessen.de\/index.php?rest_route=\/wp\/v2\/product\/27084"}],"collection":[{"href":"https:\/\/tsv-giessen.de\/index.php?rest_route=\/wp\/v2\/product"}],"about":[{"href":"https:\/\/tsv-giessen.de\/index.php?rest_route=\/wp\/v2\/types\/product"}],"wp:featuredmedia":[{"embeddable":true,"href":"https:\/\/tsv-giessen.de\/index.php?rest_route=\/wp\/v2\/media\/27079"}],"wp:attachment":[{"href":"https:\/\/tsv-giessen.de\/index.php?rest_route=%2Fwp%2Fv2%2Fmedia&parent=27084"}],"wp:term":[{"taxonomy":"product_cat","embeddable":true,"href":"https:\/\/tsv-giessen.de\/index.php?rest_route=%2Fwp%2Fv2%2Fproduct_cat&post=27084"},{"taxonomy":"product_tag","embeddable":true,"href":"https:\/\/tsv-giessen.de\/index.php?rest_route=%2Fwp%2Fv2%2Fproduct_tag&post=27084"}],"curies":[{"name":"wp","href":"https:\/\/api.w.org\/{rel}","templated":true}]}}