{"id":26203,"date":"2023-08-12T22:36:40","date_gmt":"2023-08-12T20:36:40","guid":{"rendered":"https:\/\/tsv-giessen.de\/?post_type=product&#038;p=26203"},"modified":"2025-10-26T13:08:31","modified_gmt":"2025-10-26T12:08:31","slug":"waschbaerbande-paten-gesucht","status":"publish","type":"product","link":"https:\/\/tsv-giessen.de\/?product=waschbaerbande-paten-gesucht","title":{"rendered":"Waschb\u00e4rbande &#8211; Paten gesucht"},"content":{"rendered":"<p><span class=\"x4k7w5x x1h91t0o x1h9r5lt x1jfb8zj xv2umb2 x1beo9mf xaigb6o x12ejxvf x3igimt xarpa2k xedcshv x1lytzrv x1t2pt76 x7ja8zs x1qrby5j\">Unsere Waschb\u00e4ren haben ein neues Zuhause gefunden. Sie ziehen nach Berlin in eine gesicherte Haltung des Vereins &#8220;Hauptsache Waschb\u00e4r&#8221; (<span role=\"gridcell\"><a class=\"x1i10hfl xjbqb8w x6umtig x1b1mbwd xaqea5y xav7gou x9f619 x1ypdohk xt0psk2 xe8uvvx xdj266r x11i5rnm xat24cr x1mh8g0r xexx8yu x4uap5 x18d9i69 xkhd6sd x16tdsg8 xggy1nq x1a2a7pz xt0b8zv x1heor9g x1bvjpef\" role=\"link\" href=\"https:\/\/l.facebook.com\/l.php?u=https%3A%2F%2Fhauptsache-waschbaer.de%2F%3Ffbclid%3DIwAR0cuX98Zk2QqaoBaZ6hA0elwUGjRXTiY4pDOOry1Am4JYTW6v1AN0bTvNo&amp;h=AT2ykQspoZDMBVVrK3b7Y7MQ8C6gkwzUWNTqqZzTNqDfXinN964lj18lZn7Ag0Ur6UYdmCDalldVmqkcRTf0SLUg-PjpXKLlnYK5SWXyMPR0s49mIIvokZPHS3rBR9bOGqTwIDbGg3vVuj1EHHl8Ww\" target=\"_blank\" rel=\"nofollow noopener noreferrer\">https:\/\/hauptsache-waschbaer.de\/<\/a><\/span>). Finchen, Lilly, Ludwig und Bella sind nun 13 Wochen alt und d\u00fcrfen nunmehr in das gro\u00dfe, artgerechte Gehege des Vereins in Berlin umziehen. Allerdings kostet die Haltung von Waschb\u00e4ren weiterhin Geld. Deswegen sind die vier Waschb\u00e4rkinder auf der Suche nach Patinnen und Paten, sie ihr weiteres Leben mit 25 Euro im Monat unterst\u00fctzen. Wer m\u00f6chte eine gute Tat tun und Pate f\u00fcr einen der vier Kleinen werden? Bitte meldet Euch bei unserer Tierheimleiterin Hannah Wern (h.wern@tsv-giessen.de), die die Patenschaften f\u00fcr ihre Sch\u00fctzlinge organisiert.<\/span><\/p>\n<p>&nbsp;<\/p>\n<p>&nbsp;<\/p>\n<p>&nbsp;<\/p>\n<p><strong>Bemerkung:<\/strong><\/p>\n<p><span class=\"fs13 cf1 ff1\"> Die Beschreibung wurde vom jetzigen Besitzer erstellt. Jedes Tier kann sich im neuen Zuhause anders entwickeln.<\/span><\/p>\n<p>&nbsp;<\/p>\n","protected":false},"excerpt":{"rendered":"<p>Unsere Waschb\u00e4ren haben ein neues Zuhause gefunden. Sie ziehen nach Berlin in eine gesicherte Haltung des Vereins &#8220;Hauptsache Waschb\u00e4r&#8221; (https:\/\/hauptsache-waschbaer.de\/). Finchen, Lilly, Ludwig und Bella sind nun 13 Wochen alt&#8230;<\/p>\n","protected":false},"featured_media":26204,"template":"","meta":{"_piecal_is_event":false,"_piecal_start_date":"","_piecal_end_date":"","_piecal_is_allday":false},"product_cat":[147,111,115],"product_tag":[],"_links":{"self":[{"href":"https:\/\/tsv-giessen.de\/index.php?rest_route=\/wp\/v2\/product\/26203"}],"collection":[{"href":"https:\/\/tsv-giessen.de\/index.php?rest_route=\/wp\/v2\/product"}],"about":[{"href":"https:\/\/tsv-giessen.de\/index.php?rest_route=\/wp\/v2\/types\/product"}],"wp:featuredmedia":[{"embeddable":true,"href":"https:\/\/tsv-giessen.de\/index.php?rest_route=\/wp\/v2\/media\/26204"}],"wp:attachment":[{"href":"https:\/\/tsv-giessen.de\/index.php?rest_route=%2Fwp%2Fv2%2Fmedia&parent=26203"}],"wp:term":[{"taxonomy":"product_cat","embeddable":true,"href":"https:\/\/tsv-giessen.de\/index.php?rest_route=%2Fwp%2Fv2%2Fproduct_cat&post=26203"},{"taxonomy":"product_tag","embeddable":true,"href":"https:\/\/tsv-giessen.de\/index.php?rest_route=%2Fwp%2Fv2%2Fproduct_tag&post=26203"}],"curies":[{"name":"wp","href":"https:\/\/api.w.org\/{rel}","templated":true}]}}