{"id":24158,"date":"2023-03-14T16:04:13","date_gmt":"2023-03-14T15:04:13","guid":{"rendered":"https:\/\/tsv-giessen.de\/?post_type=product&#038;p=24158"},"modified":"2024-04-05T14:54:25","modified_gmt":"2024-04-05T12:54:25","slug":"dusty-2","status":"publish","type":"product","link":"https:\/\/tsv-giessen.de\/?product=dusty-2","title":{"rendered":"Rocky"},"content":{"rendered":"<p><strong>Rocky<\/strong> <strong>befindet sich im Tierheim Marburg!<\/strong><\/p>\n<p>Rocky wurde abgegeben, nachdem es zu wohl scheinbar unvermitteltem Bei\u00dfen kam. Zun\u00e4chst wurde ein Schmerzempfinden in der H\u00fcfte vermutet, welches aber inzwischen ausgeschlossen werden konnte.<br \/>\nAllgemein k\u00f6nnen wir nur vermuten, dass er bisher mit Sturk\u00f6pfigkeit viel erreichen konnte und sich somit angew\u00f6hnt hat, seinen Willen mit Nachdruck durchzusetzen.<\/p>\n<p>Urspr\u00fcnglich kommt Rocky aus Spanien und ist wohl ein Wasserhund oder Wasserhund-Mix, m\u00f6glicherweise auch mit Pudel-Anteil. Rassetypisch ist er sehr neugierig und aufgeschlossen, quirlig und intelligent, dabei auch wachsam. Rocky liebt Aufmerksamkeit und ist gerne bei seinen Menschen, ist mit seinen Bezugspersonen \u00e4u\u00dferst anh\u00e4nglich und sehr verschmust, fordert mit Fiepen und Bellen ein, im Mittelpunkt stehen zu d\u00fcrfen. Er lernt gut und gerne und sucht ein Zuhause, in dem er durch Training und Konzentrations\u00fcbungen sowohl mentale Auslastung als auch feste Strukturen erlernt und genie\u00dfen darf.<\/p>\n<p>Bei\u00dfverhalten scheint bei Rocky vor allem aus Unwilligkeit\/Eigensinnigkeit heraus zu resultieren oder wenn er Dinge \u2013 besonders Futter \u2013 f\u00fcr sich beansprucht; wenn er seinen Willen durchsetzen m\u00f6chte, zeigt er das mit Knurren und letztlich auch mit Zuschnappen.<br \/>\nHier braucht er Menschen mit Erfahrung und Souver\u00e4nit\u00e4t, die ihm sanft aber konsequent Grenzen und klare Kommandos vorgeben, keine Willk\u00fcrlichkeit im Umgang zeigen und sich auf seinen Sturkopf nicht einlassen. Es sollten keine Kinder im Zuhause sein.<\/p>\n<p>Er zeigt sich mit anderen Hunden bei uns sehr gut vertr\u00e4glich, k\u00f6nnte also gerne zu einer netten H\u00fcndin ziehen, die sich von seiner pr\u00e4senten Art nicht beeindrucken l\u00e4sst.<\/p>\n<p>Beim Spaziergang zeigt Rocky sich sehr gut und p\u00f6belt auch an der Leine bei Hundebegegnungen nicht. Auf den Tierarztbesuch reagiert er mit Panik, l\u00e4sst sich aber mit gutem Zureden und Streicheln beruhigen. Wenn er seinen Menschen kennt und gut gelaunt ist, l\u00e4sst er sich problemlos mit oder auch ohne Maulkorb anheben, b\u00fcrsten, abtrocknen usw.<\/p>\n<p>Rocky sollte gesunde k\u00f6rperliche Auslastung bekommen und auch mental besch\u00e4ftigt werden.<\/p>\n<p>Wir sehen Rocky in einem hundeerfahrenen Zuhause, das Freude daran hat, mit ihm zu trainieren und in ihm einen cleveren, anh\u00e4nglichen Begleiter zu haben.<\/p>\n<p>Kontakt:<\/p>\n<p>Tierheim Cappel in Marburg<br \/>\nBahnhaus 7<br \/>\n35043 Marburg<\/p>\n<p>Telefon: 06421 46792<br \/>\nFax: 06421 953137<\/p>\n<p><span class=\"fs13 cf1 ff1\"><b>Bemerkung:<\/b><br \/>\n<\/span><span class=\"fs13 cf1 ff1\">Die Beschreibungen stammt von dem vermittelnden Tierschutzverein. Das Tierheim Gie\u00dfen leistet lediglich Vermittlungshilfe.<\/span><\/p>\n<p>&nbsp;<\/p>\n<p>&nbsp;<\/p>\n<p>&nbsp;<\/p>\n<p>&nbsp;<\/p>\n<p>&nbsp;<\/p>\n","protected":false},"excerpt":{"rendered":"<p>Rocky befindet sich im Tierheim Marburg! Rocky wurde abgegeben, nachdem es zu wohl scheinbar unvermitteltem Bei\u00dfen kam. Zun\u00e4chst wurde ein Schmerzempfinden in der H\u00fcfte vermutet, welches aber inzwischen ausgeschlossen werden&#8230;<\/p>\n","protected":false},"featured_media":24904,"template":"","meta":{"_piecal_is_event":false,"_piecal_start_date":"","_piecal_end_date":"","_piecal_is_allday":false},"product_cat":[1746],"product_tag":[],"_links":{"self":[{"href":"https:\/\/tsv-giessen.de\/index.php?rest_route=\/wp\/v2\/product\/24158"}],"collection":[{"href":"https:\/\/tsv-giessen.de\/index.php?rest_route=\/wp\/v2\/product"}],"about":[{"href":"https:\/\/tsv-giessen.de\/index.php?rest_route=\/wp\/v2\/types\/product"}],"wp:featuredmedia":[{"embeddable":true,"href":"https:\/\/tsv-giessen.de\/index.php?rest_route=\/wp\/v2\/media\/24904"}],"wp:attachment":[{"href":"https:\/\/tsv-giessen.de\/index.php?rest_route=%2Fwp%2Fv2%2Fmedia&parent=24158"}],"wp:term":[{"taxonomy":"product_cat","embeddable":true,"href":"https:\/\/tsv-giessen.de\/index.php?rest_route=%2Fwp%2Fv2%2Fproduct_cat&post=24158"},{"taxonomy":"product_tag","embeddable":true,"href":"https:\/\/tsv-giessen.de\/index.php?rest_route=%2Fwp%2Fv2%2Fproduct_tag&post=24158"}],"curies":[{"name":"wp","href":"https:\/\/api.w.org\/{rel}","templated":true}]}}