{"id":21213,"date":"2022-09-18T14:13:20","date_gmt":"2022-09-18T12:13:20","guid":{"rendered":"https:\/\/tsv-giessen.de\/?post_type=product&#038;p=21213"},"modified":"2026-03-19T10:09:33","modified_gmt":"2026-03-19T09:09:33","slug":"balu","status":"publish","type":"product","link":"https:\/\/tsv-giessen.de\/?product=balu","title":{"rendered":"Balu"},"content":{"rendered":"<p><strong>Update 9.04.25: <\/strong>Balu wurde vor einigen Monaten mit Titan vergesellschaftet. Seit dieser Zeit leben die beiden Herdenschutzhunde zusammen.<\/p>\n<p>Dieses Zusammensein tut beiden gut. Sie kommen meist sehr gut miteinander aus. Auch die Lage ihres Auslaufes mit Sicht aufs frei Feld und den Parkplatz, ist f\u00fcr sie ideal.<\/p>\n<p>Balou liebt es allerdings 1-2 Stunden am Tag getrennt, also allein im unteren Auslauf zu sein. Er braucht , wie in jeder guten Beziehung, ab und zu mal eine Auszeit. Auch die vielen Menschen, die t\u00e4glich an den Ausl\u00e4ufen vorbei laufen und ihm Aufmerksamkeit schenken, tun ihm gut. Selbst, wenn er viele heftig verbellt, gew\u00f6hnt er sich an Menschen, die regelm\u00e4\u00dfig vorbeigehen.<\/p>\n<p>Bei Spazierg\u00e4ngen reagiert er immer souver\u00e4ner auf Au\u00dfenreize. Wobei bei fremden Hunden nach wie vor Vorsicht geboten ist.<\/p>\n<p><strong>Update 26.06.2024<br \/>\n<\/strong>Nach der Vermittlung Shilas, hat eine Vergesellschaftung mit Bonita , von Seiten Bonitas her, leider nicht geklappt. Nach einigem Ausprobierens wurde der gro\u00dfe Auslauf geteilt und Bonita l\u00e4uft mit odin im oberen Teil und Balu im unteren Teil. Diese L\u00f6sung klappt gut.<\/p>\n<p>Balu geht inzwischen \u00f6fter mit seinen HB spazieren, dies hat wesentlich dazu beigetragen, dass sich folgendes enorm verbessert hat.<br \/>\nGenerell die Reaktion auf Menschen, auf Spazierg\u00e4nger reagiert er so gut wie gar nicht mehr.<br \/>\nBei Hundebegegnungen l\u00e4sst er sich besser wieder einfangen, umlenken und beruhigen. Auf Tierheimhunde reagiert er entspannter. Wenn er Hunde mag\/kennt, ist ein Zusammenlaufen m\u00f6glich.<\/p>\n<p><strong>Update 27.11.23:<\/strong> <span class=\"x4k7w5x x1h91t0o x1h9r5lt x1jfb8zj xv2umb2 x1beo9mf xaigb6o x12ejxvf x3igimt xarpa2k xedcshv x1lytzrv x1t2pt76 x7ja8zs x1qrby5j\"><span class=\"x193iq5w xeuugli x13faqbe x1vvkbs x1xmvt09 x1lliihq x1s928wv xhkezso x1gmr53x x1cpjm7i x1fgarty x1943h6x xudqn12 x3x7a5m x6prxxf xvq8zen xo1l8bm x14ctfv\" dir=\"auto\">Nachdem Shila ausgezogen ist, war Balu sehr traurig. Aktuell sind wir in Gesellschaft von Bonita, die sich langsam und St\u00fcck f\u00fcr St\u00fcck eingew\u00f6hnen muss. <\/span><\/span><\/p>\n<p><strong>Update 10.08.2023<\/strong>: <span class=\"x4k7w5x x1h91t0o x1h9r5lt x1jfb8zj xv2umb2 x1beo9mf xaigb6o x12ejxvf x3igimt xarpa2k xedcshv x1lytzrv x1t2pt76 x7ja8zs x1qrby5j\">Balu hat sich ganz toll entwickelt. W\u00e4hrend er anfangs auf alle Hunde hoch aggressiv reagierte, lebt er mittlerweile mit Shila einer Kangalh\u00fcndin zusammen. Er ist insgesamt beim Anblick von Hunden viel ruhiger geworden und hat sich auch schon mit einigen angefreundet. Mittlerweile hat er auch mit vielen Menschen im Tierheim Freundschaft geschlossen und erfreut sich gro\u00dfer Beliebtheit. Er ist aber nach wie vor ein \u201ekleiner Herdi\u201c und besch\u00fctzt gegen\u00fcber Fremden sein Territorium sehr zuverl\u00e4ssig. Daf\u00fcr wurde er aber auch gez\u00fcchtet.<\/span><\/p>\n<p>Balu ist mit seinen vertrauten Menschen sehr freundlich, \u00fcber seine Lieblingsmenschen freut er sich sogar sehr \u00fcberschw\u00e4nglich wenn sie ihn besuchen. Er l\u00e4sst sich gut k\u00e4mmen und genie\u00dft es gestreichelt zu werden. Er kann sogar Sitz, Platz und gibt gerne Pf\u00f6tchen. Er zieht ohne Probleme den Maulkorb an. Hierbei war beim Clickertraining richtiger Stinkek\u00e4se als Belohnung sehr hilfreich.<br \/>\nUnd dennoch: Balu ist ein Owtscharka .Wer Ihn f\u00fchren m\u00f6chte, muss in manchen Bundesl\u00e4ndern eine Sachkunde haben und mit dem Hund einen Wesenstest absolvieren. Es liegt in seinem Wesen Haus und Hof zu bewachen und Fremden gegen\u00fcber misstrauisch zu sein. Obwohl wir ihm vor kurzen erst sein verfilztes Fell abgeschoren haben, wirkt er aufgrund seiner Gr\u00f6\u00dfe und Kraft immer noch sehr imposant. Es mangelt dem unabh\u00e4ngigen R\u00fcden nicht an Selbstbewusstsein und er wird jedem Eindringling \u00fcberzeugend zeigen, dass es keine gute Idee ist, sein Territorium zu betreten. Leider hat Balu er in seinem Leben nicht viel kennen gelernt. Bei Anblick von Hunden reagiert noch er sehr heftig. An diesem Problem m\u00fcssen wir noch intensiv arbeiten.<br \/>\nEs wird schwer f\u00fcr diesen Herdenschutzhund ein Zuhause zu finden, dessen Aufgabe es von Natur aus ist, seine Familie und sein Zuhause vor Eindringlingen zu sch\u00fctzen. Das zu bewachende Grundst\u00fcck muss 2m hoch eingez\u00e4unt sein. Es w\u00e4re sch\u00f6n, wenn sich bundesweit ein Liebhaber dieser Rasse finden w\u00fcrde, der die notwendigen Vorraussetzungen zum Halten dieser Rasse hat.<\/p>\n<p><span class=\"x4k7w5x x1h91t0o x1h9r5lt xv2umb2 x1beo9mf xaigb6o x12ejxvf x3igimt xarpa2k xedcshv x1lytzrv x1t2pt76 x7ja8zs x1qrby5j x1jfb8zj\">\u00a0<\/span><\/p>\n<p><span class=\"fs13 cf1 ff1\"><b>Bemerkung:<\/b><br \/>\n<\/span><span class=\"fs13 cf1 ff1\">Die Beschreibungen sind Momentaufnahmen des Tieres in unserem Tierheim. Jedes Tier kann sich im neuen Zuhause anders entwickeln.<\/span><\/p>\n","protected":false},"excerpt":{"rendered":"<p>Update 9.04.25: Balu wurde vor einigen Monaten mit Titan vergesellschaftet. Seit dieser Zeit leben die beiden Herdenschutzhunde zusammen. Dieses Zusammensein tut beiden gut. Sie kommen meist sehr gut miteinander aus&#8230;.<\/p>\n","protected":false},"featured_media":34666,"template":"","meta":{"_piecal_is_event":false,"_piecal_start_date":"","_piecal_end_date":"","_piecal_is_allday":false},"product_cat":[147,41,57,1244,123],"product_tag":[],"_links":{"self":[{"href":"https:\/\/tsv-giessen.de\/index.php?rest_route=\/wp\/v2\/product\/21213"}],"collection":[{"href":"https:\/\/tsv-giessen.de\/index.php?rest_route=\/wp\/v2\/product"}],"about":[{"href":"https:\/\/tsv-giessen.de\/index.php?rest_route=\/wp\/v2\/types\/product"}],"wp:featuredmedia":[{"embeddable":true,"href":"https:\/\/tsv-giessen.de\/index.php?rest_route=\/wp\/v2\/media\/34666"}],"wp:attachment":[{"href":"https:\/\/tsv-giessen.de\/index.php?rest_route=%2Fwp%2Fv2%2Fmedia&parent=21213"}],"wp:term":[{"taxonomy":"product_cat","embeddable":true,"href":"https:\/\/tsv-giessen.de\/index.php?rest_route=%2Fwp%2Fv2%2Fproduct_cat&post=21213"},{"taxonomy":"product_tag","embeddable":true,"href":"https:\/\/tsv-giessen.de\/index.php?rest_route=%2Fwp%2Fv2%2Fproduct_tag&post=21213"}],"curies":[{"name":"wp","href":"https:\/\/api.w.org\/{rel}","templated":true}]}}