{"id":19455,"date":"2022-04-13T10:22:26","date_gmt":"2022-04-13T08:22:26","guid":{"rendered":"https:\/\/tsv-giessen.de\/?post_type=product&#038;p=19455"},"modified":"2026-01-24T10:17:36","modified_gmt":"2026-01-24T09:17:36","slug":"susi","status":"publish","type":"product","link":"https:\/\/tsv-giessen.de\/?product=susi","title":{"rendered":"Susi (sucht Paten)"},"content":{"rendered":"<p>Susi kam mit zwei weiteren Katze zu uns, da ihr Besitzer leider ins Pflegeheim musste und dort keine Tierhaltung m\u00f6glich war.<br \/>\nSusi zeigte sich bei uns sehr versch\u00fcchtert und zur\u00fcckhaltend, so dass sie in eine Pflegestelle umziehen durfte. Da sie sort so toll Vertrauen in ihre Menschen gefunden hat und sich sehr wohl f\u00fchlt, soll sie dort ihr Leben als Dauerpflegekatze verbringen d\u00fcrfen. Um dies finanzieren zu k\u00f6nnen, suchen wir Katzenfreunde, die bereit sind, eine Patenschaft f\u00fcr die h\u00fcbsche Katze zu \u00fcbernehmen.<\/p>\n<p><strong>Bemerkung<\/strong><strong>:<\/strong><\/p>\n<p><span class=\"fs13 cf1 ff1\">Susi lebt in einer Dauerpflegestelle und wird nicht mehr vermittelt.<br \/>\n<\/span><\/p>\n","protected":false},"excerpt":{"rendered":"<p>Susi kam mit zwei weiteren Katze zu uns, da ihr Besitzer leider ins Pflegeheim musste und dort keine Tierhaltung m\u00f6glich war. Susi zeigte sich bei uns sehr versch\u00fcchtert und zur\u00fcckhaltend,&#8230;<\/p>\n","protected":false},"featured_media":19456,"template":"","meta":{"_piecal_is_event":false,"_piecal_start_date":"","_piecal_end_date":"","_piecal_is_allday":false},"product_cat":[147,59,161],"product_tag":[],"_links":{"self":[{"href":"https:\/\/tsv-giessen.de\/index.php?rest_route=\/wp\/v2\/product\/19455"}],"collection":[{"href":"https:\/\/tsv-giessen.de\/index.php?rest_route=\/wp\/v2\/product"}],"about":[{"href":"https:\/\/tsv-giessen.de\/index.php?rest_route=\/wp\/v2\/types\/product"}],"wp:featuredmedia":[{"embeddable":true,"href":"https:\/\/tsv-giessen.de\/index.php?rest_route=\/wp\/v2\/media\/19456"}],"wp:attachment":[{"href":"https:\/\/tsv-giessen.de\/index.php?rest_route=%2Fwp%2Fv2%2Fmedia&parent=19455"}],"wp:term":[{"taxonomy":"product_cat","embeddable":true,"href":"https:\/\/tsv-giessen.de\/index.php?rest_route=%2Fwp%2Fv2%2Fproduct_cat&post=19455"},{"taxonomy":"product_tag","embeddable":true,"href":"https:\/\/tsv-giessen.de\/index.php?rest_route=%2Fwp%2Fv2%2Fproduct_tag&post=19455"}],"curies":[{"name":"wp","href":"https:\/\/api.w.org\/{rel}","templated":true}]}}