{"id":18915,"date":"2022-02-08T20:05:01","date_gmt":"2022-02-08T19:05:01","guid":{"rendered":"https:\/\/tsv-giessen.de\/?post_type=product&#038;p=18915"},"modified":"2023-01-20T20:41:21","modified_gmt":"2023-01-20T19:41:21","slug":"mia","status":"publish","type":"product","link":"https:\/\/tsv-giessen.de\/?product=mia","title":{"rendered":"Mia"},"content":{"rendered":"<p><span style=\"color: #ff0000;\">Achtung: Vermittlungshilfe f\u00fcr das Tierheim Rottweil. Bei Interesse bitte unter den u.a. Kontaktdaten melden!<\/span><\/p>\n<p>Mia, eine bezaubernde junge Sch\u00e4ferhundmix H\u00fcndin, sucht ihr Zuhause zum Ankommen. Sie zeigt sich hier im Tierheim als sehr freundliche und aufgeweckte Fellnase. Gemeinsames Kuscheln und B\u00fcrsten geh\u00f6ren zu ihrer Lieblingsbesch\u00e4ftigung, wenn sie dabei noch stolz ihr Spielzeug rumtragen kann, ist sie vollends zufrieden.<\/p>\n<p>Der Tierheimalltag macht ihr sehr zu schaffen, da sie eine sehr sensible H\u00fcndin ist. Mia sucht ein ruhiges Zuhause bei Menschen mit Hundeerfahrung, die mit ihrer Power klar kommen und ihr beibringen auch zur Ruhe zu kommen. Kleine Kinder oder Kleintiere m\u00f6chte sie nicht im neuen Zuhause.<\/p>\n<p>Weitere Infos unter https:\/\/www.tierschutzverein-rottweil.de\/die-tiere\/hunde\/mia\/<\/p>\n<p><strong>Du hast Lust auf das schmusige Powerpaket Mia? Dann melde dich im Tierheim unter 0741\/13959 (von 8-17Uhr) oder \u00fcber info@tierschutzverein-rottweil.de<\/strong><\/p>\n<p><span class=\"fs13 cf1 ff1\"><b>Bemerkung:<\/b><br \/>\n<\/span><span style=\"color: #ff0000;\">Vermittlungshilfe f\u00fcr das Tierheim Rottweil. Bei Interesse bitte unter den o.a. Kontaktdaten melden!<\/span><\/p>\n","protected":false},"excerpt":{"rendered":"<p>Achtung: Vermittlungshilfe f\u00fcr das Tierheim Rottweil. Bei Interesse bitte unter den u.a. Kontaktdaten melden! Mia, eine bezaubernde junge Sch\u00e4ferhundmix H\u00fcndin, sucht ihr Zuhause zum Ankommen. Sie zeigt sich hier im&#8230;<\/p>\n","protected":false},"featured_media":18916,"template":"","meta":{"_piecal_is_event":false,"_piecal_start_date":"","_piecal_end_date":"","_piecal_is_allday":false},"product_cat":[1746],"product_tag":[],"_links":{"self":[{"href":"https:\/\/tsv-giessen.de\/index.php?rest_route=\/wp\/v2\/product\/18915"}],"collection":[{"href":"https:\/\/tsv-giessen.de\/index.php?rest_route=\/wp\/v2\/product"}],"about":[{"href":"https:\/\/tsv-giessen.de\/index.php?rest_route=\/wp\/v2\/types\/product"}],"wp:featuredmedia":[{"embeddable":true,"href":"https:\/\/tsv-giessen.de\/index.php?rest_route=\/wp\/v2\/media\/18916"}],"wp:attachment":[{"href":"https:\/\/tsv-giessen.de\/index.php?rest_route=%2Fwp%2Fv2%2Fmedia&parent=18915"}],"wp:term":[{"taxonomy":"product_cat","embeddable":true,"href":"https:\/\/tsv-giessen.de\/index.php?rest_route=%2Fwp%2Fv2%2Fproduct_cat&post=18915"},{"taxonomy":"product_tag","embeddable":true,"href":"https:\/\/tsv-giessen.de\/index.php?rest_route=%2Fwp%2Fv2%2Fproduct_tag&post=18915"}],"curies":[{"name":"wp","href":"https:\/\/api.w.org\/{rel}","templated":true}]}}