{"id":12400,"date":"2020-07-07T21:03:29","date_gmt":"2020-07-07T19:03:29","guid":{"rendered":"https:\/\/tsv-giessen.de\/?post_type=product&#038;p=12400"},"modified":"2023-01-20T20:51:49","modified_gmt":"2023-01-20T19:51:49","slug":"rudi-2","status":"publish","type":"product","link":"https:\/\/tsv-giessen.de\/?product=rudi-2","title":{"rendered":"Rudi"},"content":{"rendered":"<div class=\"kvgmc6g5 cxmmr5t8 oygrvhab hcukyx3x c1et5uql ii04i59q\">\n<div dir=\"auto\">Rudi&#8230;ein ganz besonderer, lieber Prachtkerl <span class=\"q9uorilb tbxw36s4 knj5qynh kvgmc6g5 ditlmg2l oygrvhab nvdbi5me fgm26odu gl3lb2sf hhz5lgdu\"><img loading=\"lazy\" decoding=\"async\" src=\"https:\/\/www.facebook.com\/images\/emoji.php\/v9\/t43\/1.5\/16\/1f970.png\" alt=\"\ud83e\udd70\" width=\"16\" height=\"16\" \/><\/span><\/div>\n<\/div>\n<div class=\"o9v6fnle cxmmr5t8 oygrvhab hcukyx3x c1et5uql ii04i59q\">\n<div dir=\"auto\">-&gt;ca. 6 Jahre (geb. am 01.04.2014)<\/div>\n<div dir=\"auto\">-&gt;ca. 55 cm gro\u00df \/!ca. 45 kg schwer<\/div>\n<div dir=\"auto\">-&gt;leinenf\u00fchrig<\/div>\n<div dir=\"auto\">-&gt;stubenrein<\/div>\n<div dir=\"auto\">-&gt;nur als Zweithund<\/div>\n<div dir=\"auto\">-&gt;aktuell auf Pflegestelle Giessen (PLZ 35396)<\/div>\n<\/div>\n<div class=\"o9v6fnle cxmmr5t8 oygrvhab hcukyx3x c1et5uql ii04i59q\">\n<div dir=\"auto\"><span class=\"q9uorilb tbxw36s4 knj5qynh kvgmc6g5 ditlmg2l oygrvhab nvdbi5me fgm26odu gl3lb2sf hhz5lgdu\"><img loading=\"lazy\" decoding=\"async\" src=\"https:\/\/www.facebook.com\/images\/emoji.php\/v9\/t88\/1.5\/16\/1f436.png\" alt=\"\ud83d\udc36\" width=\"16\" height=\"16\" \/><\/span>In Rudis Leben gab es bisher sicherlich nicht viele sch\u00f6ne Momente, er muss so einiges auf den Stra\u00dfen von Rum\u00e4nien durchgemacht haben. Mit einem kleinen Funken Gl\u00fcck durfte auch er nun auf die Sonnenseite des Lebens blicken.<\/div>\n<div dir=\"auto\">Am 30.04.2020 ist er auf seiner Pflegestelle in 35396 Giessen angekommen, wo seine Pflegemama sich sehr liebevoll um ihn k\u00fcmmert und ihn auf sein neues Leben vorbereitet.<\/div>\n<div dir=\"auto\">Dort kann Rudi auch gerne kennen gelernt werden.<\/div>\n<\/div>\n<div class=\"o9v6fnle cxmmr5t8 oygrvhab hcukyx3x c1et5uql ii04i59q\">\n<div dir=\"auto\">An den Grundkommandos wird zur Zeit noch flei\u00dfig gearbeitet. Das Kommando \u201eSitz\u201c beherrscht er schon aus dem Eff-Eff. Am besten funktioniert es mit den Kommandos, wenn man leise mit ihm spricht. Rudi ist sehr sensibel und vorsichtig, inzwischen l\u00e4sst er sich jedoch gut abrufen und kommt dann auch freudig heran.<\/div>\n<\/div>\n<div class=\"o9v6fnle cxmmr5t8 oygrvhab hcukyx3x c1et5uql ii04i59q\">\n<div dir=\"auto\">Mit einer Fleischwurst kann man ihn zu fast Allem bewegen, denn f\u00fcr so eine tolle K\u00f6stlichkeit ist er auch gerne bereit, \u00fcber seinen Schatten zu springen &#8230; <span class=\"q9uorilb tbxw36s4 knj5qynh kvgmc6g5 ditlmg2l oygrvhab nvdbi5me fgm26odu gl3lb2sf hhz5lgdu\"><img loading=\"lazy\" decoding=\"async\" src=\"https:\/\/www.facebook.com\/images\/emoji.php\/v9\/td8\/1.5\/16\/1f60a.png\" alt=\"\ud83d\ude0a\" width=\"16\" height=\"16\" \/><\/span><\/div>\n<\/div>\n<div class=\"o9v6fnle cxmmr5t8 oygrvhab hcukyx3x c1et5uql ii04i59q\">\n<div dir=\"auto\">Mit viel Geduld und noch mehr Liebe, wird er bald erkennen, dass ihm nichts B\u00f6ses mehr geschieht.<\/div>\n<\/div>\n<div class=\"o9v6fnle cxmmr5t8 oygrvhab hcukyx3x c1et5uql ii04i59q\">\n<div dir=\"auto\">Dieser schokobraune Prachtkerl erobert alle Herzen im Sturm. Er m\u00f6chte gefallen und streicht auch gern um die Beine seiner Lieben. Streicheln ist f\u00fcr ihn der Renner, allerdings sollte man ihn kommen lassen. Er m\u00f6chte nicht bedr\u00e4ngt werden.<\/div>\n<\/div>\n<div class=\"o9v6fnle cxmmr5t8 oygrvhab hcukyx3x c1et5uql ii04i59q\">\n<div dir=\"auto\">Trotz seiner ca. 55 cm Gr\u00f6\u00dfe und knapp 45 kg, schmust Rudi doch sehr, sehr gerne und man hat manchmal das Gef\u00fchl, er meint, er sei ein \u201eHandtaschenhund\u201c.<\/div>\n<\/div>\n<div class=\"o9v6fnle cxmmr5t8 oygrvhab hcukyx3x c1et5uql ii04i59q\">\n<div dir=\"auto\">Er liebt die Menschen die freundlich zu ihm sind, egal ob Frau oder Mann und versucht ihnen seine Dankbarkeit auch zu zeigen.<\/div>\n<\/div>\n<div class=\"o9v6fnle cxmmr5t8 oygrvhab hcukyx3x c1et5uql ii04i59q\">\n<div dir=\"auto\">Rudi ist grunds\u00e4tzlich total entspannt, im Haus auch sehr ruhig und absolut lieb.<\/div>\n<\/div>\n<div class=\"o9v6fnle cxmmr5t8 oygrvhab hcukyx3x c1et5uql ii04i59q\">\n<div dir=\"auto\">Jetzt suchen wir eine nette, liebevolle, geduldige Familie, bei der Rudi endlich best\u00e4ndige Liebe erfahren darf.<\/div>\n<\/div>\n<div class=\"o9v6fnle cxmmr5t8 oygrvhab hcukyx3x c1et5uql ii04i59q\">\n<div dir=\"auto\">Nat\u00fcrlich ist er stubenrein und auch mit der Leinenf\u00fchrigkeit klappt es inzwischen sehr gut.<\/div>\n<\/div>\n<div class=\"o9v6fnle cxmmr5t8 oygrvhab hcukyx3x c1et5uql ii04i59q\">\n<div dir=\"auto\">Die Gesellschaft seiner Artgenossen mag er besonders gerne. Er orientiert sich an den anderen Hunden und das hilft ihm, seine Unsicherheiten zu \u00fcberwinden.<\/div>\n<div dir=\"auto\">Daher w\u00e4re Rudi ein optimaler Zweithund.<\/div>\n<\/div>\n<div class=\"o9v6fnle cxmmr5t8 oygrvhab hcukyx3x c1et5uql ii04i59q\">\n<div dir=\"auto\">Der Umgang mit Kindern und die Vertr\u00e4glichkeit mit Katzen, konnten bisher noch nicht gepr\u00fcft werden.<\/div>\n<\/div>\n<div class=\"o9v6fnle cxmmr5t8 oygrvhab hcukyx3x c1et5uql ii04i59q\">\n<div dir=\"auto\">Autos und \u00fcberhaupt Stra\u00dfenverkehr, machen ihn noch nerv\u00f6s. Eine d\u00f6rfliche, l\u00e4ndliche Gegend, w\u00e4re daher f\u00fcr Rudi am ehesten geeignet.<\/div>\n<\/div>\n<div class=\"o9v6fnle cxmmr5t8 oygrvhab hcukyx3x c1et5uql ii04i59q\">\n<div dir=\"auto\">Wer verliebt sich in diese liebe, schokobraune Knutschkugel und zeigt ihm, mit viel Liebe und Geduld, wie wunderbar so ein Hundeleben in Sicherheit sein kann?<\/div>\n<div dir=\"auto\">Hundeerfahrung und ein souver\u00e4ner Ersthund, w\u00e4ren von Vorteil.<\/div>\n<\/div>\n<div class=\"o9v6fnle cxmmr5t8 oygrvhab hcukyx3x c1et5uql ii04i59q\">\n<div dir=\"auto\">Rudi ist kastriert, geimpft, gechipt, entwurmt und hat seinen EU-Heimtierausweis. Er wird nur nach positiver Vorkontrolle und gegen eine Schutzgeb\u00fchr vermittelt. <span class=\"q9uorilb tbxw36s4 knj5qynh kvgmc6g5 ditlmg2l oygrvhab nvdbi5me fgm26odu gl3lb2sf hhz5lgdu\"><img loading=\"lazy\" decoding=\"async\" src=\"https:\/\/www.facebook.com\/images\/emoji.php\/v9\/t88\/1.5\/16\/1f436.png\" alt=\"\ud83d\udc36\" width=\"16\" height=\"16\" \/><\/span><\/div>\n<\/div>\n<div class=\"o9v6fnle cxmmr5t8 oygrvhab hcukyx3x c1et5uql ii04i59q\">\n<div dir=\"auto\">Bei Interesse senden Sie uns bitte eine Nachricht an<\/div>\n<\/div>\n<div class=\"o9v6fnle cxmmr5t8 oygrvhab hcukyx3x c1et5uql ii04i59q\">\n<div dir=\"auto\"><a class=\"oajrlxb2 g5ia77u1 qu0x051f esr5mh6w e9989ue4 r7d6kgcz rq0escxv nhd2j8a9 nc684nl6 p7hjln8o kvgmc6g5 cxmmr5t8 oygrvhab hcukyx3x jb3vyjys rz4wbd8a qt6c0cv9 a8nywdso i1ao9s8h esuyzwwr f1sip0of lzcic4wl py34i1dx gpro0wi8\" tabindex=\"0\" role=\"link\" href=\"https:\/\/l.facebook.com\/l.php?u=https%3A%2F%2Fm.me%2FPflegestellenhunde%3Ffbclid%3DIwAR30f89SV0q_O4KH5tEgmQYOD5lFdt-Tf3MnCKsMrdc-VWfM8EyR-z-4AhQ&amp;h=AT2QCqXvFqxJ2xkE6-v-W4A19CaMG7g8FE04WV1aclybb--uoJUwfq0s1k8-09RKOvT_RkitU5jEyJJ01BgRJSXmpavUVtSCy8EdUHDPLr5MxkHyNFCrlnikUnEwTmHdlFmgLBj80SIxZHUoK6WK&amp;__tn__=-UK-y-R&amp;c[0]=AT25w9lhx1O2Rkzd4T93LXYHyvhbYp5bHp246yrLoR8tJk3lGkEKi1oyGnNftzZunfgxP3Kw01DGF-Q94TpcdJuC3S58hoz9qj5zX_Y9_QVTrqNT9DAaYqY6tXpFe3DMJDnNy2irU9K71pauHHe0NOq5JvcbRRDvLp4aN2gB4cDLG4MyEarTb8BGmh5bq8Wxs1ifVTR-HrzGebG_vCN73A\" target=\"_blank\" rel=\"nofollow noopener noreferrer\">https:\/\/m.me\/Pflegestellenhunde<\/a><\/div>\n<\/div>\n<div class=\"o9v6fnle cxmmr5t8 oygrvhab hcukyx3x c1et5uql ii04i59q\">\n<div dir=\"auto\">mit Angabe des Namens des Hundes, sowie Ihrer telefonischen Erreichbarkeit, damit wir Sie zeitnah pers\u00f6nlich kontaktieren k\u00f6nnen.<\/div>\n<\/div>\n<p>&nbsp;<\/p>\n","protected":false},"excerpt":{"rendered":"<p>Rudi&#8230;ein ganz besonderer, lieber Prachtkerl -&gt;ca. 6 Jahre (geb. am 01.04.2014) -&gt;ca. 55 cm gro\u00df \/!ca. 45 kg schwer -&gt;leinenf\u00fchrig -&gt;stubenrein -&gt;nur als Zweithund -&gt;aktuell auf Pflegestelle Giessen (PLZ 35396)&#8230;<\/p>\n","protected":false},"featured_media":12402,"template":"","meta":{"_piecal_is_event":false,"_piecal_start_date":"","_piecal_end_date":"","_piecal_is_allday":false},"product_cat":[1746],"product_tag":[],"_links":{"self":[{"href":"https:\/\/tsv-giessen.de\/index.php?rest_route=\/wp\/v2\/product\/12400"}],"collection":[{"href":"https:\/\/tsv-giessen.de\/index.php?rest_route=\/wp\/v2\/product"}],"about":[{"href":"https:\/\/tsv-giessen.de\/index.php?rest_route=\/wp\/v2\/types\/product"}],"wp:featuredmedia":[{"embeddable":true,"href":"https:\/\/tsv-giessen.de\/index.php?rest_route=\/wp\/v2\/media\/12402"}],"wp:attachment":[{"href":"https:\/\/tsv-giessen.de\/index.php?rest_route=%2Fwp%2Fv2%2Fmedia&parent=12400"}],"wp:term":[{"taxonomy":"product_cat","embeddable":true,"href":"https:\/\/tsv-giessen.de\/index.php?rest_route=%2Fwp%2Fv2%2Fproduct_cat&post=12400"},{"taxonomy":"product_tag","embeddable":true,"href":"https:\/\/tsv-giessen.de\/index.php?rest_route=%2Fwp%2Fv2%2Fproduct_tag&post=12400"}],"curies":[{"name":"wp","href":"https:\/\/api.w.org\/{rel}","templated":true}]}}