{"id":10181,"date":"2019-09-03T13:10:50","date_gmt":"2019-09-03T11:10:50","guid":{"rendered":"https:\/\/tsv-giessen.de\/?post_type=product&#038;p=10181"},"modified":"2023-09-23T09:28:55","modified_gmt":"2023-09-23T07:28:55","slug":"wasserschildkroeten","status":"publish","type":"product","link":"https:\/\/tsv-giessen.de\/?product=wasserschildkroeten","title":{"rendered":"INFO Wasserschildkr\u00f6ten"},"content":{"rendered":"<p>Besonders in den warmen Monaten beherbergen wir hin und wieder auch einzelne Wasserschildkr\u00f6ten, welche in unserem Einzugsgebiet gefunden wurden. Da wir aber auf deren dauerhafte Haltung leider nicht eingerichtet sind, sind wir darauf angewiesen, diese Tiere schnell an geeignete Stellen abgeben oder endg\u00fcltig vermitteln zu k\u00f6nnen. Daher k\u00f6nnen wir auch grunds\u00e4tzlich keine Abgabewasserschildkr\u00f6ten aufnehmen.<\/p>\n<p>Wir freuen uns daher sehr, wenn die Panzertr\u00e4ger in kurzer Zeit sch\u00f6ne neue Zuhause finden k\u00f6nnen.<\/p>\n<p>Falls Sie also Interesse an der Haltung und\/oder Adoption einer Wasserschildkr\u00f6te haben &#8211; kontaktieren Sie uns gerne!<\/p>\n<p><em><strong>0641 &#8211; 52251\u00a0\u00a0\u00a0\u00a0 oder\u00a0\u00a0\u00a0\u00a0 info@tsv-giessen.de<\/strong><\/em><\/p>\n<p>&nbsp;<\/p>\n<p><strong>Invasive Arten<\/strong><\/p>\n<p>Unter den Wasserschildkr\u00f6ten befinden sich auch hin und wieder sogenannte Invasivtiere (Trachemys scripta scripta, die Gelbwangen-Schmuckschildkr\u00f6te, Trachemys scripta elegans, die Rotwangen-Schmuckschildkr\u00f6te, Trachemys scripta troostii, die Cumberland-Schmuckschildkr\u00f6te). F\u00fcr ihre Haltung gelten seit einigen Jahren sehr genaue Vorschriften (wie zum Beispiel ein absolut ausbruchsicheres Gehege), bei deren Erl\u00e4uterung und Umsetzung wir auch gerne behilflich sind.<\/p>\n","protected":false},"excerpt":{"rendered":"<p>Besonders in den warmen Monaten beherbergen wir hin und wieder auch einzelne Wasserschildkr\u00f6ten, welche in unserem Einzugsgebiet gefunden wurden. Da wir aber auf deren dauerhafte Haltung leider nicht eingerichtet sind,&#8230;<\/p>\n","protected":false},"featured_media":8249,"template":"","meta":{"_piecal_is_event":false,"_piecal_start_date":"","_piecal_end_date":"","_piecal_is_allday":false},"product_cat":[115],"product_tag":[],"_links":{"self":[{"href":"https:\/\/tsv-giessen.de\/index.php?rest_route=\/wp\/v2\/product\/10181"}],"collection":[{"href":"https:\/\/tsv-giessen.de\/index.php?rest_route=\/wp\/v2\/product"}],"about":[{"href":"https:\/\/tsv-giessen.de\/index.php?rest_route=\/wp\/v2\/types\/product"}],"wp:featuredmedia":[{"embeddable":true,"href":"https:\/\/tsv-giessen.de\/index.php?rest_route=\/wp\/v2\/media\/8249"}],"wp:attachment":[{"href":"https:\/\/tsv-giessen.de\/index.php?rest_route=%2Fwp%2Fv2%2Fmedia&parent=10181"}],"wp:term":[{"taxonomy":"product_cat","embeddable":true,"href":"https:\/\/tsv-giessen.de\/index.php?rest_route=%2Fwp%2Fv2%2Fproduct_cat&post=10181"},{"taxonomy":"product_tag","embeddable":true,"href":"https:\/\/tsv-giessen.de\/index.php?rest_route=%2Fwp%2Fv2%2Fproduct_tag&post=10181"}],"curies":[{"name":"wp","href":"https:\/\/api.w.org\/{rel}","templated":true}]}}