{"id":7650,"date":"2018-05-24T22:07:01","date_gmt":"2018-05-24T20:07:01","guid":{"rendered":"http:\/\/tsv-giessen.de\/?page_id=7650"},"modified":"2018-05-25T11:42:34","modified_gmt":"2018-05-25T09:42:34","slug":"datenschutz","status":"publish","type":"page","link":"https:\/\/tsv-giessen.de\/?page_id=7650","title":{"rendered":"Datenschutz"},"content":{"rendered":"<section class=\"l-section wpb_row height_small\"><div class=\"l-section-h i-cf\"><div class=\"g-cols type_default valign_top\"><div class=\"vc_col-sm-12 wpb_column vc_column_container\"><div class=\"vc_column-inner\"><div class=\"wpb_wrapper\">\r\n\t<div class=\"wpb_text_column \">\r\n\t\t<div class=\"wpb_wrapper\">\r\n\t\t\t<p><strong>Datenschutzerkl\u00e4rung<\/strong><\/p>\n<p><strong>Allgemeiner Hinweis und Pflichtinformationen<\/strong><\/p>\n<p><strong>Benennung der verantwortlichen Stelle<\/strong><\/p>\n<p>Die verantwortliche Stelle f\u00fcr die Datenverarbeitung auf dieser Website ist:<\/p>\n<p>Tierschutzverein Gie\u00dfen und Umgebung e.V<br \/>\nVixr\u00f6der Stra\u00dfe 16<br \/>\n35396 Gie\u00dfen<\/p>\n<p>Die verantwortliche Stelle entscheidet allein oder gemeinsam mit anderen \u00fcber die Zwecke und Mittel der Verarbeitung von personenbezogenen Daten (z.B. Namen, Kontaktdaten o. \u00c4.).<\/p>\n<p><strong>Widerruf Ihrer Einwilligung zur Datenverarbeitung<\/strong><\/p>\n<p>Nur mit Ihrer ausdr\u00fccklichen Einwilligung sind einige Vorg\u00e4nge der Datenverarbeitung m\u00f6glich. Ein Widerruf Ihrer bereits erteilten Einwilligung ist jederzeit m\u00f6glich. F\u00fcr den Widerruf gen\u00fcgt eine formlose Mitteilung per E-Mail. Die Rechtm\u00e4\u00dfigkeit der bis zum Widerruf erfolgten Datenverarbeitung bleibt vom Widerruf unber\u00fchrt.<\/p>\n<p><strong>Recht auf Beschwerde bei der zust\u00e4ndigen Aufsichtsbeh\u00f6rde<\/strong><\/p>\n<p>Als Betroffener steht Ihnen im Falle eines datenschutzrechtlichen Versto\u00dfes ein Beschwerderecht bei der zust\u00e4ndigen Aufsichtsbeh\u00f6rde zu. Zust\u00e4ndige Aufsichtsbeh\u00f6rde bez\u00fcglich datenschutzrechtlicher Fragen ist der Landesdatenschutzbeauftragte des Bundeslandes, in dem sich der Sitz unseres Unternehmens befindet. Der folgende Link stellt eine Liste der Datenschutzbeauftragten sowie deren Kontaktdaten bereit: <a href=\"https:\/\/www.bfdi.bund.de\/DE\/Infothek\/Anschriften_Links\/anschriften_links-node.html\">https:\/\/www.bfdi.bund.de\/DE\/Infothek\/Anschriften_Links\/anschriften_links-node.html<\/a>.<\/p>\n<p><strong>Recht auf Daten\u00fcbertragbarkeit<\/strong><\/p>\n<p>Ihnen steht das Recht zu, Daten, die wir auf Grundlage Ihrer Einwilligung oder in Erf\u00fcllung eines Vertrags automatisiert verarbeiten, an sich oder an Dritte aush\u00e4ndigen zu lassen. Die Bereitstellung erfolgt in einem maschinenlesbaren Format. Sofern Sie die direkte \u00dcbertragung der Daten an einen anderen Verantwortlichen verlangen, erfolgt dies nur, soweit es technisch machbar ist.<\/p>\n<p><strong>Recht auf Auskunft, Berichtigung, Sperrung, L\u00f6schung<\/strong><\/p>\n<p>Sie haben jederzeit im Rahmen der geltenden gesetzlichen Bestimmungen das Recht auf unentgeltliche Auskunft \u00fcber Ihre gespeicherten personenbezogenen Daten, Herkunft der Daten, deren Empf\u00e4nger und den Zweck der Datenverarbeitung und ggf. ein Recht auf Berichtigung, Sperrung oder L\u00f6schung dieser Daten. Diesbez\u00fcglich und auch zu weiteren Fragen zum Thema personenbezogene Daten k\u00f6nnen Sie sich jederzeit \u00fcber die im Impressum aufgef\u00fchrten Kontaktm\u00f6glichkeiten an uns wenden.<\/p>\n<p><strong>SSL- bzw. TLS-Verschl\u00fcsselung<\/strong><\/p>\n<p>Aus Sicherheitsgr\u00fcnden und zum Schutz der \u00dcbertragung vertraulicher Inhalte, die Sie an uns als Seitenbetreiber senden, nutzt unsere Website eine SSL-bzw. TLS-Verschl\u00fcsselung. Damit sind Daten, die Sie \u00fcber diese Website \u00fcbermitteln, f\u00fcr Dritte nicht mitlesbar. Sie erkennen eine verschl\u00fcsselte Verbindung an der \u201ehttps:\/\/\u201c Adresszeile Ihres Browsers und am Schloss-Symbol in der Browserzeile.<\/p>\n<p><strong>Server-Log-Dateien<\/strong><\/p>\n<p>In Server-Log-Dateien erhebt und speichert der Provider der Website automatisch Informationen, die Ihr Browser automatisch an uns \u00fcbermittelt. Dies sind:<\/p>\n<ul>\n<li>Browsertyp und Browserversion<\/li>\n<li>Verwendetes Betriebssystem<\/li>\n<li>Referrer URL<\/li>\n<li>Hostname des zugreifenden Rechners<\/li>\n<li>Uhrzeit der Serveranfrage<\/li>\n<li>IP-Adresse<\/li>\n<\/ul>\n<p>Es findet keine Zusammenf\u00fchrung dieser Daten mit anderen Datenquellen statt. Grundlage der Datenverarbeitung bildet Art. 6 Abs. 1 lit. b DSGVO, der die Verarbeitung von Daten zur Erf\u00fcllung eines Vertrags oder vorvertraglicher Ma\u00dfnahmen gestattet.<\/p>\n<p><strong>Datenschutzerkl\u00e4rung Google Maps<\/strong><\/p>\n<p>Diese Webseite verwendet das Produkt Google Maps von Google Inc. Durch Nutzung dieser Webseite erkl\u00e4ren Sie sich mit der Erfassung, Bearbeitung sowie Nutzung der automatisiert erhobenen Daten durch Google Inc, deren Vertreter sowie Dritter einverstanden.<br \/>\nDie Nutzungsbedingungen von Google Maps finden sie unter <a href=\"http:\/\/www.google.com\/intl\/de_de\/help\/terms_maps.html\">\u201cNutzungsbedingungen von Google Maps\u201d<\/a>.<\/p>\n<p><strong>YouTube<\/strong><\/p>\n<p>F\u00fcr Integration und Darstellung von Videoinhalten nutzt unsere Website Plugins von YouTube. Anbieter des Videoportals ist die YouTube, LLC, 901 Cherry Ave., San Bruno, CA 94066, USA.<\/p>\n<p>Bei Aufruf einer Seite mit integriertem YouTube-Plugin wird eine Verbindung zu den Servern von YouTube hergestellt. YouTube erf\u00e4hrt hierdurch, welche unserer Seiten Sie aufgerufen haben.<\/p>\n<p>YouTube kann Ihr Surfverhalten direkt Ihrem pers\u00f6nlichen Profil zuzuordnen, sollten Sie in Ihrem YouTube Konto eingeloggt sein. Durch vorheriges Ausloggen haben Sie die M\u00f6glichkeit, dies zu unterbinden.<\/p>\n<p>Die Nutzung von YouTube erfolgt im Interesse einer ansprechenden Darstellung unserer Online-Angebote. Dies stellt ein berechtigtes Interesse im Sinne von Art. 6 Abs. 1 lit. f DSGVO dar.<\/p>\n<p>Einzelheiten zum Umgang mit Nutzerdaten finden Sie in der Datenschutzerkl\u00e4rung von YouTube unter: <a href=\"https:\/\/www.google.de\/intl\/de\/policies\/privacy\">https:\/\/www.google.de\/intl\/de\/policies\/privacy<\/a>.<\/p>\n<p><b>Social Media Plug-ins<\/b><\/p>\n<p>Wir setzen auf unserer Website auf Grundlage des Art.\u00a06 Abs.\u00a01 S.\u00a01 lit.\u00a0f DSGVO Social Plug-ins der sozialen Netzwerke Facebook, Twitter und Instagram ein, um unsere Kanzlei hier\u00fcber bekannter zu machen. Der dahinterstehende werbliche Zweck ist als berechtigtes Interesse im Sinne der DSGVO anzusehen. Die Verantwortung f\u00fcr den datenschutzkonformen Betrieb ist durch deren jeweiligen Anbieter zu gew\u00e4hrleisten. Die Einbindung dieser Plug-ins durch uns erfolgt im Wege der sogenannten Zwei-Klick-Methode um Besucher unserer Webseite bestm\u00f6glich zu sch\u00fctzen.<\/p>\n<p>a) Facebook<\/p>\n<p>Auf unserer Website kommen Social-Media Plugins von Facebook zum Einsatz, um deren Nutzung pers\u00f6nlicher zu gestalten. Hierf\u00fcr nutzen wir den \u201eLIKE\u201c oder \u201eTEILEN\u201c-Button. Es handelt sich dabei um ein Angebot von Facebook.<\/p>\n<p>Wenn Sie eine Seite unseres Webauftritts aufrufen, die ein solches Plugin enth\u00e4lt, baut Ihr Browser eine direkte Verbindung mit den Servern von Facebook auf. Der Inhalt des Plugins wird von Facebook direkt an Ihren Browser \u00fcbermittelt und von diesem in die Webseite eingebunden.<\/p>\n<p>Durch die Einbindung der Plugins erh\u00e4lt Facebook die Information, dass Ihr Browser die entsprechende Seite unseres Webauftritts aufgerufen hat, auch wenn Sie kein Facebook-Konto besitzen oder gerade nicht bei Facebook eingeloggt sind. Diese Information (einschlie\u00dflich Ihrer IP-Adresse) wird von Ihrem Browser direkt an einen Server von Facebook in den USA \u00fcbermittelt und dort gespeichert.<\/p>\n<p>Sind Sie bei Facebook eingeloggt, kann Facebook den Besuch unserer Website Ihrem Facebook-Konto direkt zuordnen. Wenn Sie mit den Plugins interagieren, zum Beispiel den \u201eLIKE\u201c oder \u201eTEILEN\u201c-Button bet\u00e4tigen, wird die entsprechende Information ebenfalls direkt an einen Server von Facebook \u00fcbermittelt und dort gespeichert. Die Informationen werden zudem auf Facebook ver\u00f6ffentlicht und Ihren Facebook-Freunden angezeigt.<\/p>\n<p>Facebook kann diese Informationen zum Zwecke der Werbung, Marktforschung und bedarfsgerechten Gestaltung der Facebook-Seiten benutzen. Hierzu werden von Facebook Nutzungs-, Interessen- und Beziehungsprofile erstellt, z.\u00a0B. um Ihre Nutzung unserer Website im Hinblick auf die Ihnen bei Facebook eingeblendeten Werbeanzeigen auszuwerten, andere Facebook-Nutzer \u00fcber Ihre Aktivit\u00e4ten auf unserer Website zu informieren und um weitere mit der Nutzung von Facebook verbundene Dienstleistungen zu erbringen.<\/p>\n<p>Wenn Sie nicht m\u00f6chten, dass Facebook die \u00fcber unseren Webauftritt gesammelten Daten Ihrem Facebook-Konto zuordnet, m\u00fcssen Sie sich vor Ihrem Besuch unserer Website bei Facebook ausloggen.<\/p>\n<p>Zweck und Umfang der Datenerhebung und die weitere Verarbeitung und Nutzung der Daten durch Facebook sowie Ihre diesbez\u00fcglichen Rechte und Einstellungsm\u00f6glichkeiten zum Schutz Ihrer Privatsph\u00e4re entnehmen Sie bitte den <b>Datenschutzhinweisen<\/b><a href=\"https:\/\/www.facebook.com\/about\/privacy\/\" target=\"_blank\" rel=\"nofollow noopener noreferrer\">(https:\/\/www.facebook.com\/about\/privacy\/<\/a>) von Facebook.<\/p>\n<p>b) Twitter<\/p>\n<p>Auf unseren Internetseiten sind Plugins des Kurznachrichtennetzwerks der Twitter Inc. (Twitter) integriert. Die Twitter-Plugins (tweet-Button) erkennen Sie an dem Twitter-Logo auf unserer Seite. Eine \u00dcbersicht \u00fcber tweet-Buttons finden Sie <b>hier<\/b><a href=\"https:\/\/about.twitter.com\/resources\/buttons\" target=\"_blank\" rel=\"nofollow noopener noreferrer\">(https:\/\/about.twitter.com\/resources\/buttons)<\/a>.<\/p>\n<p>Wenn Sie eine Seite unseres Webauftritts aufrufen, die ein solches Plugin enth\u00e4lt, wird eine direkte Verbindung zwischen Ihrem Browser und dem Twitter-Server hergestellt. Twitter erh\u00e4lt dadurch die Information, dass Sie mit Ihrer IP-Adresse unsere Seite besucht haben. Wenn Sie den Twitter \u201etweet-Button\u201c anklicken, w\u00e4hrend Sie in Ihrem Twitter-Account eingeloggt sind, k\u00f6nnen Sie die Inhalte unserer Seiten auf Ihrem Twitter-Profil verlinken. Dadurch kann Twitter den Besuch unserer Seiten Ihrem Benutzerkonto zuordnen. Wir weisen darauf hin, dass wir als Anbieter der Seiten keine Kenntnis vom Inhalt der \u00fcbermittelten Daten sowie deren Nutzung durch Twitter erhalten.<\/p>\n<p>Wenn Sie nicht w\u00fcnschen, dass Twitter den Besuch unserer Seiten zuordnen kann, loggen Sie sich bitte aus Ihrem Twitter-Benutzerkonto aus.<\/p>\n<p>Weitere Informationen hierzu finden Sie in der Datenschutzerkl\u00e4rung von <b>Twitter<\/b> (<a href=\"https:\/\/twitter.com\/privacy\" target=\"_blank\" rel=\"nofollow noopener noreferrer\">(https:\/\/twitter.com\/privacy)<\/a>.<\/p>\n<p>c) Instagram<\/p>\n<p>Auf unserer Website werden auch sogenannte Social Plugins (\u201ePlugins\u201c) von Instagram verwendet, das von der Instagram LLC., 1601 Willow Road, Menlo Park, CA 94025, USA (\u201eInstagram\u201c) betrieben wird.<\/p>\n<p>Die Plugins sind mit einem Instagram-Logo beispielsweise in Form einer \u201eInstagram-Kamera\u201c gekennzeichnet.<\/p>\n<p>Wenn Sie eine Seite unseres Webauftritts aufrufen, die ein solches Plugin enth\u00e4lt, stellt Ihr Browser eine direkte Verbindung zu den Servern von Instagram her. Der Inhalt des Plugins wird von Instagram direkt an Ihren Browser \u00fcbermittelt und in die Seite eingebunden. Durch diese Einbindung erh\u00e4lt Instagram die Information, dass Ihr Browser die entsprechende Seite unseres Webauftritts aufgerufen hat, auch wenn Sie kein Instagram-Profil besitzen oder gerade nicht bei Instagram eingeloggt sind.<\/p>\n<p>Diese Information (einschlie\u00dflich Ihrer IP-Adresse) wird von Ihrem Browser direkt an einen Server von Instagram in die USA \u00fcbermittelt und dort gespeichert. Sind Sie bei Instagram eingeloggt, kann Instagram den Besuch unserer Website Ihrem Instagram-Account unmittelbar zuordnen. Wenn Sie mit den Plugins interagieren, zum Beispiel das \u201eInstagram\u201c-Button bet\u00e4tigen, wird diese Information ebenfalls direkt an einen Server von Instagram \u00fcbermittelt und dort gespeichert.<\/p>\n<p>Die Informationen werden au\u00dferdem auf Ihrem Instagram-Account ver\u00f6ffentlicht und dort Ihren Kontakten angezeigt.<\/p>\n<p>Wenn Sie nicht m\u00f6chten, dass Instagram die \u00fcber unseren Webauftritt gesammelten Daten unmittelbar Ihrem Instagram-Account zuordnet, m\u00fcssen Sie sich vor Ihrem Besuch unserer Website bei Instagram ausloggen.<\/p>\n<p>Weitere Informationen hierzu Sie in der <b>Datenschutzerkl\u00e4rung<\/b><a href=\"https:\/\/help.instagram.com\/155833707900388\" target=\"_blank\" rel=\"nofollow noopener noreferrer\">(https:\/\/help.instagram.com\/155833707900388)<\/a> von Instagram.<\/p>\n<p><strong>Cookies<\/strong><\/p>\n<p>Unsere Website verwendet Cookies. Das sind kleine Textdateien, die Ihr Webbrowser auf Ihrem Endger\u00e4t speichert. Cookies helfen uns dabei, unser Angebot nutzerfreundlicher, effektiver und sicherer zu machen.<\/p>\n<p>Einige Cookies sind \u201cSession-Cookies.\u201d Solche Cookies werden nach Ende Ihrer Browser-Sitzung von selbst gel\u00f6scht. Hingegen bleiben andere Cookies auf Ihrem Endger\u00e4t bestehen, bis Sie diese selbst l\u00f6schen. Solche Cookies helfen uns, Sie bei R\u00fcckkehr auf unserer Website wiederzuerkennen.<\/p>\n<p>Mit einem modernen Webbrowser k\u00f6nnen Sie das Setzen von Cookies \u00fcberwachen, einschr\u00e4nken oder unterbinden. Viele Webbrowser lassen sich so konfigurieren, dass Cookies mit dem Schlie\u00dfen des Programms von selbst gel\u00f6scht werden. Die Deaktivierung von Cookies kann eine eingeschr\u00e4nkte Funktionalit\u00e4t unserer Website zur Folge haben.<\/p>\n<p>Das Setzen von Cookies, die zur Aus\u00fcbung elektronischer Kommunikationsvorg\u00e4nge oder der Bereitstellung bestimmter, von Ihnen erw\u00fcnschter Funktionen (z.B. Warenkorb) notwendig sind, erfolgt auf Grundlage von Art. 6 Abs. 1 lit. f DSGVO. Als Betreiber dieser Website haben wir ein berechtigtes Interesse an der Speicherung von Cookies zur technisch fehlerfreien und reibungslosen Bereitstellung unserer Dienste. Sofern die Setzung anderer Cookies (z.B. f\u00fcr Analyse-Funktionen) erfolgt, werden diese in dieser Datenschutzerkl\u00e4rung separat behandelt.<\/p>\n<p><strong>PayPal<\/strong><\/p>\n<p>Unsere Website erm\u00f6glicht die Bezahlung via PayPal. Anbieter des Bezahldienstes ist die PayPal (Europe) S.\u00e0.r.l. et Cie, S.C.A., 22-24 Boulevard Royal, L-2449 Luxembourg.<\/p>\n<p>Wenn Sie mit PayPal bezahlen, erfolgt eine \u00dcbermittlung der von Ihnen eingegebenen Zahlungsdaten an PayPal.<\/p>\n<p>Die \u00dcbermittlung Ihrer Daten an PayPal erfolgt auf Grundlage von Art. 6 Abs. 1 lit. a DSGVO (Einwilligung) und Art. 6 Abs. 1 lit. b DSGVO (Verarbeitung zur Erf\u00fcllung eines Vertrags). Ein Widerruf Ihrer bereits erteilten Einwilligung ist jederzeit m\u00f6glich. In der Vergangenheit liegende Datenverarbeitungsvorg\u00e4nge bleiben bei einem Widerruf wirksam.<\/p>\n<p><strong>Sofort\u00fcberweisung<\/strong><\/p>\n<p>Unsere Website erm\u00f6glicht die Bezahlung via \u201cSofort\u00fcberweisung.\u201d Anbieter des Bezahldienstes ist die Sofort GmbH, Theresienh\u00f6he 12, 80339 M\u00fcnchen.<\/p>\n<p>Mit Hilfe des Verfahrens \u201cSofort\u00fcberweisung\u201d erhalten wir in Echtzeit eine Zahlungsbest\u00e4tigung von der Sofort GmbH und k\u00f6nnen unverz\u00fcglich mit der Erf\u00fcllung unserer Verbindlichkeiten beginnen.<\/p>\n<p>Beim Bezahlen per \u201cSofort\u00fcberweisung\u201d erfolgt eine \u00dcbermittlung Ihrer PIN und TAN an die Sofort GmbH. Der Bezahlanbieter loggt sich damit in Ihr Online-Banking-Konto ein, \u00fcberpr\u00fcft automatisch Ihren Kontostand und nimmt die \u00dcberweisung vor. Es folgt eine unverz\u00fcgliche Transaktionsbest\u00e4tigung. Ihre Ums\u00e4tze, der Kreditrahmen Ihres Dispokredits und die Existenz anderer Konten sowie deren Best\u00e4nde werden nach dem Einloggen ebenfalls automatisiert gepr\u00fcft.<\/p>\n<p>Neben PIN und TAN umfasst die \u00dcbermittlung an die Sofort GmbH au\u00dferdem Zahlungsdaten sowie Daten zu Ihrer Person. Die Daten zu Ihrer Person umfassen Vor- und Nachname, Adresse, Telefonnummer(n), Email-Adresse, IP-Adresse und ggf. weitere f\u00fcr die Zahlungsabwicklung notwendige Daten. Es besteht eine Notwendigkeit dieser Daten\u00fcbermittlung, um Ihre Identit\u00e4t zweifelsfrei zu festzustellen und Betrugsversuchen vorzubeugen.<\/p>\n<p>Die \u00dcbermittlung Ihrer Daten an die Sofort GmbH erfolgt auf Grundlage von Art. 6 Abs. 1 lit. a DSGVO (Einwilligung) und Art. 6 Abs. 1 lit. b DSGVO (Verarbeitung zur Erf\u00fcllung eines Vertrags). Ein Widerruf Ihrer bereits erteilten Einwilligung ist jederzeit m\u00f6glich. In der Vergangenheit liegende Datenverarbeitungsvorg\u00e4nge bleiben bei einem Widerruf wirksam.<\/p>\n<p>Einzelheiten zur Zahlung mit Sofort\u00fcberweisung finden Sie unter: <a href=\"https:\/\/www.sofort.de\/datenschutz.html\">https:\/\/www.sofort.de\/datenschutz.html<\/a> und <a href=\"https:\/\/www.klarna.com\/sofort\/\">https:\/\/www.klarna.com\/sofort\/<\/a>.<\/p>\n<p><strong>Amazon Partnerprogramm<\/strong><\/p>\n<p>Als Betreiber dieser Website nehmen wir am Amazon EU-Partnerprogramm teil. Auf unseren Seiten sind Werbeanzeigen von Amazon sowie Links zu Amazon eingebunden, um damit Geld \u00fcber Werbekostenerstattungen zu verdienen. Es gelangen Amazon-Cookies zum Einsatz, wodurch Amazon erkennt, dass Sie einen Partnerlink auf unserer Website geklickt haben.<\/p>\n<p>Die Speicherung von \u201cAmazon-Cookies\u201d erfolgt auf Grundlage von Art. 6 lit. f DSGVO. Als Websitebetreiber haben wir hieran ein berechtigtes Interesse, da nur durch die Cookies die H\u00f6he der Werbekostenerstattung feststellbar ist.<\/p>\n<p>Einzelheiten zur Datennutzung durch Amazon finden Sie in der Amazon Datenschutzerkl\u00e4rung: <a href=\"https:\/\/www.amazon.de\/gp\/help\/customer\/display.html\/ref=footer_privacy?ie=UTF8&#038;nodeId=3312401\">https:\/\/www.amazon.de\/gp\/help\/customer\/display.html\/ref=footer_privacy?ie=UTF8&amp;nodeId=3312401<\/a>.<\/p>\n\r\n\t\t<\/div>\r\n\t<\/div>\r\n<\/div><\/div><\/div><\/div><\/div><\/section>\n","protected":false},"excerpt":{"rendered":"Datenschutzerkl\u00e4rung Allgemeiner Hinweis und Pflichtinformationen Benennung der verantwortlichen Stelle Die verantwortliche Stelle f\u00fcr die Datenverarbeitung auf dieser Website ist: Tierschutzverein Gie\u00dfen und Umgebung e.V Vixr\u00f6der Stra\u00dfe 16 35396 Gie\u00dfen Die...","protected":false},"author":1,"featured_media":0,"parent":0,"menu_order":0,"comment_status":"closed","ping_status":"closed","template":"","meta":{"_piecal_is_event":false,"_piecal_start_date":"","_piecal_end_date":"","_piecal_is_allday":false,"footnotes":""},"_links":{"self":[{"href":"https:\/\/tsv-giessen.de\/index.php?rest_route=\/wp\/v2\/pages\/7650"}],"collection":[{"href":"https:\/\/tsv-giessen.de\/index.php?rest_route=\/wp\/v2\/pages"}],"about":[{"href":"https:\/\/tsv-giessen.de\/index.php?rest_route=\/wp\/v2\/types\/page"}],"author":[{"embeddable":true,"href":"https:\/\/tsv-giessen.de\/index.php?rest_route=\/wp\/v2\/users\/1"}],"replies":[{"embeddable":true,"href":"https:\/\/tsv-giessen.de\/index.php?rest_route=%2Fwp%2Fv2%2Fcomments&post=7650"}],"version-history":[{"count":0,"href":"https:\/\/tsv-giessen.de\/index.php?rest_route=\/wp\/v2\/pages\/7650\/revisions"}],"wp:attachment":[{"href":"https:\/\/tsv-giessen.de\/index.php?rest_route=%2Fwp%2Fv2%2Fmedia&parent=7650"}],"curies":[{"name":"wp","href":"https:\/\/api.w.org\/{rel}","templated":true}]}}