{"id":7068,"date":"2018-02-20T12:36:18","date_gmt":"2018-02-20T11:36:18","guid":{"rendered":"http:\/\/tsv-giessen.de\/?page_id=7068"},"modified":"2022-04-07T10:07:10","modified_gmt":"2022-04-07T08:07:10","slug":"handwerker-gesucht","status":"publish","type":"page","link":"https:\/\/tsv-giessen.de\/?page_id=7068","title":{"rendered":"Handwerker gesucht!"},"content":{"rendered":"<section class=\"l-section wpb_row height_small\"><div class=\"l-section-h i-cf\"><div class=\"g-cols type_default valign_top\"><div class=\"vc_col-sm-12 wpb_column vc_column_container\"><div class=\"vc_column-inner\"><div class=\"wpb_wrapper\">\r\n\t<div class=\"wpb_text_column \">\r\n\t\t<div class=\"wpb_wrapper\">\r\n\t\t\t<h4 style=\"text-align: center;\"><strong>Sie sind handwerklich sehr geschickt, erfahren, haben eine Ausbildung in diese Richtung oder gehen\/gingen einem handwerklichen Beruf nach?<\/strong><\/h4>\n<h4 style=\"text-align: center;\"><strong>Dann suchen wir genau SIE!<\/strong><\/h4>\n<p>Aktuell braucht das Tierheim dringend Hilfe bei kleineren und gr\u00f6\u00dferen Reparatur- und Renovierungsarbeiten. Wir suchen also ehrenamtliche Mitarbeiter, die uns bei diesen Aufgaben unterst\u00fctzen w\u00fcrden.<\/p>\n<p>Wenn Sie sich vorstellen k\u00f6nnten, dem Tierschutz mit Hammer, Nagel, S\u00e4ge oder Pinsel zu helfen, dann melden Sie sich bei uns!<\/p>\n<p style=\"text-align: center;\">info@tsv-giessen.de<\/p>\n<p style=\"text-align: center;\"><strong>Wir und unsere Vierbeiner freuen uns auf Sie!<\/strong><\/p>\n\r\n\t\t<\/div>\r\n\t<\/div>\r\n<div class=\"w-image align_center style_simple\"><div class=\"us-frame\"><img loading=\"lazy\" decoding=\"async\" width=\"200\" height=\"150\" src=\"https:\/\/www.tsv-giessen.de\/wp-content\/uploads\/2018\/02\/Handwerker.jpg\" class=\"attachment-large size-large\" alt=\"\" \/><\/div><\/div><\/div><\/div><\/div><\/div><\/div><\/section>\n","protected":false},"excerpt":{"rendered":"Sie sind handwerklich sehr geschickt, erfahren, haben eine Ausbildung in diese Richtung oder gehen\/gingen einem handwerklichen Beruf nach? Dann suchen wir genau SIE! Aktuell braucht das Tierheim dringend Hilfe bei...","protected":false},"author":3,"featured_media":0,"parent":0,"menu_order":0,"comment_status":"closed","ping_status":"closed","template":"","meta":{"_piecal_is_event":false,"_piecal_start_date":"","_piecal_end_date":"","_piecal_is_allday":false,"footnotes":""},"_links":{"self":[{"href":"https:\/\/tsv-giessen.de\/index.php?rest_route=\/wp\/v2\/pages\/7068"}],"collection":[{"href":"https:\/\/tsv-giessen.de\/index.php?rest_route=\/wp\/v2\/pages"}],"about":[{"href":"https:\/\/tsv-giessen.de\/index.php?rest_route=\/wp\/v2\/types\/page"}],"author":[{"embeddable":true,"href":"https:\/\/tsv-giessen.de\/index.php?rest_route=\/wp\/v2\/users\/3"}],"replies":[{"embeddable":true,"href":"https:\/\/tsv-giessen.de\/index.php?rest_route=%2Fwp%2Fv2%2Fcomments&post=7068"}],"version-history":[{"count":0,"href":"https:\/\/tsv-giessen.de\/index.php?rest_route=\/wp\/v2\/pages\/7068\/revisions"}],"wp:attachment":[{"href":"https:\/\/tsv-giessen.de\/index.php?rest_route=%2Fwp%2Fv2%2Fmedia&parent=7068"}],"curies":[{"name":"wp","href":"https:\/\/api.w.org\/{rel}","templated":true}]}}