{"id":6361,"date":"2017-12-12T01:33:05","date_gmt":"2017-12-12T00:33:05","guid":{"rendered":"http:\/\/192.168.1.204\/wordpress\/?page_id=6361"},"modified":"2023-11-06T08:31:55","modified_gmt":"2023-11-06T07:31:55","slug":"anfahrt","status":"publish","type":"page","link":"https:\/\/tsv-giessen.de\/?page_id=6361","title":{"rendered":"Kontakt"},"content":{"rendered":"<section class=\"l-section wpb_row height_small\"><div class=\"l-section-h i-cf\"><div class=\"g-cols type_default valign_top\"><div class=\"vc_col-sm-6 wpb_column vc_column_container\"><div class=\"vc_column-inner\"><div class=\"wpb_wrapper\">\r\n\t<div class=\"wpb_text_column \">\r\n\t\t<div class=\"wpb_wrapper\">\r\n\t\t\t<h3>Tierheim Gie\u00dfen<br \/>\nVixr\u00f6der Stra\u00dfe 16<br \/>\n35396 Gie\u00dfen<\/h3>\n<h3>Telefon: 0641 &#8211; 52251<br \/>\nFax: 0641 &#8211; 54652<br \/>\nMail: info@tsv-giessen.de<\/h3>\n<h3>Offene Besuchstage ohne Vermittlung: Dienstag und Sonntag von 13 bis 16 Uhr<\/h3>\n<h3>Vermittlungt<span id=\"decorator-synonym-entity-id-6\" data-entity-key=\"6\" data-offset-key=\"3msam-0-0\"><span data-offset-key=\"3msam-0-0\">ermine <\/span><\/span><span id=\"decorator-corrected-entity-id-3\" data-entity-key=\"3\" data-offset-key=\"3msam-1-0\"><span data-offset-key=\"3msam-1-0\">au\u00dferhalb<\/span><\/span><span data-offset-key=\"3msam-2-0\"> der \u00d6ffnungszeiten nach <\/span><span id=\"decorator-corrected-entity-id-5\" data-entity-key=\"5\" data-offset-key=\"3msam-3-0\"><span data-offset-key=\"3msam-3-0\">telefonischer<\/span><\/span><span data-offset-key=\"3msam-4-0\"> Absprache m\u00f6glich<\/span><\/h3>\n<h3>Telefonische Sprechzeit: Montag bis Freitag von 10 bis 12 Uhr und Montag bis Samstag von 15 bis 17 Uhr<\/h3>\n\r\n\t\t<\/div>\r\n\t<\/div>\r\n<\/div><\/div><\/div><div class=\"vc_col-sm-6 wpb_column vc_column_container\"><div class=\"vc_column-inner\"><div class=\"wpb_wrapper\"><div class=\"w-image style_simple\"><div class=\"us-frame\"><img loading=\"lazy\" decoding=\"async\" width=\"1024\" height=\"632\" src=\"https:\/\/www.tsv-giessen.de\/wp-content\/uploads\/2017\/06\/Logo-final1-1024x632.png\" class=\"attachment-large size-large\" alt=\"\" srcset=\"https:\/\/www.tsv-giessen.de\/wp-content\/uploads\/2017\/06\/Logo-final1-1024x632.png 1024w, https:\/\/www.tsv-giessen.de\/wp-content\/uploads\/2017\/06\/Logo-final1-600x370.png 600w, https:\/\/www.tsv-giessen.de\/wp-content\/uploads\/2017\/06\/Logo-final1-300x185.png 300w, https:\/\/www.tsv-giessen.de\/wp-content\/uploads\/2017\/06\/Logo-final1-768x474.png 768w\" sizes=\"(max-width: 1024px) 100vw, 1024px\" \/><\/div><\/div><\/div><\/div><\/div><\/div><\/div><\/section><section class=\"l-section wpb_row height_small\"><div class=\"l-section-h i-cf\"><div class=\"g-cols type_default valign_top\"><div class=\"vc_col-sm-12 wpb_column vc_column_container\"><div class=\"vc_column-inner\"><div class=\"wpb_wrapper\">\r\n\t<div class=\"wpb_text_column \">\r\n\t\t<div class=\"wpb_wrapper\">\r\n\t\t\t<h3 style=\"text-align: center;\">\u00a0Anfahrt<\/h3>\n\r\n\t\t<\/div>\r\n\t<\/div>\r\n<div class=\"w-separator type_default size_small thick_1 style_solid color_border cont_none\"><span class=\"w-separator-h\"><\/span><\/div><\/div><\/div><\/div><\/div><\/div><\/section><section class=\"l-section wpb_row height_small\"><div class=\"l-section-h i-cf\"><div class=\"g-cols type_default valign_top\"><div class=\"vc_col-sm-6 wpb_column vc_column_container\"><div class=\"vc_column-inner\"><div class=\"wpb_wrapper\">\r\n\t<div class=\"wpb_text_column \">\r\n\t\t<div class=\"wpb_wrapper\">\r\n\t\t\t<p><span class=\"fs20\"><span class=\"ff2 cf0\"><b>\u00d6ffentliche Verkehrsmittel:<br \/>\n<\/b><\/span><\/span><span class=\"fs20 ff2 cf0\"><b><br \/>\nmit dem Bus:<\/b><\/span><span class=\"ff2 fs20\"><br \/>\n<\/span><\/p>\n<ul>\n<li><span class=\"ff2 fs20\">vom Hauptbahnhof oder Marktplatz in Gie\u00dfen<br \/>\n<\/span><\/li>\n<li><span class=\"ff2 fs20\">in die Linie 5, Richtung Wieseck, Endstation aussteigen<br \/>\n<\/span><\/li>\n<li><span class=\"ff2 fs20\">Richtung EDEKA, dann ca. 10 Minuten Fussweg Richtung Trohe<br \/>\n<\/span><\/li>\n<li><span class=\"ff2 fs20\">bzw. Troher Landstra\u00dfe<\/span><\/li>\n<\/ul>\n\r\n\t\t<\/div>\r\n\t<\/div>\r\n<\/div><\/div><\/div><div class=\"vc_col-sm-6 wpb_column vc_column_container\"><div class=\"vc_column-inner\"><div class=\"wpb_wrapper\">\r\n\t<div class=\"wpb_text_column \">\r\n\t\t<div class=\"wpb_wrapper\">\r\n\t\t\t<p><span class=\"fs20\"><span class=\"ff2 cf0\"><b>PKW: <\/b><\/span><\/span><span class=\"ff2 fs20\"><br \/>\n<\/span><\/p>\n<ul>\n<li><span class=\"ff2 fs20\">Abfahrt Wieseck-Buseck<br \/>\n<\/span><\/li>\n<li><span class=\"ff2 fs20\">Richtung Buseck<br \/>\n<\/span><\/li>\n<li><span class=\"ff2 fs20\">rechts, Richtung Trohe<br \/>\n<\/span><\/li>\n<li><span class=\"ff2 fs20\">links &#8211; Parkplatz und Geb\u00e4ude Tierheim<br \/>\n<\/span><\/li>\n<\/ul>\n<p><span class=\"ff2 fs20\">\u00a0<\/span><\/p>\n\r\n\t\t<\/div>\r\n\t<\/div>\r\n<\/div><\/div><\/div><\/div><\/div><\/section><section class=\"l-section wpb_row height_small\"><div class=\"l-section-h i-cf\"><div class=\"g-cols type_default valign_top\"><div class=\"vc_col-sm-12 wpb_column vc_column_container\"><div class=\"vc_column-inner\"><div class=\"wpb_wrapper\"><\/div><\/div><\/div><\/div><\/div><\/section>\n","protected":false},"excerpt":{"rendered":"Tierheim Gie\u00dfen Vixr\u00f6der Stra\u00dfe 16 35396 Gie\u00dfen Telefon: 0641 - 52251 Fax: 0641 - 54652 Mail: info@tsv-giessen.de Offene Besuchstage ohne Vermittlung: Dienstag und Sonntag von 13 bis 16 Uhr Vermittlungtermine...","protected":false},"author":1,"featured_media":0,"parent":0,"menu_order":0,"comment_status":"closed","ping_status":"closed","template":"","meta":{"_piecal_is_event":false,"_piecal_start_date":"","_piecal_end_date":"","_piecal_is_allday":false,"footnotes":""},"_links":{"self":[{"href":"https:\/\/tsv-giessen.de\/index.php?rest_route=\/wp\/v2\/pages\/6361"}],"collection":[{"href":"https:\/\/tsv-giessen.de\/index.php?rest_route=\/wp\/v2\/pages"}],"about":[{"href":"https:\/\/tsv-giessen.de\/index.php?rest_route=\/wp\/v2\/types\/page"}],"author":[{"embeddable":true,"href":"https:\/\/tsv-giessen.de\/index.php?rest_route=\/wp\/v2\/users\/1"}],"replies":[{"embeddable":true,"href":"https:\/\/tsv-giessen.de\/index.php?rest_route=%2Fwp%2Fv2%2Fcomments&post=6361"}],"version-history":[{"count":0,"href":"https:\/\/tsv-giessen.de\/index.php?rest_route=\/wp\/v2\/pages\/6361\/revisions"}],"wp:attachment":[{"href":"https:\/\/tsv-giessen.de\/index.php?rest_route=%2Fwp%2Fv2%2Fmedia&parent=6361"}],"curies":[{"name":"wp","href":"https:\/\/api.w.org\/{rel}","templated":true}]}}