{"id":6352,"date":"2017-12-12T01:23:27","date_gmt":"2017-12-12T00:23:27","guid":{"rendered":"http:\/\/192.168.1.204\/wordpress\/?page_id=6352"},"modified":"2024-01-11T19:22:15","modified_gmt":"2024-01-11T18:22:15","slug":"hundebegleitung","status":"publish","type":"page","link":"https:\/\/tsv-giessen.de\/?page_id=6352","title":{"rendered":"Hundebegleitung"},"content":{"rendered":"<section class=\"l-section wpb_row height_small\"><div class=\"l-section-h i-cf\"><div class=\"g-cols type_default valign_top\"><div class=\"vc_col-sm-12 wpb_column vc_column_container\"><div class=\"vc_column-inner\"><div class=\"wpb_wrapper\">\r\n\t<div class=\"wpb_text_column \">\r\n\t\t<div class=\"wpb_wrapper\">\r\n\t\t\t<h1 style=\"text-align: center;\"><span style=\"color: #ff0000;\">Unterst\u00fctzung als Hundebegleiter<\/span><\/h1>\n\r\n\t\t<\/div>\r\n\t<\/div>\r\n<div class=\"w-gallery type_default cols_6 style_simple link_media\"><div class=\"w-gallery-list\"><a class=\"w-gallery-item order_1\" href=\"https:\/\/www.tsv-giessen.de\/wp-content\/uploads\/2024\/01\/DSC_5350.jpg\" title=\"DSC_5350\"><div class=\"w-gallery-item-img\"><img loading=\"lazy\" decoding=\"async\" width=\"350\" height=\"350\" src=\"https:\/\/www.tsv-giessen.de\/wp-content\/uploads\/2024\/01\/DSC_5350-350x350.jpg\" class=\"attachment-tnail-1x1-small size-tnail-1x1-small\" alt=\"\" srcset=\"https:\/\/www.tsv-giessen.de\/wp-content\/uploads\/2024\/01\/DSC_5350-350x350.jpg 350w, https:\/\/www.tsv-giessen.de\/wp-content\/uploads\/2024\/01\/DSC_5350-300x300.jpg 300w, https:\/\/www.tsv-giessen.de\/wp-content\/uploads\/2024\/01\/DSC_5350-100x100.jpg 100w, https:\/\/www.tsv-giessen.de\/wp-content\/uploads\/2024\/01\/DSC_5350-150x150.jpg 150w, https:\/\/www.tsv-giessen.de\/wp-content\/uploads\/2024\/01\/DSC_5350-180x180.jpg 180w, https:\/\/www.tsv-giessen.de\/wp-content\/uploads\/2024\/01\/DSC_5350-600x600.jpg 600w\" sizes=\"(max-width: 350px) 100vw, 350px\" \/><\/div><\/a><a class=\"w-gallery-item order_2\" href=\"https:\/\/www.tsv-giessen.de\/wp-content\/uploads\/2023\/12\/DSC_5018.jpg\" title=\"DSC_5018\"><div class=\"w-gallery-item-img\"><img loading=\"lazy\" decoding=\"async\" width=\"350\" height=\"350\" src=\"https:\/\/www.tsv-giessen.de\/wp-content\/uploads\/2023\/12\/DSC_5018-350x350.jpg\" class=\"attachment-tnail-1x1-small size-tnail-1x1-small\" alt=\"\" srcset=\"https:\/\/www.tsv-giessen.de\/wp-content\/uploads\/2023\/12\/DSC_5018-350x350.jpg 350w, https:\/\/www.tsv-giessen.de\/wp-content\/uploads\/2023\/12\/DSC_5018-300x300.jpg 300w, https:\/\/www.tsv-giessen.de\/wp-content\/uploads\/2023\/12\/DSC_5018-100x100.jpg 100w, https:\/\/www.tsv-giessen.de\/wp-content\/uploads\/2023\/12\/DSC_5018-150x150.jpg 150w, https:\/\/www.tsv-giessen.de\/wp-content\/uploads\/2023\/12\/DSC_5018-180x180.jpg 180w, https:\/\/www.tsv-giessen.de\/wp-content\/uploads\/2023\/12\/DSC_5018-600x600.jpg 600w\" sizes=\"(max-width: 350px) 100vw, 350px\" \/><\/div><\/a><a class=\"w-gallery-item order_3\" href=\"https:\/\/www.tsv-giessen.de\/wp-content\/uploads\/2023\/12\/DSC_4885.jpg\" title=\"DSC_4885\"><div class=\"w-gallery-item-img\"><img loading=\"lazy\" decoding=\"async\" width=\"350\" height=\"350\" src=\"https:\/\/www.tsv-giessen.de\/wp-content\/uploads\/2023\/12\/DSC_4885-350x350.jpg\" class=\"attachment-tnail-1x1-small size-tnail-1x1-small\" alt=\"\" srcset=\"https:\/\/www.tsv-giessen.de\/wp-content\/uploads\/2023\/12\/DSC_4885-350x350.jpg 350w, https:\/\/www.tsv-giessen.de\/wp-content\/uploads\/2023\/12\/DSC_4885-300x300.jpg 300w, https:\/\/www.tsv-giessen.de\/wp-content\/uploads\/2023\/12\/DSC_4885-100x100.jpg 100w, https:\/\/www.tsv-giessen.de\/wp-content\/uploads\/2023\/12\/DSC_4885-150x150.jpg 150w, https:\/\/www.tsv-giessen.de\/wp-content\/uploads\/2023\/12\/DSC_4885-180x180.jpg 180w, https:\/\/www.tsv-giessen.de\/wp-content\/uploads\/2023\/12\/DSC_4885-600x600.jpg 600w\" sizes=\"(max-width: 350px) 100vw, 350px\" \/><\/div><\/a><a class=\"w-gallery-item order_4\" href=\"https:\/\/www.tsv-giessen.de\/wp-content\/uploads\/2023\/11\/DSC_4505.jpg\" title=\"DSC_4505\"><div class=\"w-gallery-item-img\"><img loading=\"lazy\" decoding=\"async\" width=\"350\" height=\"350\" src=\"https:\/\/www.tsv-giessen.de\/wp-content\/uploads\/2023\/11\/DSC_4505-350x350.jpg\" class=\"attachment-tnail-1x1-small size-tnail-1x1-small\" alt=\"\" srcset=\"https:\/\/www.tsv-giessen.de\/wp-content\/uploads\/2023\/11\/DSC_4505-350x350.jpg 350w, https:\/\/www.tsv-giessen.de\/wp-content\/uploads\/2023\/11\/DSC_4505-300x300.jpg 300w, https:\/\/www.tsv-giessen.de\/wp-content\/uploads\/2023\/11\/DSC_4505-100x100.jpg 100w, https:\/\/www.tsv-giessen.de\/wp-content\/uploads\/2023\/11\/DSC_4505-600x600.jpg 600w, https:\/\/www.tsv-giessen.de\/wp-content\/uploads\/2023\/11\/DSC_4505-1024x1024.jpg 1024w, https:\/\/www.tsv-giessen.de\/wp-content\/uploads\/2023\/11\/DSC_4505-150x150.jpg 150w, https:\/\/www.tsv-giessen.de\/wp-content\/uploads\/2023\/11\/DSC_4505-768x768.jpg 768w, https:\/\/www.tsv-giessen.de\/wp-content\/uploads\/2023\/11\/DSC_4505-180x180.jpg 180w, https:\/\/www.tsv-giessen.de\/wp-content\/uploads\/2023\/11\/DSC_4505.jpg 1200w\" sizes=\"(max-width: 350px) 100vw, 350px\" \/><\/div><\/a><a class=\"w-gallery-item order_5\" href=\"https:\/\/www.tsv-giessen.de\/wp-content\/uploads\/2023\/11\/DSC_4281.jpg\" title=\"DSC_4281\"><div class=\"w-gallery-item-img\"><img loading=\"lazy\" decoding=\"async\" width=\"350\" height=\"350\" src=\"https:\/\/www.tsv-giessen.de\/wp-content\/uploads\/2023\/11\/DSC_4281-350x350.jpg\" class=\"attachment-tnail-1x1-small size-tnail-1x1-small\" alt=\"\" srcset=\"https:\/\/www.tsv-giessen.de\/wp-content\/uploads\/2023\/11\/DSC_4281-350x350.jpg 350w, https:\/\/www.tsv-giessen.de\/wp-content\/uploads\/2023\/11\/DSC_4281-300x300.jpg 300w, https:\/\/www.tsv-giessen.de\/wp-content\/uploads\/2023\/11\/DSC_4281-100x100.jpg 100w, https:\/\/www.tsv-giessen.de\/wp-content\/uploads\/2023\/11\/DSC_4281-150x150.jpg 150w, https:\/\/www.tsv-giessen.de\/wp-content\/uploads\/2023\/11\/DSC_4281-180x180.jpg 180w, https:\/\/www.tsv-giessen.de\/wp-content\/uploads\/2023\/11\/DSC_4281-600x600.jpg 600w\" sizes=\"(max-width: 350px) 100vw, 350px\" \/><\/div><\/a><a class=\"w-gallery-item order_6\" href=\"https:\/\/www.tsv-giessen.de\/wp-content\/uploads\/2023\/10\/DSC_4157.jpg\" title=\"DSC_4157\"><div class=\"w-gallery-item-img\"><img loading=\"lazy\" decoding=\"async\" width=\"350\" height=\"350\" src=\"https:\/\/www.tsv-giessen.de\/wp-content\/uploads\/2023\/10\/DSC_4157-350x350.jpg\" class=\"attachment-tnail-1x1-small size-tnail-1x1-small\" alt=\"\" srcset=\"https:\/\/www.tsv-giessen.de\/wp-content\/uploads\/2023\/10\/DSC_4157-350x350.jpg 350w, https:\/\/www.tsv-giessen.de\/wp-content\/uploads\/2023\/10\/DSC_4157-300x300.jpg 300w, https:\/\/www.tsv-giessen.de\/wp-content\/uploads\/2023\/10\/DSC_4157-100x100.jpg 100w, https:\/\/www.tsv-giessen.de\/wp-content\/uploads\/2023\/10\/DSC_4157-150x150.jpg 150w, https:\/\/www.tsv-giessen.de\/wp-content\/uploads\/2023\/10\/DSC_4157-180x180.jpg 180w, https:\/\/www.tsv-giessen.de\/wp-content\/uploads\/2023\/10\/DSC_4157-600x600.jpg 600w\" sizes=\"(max-width: 350px) 100vw, 350px\" \/><\/div><\/a><\/div><\/div>\n<div class=\"w-separator type_default size_medium thick_1 style_solid color_border cont_none\"><span class=\"w-separator-h\"><\/span><\/div>\r\n\t<div class=\"wpb_text_column \">\r\n\t\t<div class=\"wpb_wrapper\">\r\n\t\t\t<p><strong>Liebe Hundefreunde\/innen,<\/strong><\/p>\n<p>um unseren Hunden einen m\u00f6glichst angenehmen Tierheimaufenthalt zu bieten, ist es wichtig, dass sie m\u00f6glichst oft und regelm\u00e4\u00dfig besch\u00e4ftigt werden. Die Hunde sollten eine gute Bindung zu ihrem\/ihrer Begleiter\/in aufbauen, um ein optimales Training zu gew\u00e4hrleisten und dadurch ihre Vermittlungschancen zu erh\u00f6hen.<\/p>\n<p>Daher suchen wir Hundebegleitern\/innen, die Verantwortung \u00fcbernehmen wollen, Erfahrung im Umgang mit Hunden haben und bereit sind mindestens an zwei bis drei Tagen in der Woche \u00fcber einen l\u00e4ngeren Zeitraum f\u00fcr einen fest zugeteilten Hund da zu sein. Es handelt sich nicht nur um einfaches Gassigehen, sondern wir erwarten von unseren Hundebegleitern\/innen, dass sie w\u00e4hrend des Spaziergangs auch immer mit den Hunden trainieren und ein gutes Vertrauensverh\u00e4ltnis aufbauen.<\/p>\n<p>Zur Unterst\u00fctzung stehen ihnen Hundetrainer\/innen zur Seite, die Fortbildungsm\u00f6glichkeiten im Gruppen- und Einzeltraining anbieten. Wir legen gro\u00dfen Wert darauf, dass diese Angebote zum Wohle unserer Hunde genutzt werden, um einheitliche Trainingsmethoden aufbauen zu k\u00f6nnen und den Hundebegleitern\/innen einen sicheren Umgang mit den Hunden zu erm\u00f6glichen.<\/p>\n<p>Als Hundebegleiter m\u00fcssen sie mindestens <strong>18 Jahre alt<\/strong> sein.<\/p>\n<h4 style=\"text-align: center;\"><strong>Bitte beachten sie unsere Gassigeh-Zeiten:<\/strong><\/h4>\n<p>T\u00e4glich von <strong>8.30 \u2013 12.00 Uhr, 13.00 \u2013 16.00 Uhr,<\/strong><\/p>\n<p>Ausnahme: montags und donnerstags von <strong>10.00 \u2013 12.00 Uhr, 13.00 \u2013 16.00 Uhr,<\/strong><\/p>\n<p>zwischen <strong>12.00 \u2013 13.00 Uhr<\/strong> ist keine Hundebegleitung m\u00f6glich damit die Hunde eine Ruhezeit haben.<\/p>\n<p>Wenn Sie uns schreiben und sich bewerben, teilen sie uns doch bitte mit, wieviel Hundeerfahrung sie haben, damit wir besser einsch\u00e4tzen k\u00f6nnen welcher Hunde gegebenenfalls von ihnen betreut werden k\u00f6nnte.<\/p>\n<p>Bevor es dann los geht, w\u00fcrden wir sie in einem pers\u00f6nlichen Gespr\u00e4ch gerne kennenlernen.<\/p>\n<h5>Unsere Sch\u00fctzlinge und wir freuen uns auf Ihre Hilfe!<\/h5>\n\r\n\t\t<\/div>\r\n\t<\/div>\r\n<div class=\"w-message type_attention\"><div class=\"w-message-body\"><p>Hundebegleiter-Infostunde<\/p>\n<p>Bitte vereinbaren Sie einen Termin mit uns.<br \/>\ninfo@tsv-giessen.de<br \/>\nWir bitten um Verst\u00e4ndnis, wenn eine R\u00fcckmeldung mal ein paar Tage dauern kann. Vielen Dank.<\/p><\/div><\/div><\/div><\/div><\/div><\/div><\/div><\/section>\n","protected":false},"excerpt":{"rendered":"Unterst\u00fctzung als Hundebegleiter Liebe Hundefreunde\/innen, um unseren Hunden einen m\u00f6glichst angenehmen Tierheimaufenthalt zu bieten, ist es wichtig, dass sie m\u00f6glichst oft und regelm\u00e4\u00dfig besch\u00e4ftigt werden. Die Hunde sollten eine gute...","protected":false},"author":1,"featured_media":0,"parent":0,"menu_order":0,"comment_status":"closed","ping_status":"closed","template":"","meta":{"_piecal_is_event":false,"_piecal_start_date":"","_piecal_end_date":"","_piecal_is_allday":false,"footnotes":""},"_links":{"self":[{"href":"https:\/\/tsv-giessen.de\/index.php?rest_route=\/wp\/v2\/pages\/6352"}],"collection":[{"href":"https:\/\/tsv-giessen.de\/index.php?rest_route=\/wp\/v2\/pages"}],"about":[{"href":"https:\/\/tsv-giessen.de\/index.php?rest_route=\/wp\/v2\/types\/page"}],"author":[{"embeddable":true,"href":"https:\/\/tsv-giessen.de\/index.php?rest_route=\/wp\/v2\/users\/1"}],"replies":[{"embeddable":true,"href":"https:\/\/tsv-giessen.de\/index.php?rest_route=%2Fwp%2Fv2%2Fcomments&post=6352"}],"version-history":[{"count":0,"href":"https:\/\/tsv-giessen.de\/index.php?rest_route=\/wp\/v2\/pages\/6352\/revisions"}],"wp:attachment":[{"href":"https:\/\/tsv-giessen.de\/index.php?rest_route=%2Fwp%2Fv2%2Fmedia&parent=6352"}],"curies":[{"name":"wp","href":"https:\/\/api.w.org\/{rel}","templated":true}]}}