{"id":6345,"date":"2017-12-12T01:19:17","date_gmt":"2017-12-12T00:19:17","guid":{"rendered":"http:\/\/192.168.1.204\/wordpress\/?page_id=6345"},"modified":"2020-03-06T14:51:10","modified_gmt":"2020-03-06T13:51:10","slug":"obst-und-gemuese","status":"publish","type":"page","link":"https:\/\/tsv-giessen.de\/?page_id=6345","title":{"rendered":"Obst und Gem\u00fcse"},"content":{"rendered":"<section class=\"l-section wpb_row height_small\"><div class=\"l-section-h i-cf\"><div class=\"g-cols type_default valign_top\"><div class=\"vc_col-sm-8 wpb_column vc_column_container\"><div class=\"vc_column-inner\"><div class=\"wpb_wrapper\">\r\n\t<div class=\"wpb_text_column \">\r\n\t\t<div class=\"wpb_wrapper\">\r\n\t\t\t<div id=\"imGroup_2\" class=\"imHGroup\">\n<div id=\"imCell_1\">\n<div id=\"imCellStyle_1\">\n<div id=\"imTextObject_1\">\n<div id=\"imTextObject_1_tab0\" class=\"text-tab-content\">\n<div class=\"text-inner\">\n<p><span class=\"ff1 cf0 fs32\"><b>F\u00fcttern Sie mit?<\/b><\/span><\/p>\n<p><span class=\"fs20 ff1 cf0\">da wir f\u00fcr unsere Hunde jetzt h\u00e4ufig wieder selbst kochen und wir auch viele Kleintiere haben, bitten wir die Bev\u00f6lkerung um Unterst\u00fctzung:<br \/>\nwir freuen uns immer<\/span><\/p>\n<\/div>\n<\/div>\n<\/div>\n<\/div>\n<\/div>\n<\/div>\n\r\n\t\t<\/div>\r\n\t<\/div>\r\n\r\n\t<div class=\"wpb_text_column \">\r\n\t\t<div class=\"wpb_wrapper\">\r\n\t\t\t<div id=\"imGroup_2\" class=\"imHGroup\">\n<div id=\"imCell_1\">\n<div id=\"imCellStyle_1\">\n<div id=\"imTextObject_1\">\n<div id=\"imTextObject_1_tab0\" class=\"text-tab-content\">\n<div class=\"text-inner\">\n<p><span class=\"fs20 ff1 cf0\">\u2022 \u00fcber Gem\u00fcse und Obst (aus dem Garten), wie K\u00fcrbisse, Zucchini, Karotten, Petersilie <\/span><span class=\"fs20 ff1 cf0\">und\u00a0<\/span><span class=\"fs20 ff1 cf0\">Kr\u00e4uter, Himbeeren, Brombeeren, \u00c4pfel, Salat, Gurken, Blumenkohl \u00a0u.a.,<\/span><span class=\"fs20 ff1 cf0\"><br \/>\n\u2022 Kartoffeln, Reis, Nudeln, S\u00fc\u00dfkartoffeln,<\/span><span class=\"fs20 ff1 cf0\"><br \/>\n\u2022 Heu und Stroh.<\/span><\/p>\n<\/div>\n<\/div>\n<\/div>\n<\/div>\n<\/div>\n<\/div>\n\r\n\t\t<\/div>\r\n\t<\/div>\r\n\r\n\t<div class=\"wpb_text_column \">\r\n\t\t<div class=\"wpb_wrapper\">\r\n\t\t\t<div id=\"imGroup_2\" class=\"imHGroup\"><\/div>\n<div id=\"imGroup_5\" class=\"imHGroup\">\n<div id=\"imCell_3\">\n<div id=\"imCellStyle_3\">\n<div id=\"imTextObject_3\">\n<div id=\"imTextObject_3_tab0\" class=\"text-tab-content\">\n<div class=\"text-inner\">\n<p><span class=\"fs20\"><span class=\"ff2\">Bitte bringen Sie zu einem Besuch bei uns auch immer gerne etwas zum \u201c Fressen und Nagen\u201c mit! Unsere Tiere freuen sich und bleiben gesund!<\/span><\/span><\/p>\n<p>Herzlichen Dank!<br \/>\nDas Tierheim-Team<\/p>\n<\/div>\n<\/div>\n<\/div>\n<\/div>\n<\/div>\n<\/div>\n\r\n\t\t<\/div>\r\n\t<\/div>\r\n<\/div><\/div><\/div><div class=\"vc_col-sm-4 wpb_column vc_column_container\"><div class=\"vc_column-inner\"><div class=\"wpb_wrapper\">\r\n\t<div class=\"wpb_text_column \">\r\n\t\t<div class=\"wpb_wrapper\">\r\n\t\t\t<div id=\"imCell_2\"><\/div>\n\r\n\t\t<\/div>\r\n\t<\/div>\r\n<\/div><\/div><\/div><\/div><\/div><\/section>\n","protected":false},"excerpt":{"rendered":"F\u00fcttern Sie mit? da wir f\u00fcr unsere Hunde jetzt h\u00e4ufig wieder selbst kochen und wir auch viele Kleintiere haben, bitten wir die Bev\u00f6lkerung um Unterst\u00fctzung: wir freuen uns immer \u2022...","protected":false},"author":1,"featured_media":0,"parent":0,"menu_order":0,"comment_status":"closed","ping_status":"closed","template":"","meta":{"_piecal_is_event":false,"_piecal_start_date":"","_piecal_end_date":"","_piecal_is_allday":false,"footnotes":""},"_links":{"self":[{"href":"https:\/\/tsv-giessen.de\/index.php?rest_route=\/wp\/v2\/pages\/6345"}],"collection":[{"href":"https:\/\/tsv-giessen.de\/index.php?rest_route=\/wp\/v2\/pages"}],"about":[{"href":"https:\/\/tsv-giessen.de\/index.php?rest_route=\/wp\/v2\/types\/page"}],"author":[{"embeddable":true,"href":"https:\/\/tsv-giessen.de\/index.php?rest_route=\/wp\/v2\/users\/1"}],"replies":[{"embeddable":true,"href":"https:\/\/tsv-giessen.de\/index.php?rest_route=%2Fwp%2Fv2%2Fcomments&post=6345"}],"version-history":[{"count":0,"href":"https:\/\/tsv-giessen.de\/index.php?rest_route=\/wp\/v2\/pages\/6345\/revisions"}],"wp:attachment":[{"href":"https:\/\/tsv-giessen.de\/index.php?rest_route=%2Fwp%2Fv2%2Fmedia&parent=6345"}],"curies":[{"name":"wp","href":"https:\/\/api.w.org\/{rel}","templated":true}]}}