{"id":6342,"date":"2017-12-12T01:13:09","date_gmt":"2017-12-12T00:13:09","guid":{"rendered":"http:\/\/192.168.1.204\/wordpress\/?page_id=6342"},"modified":"2025-12-16T11:58:39","modified_gmt":"2025-12-16T10:58:39","slug":"spenden","status":"publish","type":"page","link":"https:\/\/tsv-giessen.de\/?page_id=6342","title":{"rendered":"Spenden"},"content":{"rendered":"<section class=\"l-section wpb_row height_small\"><div class=\"l-section-h i-cf\"><div class=\"g-cols type_default valign_top\"><div class=\"vc_col-sm-12 wpb_column vc_column_container\"><div class=\"vc_column-inner\"><div class=\"wpb_wrapper\">\r\n\t<div class=\"wpb_text_column \">\r\n\t\t<div class=\"wpb_wrapper\">\r\n\t\t\t<h6><span class=\"fs20\"><span class=\"ff1 cf0\"><b>Lieber Tierfreund,<\/b><\/span><\/span><span class=\"ff1 fs20\"><br \/>\n<\/span><span class=\"fs16 ff1\"><br \/>\n<\/span><span class=\"ff1 fs20\">Neben Mitgliedsbeitr\u00e4gen sind auch Geldspenden f\u00fcr die Finanzierung unseres Vereins und unserer sonstigen T\u00e4tigkeiten \u00fcberlebenswichtig. Deshalb ben\u00f6tigen wir Ihre Hilfe und freuen uns \u00fcber jeden Beitrag. Da wir ein gemeinn\u00fctziger Verein sind, k\u00f6nnen wir Ihnen eine Spendenbescheinigung ausstellen &#8211; <\/span><\/h6>\n<h6><span class=\"ff1 fs20\"><strong>bei \u00dcberweisungen <span class=\"cf3\">bis 300,- Euro <\/span><\/strong><\/span><span class=\"ff1 fs20\"><strong>reicht f\u00fcr Sie aber die Vorlage des Kontoauszuges oder, bei direkter Spende vor Ort bei uns, der Quittung beim Finanzamt<\/strong>.<br \/>\n<\/span><\/h6>\n<h6><span class=\"ff1 fs20\">Ab einem Spendenwert von \u00fcber 300,- Euro per \u00dcberweisung oder in bar stellen wir Ihnen hierf\u00fcr eine gesonderte Spendenquittung aus. Bitte vermerken Sie dazu auf Ihrer \u00dcberweisung <span class=\"imUl\">Ihren Namen und Ihre vollst\u00e4ndige Anschrift<\/span><\/span><span class=\"ff1 fs20\">, da wir Ihnen sonst keine Spendenquittung zukommen lassen k\u00f6nnen. <\/span><\/h6>\n<h6><span class=\"ff1 fs20\">Auch f\u00fcr Sachspenden k\u00f6nnen wir Ihnen eine Spendenquittung erstellen!<\/span><\/h6>\n<h6><span class=\"ff1 fs20\">Im folgenden finden Sie verschiedene M\u00f6glichkeiten, wie Sie uns direkt und indirekt Unterst\u00fctzen k\u00f6nnen.<\/span><\/h6>\n<h6><span class=\"ff1 fs20\"><br \/>\nHerzlichen Dank f\u00fcr Ihre Hilfe.<\/span><\/h6>\n\r\n\t\t<\/div>\r\n\t<\/div>\r\n<\/div><\/div><\/div><\/div><\/div><\/section><section class=\"l-section wpb_row height_small\"><div class=\"l-section-h i-cf\"><div class=\"g-cols type_default valign_top\"><div class=\"vc_col-sm-6 wpb_column vc_column_container\"><div class=\"vc_column-inner\"><div class=\"wpb_wrapper\">\r\n\t<div class=\"wpb_text_column \">\r\n\t\t<div class=\"wpb_wrapper\">\r\n\t\t\t<h5 id=\"imCellStyleGraphics_3\"><\/h5>\n<div id=\"imCellStyle_3\">\n<div id=\"imTextObject_3\">\n<div id=\"imTextObject_3_tab0\" class=\"text-tab-content\">\n<div class=\"text-inner\">\n<h5><strong><span class=\"ff1 fs20\">Bitte \u00fcberweisen Sie Ihre Geldspende <\/span><span class=\"ff1 fs20\">auf unser Konto:<\/span><\/strong><\/h5>\n<p><b>Tierschutzverein Giessen und Umgebung e.V.<br \/>\nSparkasse Giessen<br \/>\nKonto Nr.: \u00a0\u00a0\u00a0200 505 424<br \/>\nBLZ: \u00a0\u00a0\u00a051350025<br \/>\nIBAN: <\/b><b><span class=\"ff2 fs20\">DE76 5135 0025 0200 5054 24<\/span><span class=\"ff1 fs20\"><br \/>\nBIC: SKGIDE5F<br \/>\n<\/span><\/b><\/p>\n<\/div>\n<\/div>\n<\/div>\n<\/div>\n\r\n\t\t<\/div>\r\n\t<\/div>\r\n<\/div><\/div><\/div><div class=\"vc_col-sm-6 wpb_column vc_column_container\"><div class=\"vc_column-inner\"><div class=\"wpb_wrapper\">\r\n\t<div class=\"wpb_text_column \">\r\n\t\t<div class=\"wpb_wrapper\">\r\n\t\t\t<p><span class=\"ff1 fs20\">Falls Sie uns dabei unterst\u00fctzen <\/span><span class=\"ff1 fs20\">m\u00f6chten,<\/span><\/p>\n<h5><em><strong><span class=\"ff1 fs20\"> Menschen mit Tieren in Not<\/span><\/strong><\/em><\/h5>\n<p><span class=\"ff1 fs20\"> zu helfen, \u00fcberweisen Sie bitte Ihre<\/span><br \/>\n<span class=\"ff1 fs20\">Spende an folgendes Konto:<\/span><\/p>\n<p><b>Tierschutzverein Giessen und Umgebung e.V<br \/>\nVolksbank Mittelhessen<br \/>\nKonto Nr.: \u00a0\u00a0 818 503 13<br \/>\nBLZ: \u00a0\u00a0\u00a051390000<br \/>\nIBAN: <\/b><b><span class=\"ff2 fs20\">DE<\/span><span class=\"ff1 fs20\">06 5139 0000 0081 8503 13<br \/>\nBIC: VBMHDE5F<br \/>\n<\/span><\/b><\/p>\n\r\n\t\t<\/div>\r\n\t<\/div>\r\n<\/div><\/div><\/div><\/div><\/div><\/section><section class=\"l-section wpb_row height_small\"><div class=\"l-section-h i-cf\"><div class=\"g-cols type_default valign_top\"><div class=\"vc_col-sm-4 wpb_column vc_column_container\"><div class=\"vc_column-inner\"><div class=\"wpb_wrapper\">\r\n\t<div class=\"wpb_text_column \">\r\n\t\t<div class=\"wpb_wrapper\">\r\n\t\t\t<p style=\"text-align: center\"><strong>Wir haben auch eine Wunschliste bei<br \/>\n<\/strong><\/p>\n\r\n\t\t<\/div>\r\n\t<\/div>\r\n<div class=\"w-image align_center style_simple\"><div class=\"us-frame\"><a href=\"https:\/\/www.amazon.de\/registry\/wishlist\/38JGG6KR9BNYX\" title=\"\" target=\"\" rel=\"\"><img loading=\"lazy\" decoding=\"async\" width=\"217\" height=\"98\" src=\"https:\/\/www.tsv-giessen.de\/wp-content\/uploads\/2019\/01\/Amazon.png\" class=\"attachment-medium size-medium\" alt=\"\" \/><\/a><\/div><\/div><div class=\"w-btn-wrapper align_center\"><a class=\"w-btn style_solid color_primary icon_none\" href=\"https:\/\/www.amazon.de\/registry\/wishlist\/38JGG6KR9BNYX\" style=\"font-size:20px;\"><span class=\"w-btn-label\">zur Wunschliste<\/span><\/a><\/div><\/div><\/div><\/div><div class=\"vc_col-sm-4 wpb_column vc_column_container\"><div class=\"vc_column-inner\"><div class=\"wpb_wrapper\">\r\n\t<div class=\"wpb_text_column \">\r\n\t\t<div class=\"wpb_wrapper\">\r\n\t\t\t<p style=\"text-align: center\"><strong>Wir haben auch eine Wunschliste bei<\/strong><\/p>\n\r\n\t\t<\/div>\r\n\t<\/div>\r\n<div class=\"w-image align_center style_simple\"><div class=\"us-frame\"><a href=\"https:\/\/zookauf.de\/tierheim-wunschlisten\/I5HDhzorayqr5eVo\" title=\"\" target=\"\" rel=\"\"><img loading=\"lazy\" decoding=\"async\" width=\"842\" height=\"239\" src=\"https:\/\/www.tsv-giessen.de\/wp-content\/uploads\/2023\/08\/zookauf_logo.png\" class=\"attachment-large size-large\" alt=\"\" srcset=\"https:\/\/www.tsv-giessen.de\/wp-content\/uploads\/2023\/08\/zookauf_logo.png 842w, https:\/\/www.tsv-giessen.de\/wp-content\/uploads\/2023\/08\/zookauf_logo-600x170.png 600w, https:\/\/www.tsv-giessen.de\/wp-content\/uploads\/2023\/08\/zookauf_logo-300x85.png 300w, https:\/\/www.tsv-giessen.de\/wp-content\/uploads\/2023\/08\/zookauf_logo-768x218.png 768w\" sizes=\"(max-width: 842px) 100vw, 842px\" \/><\/a><\/div><\/div><div class=\"w-btn-wrapper align_center\"><a class=\"w-btn style_solid color_primary icon_none\" href=\"https:\/\/zookauf.de\/tierheim-wunschlisten\/I5HDhzorayqr5eVo\" style=\"font-size:20px;\"><span class=\"w-btn-label\">Zur Zookauf Wunschliste<\/span><\/a><\/div><\/div><\/div><\/div><div class=\"vc_col-sm-4 wpb_column vc_column_container\"><div class=\"vc_column-inner\"><div class=\"wpb_wrapper\">\r\n\t<div class=\"wpb_text_column \">\r\n\t\t<div class=\"wpb_wrapper\">\r\n\t\t\t<p style=\"text-align: right\"><strong>Oder spenden Sie sicher und bequem per<\/strong><\/p>\n\r\n\t\t<\/div>\r\n\t<\/div>\r\n<div class=\"w-image align_right style_simple\"><div class=\"us-frame\"><img loading=\"lazy\" decoding=\"async\" width=\"300\" height=\"78\" src=\"https:\/\/www.tsv-giessen.de\/wp-content\/uploads\/2017\/12\/Paypal-300x78.png\" class=\"attachment-medium size-medium\" alt=\"\" srcset=\"https:\/\/www.tsv-giessen.de\/wp-content\/uploads\/2017\/12\/Paypal-300x78.png 300w, https:\/\/www.tsv-giessen.de\/wp-content\/uploads\/2017\/12\/Paypal.png 441w\" sizes=\"(max-width: 300px) 100vw, 300px\" \/><\/div><\/div>\r\n\t<div class=\"wpb_text_column \">\r\n\t\t<div class=\"wpb_wrapper\">\r\n\t\t\t<h1 style=\"text-align: center\"><!-- Begin PayPal Donations by https:\/\/www.tipsandtricks-hq.com\/paypal-donations-widgets-plugin -->\n\n<form action=\"https:\/\/www.paypal.com\/cgi-bin\/webscr\" method=\"post\">\n    <div class=\"paypal-donations\">\n        <input type=\"hidden\" name=\"cmd\" value=\"_donations\" \/>\n        <input type=\"hidden\" name=\"bn\" value=\"TipsandTricks_SP\" \/>\n        <input type=\"hidden\" name=\"business\" value=\"info@tsv-giessen.de\" \/>\n        <input type=\"hidden\" name=\"rm\" value=\"0\" \/>\n        <input type=\"hidden\" name=\"currency_code\" value=\"EUR\" \/>\n        <input type=\"image\" style=\"cursor: pointer;\" src=\"https:\/\/www.paypalobjects.com\/de_DE\/DE\/i\/btn\/btn_donate_LG.gif\" name=\"submit\" alt=\"PayPal - The safer, easier way to pay online.\" \/>\n        <img loading=\"lazy\" decoding=\"async\" alt=\"\" src=\"https:\/\/www.paypalobjects.com\/en_US\/i\/scr\/pixel.gif\" width=\"1\" height=\"1\" \/>\n    <\/div>\n<\/form>\n<!-- End PayPal Donations -->\n<\/h1>\n\r\n\t\t<\/div>\r\n\t<\/div>\r\n<\/div><\/div><\/div><\/div><\/div><\/section><section class=\"l-section wpb_row height_small\"><div class=\"l-section-h i-cf\"><div class=\"g-cols type_default valign_top\"><div class=\"vc_col-sm-4 wpb_column vc_column_container\"><div class=\"vc_column-inner\"><div class=\"wpb_wrapper\"><\/div><\/div><\/div><div class=\"vc_col-sm-4 wpb_column vc_column_container\"><div class=\"vc_column-inner\"><div class=\"wpb_wrapper\"><\/div><\/div><\/div><div class=\"vc_col-sm-4 wpb_column vc_column_container\"><div class=\"vc_column-inner\"><div class=\"wpb_wrapper\"><\/div><\/div><\/div><\/div><\/div><\/section>\n","protected":false},"excerpt":{"rendered":"Lieber Tierfreund, Neben Mitgliedsbeitr\u00e4gen sind auch Geldspenden f\u00fcr die Finanzierung unseres Vereins und unserer sonstigen T\u00e4tigkeiten \u00fcberlebenswichtig. Deshalb ben\u00f6tigen wir Ihre Hilfe und freuen uns \u00fcber jeden Beitrag. Da wir...","protected":false},"author":1,"featured_media":0,"parent":0,"menu_order":0,"comment_status":"closed","ping_status":"closed","template":"","meta":{"_piecal_is_event":false,"_piecal_start_date":"","_piecal_end_date":"","_piecal_is_allday":false,"footnotes":""},"_links":{"self":[{"href":"https:\/\/tsv-giessen.de\/index.php?rest_route=\/wp\/v2\/pages\/6342"}],"collection":[{"href":"https:\/\/tsv-giessen.de\/index.php?rest_route=\/wp\/v2\/pages"}],"about":[{"href":"https:\/\/tsv-giessen.de\/index.php?rest_route=\/wp\/v2\/types\/page"}],"author":[{"embeddable":true,"href":"https:\/\/tsv-giessen.de\/index.php?rest_route=\/wp\/v2\/users\/1"}],"replies":[{"embeddable":true,"href":"https:\/\/tsv-giessen.de\/index.php?rest_route=%2Fwp%2Fv2%2Fcomments&post=6342"}],"version-history":[{"count":9,"href":"https:\/\/tsv-giessen.de\/index.php?rest_route=\/wp\/v2\/pages\/6342\/revisions"}],"predecessor-version":[{"id":37929,"href":"https:\/\/tsv-giessen.de\/index.php?rest_route=\/wp\/v2\/pages\/6342\/revisions\/37929"}],"wp:attachment":[{"href":"https:\/\/tsv-giessen.de\/index.php?rest_route=%2Fwp%2Fv2%2Fmedia&parent=6342"}],"curies":[{"name":"wp","href":"https:\/\/api.w.org\/{rel}","templated":true}]}}