{"id":6292,"date":"2017-12-09T15:31:08","date_gmt":"2017-12-09T14:31:08","guid":{"rendered":"http:\/\/192.168.1.204\/wordpress\/?page_id=6292"},"modified":"2019-06-25T14:52:40","modified_gmt":"2019-06-25T12:52:40","slug":"vegane-rezepte","status":"publish","type":"page","link":"https:\/\/tsv-giessen.de\/?page_id=6292","title":{"rendered":"Vegane Rezepte"},"content":{"rendered":"<section class=\"l-section wpb_row height_small\"><div class=\"l-section-h i-cf\"><div class=\"g-cols type_default valign_top\"><div class=\"vc_col-sm-12 wpb_column vc_column_container\"><div class=\"vc_column-inner\"><div class=\"wpb_wrapper\">\r\n\t<div class=\"wpb_text_column \">\r\n\t\t<div class=\"wpb_wrapper\">\r\n\t\t\t<h1 style=\"text-align: center;\"><span class=\"fs16\"><b>Tierproduktfreie Rezepte<\/b><\/span><\/h1>\n\r\n\t\t<\/div>\r\n\t<\/div>\r\n\t<div class=\"w-portfolio type_grid style_1 cols_6 align_center ratio_4x3\">\t<div class=\"w-portfolio-list\"><div class=\"w-portfolio-item tierproduktfreie-rezepte size_1x1\" data-id=\"9793\" data-categories=\"tierproduktfreie-rezepte\">\r\n\t<a class=\"w-portfolio-item-anchor\" href=\"https:\/\/tsv-giessen.de\/?us_portfolio=schmorkohl\">\r\n\t\t<div class=\"w-portfolio-item-image\" style=\"background-image: url(https:\/\/www.tsv-giessen.de\/wp-content\/uploads\/2019\/03\/rezept-2-600x400.jpg)\">\r\n\t\t\t<img loading=\"lazy\" decoding=\"async\" src=\"https:\/\/www.tsv-giessen.de\/wp-content\/uploads\/2019\/03\/rezept-2-600x400.jpg\" width=\"600\" height=\"400\" alt=\"Schmorkohl\" \/>\t\t<\/div>\r\n\t\t\t\t\t\t\t<div class=\"w-portfolio-item-meta\">\r\n\t\t\t\t<div class=\"w-portfolio-item-meta-h\">\r\n\t\t\t\t\t<h2 class=\"w-portfolio-item-title\">Schmorkohl<\/h2>\t\t\t\t\t<span class=\"w-portfolio-item-arrow\"><\/span>\r\n\t\t\t\t<\/div>\r\n\t\t\t<\/div>\r\n\t\t\t<\/a>\r\n<\/div>\r\n<div class=\"w-portfolio-item tierproduktfreie-rezepte size_1x1\" data-id=\"9791\" data-categories=\"tierproduktfreie-rezepte\">\r\n\t<a class=\"w-portfolio-item-anchor\" href=\"https:\/\/tsv-giessen.de\/?us_portfolio=ruehrtofe-wie-ruehrei\">\r\n\t\t<div class=\"w-portfolio-item-image\" style=\"background-image: url(https:\/\/www.tsv-giessen.de\/wp-content\/uploads\/2019\/03\/rezept-1-vegan-600x400.jpg)\">\r\n\t\t\t<img loading=\"lazy\" decoding=\"async\" src=\"https:\/\/www.tsv-giessen.de\/wp-content\/uploads\/2019\/03\/rezept-1-vegan-600x400.jpg\" width=\"600\" height=\"400\" alt=\"R\u00fchrtofe (wie R\u00fchrei)\" \/>\t\t<\/div>\r\n\t\t\t\t\t\t\t<div class=\"w-portfolio-item-meta\">\r\n\t\t\t\t<div class=\"w-portfolio-item-meta-h\">\r\n\t\t\t\t\t<h2 class=\"w-portfolio-item-title\">R\u00fchrtofe (wie R\u00fchrei)<\/h2>\t\t\t\t\t<span class=\"w-portfolio-item-arrow\"><\/span>\r\n\t\t\t\t<\/div>\r\n\t\t\t<\/div>\r\n\t\t\t<\/a>\r\n<\/div>\r\n<div class=\"w-portfolio-item tierproduktfreie-rezepte size_1x1\" data-id=\"9787\" data-categories=\"tierproduktfreie-rezepte\">\r\n\t<a class=\"w-portfolio-item-anchor\" href=\"https:\/\/tsv-giessen.de\/?us_portfolio=roter-linseneintopf\">\r\n\t\t<div class=\"w-portfolio-item-image\" style=\"background-image: url(https:\/\/www.tsv-giessen.de\/wp-content\/uploads\/2019\/03\/Roter-Linseneintopf-600x338.jpg)\">\r\n\t\t\t<img loading=\"lazy\" decoding=\"async\" src=\"https:\/\/www.tsv-giessen.de\/wp-content\/uploads\/2019\/03\/Roter-Linseneintopf-600x338.jpg\" width=\"600\" height=\"338\" alt=\"Roter Linseneintopf\" \/>\t\t<\/div>\r\n\t\t\t\t\t\t\t<div class=\"w-portfolio-item-meta\">\r\n\t\t\t\t<div class=\"w-portfolio-item-meta-h\">\r\n\t\t\t\t\t<h2 class=\"w-portfolio-item-title\">Roter Linseneintopf<\/h2>\t\t\t\t\t<span class=\"w-portfolio-item-arrow\"><\/span>\r\n\t\t\t\t<\/div>\r\n\t\t\t<\/div>\r\n\t\t\t<\/a>\r\n<\/div>\r\n<div class=\"w-portfolio-item tierproduktfreie-rezepte size_1x1\" data-id=\"9785\" data-categories=\"tierproduktfreie-rezepte\">\r\n\t<a class=\"w-portfolio-item-anchor\" href=\"https:\/\/tsv-giessen.de\/?us_portfolio=dhal-indisches-rote-linsen-curry\">\r\n\t\t<div class=\"w-portfolio-item-image\" style=\"background-image: url(https:\/\/www.tsv-giessen.de\/wp-content\/uploads\/2019\/03\/Dhal-600x400.jpg)\">\r\n\t\t\t<img loading=\"lazy\" decoding=\"async\" src=\"https:\/\/www.tsv-giessen.de\/wp-content\/uploads\/2019\/03\/Dhal-600x400.jpg\" width=\"600\" height=\"400\" alt=\"Dhal (indisches rote Linsen Curry)\" \/>\t\t<\/div>\r\n\t\t\t\t\t\t\t<div class=\"w-portfolio-item-meta\">\r\n\t\t\t\t<div class=\"w-portfolio-item-meta-h\">\r\n\t\t\t\t\t<h2 class=\"w-portfolio-item-title\">Dhal (indisches rote Linsen Curry)<\/h2>\t\t\t\t\t<span class=\"w-portfolio-item-arrow\"><\/span>\r\n\t\t\t\t<\/div>\r\n\t\t\t<\/div>\r\n\t\t\t<\/a>\r\n<\/div>\r\n<div class=\"w-portfolio-item tierproduktfreie-rezepte size_1x1\" data-id=\"9782\" data-categories=\"tierproduktfreie-rezepte\">\r\n\t<a class=\"w-portfolio-item-anchor\" href=\"https:\/\/tsv-giessen.de\/?us_portfolio=serbische-bohnensupper\">\r\n\t\t<div class=\"w-portfolio-item-image\" style=\"background-image: url(https:\/\/www.tsv-giessen.de\/wp-content\/uploads\/2019\/03\/Serbische-Bohnensuppe-600x400.jpg)\">\r\n\t\t\t<img loading=\"lazy\" decoding=\"async\" src=\"https:\/\/www.tsv-giessen.de\/wp-content\/uploads\/2019\/03\/Serbische-Bohnensuppe-600x400.jpg\" width=\"600\" height=\"400\" alt=\"Serbische Bohnensuppe\" \/>\t\t<\/div>\r\n\t\t\t\t\t\t\t<div class=\"w-portfolio-item-meta\">\r\n\t\t\t\t<div class=\"w-portfolio-item-meta-h\">\r\n\t\t\t\t\t<h2 class=\"w-portfolio-item-title\">Serbische Bohnensuppe<\/h2>\t\t\t\t\t<span class=\"w-portfolio-item-arrow\"><\/span>\r\n\t\t\t\t<\/div>\r\n\t\t\t<\/div>\r\n\t\t\t<\/a>\r\n<\/div>\r\n<div class=\"w-portfolio-item tierproduktfreie-rezepte size_1x1\" data-id=\"9755\" data-categories=\"tierproduktfreie-rezepte\">\r\n\t<a class=\"w-portfolio-item-anchor\" href=\"https:\/\/tsv-giessen.de\/?us_portfolio=kichererbsen-moehren-suppe\">\r\n\t\t<div class=\"w-portfolio-item-image\" style=\"background-image: url(https:\/\/www.tsv-giessen.de\/wp-content\/uploads\/2019\/03\/Kichererbsen-M\u00f6hren-Suppe-600x400.jpg)\">\r\n\t\t\t<img loading=\"lazy\" decoding=\"async\" src=\"https:\/\/www.tsv-giessen.de\/wp-content\/uploads\/2019\/03\/Kichererbsen-M\u00f6hren-Suppe-600x400.jpg\" width=\"600\" height=\"400\" alt=\"Kichererbsen-M\u00f6hren-Suppe\" \/>\t\t<\/div>\r\n\t\t\t\t\t\t\t<div class=\"w-portfolio-item-meta\">\r\n\t\t\t\t<div class=\"w-portfolio-item-meta-h\">\r\n\t\t\t\t\t<h2 class=\"w-portfolio-item-title\">Kichererbsen-M\u00f6hren-Suppe<\/h2>\t\t\t\t\t<span class=\"w-portfolio-item-arrow\"><\/span>\r\n\t\t\t\t<\/div>\r\n\t\t\t<\/div>\r\n\t\t\t<\/a>\r\n<\/div>\r\n<div class=\"w-portfolio-item tierproduktfreie-rezepte size_1x1\" data-id=\"9753\" data-categories=\"tierproduktfreie-rezepte\">\r\n\t<a class=\"w-portfolio-item-anchor\" href=\"https:\/\/tsv-giessen.de\/?us_portfolio=linsenbolognese\">\r\n\t\t<div class=\"w-portfolio-item-image\" style=\"background-image: url(https:\/\/www.tsv-giessen.de\/wp-content\/uploads\/2019\/03\/Linsenbolognese-600x400.jpg)\">\r\n\t\t\t<img loading=\"lazy\" decoding=\"async\" src=\"https:\/\/www.tsv-giessen.de\/wp-content\/uploads\/2019\/03\/Linsenbolognese-600x400.jpg\" width=\"600\" height=\"400\" alt=\"Linsenbolognese\" \/>\t\t<\/div>\r\n\t\t\t\t\t\t\t<div class=\"w-portfolio-item-meta\">\r\n\t\t\t\t<div class=\"w-portfolio-item-meta-h\">\r\n\t\t\t\t\t<h2 class=\"w-portfolio-item-title\">Linsenbolognese<\/h2>\t\t\t\t\t<span class=\"w-portfolio-item-arrow\"><\/span>\r\n\t\t\t\t<\/div>\r\n\t\t\t<\/div>\r\n\t\t\t<\/a>\r\n<\/div>\r\n<div class=\"w-portfolio-item tierproduktfreie-rezepte size_1x1\" data-id=\"9751\" data-categories=\"tierproduktfreie-rezepte\">\r\n\t<a class=\"w-portfolio-item-anchor\" href=\"https:\/\/tsv-giessen.de\/?us_portfolio=chili-sin-carne\">\r\n\t\t<div class=\"w-portfolio-item-image\" style=\"background-image: url(https:\/\/www.tsv-giessen.de\/wp-content\/uploads\/2019\/03\/chilli-600x400.jpg)\">\r\n\t\t\t<img loading=\"lazy\" decoding=\"async\" src=\"https:\/\/www.tsv-giessen.de\/wp-content\/uploads\/2019\/03\/chilli-600x400.jpg\" width=\"600\" height=\"400\" alt=\"Chili sin carne\" \/>\t\t<\/div>\r\n\t\t\t\t\t\t\t<div class=\"w-portfolio-item-meta\">\r\n\t\t\t\t<div class=\"w-portfolio-item-meta-h\">\r\n\t\t\t\t\t<h2 class=\"w-portfolio-item-title\">Chili sin carne<\/h2>\t\t\t\t\t<span class=\"w-portfolio-item-arrow\"><\/span>\r\n\t\t\t\t<\/div>\r\n\t\t\t<\/div>\r\n\t\t\t<\/a>\r\n<\/div>\r\n<div class=\"w-portfolio-item tierproduktfreie-rezepte size_1x1\" data-id=\"9748\" data-categories=\"tierproduktfreie-rezepte\">\r\n\t<a class=\"w-portfolio-item-anchor\" href=\"https:\/\/tsv-giessen.de\/?us_portfolio=suesser-flammkuchen\">\r\n\t\t<div class=\"w-portfolio-item-image\" style=\"background-image: url(https:\/\/www.tsv-giessen.de\/wp-content\/uploads\/2019\/03\/S\u00fc\u00dfer-Flammkuchen-600x400.jpg)\">\r\n\t\t\t<img loading=\"lazy\" decoding=\"async\" src=\"https:\/\/www.tsv-giessen.de\/wp-content\/uploads\/2019\/03\/S\u00fc\u00dfer-Flammkuchen-600x400.jpg\" width=\"600\" height=\"400\" alt=\"S\u00fc\u00dfer Flammkuchen\" \/>\t\t<\/div>\r\n\t\t\t\t\t\t\t<div class=\"w-portfolio-item-meta\">\r\n\t\t\t\t<div class=\"w-portfolio-item-meta-h\">\r\n\t\t\t\t\t<h2 class=\"w-portfolio-item-title\">S\u00fc\u00dfer Flammkuchen<\/h2>\t\t\t\t\t<span class=\"w-portfolio-item-arrow\"><\/span>\r\n\t\t\t\t<\/div>\r\n\t\t\t<\/div>\r\n\t\t\t<\/a>\r\n<\/div>\r\n<div class=\"w-portfolio-item tierproduktfreie-rezepte size_1x1\" data-id=\"9745\" data-categories=\"tierproduktfreie-rezepte\">\r\n\t<a class=\"w-portfolio-item-anchor\" href=\"https:\/\/tsv-giessen.de\/?us_portfolio=suesse-kuerbissuppe\">\r\n\t\t<div class=\"w-portfolio-item-image\" style=\"background-image: url(https:\/\/www.tsv-giessen.de\/wp-content\/uploads\/2019\/03\/S\u00fc\u00dfe-K\u00fcrbissuppe-600x400.jpg)\">\r\n\t\t\t<img loading=\"lazy\" decoding=\"async\" src=\"https:\/\/www.tsv-giessen.de\/wp-content\/uploads\/2019\/03\/S\u00fc\u00dfe-K\u00fcrbissuppe-600x400.jpg\" width=\"600\" height=\"400\" alt=\"S\u00fc\u00dfe K\u00fcrbissuppe\" \/>\t\t<\/div>\r\n\t\t\t\t\t\t\t<div class=\"w-portfolio-item-meta\">\r\n\t\t\t\t<div class=\"w-portfolio-item-meta-h\">\r\n\t\t\t\t\t<h2 class=\"w-portfolio-item-title\">S\u00fc\u00dfe K\u00fcrbissuppe<\/h2>\t\t\t\t\t<span class=\"w-portfolio-item-arrow\"><\/span>\r\n\t\t\t\t<\/div>\r\n\t\t\t<\/div>\r\n\t\t\t<\/a>\r\n<\/div>\r\n<div class=\"w-portfolio-item tierproduktfreie-rezepte size_1x1\" data-id=\"9742\" data-categories=\"tierproduktfreie-rezepte\">\r\n\t<a class=\"w-portfolio-item-anchor\" href=\"https:\/\/tsv-giessen.de\/?us_portfolio=9742\">\r\n\t\t<div class=\"w-portfolio-item-image\" style=\"background-image: url(https:\/\/www.tsv-giessen.de\/wp-content\/uploads\/2019\/03\/Chana-Masala-600x400.jpg)\">\r\n\t\t\t<img loading=\"lazy\" decoding=\"async\" src=\"https:\/\/www.tsv-giessen.de\/wp-content\/uploads\/2019\/03\/Chana-Masala-600x400.jpg\" width=\"600\" height=\"400\" alt=\"Chana Masala\" \/>\t\t<\/div>\r\n\t\t\t\t\t\t\t<div class=\"w-portfolio-item-meta\">\r\n\t\t\t\t<div class=\"w-portfolio-item-meta-h\">\r\n\t\t\t\t\t<h2 class=\"w-portfolio-item-title\">Chana Masala<\/h2>\t\t\t\t\t<span class=\"w-portfolio-item-arrow\"><\/span>\r\n\t\t\t\t<\/div>\r\n\t\t\t<\/div>\r\n\t\t\t<\/a>\r\n<\/div>\r\n<div class=\"w-portfolio-item tierproduktfreie-rezepte size_1x1\" data-id=\"6296\" data-categories=\"tierproduktfreie-rezepte\">\r\n\t<a class=\"w-portfolio-item-anchor\" href=\"https:\/\/tsv-giessen.de\/?us_portfolio=auberginen-walnuss-pfanne\">\r\n\t\t<div class=\"w-portfolio-item-image\" style=\"background-image: url(https:\/\/www.tsv-giessen.de\/wp-content\/uploads\/2017\/12\/aubergine-walnuss.jpg)\">\r\n\t\t\t<img loading=\"lazy\" decoding=\"async\" src=\"https:\/\/www.tsv-giessen.de\/wp-content\/uploads\/2017\/12\/aubergine-walnuss.jpg\" width=\"399\" height=\"266\" alt=\"Auberginen-Walnuss-Pfanne\" \/>\t\t<\/div>\r\n\t\t\t\t\t\t\t<div class=\"w-portfolio-item-meta\">\r\n\t\t\t\t<div class=\"w-portfolio-item-meta-h\">\r\n\t\t\t\t\t<h2 class=\"w-portfolio-item-title\">Auberginen-Walnuss-Pfanne<\/h2>\t\t\t\t\t<span class=\"w-portfolio-item-arrow\"><\/span>\r\n\t\t\t\t<\/div>\r\n\t\t\t<\/div>\r\n\t\t\t<\/a>\r\n<\/div>\r\n<\/div><\/div><\/div><\/div><\/div><\/div><\/div><\/section>\n","protected":false},"excerpt":{"rendered":"Zutaten: 1 Aubergine 2 Tomaten 1 Zwiebel 1 Knoblauchzehe etwas Petersilie 1 Hand voll Waln\u00fcsse 150 ml Wasser ggf. etwas Tomatenmark Salz Pfeffer Paprika (scharf) Zwiebel und Knoblauchzehe klein schneiden...","protected":false},"author":1,"featured_media":0,"parent":0,"menu_order":0,"comment_status":"closed","ping_status":"closed","template":"","meta":{"_piecal_is_event":false,"_piecal_start_date":"","_piecal_end_date":"","_piecal_is_allday":false,"footnotes":""},"_links":{"self":[{"href":"https:\/\/tsv-giessen.de\/index.php?rest_route=\/wp\/v2\/pages\/6292"}],"collection":[{"href":"https:\/\/tsv-giessen.de\/index.php?rest_route=\/wp\/v2\/pages"}],"about":[{"href":"https:\/\/tsv-giessen.de\/index.php?rest_route=\/wp\/v2\/types\/page"}],"author":[{"embeddable":true,"href":"https:\/\/tsv-giessen.de\/index.php?rest_route=\/wp\/v2\/users\/1"}],"replies":[{"embeddable":true,"href":"https:\/\/tsv-giessen.de\/index.php?rest_route=%2Fwp%2Fv2%2Fcomments&post=6292"}],"version-history":[{"count":0,"href":"https:\/\/tsv-giessen.de\/index.php?rest_route=\/wp\/v2\/pages\/6292\/revisions"}],"wp:attachment":[{"href":"https:\/\/tsv-giessen.de\/index.php?rest_route=%2Fwp%2Fv2%2Fmedia&parent=6292"}],"curies":[{"name":"wp","href":"https:\/\/api.w.org\/{rel}","templated":true}]}}