{"id":6289,"date":"2017-12-09T15:30:35","date_gmt":"2017-12-09T14:30:35","guid":{"rendered":"http:\/\/192.168.1.204\/wordpress\/?page_id=6289"},"modified":"2019-11-28T11:05:24","modified_gmt":"2019-11-28T10:05:24","slug":"tierversuchsfrei","status":"publish","type":"page","link":"https:\/\/tsv-giessen.de\/?page_id=6289","title":{"rendered":"Tierversuchsfrei"},"content":{"rendered":"<section class=\"l-section wpb_row height_small\"><div class=\"l-section-h i-cf\"><div class=\"g-cols type_default valign_top\"><div class=\"vc_col-sm-12 wpb_column vc_column_container\"><div class=\"vc_column-inner\"><div class=\"wpb_wrapper\">\r\n\t<div class=\"wpb_text_column \">\r\n\t\t<div class=\"wpb_wrapper\">\r\n\t\t\t<p><a href=\"https:\/\/www.tierschutzbund.de\/fileadmin\/user_upload\/Downloads\/Broschueren\/Faltblatt_Tierversuche_fuer_Kosmetik.pdf\">https:\/\/www.tierschutzbund.de\/fileadmin\/user_upload\/Downloads\/Broschueren\/Faltblatt_Tierversuche_fuer_Kosmetik.pdf<\/a><\/p>\n<div id=\"imGroup_4\" class=\"imHGroup\">\n<div id=\"imCell_8\">\n<div id=\"imCellStyle_8\">\n<div id=\"imTextObject_8\">\n<div id=\"imTextObject_8_tab0\" class=\"text-tab-content\">\n<div class=\"text-inner\">\n<div>\n<p><b class=\"fs16\">Es kann so einfach sein!<\/b><\/p>\n<div><\/div>\n<div>\n<p>Geht es Ihnen wir mir?<\/p>\n<div>Immer, wenn ich <b>Putzmittel oder K\u00f6rperpflegeprodukte<\/b> kaufen musste, befand ich mich in einem Dilemma. Ich wusste, wenn ich die Produkte kaufe, unterst\u00fctze ich Firmen, die f\u00fcr diese Produkte Tierversuche durchf\u00fchren. Als Tierfreundin eigentlich ein &#8220;No Go&#8221; f\u00fcr mich.<\/div>\n<\/div>\n<\/div>\n<\/div>\n<\/div>\n<\/div>\n<\/div>\n<\/div>\n<\/div>\n\r\n\t\t<\/div>\r\n\t<\/div>\r\n\r\n\t<div class=\"wpb_text_column \">\r\n\t\t<div class=\"wpb_wrapper\">\r\n\t\t\t<div><span class=\"fs13\">Aber welche Alternative h\u00e4tte ich gehabt? Sollte ich zuk\u00fcnftig meine Wohnung mit blo\u00dfem Wasser putzen? Wir bek\u00e4me ich denn das schmutzige Geschirr ohne Sp\u00fclmittel sauber? Und auf Deo verzichten? &#8211; Nein, das kam nun auch nicht in Frage. Au\u00dferdem hatte ich immer die Vorstellung, tierversuchsfreie Produkte seien \u00fcberdimensional teuer. Und so kaufte ich ein und mein schlechtes Gewissen kaufte mit.<\/span><\/div>\n<div>Ich kann mich noch genau an den Tag erinnern, als ich ein &#8220;Aha-Erlebnis&#8221; hatte und sich mein schlechtes Gewissen in ein gutes Gewissen beim Kauf wandelte.<\/div>\n<div>Ich stand mal wieder vor dem Regal mit <b>Waschmittel und Weichsp\u00fcler<\/b> und \u00fcberlegte, welche Marke wohl das kleinere \u00dcbel w\u00e4re. Beim Durchblicken fiel mein Blick auf eine rosa Plastikverpackung und auf diesem auf ein kleines, in der Ecke geschriebenes Wort \u201evegan\u201c.<\/div>\n<div>Vegan bedeutet, dass das Produkt weder tierische Produkte enth\u00e4lt und auch keine Tierversuche f\u00fcr dieses gemacht wurden. Mir war klar, heute nehme ich das Produkt.<\/div>\n<div>Zuhause angekommen, googelte ich den Hersteller Frosch. Auf der Homepage fand ich dann die Aussage, dass die Produkte von <b>Frosch <\/b>frei von tierischen Inhaltsstoffen ist. Auf einer weiteren Seite fand ich die Antwort von Frosch auf eine Produktanfrage von Veganern: \u201e[&#8230;] von Beginn an war und ist es uns ein gro\u00dfes Anliegen, dass in unseren Frosch-Produkten keine tierischen Inhaltsstoffe enthalten sind und selbstverst\u00e4ndlich auch keine Tierversuche bei der Entwicklung der Produkte durchgef\u00fchrt werden. Unser Unternehmen vergibt auch keine derartigen Auftr\u00e4ge an Dritte.\u201c<\/div>\n<div>Ab da an war klar \u2013 das wird meine Marke! Die Produkte bekomme ich in allen Superm\u00e4rkten. Sie sind weder teuer noch haben irgendein anderes Manko. Sie sind einfach ideal f\u00fcr meine W\u00fcnsche.<\/div>\n<div>Ich machte mir dann Gedanken, was denn wohl mit Shampoo, Duschgel und anderen K\u00f6rperpflegeprodukte w\u00e4re. Ich fragte mich, ob ich diese auch ersetzen k\u00f6nnte. Und so googelte ich erneut und musste feststellen, es ist so einfach, auch diese Produkte durch vegane Produkte zu ersetzen.<\/div>\n<div>Seit diesem Tag ist der DM-Markt einer meiner Lieblingsgesch\u00e4fte. Dort wandern dann <b>K\u00f6rperpflegeprodukte <\/b>von <b>Alverde, Lavera<\/b> oder auch Putzmittel von <b>Denk Mit<\/b> in meinen Einkaufskorb. Auch Produkte von <b>CD<\/b> mit dem Reinheitsgebotsiegel geh\u00f6ren inzwischen dazu. Denn auch diese Produkte sind v\u00f6llig tierversuchsfrei und auch ohne tierische Inhaltsstoffe. Und mehr als die bisher benutzten Mittel kosten diese auch nicht.<\/div>\n<div>Seit diesem Tag hat sich mein Leben ver\u00e4ndert. Ich habe beim Einauf und auch beim Benutzen kein schlechtes Gewissen mehr, sondern freue mich \u00fcber die tollen D\u00fcfte und daran, dass f\u00fcr mich kein Tier mehr leiden muss, nur weil ich mir meine Haare nicht nur mit Wasser waschen m\u00f6chte.<\/div>\n<div><\/div>\n\r\n\t\t<\/div>\r\n\t<\/div>\r\n<div class=\"w-message with_icon type_error\"><div class=\"w-message-icon\"><i class=\"fa fa-exclamation\"><\/i><\/div><div class=\"w-message-body\"><p>Eine Auflistung aller in Deutschalnd erh\u00e4ltlichen Produkten finden Sie hier.<br \/>\nPETA hat eine sehr umfangreiche \u00dcbersicht, alphabetisch geordnet nach Herstellern zur Verf\u00fcgung gestellt.<\/p><\/div><\/div><div class=\"w-btn-wrapper align_center\"><a class=\"w-btn style_solid color_primary icon_none\" href=\"https:\/\/www.tierschutzbund.de\/information\/service\/kosmetik-positivliste\/\" style=\"font-size:20px;\"><span class=\"w-btn-label\">KOSMETIK OHNE TIERVERSUCHE<\/span><\/a><\/div><\/div><\/div><\/div><\/div><\/div><\/section>\n","protected":false},"excerpt":{"rendered":"https:\/\/www.tierschutzbund.de\/fileadmin\/user_upload\/Downloads\/Broschueren\/Faltblatt_Tierversuche_fuer_Kosmetik.pdf Es kann so einfach sein! Geht es Ihnen wir mir? Immer, wenn ich Putzmittel oder K\u00f6rperpflegeprodukte kaufen musste, befand ich mich in einem Dilemma. Ich wusste, wenn ich die...","protected":false},"author":1,"featured_media":0,"parent":0,"menu_order":0,"comment_status":"closed","ping_status":"closed","template":"","meta":{"_piecal_is_event":false,"_piecal_start_date":"","_piecal_end_date":"","_piecal_is_allday":false,"footnotes":""},"_links":{"self":[{"href":"https:\/\/tsv-giessen.de\/index.php?rest_route=\/wp\/v2\/pages\/6289"}],"collection":[{"href":"https:\/\/tsv-giessen.de\/index.php?rest_route=\/wp\/v2\/pages"}],"about":[{"href":"https:\/\/tsv-giessen.de\/index.php?rest_route=\/wp\/v2\/types\/page"}],"author":[{"embeddable":true,"href":"https:\/\/tsv-giessen.de\/index.php?rest_route=\/wp\/v2\/users\/1"}],"replies":[{"embeddable":true,"href":"https:\/\/tsv-giessen.de\/index.php?rest_route=%2Fwp%2Fv2%2Fcomments&post=6289"}],"version-history":[{"count":0,"href":"https:\/\/tsv-giessen.de\/index.php?rest_route=\/wp\/v2\/pages\/6289\/revisions"}],"wp:attachment":[{"href":"https:\/\/tsv-giessen.de\/index.php?rest_route=%2Fwp%2Fv2%2Fmedia&parent=6289"}],"curies":[{"name":"wp","href":"https:\/\/api.w.org\/{rel}","templated":true}]}}