{"id":6283,"date":"2017-12-09T15:21:26","date_gmt":"2017-12-09T14:21:26","guid":{"rendered":"http:\/\/192.168.1.204\/wordpress\/?page_id=6283"},"modified":"2020-08-05T15:14:48","modified_gmt":"2020-08-05T13:14:48","slug":"literatur-tipps","status":"publish","type":"page","link":"https:\/\/tsv-giessen.de\/?page_id=6283","title":{"rendered":"Literatur-Tipps"},"content":{"rendered":"<section class=\"l-section wpb_row height_small\"><div class=\"l-section-h i-cf\"><div class=\"g-cols type_default valign_top\"><div class=\"vc_col-sm-12 wpb_column vc_column_container\"><div class=\"vc_column-inner\"><div class=\"wpb_wrapper\"><div class=\"cl-review type_quote layout_clean quote_italic with_avatar\"><div class=\"cl-review-quote\"><div class=\"cl-review-quote-text\" style=\"font-size:18px;\"><q>Die Gr\u00f6\u00dfe und den moralischen Fortschritt einer Nation kann man daran ermessen, wie sie die Tiere behandelt.<\/q><\/div><div class=\"cl-review-author\" style=\"font-size:14px;\"><span class=\"cl-review-author-avatar\" style=\"background-image: url(https:\/\/www.tsv-giessen.de\/wp-content\/uploads\/2017\/12\/mahatma-gandhi-9305898-1-402-150x150.jpg)\"><\/span><span class=\"cl-review-author-name\">Mahatma Gandhi<\/span><\/div><\/div><\/div><\/div><\/div><\/div><\/div><\/div><\/section><section class=\"l-section wpb_row height_small\"><div class=\"l-section-h i-cf\"><div class=\"g-cols type_default valign_top\"><div class=\"vc_col-sm-3 wpb_column vc_column_container\"><div class=\"vc_column-inner\"><div class=\"wpb_wrapper\"><div class=\"w-image style_simple\"><div class=\"us-frame\"><a href=\"https:\/\/www.amazon.de\/Fleischfabrik-Deutschland-Massentierhaltung-Lebensgrundlagen-zerst%C3%B6rt\/dp\/3442159296\/ref=sr_1_1?ie=UTF8&#038;qid=1525779271&#038;sr=8-1&#038;keywords=Fleischfabrik+Deutschland%3A+Wie+die+Massentierhaltung+unsere+Lebensgrundlagen+zerst%C3%B6rt+und+was+wir+dagegen+tun+k%C3%B6nnen\" title=\"\" target=\"\" rel=\"\"><img loading=\"lazy\" decoding=\"async\" width=\"179\" height=\"266\" src=\"https:\/\/www.tsv-giessen.de\/wp-content\/uploads\/2017\/12\/Fleischfarbrik-Deutschland.jpeg\" class=\"attachment-large size-large\" alt=\"\" \/><\/a><\/div><\/div><\/div><\/div><\/div><div class=\"vc_col-sm-9 wpb_column vc_column_container\"><div class=\"vc_column-inner\"><div class=\"wpb_wrapper\">\r\n\t<div class=\"wpb_text_column \">\r\n\t\t<div class=\"wpb_wrapper\">\r\n\t\t\t<p>Anton Hofreiter, 2017<\/p>\n<p id=\"title\" class=\"a-size-large a-spacing-none\"><strong><span id=\"productTitle\" class=\"a-size-large\">Fleischfabrik Deutschland: Wie die Massentierhaltung unsere Lebensgrundlagen zerst\u00f6rt und was wir dagegen tun k\u00f6nnen<\/span><\/strong><\/p>\n<p class=\"a-size-large a-spacing-none\"><b>ISBN-13:<\/b> 978-3442159291<\/p>\n<p class=\"a-size-large a-spacing-none\">Die industrielle Massentierhaltung nimmt trotz des Biotrends immer gewaltigere Ausma\u00dfe an. Das gef\u00e4hrdet unsere Gesundheit, zerst\u00f6rt die Umwelt und qu\u00e4lt Tiere. In diesem System nimmt Deutschland als einer der gr\u00f6\u00dften Fleischproduzenten Europas eine skandal\u00f6se Schl\u00fcsselposition ein. Anton Hofreiter, Fraktionsvorsitzender der Gr\u00fcnen, deckt die Funktionsweise der Fleischfabrik Deutschland auf und fordert in seinem leidenschaftlichen Pl\u00e4doyer eine radikale Wende in der Politik. Es ist m\u00f6glich, gutes und gesundes Essen f\u00fcr alle zu produzieren, und zwar nachhaltig und fair&#8230;<\/p>\n<p class=\"a-size-large a-spacing-none\">Bestellen bei amazon.de: <a href=\"https:\/\/www.amazon.de\/Fleischfabrik-Deutschland-Massentierhaltung-Lebensgrundlagen-zerst%C3%B6rt\/dp\/3442159296\/ref=sr_1_1?ie=UTF8&amp;qid=1525779271&amp;sr=8-1&amp;keywords=Fleischfabrik+Deutschland%3A+Wie+die+Massentierhaltung+unsere+Lebensgrundlagen+zerst%C3%B6rt+und+was+wir+dagegen+tun+k%C3%B6nnen\">https:\/\/www.amazon.de\/Fleischfabrik-Deutschland-Massentierhaltung-Lebensgrundlagen-zerst%C3%B6rt\/dp\/3442159296\/ref=sr_1_1?ie=UTF8&amp;qid=1525779271&amp;sr=8-1&amp;keywords=Fleischfabrik+Deutschland%3A+Wie+die+Massentierhaltung+unsere+Lebensgrundlagen+zerst%C3%B6rt+und+was+wir+dagegen+tun+k%C3%B6nnen<\/a><\/p>\n\r\n\t\t<\/div>\r\n\t<\/div>\r\n<\/div><\/div><\/div><\/div><\/div><\/section><section class=\"l-section wpb_row height_small\"><div class=\"l-section-h i-cf\"><div class=\"g-cols type_default valign_top\"><div class=\"vc_col-sm-3 wpb_column vc_column_container\"><div class=\"vc_column-inner\"><div class=\"wpb_wrapper\"><div class=\"w-image style_simple\"><div class=\"us-frame\"><a href=\"https:\/\/www.amazon.de\/Tiere-essen-Jonathan-Safran-Foer\/dp\/3596188792\/ref=sr_1_1?s=books&#038;ie=UTF8&#038;qid=1525779561&#038;sr=1-1&#038;keywords=Tiere+essen\" title=\"\" target=\"\" rel=\"\"><img loading=\"lazy\" decoding=\"async\" width=\"328\" height=\"499\" src=\"https:\/\/www.tsv-giessen.de\/wp-content\/uploads\/2017\/12\/Tiere-essen.jpg\" class=\"attachment-large size-large\" alt=\"\" srcset=\"https:\/\/www.tsv-giessen.de\/wp-content\/uploads\/2017\/12\/Tiere-essen.jpg 328w, https:\/\/www.tsv-giessen.de\/wp-content\/uploads\/2017\/12\/Tiere-essen-197x300.jpg 197w\" sizes=\"(max-width: 328px) 100vw, 328px\" \/><\/a><\/div><\/div><\/div><\/div><\/div><div class=\"vc_col-sm-9 wpb_column vc_column_container\"><div class=\"vc_column-inner\"><div class=\"wpb_wrapper\">\r\n\t<div class=\"wpb_text_column \">\r\n\t\t<div class=\"wpb_wrapper\">\r\n\t\t\t<p>Jonathan Safran Foer, 2012<\/p>\n<p><strong>Tiere essen<\/strong><\/p>\n<p><b>ISBN-13:<\/b> 978-3596188796<\/p>\n<p>&nbsp;<\/p>\n<p>\u203aTiere essen\u2039 ist ein leidenschaftliches Buch \u00fcber die Frage, was wir essen und warum. Als Jonathan Safran Foer Vater wurde, bekamen seine Fragen eine neue Dringlichkeit: Warum essen wir Tiere? W\u00fcrden wir sie auch essen, wenn wir w\u00fcssten, wo sie herkommen?<br \/>\nFoer st\u00fcrzt sich mit Leib und Seele in sein Thema. Er recherchiert auf eigene Faust, bricht nachts in Tierfarmen ein, konsultiert einschl\u00e4gige Studien und spricht mit zahlreichen Akteuren und Experten. Vor allem aber geht er der Frage auf den Grund, was Essen f\u00fcr den Menschen bedeutet&#8230;<\/p>\n<p>&nbsp;<\/p>\n<p>Bestellen bei amazon.de: <a href=\"https:\/\/www.amazon.de\/Tiere-essen-Jonathan-Safran-Foer\/dp\/3596188792\/ref=sr_1_1?s=books&amp;ie=UTF8&amp;qid=1525779561&amp;sr=1-1&amp;keywords=Tiere+essen\">https:\/\/www.amazon.de\/Tiere-essen-Jonathan-Safran-Foer\/dp\/3596188792\/ref=sr_1_1?s=books&amp;ie=UTF8&amp;qid=1525779561&amp;sr=1-1&amp;keywords=Tiere+essen<\/a><\/p>\n\r\n\t\t<\/div>\r\n\t<\/div>\r\n<\/div><\/div><\/div><\/div><\/div><\/section><section class=\"l-section wpb_row height_small\"><div class=\"l-section-h i-cf\"><div class=\"g-cols type_default valign_top\"><div class=\"vc_col-sm-3 wpb_column vc_column_container\"><div class=\"vc_column-inner\"><div class=\"wpb_wrapper\"><div class=\"w-image style_simple\"><div class=\"us-frame\"><a href=\"https:\/\/www.amazon.de\/Die-Wegwerfkuh-Landwirtschaft-Ressourcen-verschwendet\/dp\/3896675389\/ref=sr_1_1?s=books&#038;ie=UTF8&#038;qid=1525779770&#038;sr=1-1&#038;keywords=die+wegwerfkuh\" title=\"\" target=\"\" rel=\"\"><img loading=\"lazy\" decoding=\"async\" width=\"327\" height=\"499\" src=\"https:\/\/www.tsv-giessen.de\/wp-content\/uploads\/2017\/12\/Die-Wegwerfkuh.jpg\" class=\"attachment-large size-large\" alt=\"\" srcset=\"https:\/\/www.tsv-giessen.de\/wp-content\/uploads\/2017\/12\/Die-Wegwerfkuh.jpg 327w, https:\/\/www.tsv-giessen.de\/wp-content\/uploads\/2017\/12\/Die-Wegwerfkuh-197x300.jpg 197w\" sizes=\"(max-width: 327px) 100vw, 327px\" \/><\/a><\/div><\/div><\/div><\/div><\/div><div class=\"vc_col-sm-9 wpb_column vc_column_container\"><div class=\"vc_column-inner\"><div class=\"wpb_wrapper\">\r\n\t<div class=\"wpb_text_column \">\r\n\t\t<div class=\"wpb_wrapper\">\r\n\t\t\t<p>Tanja Busse, 2015<\/p>\n<p><strong>Die Wegwerfkuh<\/strong><\/p>\n<p><b>ISBN-13:<\/b> 978-3896675385<\/p>\n<p>&nbsp;<\/p>\n<p>Die deutsche Landwirtschaft produziert immer mehr Milch, Fleisch und Eier in immer k\u00fcrzerer Zeit. Die Effizienz scheint ihr bestes Argument zu sein. Nur mit den Methoden der Agrarindustrie k\u00f6nne man neun Milliarden Menschen ern\u00e4hren, behaupten deren Anh\u00e4nger.<\/p>\n<p>Doch diese Hochleistungslandwirtschaft ist eine Verschwendungs- und Vernichtungslandwirtschaft&#8230;<\/p>\n<p>&nbsp;<\/p>\n<p>Bestellen bei amazon.de: <a href=\"https:\/\/www.amazon.de\/Die-Wegwerfkuh-Landwirtschaft-Ressourcen-verschwendet\/dp\/3896675389\/ref=sr_1_1?s=books&amp;ie=UTF8&amp;qid=1525779770&amp;sr=1-1&amp;keywords=die+wegwerfkuh\">https:\/\/www.amazon.de\/Die-Wegwerfkuh-Landwirtschaft-Ressourcen-verschwendet\/dp\/3896675389\/ref=sr_1_1?s=books&amp;ie=UTF8&amp;qid=1525779770&amp;sr=1-1&amp;keywords=die+wegwerfkuh<\/a><\/p>\n\r\n\t\t<\/div>\r\n\t<\/div>\r\n<\/div><\/div><\/div><\/div><\/div><\/section><section class=\"l-section wpb_row height_small\"><div class=\"l-section-h i-cf\"><div class=\"g-cols type_default valign_top\"><div class=\"vc_col-sm-3 wpb_column vc_column_container\"><div class=\"vc_column-inner\"><div class=\"wpb_wrapper\"><div class=\"w-image style_simple\"><div class=\"us-frame\"><a href=\"https:\/\/www.amazon.de\/K%C3%BChe-verstehen-Eine-Partnerschaft-beginnt\/dp\/3037810335\/ref=sr_1_1?s=books&#038;ie=UTF8&#038;qid=1525779784&#038;sr=1-1&#038;keywords=k%C3%BChe+verstehen\" title=\"\" target=\"\" rel=\"\"><img loading=\"lazy\" decoding=\"async\" width=\"367\" height=\"499\" src=\"https:\/\/www.tsv-giessen.de\/wp-content\/uploads\/2017\/12\/K\u00fche-verstehen.jpg\" class=\"attachment-large size-large\" alt=\"\" srcset=\"https:\/\/www.tsv-giessen.de\/wp-content\/uploads\/2017\/12\/K\u00fche-verstehen.jpg 367w, https:\/\/www.tsv-giessen.de\/wp-content\/uploads\/2017\/12\/K\u00fche-verstehen-221x300.jpg 221w\" sizes=\"(max-width: 367px) 100vw, 367px\" \/><\/a><\/div><\/div><\/div><\/div><\/div><div class=\"vc_col-sm-9 wpb_column vc_column_container\"><div class=\"vc_column-inner\"><div class=\"wpb_wrapper\">\r\n\t<div class=\"wpb_text_column \">\r\n\t\t<div class=\"wpb_wrapper\">\r\n\t\t\t<p>Martin Ott, 2011<\/p>\n<p><strong>K\u00fche verstehen: Eine neue Partnerschaft beginnt<\/strong><\/p>\n<p><b>ISBN-13:<\/b> 978-3037810330<\/p>\n<p>&nbsp;<\/p>\n<p>Wie K\u00fche kommunizieren, wie man sich mit der Kuh verst\u00e4ndigen und \u00fcber sie die Welt verstehen kannMartin Ott hat seine Beobachtungen, Erfahrungen und Gedanken \u00fcber die Kuh festgehalten. Er spricht damit die tiefe Sehnsucht der Menschen nach einem respektvolleren Zusammenleben mit den Nutztieren an. Seine Texte sind dabei wie Reisef\u00fchrer in ein unbekanntes Land. Wer sich mitnehmen l\u00e4sst, wird erstaunliche Dinge erfahren&#8230;<\/p>\n<p>&nbsp;<\/p>\n<p>Bestellen bei amazon.de: <a href=\"https:\/\/www.amazon.de\/K%C3%BChe-verstehen-Eine-Partnerschaft-beginnt\/dp\/3037810335\/ref=sr_1_1?s=books&amp;ie=UTF8&amp;qid=1525779784&amp;sr=1-1&amp;keywords=k%C3%BChe+verstehen\">https:\/\/www.amazon.de\/K%C3%BChe-verstehen-Eine-Partnerschaft-beginnt\/dp\/3037810335\/ref=sr_1_1?s=books&amp;ie=UTF8&amp;qid=1525779784&amp;sr=1-1&amp;keywords=k%C3%BChe+verstehen<\/a><\/p>\n\r\n\t\t<\/div>\r\n\t<\/div>\r\n<\/div><\/div><\/div><\/div><\/div><\/section><section class=\"l-section wpb_row height_small\"><div class=\"l-section-h i-cf\"><div class=\"g-cols type_default valign_top\"><div class=\"vc_col-sm-3 wpb_column vc_column_container\"><div class=\"vc_column-inner\"><div class=\"wpb_wrapper\"><div class=\"w-image style_simple\"><div class=\"us-frame\"><a href=\"http:\/\/www.lwl.org\/klinik_lengerich_download\/SWBv44.pdf\" title=\"\" target=\"\" rel=\"\"><img loading=\"lazy\" decoding=\"async\" width=\"661\" height=\"912\" src=\"https:\/\/www.tsv-giessen.de\/wp-content\/uploads\/2017\/12\/Selbst-wenn-sie-fleisch-m\u00f6gen.jpg\" class=\"attachment-large size-large\" alt=\"\" srcset=\"https:\/\/www.tsv-giessen.de\/wp-content\/uploads\/2017\/12\/Selbst-wenn-sie-fleisch-m\u00f6gen.jpg 661w, https:\/\/www.tsv-giessen.de\/wp-content\/uploads\/2017\/12\/Selbst-wenn-sie-fleisch-m\u00f6gen-600x828.jpg 600w, https:\/\/www.tsv-giessen.de\/wp-content\/uploads\/2017\/12\/Selbst-wenn-sie-fleisch-m\u00f6gen-217x300.jpg 217w\" sizes=\"(max-width: 661px) 100vw, 661px\" \/><\/a><\/div><\/div><\/div><\/div><\/div><div class=\"vc_col-sm-9 wpb_column vc_column_container\"><div class=\"vc_column-inner\"><div class=\"wpb_wrapper\">\r\n\t<div class=\"wpb_text_column \">\r\n\t\t<div class=\"wpb_wrapper\">\r\n\t\t\t<p>Albert Schweitzer Stiftung<\/p>\n<p><strong>Selbst wenn Sie Fleisch m\u00f6gen&#8230;<\/strong><\/p>\n<p>&#8230; k\u00f6nnen Sie ein Teil des Wandels werden, der Tierschutz mit Genuss vereint.<\/p>\n<p><a href=\"http:\/\/www.lwl.org\/klinik_lengerich_download\/SWBv44.pdf\">&gt;&gt;&gt; als pdf ansehen<\/a><\/p>\n\r\n\t\t<\/div>\r\n\t<\/div>\r\n<\/div><\/div><\/div><\/div><\/div><\/section>\n","protected":false},"excerpt":{"rendered":"Die Gr\u00f6\u00dfe und den moralischen Fortschritt einer Nation kann man daran ermessen, wie sie die Tiere behandelt.Mahatma Gandhi Anton Hofreiter, 2017 Fleischfabrik Deutschland: Wie die Massentierhaltung unsere Lebensgrundlagen zerst\u00f6rt und...","protected":false},"author":1,"featured_media":0,"parent":0,"menu_order":0,"comment_status":"closed","ping_status":"closed","template":"","meta":{"_piecal_is_event":false,"_piecal_start_date":"","_piecal_end_date":"","_piecal_is_allday":false,"footnotes":""},"_links":{"self":[{"href":"https:\/\/tsv-giessen.de\/index.php?rest_route=\/wp\/v2\/pages\/6283"}],"collection":[{"href":"https:\/\/tsv-giessen.de\/index.php?rest_route=\/wp\/v2\/pages"}],"about":[{"href":"https:\/\/tsv-giessen.de\/index.php?rest_route=\/wp\/v2\/types\/page"}],"author":[{"embeddable":true,"href":"https:\/\/tsv-giessen.de\/index.php?rest_route=\/wp\/v2\/users\/1"}],"replies":[{"embeddable":true,"href":"https:\/\/tsv-giessen.de\/index.php?rest_route=%2Fwp%2Fv2%2Fcomments&post=6283"}],"version-history":[{"count":0,"href":"https:\/\/tsv-giessen.de\/index.php?rest_route=\/wp\/v2\/pages\/6283\/revisions"}],"wp:attachment":[{"href":"https:\/\/tsv-giessen.de\/index.php?rest_route=%2Fwp%2Fv2%2Fmedia&parent=6283"}],"curies":[{"name":"wp","href":"https:\/\/api.w.org\/{rel}","templated":true}]}}