{"id":6276,"date":"2017-12-09T15:13:46","date_gmt":"2017-12-09T14:13:46","guid":{"rendered":"http:\/\/192.168.1.204\/wordpress\/?page_id=6276"},"modified":"2018-04-26T13:32:27","modified_gmt":"2018-04-26T11:32:27","slug":"info-material","status":"publish","type":"page","link":"https:\/\/tsv-giessen.de\/?page_id=6276","title":{"rendered":"Info-Material"},"content":{"rendered":"<section class=\"l-section wpb_row height_small\"><div class=\"l-section-h i-cf\"><div class=\"g-cols type_default valign_top\"><div class=\"vc_col-sm-12 wpb_column vc_column_container\"><div class=\"vc_column-inner\"><div class=\"wpb_wrapper\">\r\n\t<div class=\"wpb_text_column \">\r\n\t\t<div class=\"wpb_wrapper\">\r\n\t\t\t<h1 style=\"text-align: center;\"><span class=\"fs27 cf1\"><b>Unsere Flyer<\/b><\/span><\/h1>\n\r\n\t\t<\/div>\r\n\t<\/div>\r\n<\/div><\/div><\/div><\/div><\/div><\/section><section class=\"l-section wpb_row height_small\"><div class=\"l-section-h i-cf\"><div class=\"g-cols type_default valign_top\"><div class=\"vc_col-sm-4 wpb_column vc_column_container\"><div class=\"vc_column-inner\"><div class=\"wpb_wrapper\"><div class=\"w-image align_center style_simple\"><div class=\"us-frame\"><a href=\"http:\/\/www.tsv-giessen.de\/wp-content\/uploads\/2018\/04\/Mehr-Verantwortung-f\u00fcr-Nutztiere.pdf\" title=\"\" target=\"_blank\" rel=\"\"><img loading=\"lazy\" decoding=\"async\" width=\"436\" height=\"910\" src=\"https:\/\/www.tsv-giessen.de\/wp-content\/uploads\/2017\/12\/Screenshot-2017-12-9-Flyer-Mehr-Verantwortung-pdf.png\" class=\"attachment-large size-large\" alt=\"\" srcset=\"https:\/\/www.tsv-giessen.de\/wp-content\/uploads\/2017\/12\/Screenshot-2017-12-9-Flyer-Mehr-Verantwortung-pdf.png 436w, https:\/\/www.tsv-giessen.de\/wp-content\/uploads\/2017\/12\/Screenshot-2017-12-9-Flyer-Mehr-Verantwortung-pdf-144x300.png 144w\" sizes=\"(max-width: 436px) 100vw, 436px\" \/><\/a><\/div><\/div><\/div><\/div><\/div><div class=\"vc_col-sm-4 wpb_column vc_column_container\"><div class=\"vc_column-inner\"><div class=\"wpb_wrapper\"><div class=\"w-image align_center style_simple\"><div class=\"us-frame\"><a href=\"http:\/\/www.tsv-giessen.de\/wp-content\/uploads\/2018\/04\/Ma\u00dfnahmen-gegen-das-K\u00fckent\u00f6ten.pdf\" title=\"\" target=\"_blank\" rel=\"\"><img loading=\"lazy\" decoding=\"async\" width=\"424\" height=\"910\" src=\"https:\/\/www.tsv-giessen.de\/wp-content\/uploads\/2017\/12\/Screenshot-2017-12-9-Flyer-Kuekentoeten-pdf.png\" class=\"attachment-large size-large\" alt=\"\" srcset=\"https:\/\/www.tsv-giessen.de\/wp-content\/uploads\/2017\/12\/Screenshot-2017-12-9-Flyer-Kuekentoeten-pdf.png 424w, https:\/\/www.tsv-giessen.de\/wp-content\/uploads\/2017\/12\/Screenshot-2017-12-9-Flyer-Kuekentoeten-pdf-140x300.png 140w\" sizes=\"(max-width: 424px) 100vw, 424px\" \/><\/a><\/div><\/div><\/div><\/div><\/div><div class=\"vc_col-sm-4 wpb_column vc_column_container\"><div class=\"vc_column-inner\"><div class=\"wpb_wrapper\"><div class=\"w-image style_simple\"><div class=\"us-frame\"><a href=\"http:\/\/www.tsv-giessen.de\/wp-content\/uploads\/2018\/04\/Ehrenamtliche-Mitarbeiter-gesucht.pdf\" title=\"\" target=\"_blank\" rel=\"\"><img loading=\"lazy\" decoding=\"async\" width=\"311\" height=\"595\" src=\"https:\/\/www.tsv-giessen.de\/wp-content\/uploads\/2017\/12\/Ehrenamtliche-Nutztiere.jpg\" class=\"attachment-large size-large\" alt=\"\" srcset=\"https:\/\/www.tsv-giessen.de\/wp-content\/uploads\/2017\/12\/Ehrenamtliche-Nutztiere.jpg 311w, https:\/\/www.tsv-giessen.de\/wp-content\/uploads\/2017\/12\/Ehrenamtliche-Nutztiere-157x300.jpg 157w\" sizes=\"(max-width: 311px) 100vw, 311px\" \/><\/a><\/div><\/div><\/div><\/div><\/div><\/div><\/div><\/section>\n","protected":false},"excerpt":{"rendered":"Unsere Flyer","protected":false},"author":1,"featured_media":0,"parent":0,"menu_order":0,"comment_status":"closed","ping_status":"closed","template":"","meta":{"_piecal_is_event":false,"_piecal_start_date":"","_piecal_end_date":"","_piecal_is_allday":false,"footnotes":""},"_links":{"self":[{"href":"https:\/\/tsv-giessen.de\/index.php?rest_route=\/wp\/v2\/pages\/6276"}],"collection":[{"href":"https:\/\/tsv-giessen.de\/index.php?rest_route=\/wp\/v2\/pages"}],"about":[{"href":"https:\/\/tsv-giessen.de\/index.php?rest_route=\/wp\/v2\/types\/page"}],"author":[{"embeddable":true,"href":"https:\/\/tsv-giessen.de\/index.php?rest_route=\/wp\/v2\/users\/1"}],"replies":[{"embeddable":true,"href":"https:\/\/tsv-giessen.de\/index.php?rest_route=%2Fwp%2Fv2%2Fcomments&post=6276"}],"version-history":[{"count":0,"href":"https:\/\/tsv-giessen.de\/index.php?rest_route=\/wp\/v2\/pages\/6276\/revisions"}],"wp:attachment":[{"href":"https:\/\/tsv-giessen.de\/index.php?rest_route=%2Fwp%2Fv2%2Fmedia&parent=6276"}],"curies":[{"name":"wp","href":"https:\/\/api.w.org\/{rel}","templated":true}]}}