{"id":6261,"date":"2017-11-28T16:19:47","date_gmt":"2017-11-28T15:19:47","guid":{"rendered":"http:\/\/192.168.1.204\/wordpress\/?page_id=6261"},"modified":"2024-02-29T09:28:39","modified_gmt":"2024-02-29T08:28:39","slug":"schutzgebuehr","status":"publish","type":"page","link":"https:\/\/tsv-giessen.de\/?page_id=6261","title":{"rendered":"Schutzgeb\u00fchr"},"content":{"rendered":"<section class=\"l-section wpb_row height_small\"><div class=\"l-section-h i-cf\"><div class=\"g-cols type_default valign_top\"><div class=\"vc_col-sm-8 wpb_column vc_column_container\"><div class=\"vc_column-inner\"><div class=\"wpb_wrapper\">\r\n\t<div class=\"wpb_text_column \">\r\n\t\t<div class=\"wpb_wrapper\">\r\n\t\t\t<div id=\"imGroup_2\" class=\"imHGroup\">\n<div id=\"imCell_8\">\n<div id=\"imCellStyle_8\">\n<div id=\"imTextObject_8\">\n<div id=\"imTextObject_8_tab0\" class=\"text-tab-content\">\n<div class=\"text-inner\">\n<p><span class=\"fs20\"><span class=\"ff1\"><b>Immer wieder werden wir gefragt: &#8220;Wieso nehmt Ihr eine Schutzgeb\u00fchr, Ihr m\u00fcsst doch froh sein, wenn die Tiere raus sind!&#8221;<br \/>\n<\/b><br \/>\nTierschutzvereine m\u00f6gen vieles sein, f\u00fcr manche engagiert, f\u00fcr andere l\u00e4stig&#8230; doch sie f\u00fcr die Einhebung einer Schutzgeb\u00fchr als profitgierig hinzustellen, n\u00f6tigt einen Blick hinter die Kulissen professioneller, realer Tierschutzarbeit.<br \/>\nAuch wir verlangen, wie jeder seri\u00f6se Tierschutzverein, eine Schutzgeb\u00fchr f\u00fcr unsere Sch\u00fctzlinge, daf\u00fcr gibt es vielerlei Gr\u00fcnde, den ersten liefert bereits der Name &#8211;<br \/>\n&#8220;SCHUTZ&#8221;geb\u00fchr: Traurig aber wahr, sehr viele Haustiere werden sehr un\u00fcberlegt aufgenommen. Nat\u00fcrlich Geld ist nicht das entscheidende Kriterium f\u00fcr die gute Unterbringung des Tieres und das Leben eines f\u00fchlenden Wesens sollte unbezahlbar sein (auch wenn die Kilopreise in den Fleischregalen etwas Anderes sagen), dennoch zeigt die Praxis, dass bei einer Schutzgeb\u00fchr und das aufmerksam machen auf die weiteren Kosten f\u00fcr das Tier die \u00dcberlegungen zur Verantwortung, die man \u00fcbernimmt, f\u00f6rdern.<br \/>\nZweitens ist eine Schutzgeb\u00fchr notwendig, damit wir unsere Arbeit \u00fcberhaupt professionell machen k\u00f6nnen; wir alle arbeiten neben unseren eigentlichen Jobs ehrenamtlich in unserer Freizeit, wir tragen Futterkosten fast vollst\u00e4ndig privat, doch wir k\u00f6nnten wohl keine Tiere mehr aufnehmen, wenn wir die Kosten f\u00fcr Parasitenbehandlungen, Kastrationen, Chip, Blutuntersuchungen (wie etwa Leukosetests bei Katzen oder Blutuntersuchungen bei \u00e4lteren Tieren), und Impfungen selbst tragen m\u00fcssten, ganz zu schweigen von den Kosten f\u00fcr die vielen kranken, misshandelten und vernachl\u00e4ssigten Tiere, die bis zu ihrer Vermittlung \u00fcberhaupt erst wieder gesund gepflegt werden m\u00fcssen, daher ist die Schutzgeb\u00fchr auch als Kostenbeteiligung zu sehen, bei weitem nicht als Kostenersatz, also als eine Unterst\u00fctzung f\u00fcr die \u00c4rmsten der Armen, jeder Tierfreund wird dem wohl zustimmen.<br \/>\nUnd ja, es gibt Ausnahmen, etwa sehr alte, verhaltensauff\u00e4llige oder kranke Tiere f\u00fcr die zuk\u00fcnftige Besitzer ohnehin ein gro\u00dfes Herz beweisen und sich ihrer annehmen, aber unter normalen Bedingungen ist eine Schutzgeb\u00fchr nicht nur gerechtfertigt, sondern im Sinne unserer Tiere auch notwendig. Dass man sich als Tierschutzverein daf\u00fcr rechtfertigen muss, ist der traurige Spiegel einer Gesellschaft in der Geld eine gr\u00f6\u00dfere Rolle spielt als die W\u00fcrde eines Lebewesens.<br \/>\nWir freuen uns, wenn ihr euch dieser Meinung anschlie\u00dft und weiterhin die professionelle Tierschutzarbeit unterst\u00fctzt! Auch danken wir jenen unz\u00e4hligen tollen Menschen, die sich f\u00fcr ein Tier aus dem Tierschutz entscheiden und damit Tierleid nachhaltig verringern.<br \/>\n<\/span><\/span><\/p>\n<\/div>\n<\/div>\n<\/div>\n<\/div>\n<\/div>\n<\/div>\n<div id=\"imGroup_5\" class=\"imHGroup\">\n<div id=\"imCell_1\">\n<div id=\"imCellStyle_1\">\n<div id=\"imTextObject_1\">\n<div id=\"imTextObject_1_tab0\" class=\"text-tab-content\">\n<div class=\"text-inner\">\n<p><span class=\"fs20\"><span class=\"ff1\">\u00a0<\/span><\/span><\/p>\n<\/div>\n<\/div>\n<\/div>\n<\/div>\n<\/div>\n<\/div>\n\r\n\t\t<\/div>\r\n\t<\/div>\r\n<\/div><\/div><\/div><div class=\"vc_col-sm-4 wpb_column vc_column_container\"><div class=\"vc_column-inner\"><div class=\"wpb_wrapper\"><div class=\"w-image style_simple\"><div class=\"us-frame\"><img loading=\"lazy\" decoding=\"async\" width=\"700\" height=\"525\" src=\"https:\/\/www.tsv-giessen.de\/wp-content\/uploads\/2017\/11\/Vermittlung-begonnen.jpg\" class=\"attachment-full size-full\" alt=\"\" srcset=\"https:\/\/www.tsv-giessen.de\/wp-content\/uploads\/2017\/11\/Vermittlung-begonnen.jpg 700w, https:\/\/www.tsv-giessen.de\/wp-content\/uploads\/2017\/11\/Vermittlung-begonnen-600x450.jpg 600w, https:\/\/www.tsv-giessen.de\/wp-content\/uploads\/2017\/11\/Vermittlung-begonnen-300x225.jpg 300w\" sizes=\"(max-width: 700px) 100vw, 700px\" \/><\/div><\/div><\/div><\/div><\/div><\/div><\/div><\/section><section class=\"l-section wpb_row height_small\"><div class=\"l-section-h i-cf\"><div class=\"g-cols type_default valign_top\"><div class=\"vc_col-sm-12 wpb_column vc_column_container\"><div class=\"vc_column-inner\"><div class=\"wpb_wrapper\"><div class=\"g-cols wpb_row type_default valign_top vc_inner \"><div class=\"vc_col-sm-12 wpb_column vc_column_container\"><div class=\"vc_column-inner\"><div class=\"wpb_wrapper\">\r\n\t<div class=\"wpb_text_column \">\r\n\t\t<div class=\"wpb_wrapper\">\r\n\t\t\t<h5 style=\"text-align: center;\"><span style=\"color: #3366ff;\"><strong>Nach M\u00f6glichkeit bitten wir um Zahlung per EC-Karte.<\/strong><\/span><\/h5>\n\r\n\t\t<\/div>\r\n\t<\/div>\r\n<div class=\"w-separator type_default size_medium thick_1 style_solid color_border cont_none\"><span class=\"w-separator-h\"><\/span><\/div><\/div><\/div><\/div><\/div><div class=\"w-message type_error\"><div class=\"w-message-body\"><p>Unsere Tiere werden von uns geimpft, entwurmt, gechipt und meist kastriert vermittelt.<\/p><\/div><\/div>\r\n\t<div class=\"wpb_text_column \">\r\n\t\t<div class=\"wpb_wrapper\">\r\n\t\t\t<div id=\"imGroup_8\" class=\"imHGroup\">\n<div id=\"imCell_2\">\n<div id=\"imCellStyle_2\">\n<div id=\"imTableObject_2\">\n<div id=\"imTableObject_2_tab0\" class=\"text-tab-content\">\n<div class=\"text-inner\">\n<table style=\"height: 170px;\" width=\"573\" data-minrequestedwidth=\"498\" data-computedwidth=\"498\">\n<tbody>\n<tr>\n<td class=\"cb4 imVc\" style=\"text-align: center;\"><span class=\"ff1 cf0 fs18\"><b>Hunde<\/b><\/span><\/td>\n<td class=\"cb4 imVc\" style=\"text-align: center;\"><\/td>\n<\/tr>\n<tr>\n<td class=\"imVc\"><span class=\"ff1 cf0 fs18\">R\u00fcde \/ H\u00fcndin, kastriert,unkastriert, geimpft, gechipt<br \/>\n<\/span><\/td>\n<td class=\"imVc\"><span class=\"ff1 cf0 fs18\"><b>395.-\u20ac<\/b><\/span><\/td>\n<\/tr>\n<tr>\n<td class=\"imVc\">Welpen<\/td>\n<td class=\"imVc\"><b>395.-\u20ac<\/b><\/td>\n<\/tr>\n<tr>\n<td class=\"imVc\">Rassehunde &amp; Rassewelpen<\/td>\n<td class=\"imVc\"><b>nach Absprache<\/b><\/td>\n<\/tr>\n<tr>\n<td class=\"imVc\">Oldies oder Hunde mit Handicap<\/td>\n<td class=\"imVc\"><b>nach Absprache<\/b><\/td>\n<\/tr>\n<tr>\n<td class=\"imVc\"><\/td>\n<td class=\"imVc\"><\/td>\n<\/tr>\n<\/tbody>\n<\/table>\n<\/div>\n<\/div>\n<\/div>\n<\/div>\n<\/div>\n<div id=\"imGroup_10\" class=\"imEGroup\"><\/div>\n<\/div>\n<div id=\"imGroup_17\" class=\"imHGroup\"><\/div>\n\r\n\t\t<\/div>\r\n\t<\/div>\r\n<div class=\"w-separator type_default size_medium thick_1 style_dashed color_border cont_none\"><span class=\"w-separator-h\"><\/span><\/div>\r\n\t<div class=\"wpb_text_column \">\r\n\t\t<div class=\"wpb_wrapper\">\r\n\t\t\t<table data-minrequestedwidth=\"498\" data-computedwidth=\"498\">\n<tbody>\n<tr>\n<td class=\"cb4 imVc\" style=\"text-align: center;\"><span class=\"ff1 cf0 fs18\"><b>Katzen<\/b><\/span><\/td>\n<td class=\"cb4 imVc\"><\/td>\n<\/tr>\n<tr>\n<td class=\"imVc\"><span class=\"ff1 cf0 fs18\">Kater\/Katze, kastriert, geimpft, gechipt oder t\u00e4towiert<\/span><\/td>\n<td class=\"imVc\"><span class=\"ff1 cf0 fs18\"><b>190.-\u20ac<\/b><\/span><\/td>\n<\/tr>\n<tr>\n<td class=\"imVc\"><span class=\"ff1 cf0 fs18\">Babies nach vorhandener 1. Impfung<\/span><\/td>\n<td class=\"imVc\"><span class=\"ff1 cf0 fs18\"><b>130.-\u20ac<\/b><\/span><\/td>\n<\/tr>\n<tr>\n<td class=\"imVc\"><span class=\"ff1 cf0 fs18\">Babies nach vorhandener 2. Impfung<\/span><\/td>\n<td class=\"imVc\"><span class=\"ff1 cf0 fs18\"><b>150.-\u20ac<\/b><\/span><\/td>\n<\/tr>\n<tr>\n<td class=\"imVc\"><span class=\"ff1 cf0 fs18\">Rassekatzen und Rassekatzen-Babies<\/span><\/td>\n<td class=\"imVc\"><span class=\"ff1 cf0 fs18\"><b>nach Absprache<br \/>\n<\/b><\/span><\/td>\n<\/tr>\n<tr>\n<td class=\"imVc\"><span class=\"ff1 cf0 fs18\">Oldies und Katzen mit Handicap<\/span><\/td>\n<td class=\"imVc\"><span class=\"ff1 cf0 fs18\"><b>nach Absprache<\/b><\/span><\/td>\n<\/tr>\n<\/tbody>\n<\/table>\n\r\n\t\t<\/div>\r\n\t<\/div>\r\n<div class=\"w-separator type_default size_medium thick_1 style_dashed color_border cont_none\"><span class=\"w-separator-h\"><\/span><\/div>\r\n\t<div class=\"wpb_text_column \">\r\n\t\t<div class=\"wpb_wrapper\">\r\n\t\t\t<table data-minrequestedwidth=\"498\" data-computedwidth=\"498\">\n<tbody>\n<tr>\n<td class=\"cb4 imVc\" style=\"text-align: center;\"><span class=\"ff1 cf0 fs18\"><b>Kleintiere<\/b><\/span><\/td>\n<td class=\"cb4 imVc\"><\/td>\n<\/tr>\n<tr>\n<td class=\"imVc\"><span class=\"ff1 cf0 fs18\">Kaninchen: unkastriert, geimpft<\/span><\/td>\n<td class=\"imVc\"><span class=\"ff1 cf0 fs18\"><b>35.-\u20ac<\/b><\/span><\/td>\n<\/tr>\n<tr>\n<td class=\"imVc\"><span class=\"ff1 cf0 fs18\">Kaninchen: kastriert, geimpft<\/span><\/td>\n<td class=\"imVc\"><span class=\"ff1 cf0 fs18\"><b>50.-\u20ac<\/b><\/span><\/td>\n<\/tr>\n<tr>\n<td class=\"imVc\"><span class=\"ff1 cf0 fs18\">Meerschweinchen: unkastriert<\/span><\/td>\n<td class=\"imVc\"><span class=\"ff1 cf0 fs18\"><b>25.-\u20ac<\/b><\/span><\/td>\n<\/tr>\n<tr>\n<td class=\"imVc\"><span class=\"ff1 cf0 fs18\">Meerschweinchen: kastriert<\/span><\/td>\n<td class=\"imVc\"><span class=\"ff1 cf0 fs18\"><b>39.-\u20ac<\/b><\/span><\/td>\n<\/tr>\n<tr>\n<td class=\"imVc\"><span class=\"ff1 cf0 fs18\">Frettchen: unkastriert, geimpft<\/span><\/td>\n<td class=\"imVc\"><span class=\"ff1 cf0 fs18\"><b>100.-\u20ac<\/b><\/span><\/td>\n<\/tr>\n<tr>\n<td class=\"imVc\"><span class=\"ff1 cf0 fs18\">Frettchen: kastriert, geimpft<\/span><\/td>\n<td class=\"imVc\"><span class=\"ff1 cf0 fs18\"><b>130.-\u20ac<\/b><\/span><\/td>\n<\/tr>\n<tr>\n<td class=\"imVc\"><span class=\"ff1 cf0 fs18\">Chinchilla: unkastriert<\/span><\/td>\n<td class=\"imVc\"><span class=\"ff1 cf0 fs18\"><b>25.-\u20ac<\/b><\/span><\/td>\n<\/tr>\n<tr>\n<td class=\"imVc\"><span class=\"ff1 cf0 fs18\">Chinchilla: kastriert<\/span><\/td>\n<td class=\"imVc\"><span class=\"ff1 cf0 fs18\"><b>50.-\u20ac<\/b><\/span><\/td>\n<\/tr>\n<tr>\n<td class=\"imVc\"><span class=\"ff1 cf0 fs18\">Chinchilla: Sonderfarbe<\/span><\/td>\n<td class=\"imVc\"><span class=\"ff1 cf0 fs18\"><b>nach Absprache<\/b><\/span><\/td>\n<\/tr>\n<tr>\n<td class=\"imVc\"><span class=\"ff1 cf0 fs18\">Ratte: unkastriert<\/span><\/td>\n<td class=\"imVc\"><span class=\"ff1 cf0 fs18\"><b>15.-\u20ac<\/b><\/span><\/td>\n<\/tr>\n<tr>\n<td class=\"imVc\"><span class=\"ff1 cf0 fs18\">Ratte: kastriert<\/span><\/td>\n<td class=\"imVc\"><span class=\"ff1 cf0 fs18\"><b>25.-\u20ac<\/b><\/span><\/td>\n<\/tr>\n<tr>\n<td class=\"imVc\"><span class=\"ff1 cf0 fs18\">Maus: unkastriert<\/span><\/td>\n<td class=\"imVc\"><span class=\"ff1 cf0 fs18\"><b>10.-\u20ac<\/b><\/span><\/td>\n<\/tr>\n<tr>\n<td class=\"imVc\"><span class=\"ff1 cf0 fs18\">Maus: kastriert<\/span><\/td>\n<td class=\"imVc\"><span class=\"ff1 cf0 fs18\"><b>20.-\u20ac<\/b><\/span><\/td>\n<\/tr>\n<tr>\n<td class=\"imVc\"><span class=\"ff1 cf0 fs18\">Degus: unkastriert <\/span><\/td>\n<td class=\"imVc\"><span class=\"ff1 cf0 fs18\"><b>20.-\u20ac<\/b><\/span><\/td>\n<\/tr>\n<tr>\n<td class=\"imVc\"><span class=\"ff1 cf0 fs18\">Degus: kastriert <\/span><\/td>\n<td class=\"imVc\"><span class=\"ff1 cf0 fs18\"><b>30.-\u20ac<\/b><\/span><\/td>\n<\/tr>\n<tr>\n<td class=\"imVc\"><span class=\"ff1 cf0 fs18\">Gerbils, Hamster: unkastriert<\/span><\/td>\n<td class=\"imVc\"><span class=\"ff1 cf0 fs18\"><b>15.-\u20ac<\/b><\/span><\/td>\n<\/tr>\n<tr>\n<td class=\"imVc\"><span class=\"ff1 cf0 fs18\">Gerbils, Hamster: kastriert<\/span><\/td>\n<td class=\"imVc\"><span class=\"ff1 cf0 fs18\"><b>20.-\u20ac<\/b><\/span><\/td>\n<\/tr>\n<tr>\n<td class=\"imVc\"><span class=\"ff1 cf0 fs18\">Kanarienv\u00f6gel, Zebrafinken<\/span><\/td>\n<td class=\"imVc\"><span class=\"ff1 cf0 fs18\"><b>15.-\u20ac<\/b><\/span><\/td>\n<\/tr>\n<tr>\n<td class=\"imVc\"><span class=\"ff1 cf0 fs18\">Wellensittiche, Nymphensittiche <\/span><\/td>\n<td class=\"imVc\"><span class=\"ff1 cf0 fs18\"><b>20.-\u20ac<\/b><\/span><\/td>\n<\/tr>\n<tr>\n<td class=\"imVc\"><span class=\"ff1 cf0 fs18\">Halsbandsittiche und &#8220;Unzertrennliche&#8221; <\/span><\/td>\n<td class=\"imVc\"><span class=\"ff1 cf0 fs18\"><b>30.- \u20ac<\/b><\/span><\/td>\n<\/tr>\n<tr>\n<td class=\"imVc\"><span class=\"ff1 cf0 fs18\">andere Vogelarten<\/span><\/td>\n<td class=\"imVc\"><span class=\"ff1 cf0 fs18\"><b>nach Absprache<\/b><\/span><\/td>\n<\/tr>\n<tr>\n<td class=\"imVc\"><span class=\"ff1 cf0 fs18\">Wasserschildkr\u00f6ten<\/span><\/td>\n<td class=\"imVc\"><span class=\"ff1 cf0 fs18\"><b>10-40.-\u20ac<\/b><\/span><\/td>\n<\/tr>\n<tr>\n<td class=\"imVc\"><span class=\"ff1 cf0 fs18\">Landschildkr\u00f6ten<\/span><\/td>\n<td class=\"imVc\"><span class=\"ff1 cf0 fs18\"><b>nach Absprache<\/b><\/span><\/td>\n<\/tr>\n<tr>\n<td class=\"imVc\"><span class=\"ff1 cf0 fs18\">Exoten (Reptilien)<\/span><\/td>\n<td class=\"imVc\"><span class=\"ff1 cf0 fs18\"><b>nach Absprache<\/b><\/span><\/td>\n<\/tr>\n<tr>\n<td class=\"imVc\"><span class=\"ff1 cf0 fs18\">Oldies<\/span><\/td>\n<td class=\"imVc\"><span class=\"ff1 cf0 fs18\"><b>nach Absprache<\/b><\/span><\/td>\n<\/tr>\n<\/tbody>\n<\/table>\n\r\n\t\t<\/div>\r\n\t<\/div>\r\n<div class=\"w-separator type_default size_medium thick_1 style_dashed color_border cont_none\"><span class=\"w-separator-h\"><\/span><\/div>\r\n\t<div class=\"wpb_text_column \">\r\n\t\t<div class=\"wpb_wrapper\">\r\n\t\t\t<table data-minrequestedwidth=\"507\" data-computedwidth=\"507\">\n<tbody>\n<tr>\n<td class=\"cb5 imVt\" style=\"text-align: center;\" colspan=\"2\"><span class=\"ff1 cf3 fs18\"><b>Nutztiere<\/b><\/span><\/td>\n<\/tr>\n<tr>\n<td class=\"imVt\"><span class=\"ff1 cf3 fs18\">je nach Rasse und nach Alter<\/span><\/td>\n<td class=\"imVt\"><span class=\"ff1 cf3 fs18\"><b>nach Absprache<\/b><\/span><\/td>\n<\/tr>\n<\/tbody>\n<\/table>\n\r\n\t\t<\/div>\r\n\t<\/div>\r\n<\/div><\/div><\/div><\/div><\/div><\/section>\n","protected":false},"excerpt":{"rendered":"Immer wieder werden wir gefragt: \"Wieso nehmt Ihr eine Schutzgeb\u00fchr, Ihr m\u00fcsst doch froh sein, wenn die Tiere raus sind!\" Tierschutzvereine m\u00f6gen vieles sein, f\u00fcr manche engagiert, f\u00fcr andere l\u00e4stig......","protected":false},"author":1,"featured_media":0,"parent":0,"menu_order":0,"comment_status":"closed","ping_status":"closed","template":"","meta":{"_piecal_is_event":false,"_piecal_start_date":"","_piecal_end_date":"","_piecal_is_allday":false,"footnotes":""},"_links":{"self":[{"href":"https:\/\/tsv-giessen.de\/index.php?rest_route=\/wp\/v2\/pages\/6261"}],"collection":[{"href":"https:\/\/tsv-giessen.de\/index.php?rest_route=\/wp\/v2\/pages"}],"about":[{"href":"https:\/\/tsv-giessen.de\/index.php?rest_route=\/wp\/v2\/types\/page"}],"author":[{"embeddable":true,"href":"https:\/\/tsv-giessen.de\/index.php?rest_route=\/wp\/v2\/users\/1"}],"replies":[{"embeddable":true,"href":"https:\/\/tsv-giessen.de\/index.php?rest_route=%2Fwp%2Fv2%2Fcomments&post=6261"}],"version-history":[{"count":0,"href":"https:\/\/tsv-giessen.de\/index.php?rest_route=\/wp\/v2\/pages\/6261\/revisions"}],"wp:attachment":[{"href":"https:\/\/tsv-giessen.de\/index.php?rest_route=%2Fwp%2Fv2%2Fmedia&parent=6261"}],"curies":[{"name":"wp","href":"https:\/\/api.w.org\/{rel}","templated":true}]}}