{"id":6257,"date":"2017-11-28T16:10:59","date_gmt":"2017-11-28T15:10:59","guid":{"rendered":"http:\/\/192.168.1.204\/wordpress\/?page_id=6257"},"modified":"2024-12-11T20:18:28","modified_gmt":"2024-12-11T19:18:28","slug":"vermittlung","status":"publish","type":"page","link":"https:\/\/tsv-giessen.de\/?page_id=6257","title":{"rendered":"Vermittlung"},"content":{"rendered":"<section class=\"l-section wpb_row height_small\"><div class=\"l-section-h i-cf\"><div class=\"g-cols type_default valign_top\"><div class=\"vc_col-sm-12 wpb_column vc_column_container\"><div class=\"vc_column-inner\"><div class=\"wpb_wrapper\">\r\n\t<div class=\"wpb_text_column \">\r\n\t\t<div class=\"wpb_wrapper\">\r\n\t\t\t<div id=\"imGroup_2\" class=\"imHGroup\">\n<div id=\"imCell_1\">\n<div id=\"imCellStyleGraphics_1\"><\/div>\n<div id=\"imCellStyle_1\">\n<div id=\"imTextObject_1\">\n<div id=\"imTextObject_1_tab0\" class=\"text-tab-content\">\n<div class=\"text-inner\">\n<p><span class=\"ff1 fs20\">Die Abgabe eines Tieres ist immer mit einem Schutz- und \u00dcbernahmevertrag und einer <b>Schutzgeb\u00fchr<\/b><\/span><span class=\"ff1 fs20\"> verbunden.<br \/>\n<\/span><span class=\"ff1 fs20\"><br \/>\nDie Schutzgeb\u00fchr richtet sich nach der jeweiligen Tierart. Diese Schutzgeb\u00fchr ist lediglich eine Pauschale, die unabh\u00e4ngig von der Verweildauer des Tieres im Tierheim erhoben wird und deckt bei weitem nicht die tats\u00e4chlich entstanden Kosten.<br \/>\n<\/span><\/p>\n<p><span class=\"fs20 ff1 cf3\"><b>Daher sind wir auch f\u00fcr Spenden immer dankbar.<\/b><\/span><\/p>\n<\/div>\n<\/div>\n<\/div>\n<\/div>\n<\/div>\n<\/div>\n<div id=\"imGroup_4\" class=\"imHGroup\">\n<div id=\"imCell_7\">\n<div id=\"imCellStyle_7\">\n<div id=\"imTextObject_7\">\n<div id=\"imTextObject_7_tab0\" class=\"text-tab-content\">\n<div class=\"text-inner\">\n<p><span class=\"ff1 fs20\">Mit jeder Schutzgeb\u00fchr f\u00fcr ein vermitteltes Tier unterst\u00fctzen Sie die Versorgung der anderen Tierheimbewohner (das sind vor Allem Arzt-und Futterkosten). Bitte bedenken Sie, dass diese Schutzgeb\u00fchr auch dazu dient, eine un\u00fcberlegte Aufnahme eines Tieres aus unserem Tierheim zu vermeiden. Tiere sollten als Lebewesen nicht verschenkt werden, zumal in solch einem Fall Tiere meist weder geimpft, kastriert oder anderweitig tier\u00e4rztlich versorgt worden sind. Die Folgekosten aus mangelnder tier\u00e4rztlicher Versorgung &#8211; vor allem bei Welpen &#8211; k\u00f6nnen erheblich sein. All unsere Tiere haben eine \u00e4rztliche Rundumversorgung erhalten, so da\u00df wir sie guten Gewissens vermitteln k\u00f6nnen.<br \/>\nAu\u00dferdem m\u00f6chten wir Sie dar\u00fcber informieren, dass in den meisten Gemeinden <b>Tierheimhunde f\u00fcr ein bis zwei Jahre steuerbefreit<\/b><\/span><span class=\"ff1 fs20\"> sind! Angemeldet werden m\u00fcssen sie selbstverst\u00e4ndlich trotzdem.<\/span><\/p>\n<p><b>Katzen<\/b><span class=\"ff1 fs20\">: Wir werden oft gefragt, ob die Schutzgeb\u00fchr von <b>190.-\u20ac<\/b><\/span><span class=\"ff1 fs20\"> f\u00fcr Katzen nicht \u00fcberteuert sei&#8230;<br \/>\nEine komplette <b>Grundimmunisierung<\/b><\/span><span class=\"ff1 fs20\"> kostet bereits \u00fcber 120.-\u20ac, Kastration ca. 100.-\u20ac; Chip: 29.-; Entwurmung:10.-\u20ac; Leukostest ca. 30.-\u20ac<br \/>\nSie sehen, dass wir bei der Vermittlung von Fundkatzen noch \u00fcber <span class=\"imUl\">160.-\u20ac draufzahlen<\/span><\/span><span class=\"ff1 fs20\">, und da sind das Futter und weitere Behandlungkosten noch nicht dabei&#8230;<\/span><\/p>\n<p><b>Wichtig:<\/b><span class=\"ff1 fs20\"><br \/>\nWenn Sie einen Hund oder eine Katze \u00fcbernehmen m\u00f6chten und Sie zur Miete wohnen, ben\u00f6tigen wir eine schriftliche Einverst\u00e4ndniserkl\u00e4rung des Vermieters. Selbstverst\u00e4ndlich sollten <span class=\"imUl\">alle Familienmitglieder<\/span><\/span><span class=\"ff1 fs20\"> mit der \u00dcbernahme eines Tieres einverstanden sein.<\/span><\/p>\n<p><b>Auch wichtig<\/b><span class=\"ff1 fs20\">:<br \/>\nManchmal gibt es mehrere Interessenten f\u00fcr ein Tier. Wir behalten uns vor, den nach unserer Ansicht besten Platz f\u00fcr dieses Tier zuw\u00e4hlen und bitten daf\u00fcr um Verst\u00e4ndnis.<\/span><\/p>\n<\/div>\n<\/div>\n<\/div>\n<\/div>\n<\/div>\n<\/div>\n\r\n\t\t<\/div>\r\n\t<\/div>\r\n\r\n\t<div class=\"wpb_text_column \">\r\n\t\t<div class=\"wpb_wrapper\">\r\n\t\t\t<p>Wir freuen uns, dass Sie Interesse an einem unserer Tiere haben! Um uns zu kontaktieren und weitere Informationen zu erhalten, bitten wir Sie, uns eine E-Mail an <a href=\"mailto:info@tsv-giessen.de\" target=\"_new\" rel=\"noopener noreferrer\">info@tsv-giessen.de<\/a> zu senden. Bitte geben Sie dabei Ihren vollst\u00e4ndigen Namen, Telefonnummer, E-Mail-Adresse und um welches Tier es sich handelt an.<\/p>\n<p>Unser Team wird sich so schnell wie m\u00f6glich bei Ihnen melden und Ihnen alle Informationen und Bedingungen bez\u00fcglich der Adoption des gew\u00fcnschten Tieres mitteilen.<\/p>\n<p>Vielen Dank f\u00fcr Ihr Interesse und wir freuen uns darauf, Ihnen bei der Adoption eines Tieres zu helfen.<\/p>\n\r\n\t\t<\/div>\r\n\t<\/div>\r\n<div class=\"w-tabs layout_default icon_chevron iconpos_right \"><div class=\"w-tabs-list items_4\"><div class=\"w-tabs-list-h\"><div class=\"w-tabs-item active\"><a href=\"#1511885044585-727f756b-3ce2\" class=\"w-tabs-item-h\"><span class=\"w-tabs-item-title\">TAV Hund<\/span><\/a><\/div>\n<div class=\"w-tabs-item\"><a href=\"#1511885044588-9b900622-1380\" class=\"w-tabs-item-h\"><span class=\"w-tabs-item-title\">TAV Katze<\/span><\/a><\/div>\n<div class=\"w-tabs-item\"><a href=\"#1516973075082-5f91e2de-312f\" class=\"w-tabs-item-h\"><span class=\"w-tabs-item-title\">TAV Kleintier<\/span><\/a><\/div>\n<div class=\"w-tabs-item\"><a href=\"#1516973152883-e6719131-b711\" class=\"w-tabs-item-h\"><span class=\"w-tabs-item-title\">Tierabgabebedingungen<\/span><\/a><\/div>\n<\/div><\/div><div class=\"w-tabs-sections\"><div class=\"w-tabs-sections-h\"><div class=\"w-tabs-section active\" id=\"1511885044585-727f756b-3ce2\"><a href=\"#1511885044585-727f756b-3ce2\" class=\"w-tabs-section-header\"><div class=\"w-tabs-section-header-h\"><h5 class=\"w-tabs-section-title\">TAV Hund<\/h5><div class=\"w-tabs-section-control\"><\/div><\/div><\/a><div class=\"w-tabs-section-content\"><div class=\"w-tabs-section-content-h i-cf\"><div class=\"w-image align_center style_simple\"><div class=\"us-frame\"><img loading=\"lazy\" decoding=\"async\" width=\"568\" height=\"792\" src=\"https:\/\/www.tsv-giessen.de\/wp-content\/uploads\/2019\/06\/TAV-Hund.jpg\" class=\"attachment-large size-large\" alt=\"\" srcset=\"https:\/\/www.tsv-giessen.de\/wp-content\/uploads\/2019\/06\/TAV-Hund.jpg 568w, https:\/\/www.tsv-giessen.de\/wp-content\/uploads\/2019\/06\/TAV-Hund-215x300.jpg 215w\" sizes=\"(max-width: 568px) 100vw, 568px\" \/><\/div><\/div><\/div><\/div><\/div><div class=\"w-tabs-section\" id=\"1511885044588-9b900622-1380\"><a href=\"#1511885044588-9b900622-1380\" class=\"w-tabs-section-header\"><div class=\"w-tabs-section-header-h\"><h5 class=\"w-tabs-section-title\">TAV Katze<\/h5><div class=\"w-tabs-section-control\"><\/div><\/div><\/a><div class=\"w-tabs-section-content\"><div class=\"w-tabs-section-content-h i-cf\"><div class=\"w-image style_simple\"><div class=\"us-frame\"><img loading=\"lazy\" decoding=\"async\" width=\"566\" height=\"785\" src=\"https:\/\/www.tsv-giessen.de\/wp-content\/uploads\/2019\/06\/TAV-Katze.jpg\" class=\"attachment-large size-large\" alt=\"\" srcset=\"https:\/\/www.tsv-giessen.de\/wp-content\/uploads\/2019\/06\/TAV-Katze.jpg 566w, https:\/\/www.tsv-giessen.de\/wp-content\/uploads\/2019\/06\/TAV-Katze-216x300.jpg 216w\" sizes=\"(max-width: 566px) 100vw, 566px\" \/><\/div><\/div><\/div><\/div><\/div><div class=\"w-tabs-section\" id=\"1516973075082-5f91e2de-312f\"><a href=\"#1516973075082-5f91e2de-312f\" class=\"w-tabs-section-header\"><div class=\"w-tabs-section-header-h\"><h5 class=\"w-tabs-section-title\">TAV Kleintier<\/h5><div class=\"w-tabs-section-control\"><\/div><\/div><\/a><div class=\"w-tabs-section-content\"><div class=\"w-tabs-section-content-h i-cf\"><div class=\"w-image style_simple\"><div class=\"us-frame\"><img loading=\"lazy\" decoding=\"async\" width=\"565\" height=\"789\" src=\"https:\/\/www.tsv-giessen.de\/wp-content\/uploads\/2019\/06\/TAV-Kleintier.jpg\" class=\"attachment-large size-large\" alt=\"\" srcset=\"https:\/\/www.tsv-giessen.de\/wp-content\/uploads\/2019\/06\/TAV-Kleintier.jpg 565w, https:\/\/www.tsv-giessen.de\/wp-content\/uploads\/2019\/06\/TAV-Kleintier-215x300.jpg 215w\" sizes=\"(max-width: 565px) 100vw, 565px\" \/><\/div><\/div><\/div><\/div><\/div><div class=\"w-tabs-section\" id=\"1516973152883-e6719131-b711\"><a href=\"#1516973152883-e6719131-b711\" class=\"w-tabs-section-header\"><div class=\"w-tabs-section-header-h\"><h5 class=\"w-tabs-section-title\">Tierabgabebedingungen<\/h5><div class=\"w-tabs-section-control\"><\/div><\/div><\/a><div class=\"w-tabs-section-content\"><div class=\"w-tabs-section-content-h i-cf\"><div class=\"w-image style_simple\"><div class=\"us-frame\"><img loading=\"lazy\" decoding=\"async\" width=\"567\" height=\"789\" src=\"https:\/\/www.tsv-giessen.de\/wp-content\/uploads\/2019\/06\/Tierabgabebedingungen.jpg\" class=\"attachment-large size-large\" alt=\"\" srcset=\"https:\/\/www.tsv-giessen.de\/wp-content\/uploads\/2019\/06\/Tierabgabebedingungen.jpg 567w, https:\/\/www.tsv-giessen.de\/wp-content\/uploads\/2019\/06\/Tierabgabebedingungen-216x300.jpg 216w\" sizes=\"(max-width: 567px) 100vw, 567px\" \/><\/div><\/div><\/div><\/div><\/div><\/div><\/div><\/div><\/div><\/div><\/div><\/div><\/div><\/section><section class=\"l-section wpb_row height_small\"><div class=\"l-section-h i-cf\"><div class=\"g-cols type_default valign_top\"><div class=\"vc_col-sm-12 wpb_column vc_column_container\"><div class=\"vc_column-inner\"><div class=\"wpb_wrapper\"><\/div><\/div><\/div><\/div><\/div><\/section>\n","protected":false},"excerpt":{"rendered":"Die Abgabe eines Tieres ist immer mit einem Schutz- und \u00dcbernahmevertrag und einer Schutzgeb\u00fchr verbunden. Die Schutzgeb\u00fchr richtet sich nach der jeweiligen Tierart. Diese Schutzgeb\u00fchr ist lediglich eine Pauschale, die...","protected":false},"author":1,"featured_media":0,"parent":0,"menu_order":0,"comment_status":"closed","ping_status":"closed","template":"","meta":{"_piecal_is_event":false,"_piecal_start_date":"","_piecal_end_date":"","_piecal_is_allday":false,"footnotes":""},"_links":{"self":[{"href":"https:\/\/tsv-giessen.de\/index.php?rest_route=\/wp\/v2\/pages\/6257"}],"collection":[{"href":"https:\/\/tsv-giessen.de\/index.php?rest_route=\/wp\/v2\/pages"}],"about":[{"href":"https:\/\/tsv-giessen.de\/index.php?rest_route=\/wp\/v2\/types\/page"}],"author":[{"embeddable":true,"href":"https:\/\/tsv-giessen.de\/index.php?rest_route=\/wp\/v2\/users\/1"}],"replies":[{"embeddable":true,"href":"https:\/\/tsv-giessen.de\/index.php?rest_route=%2Fwp%2Fv2%2Fcomments&post=6257"}],"version-history":[{"count":2,"href":"https:\/\/tsv-giessen.de\/index.php?rest_route=\/wp\/v2\/pages\/6257\/revisions"}],"predecessor-version":[{"id":32735,"href":"https:\/\/tsv-giessen.de\/index.php?rest_route=\/wp\/v2\/pages\/6257\/revisions\/32735"}],"wp:attachment":[{"href":"https:\/\/tsv-giessen.de\/index.php?rest_route=%2Fwp%2Fv2%2Fmedia&parent=6257"}],"curies":[{"name":"wp","href":"https:\/\/api.w.org\/{rel}","templated":true}]}}