{"id":6252,"date":"2017-11-28T15:57:28","date_gmt":"2017-11-28T14:57:28","guid":{"rendered":"http:\/\/192.168.1.204\/wordpress\/?page_id=6252"},"modified":"2025-01-15T11:25:19","modified_gmt":"2025-01-15T10:25:19","slug":"hilfe-fuer-mensch-tier-in-not","status":"publish","type":"page","link":"https:\/\/tsv-giessen.de\/?page_id=6252","title":{"rendered":"Hilfe f\u00fcr Mensch &amp; Tier in Not"},"content":{"rendered":"<section class=\"l-section wpb_row height_small\"><div class=\"l-section-h i-cf\"><div class=\"g-cols type_default valign_top\"><div class=\"vc_col-sm-8 wpb_column vc_column_container\"><div class=\"vc_column-inner\"><div class=\"wpb_wrapper\">\r\n\t<div class=\"wpb_text_column \">\r\n\t\t<div class=\"wpb_wrapper\">\r\n\t\t\t<div id=\"imGroup_2\" class=\"imHGroup\">\n<div id=\"imCell_1\">\n<div id=\"imCellStyle_1\">\n<div id=\"imTextObject_1\">\n<div id=\"imTextObject_1_tab0\" class=\"text-tab-content\">\n<div class=\"text-inner\">\n<p><span class=\"fs20 ff1 cf0\">Der Tierschutzverein Gie\u00dfen u.U. e.V. unterst\u00fctzt, unter bestimmten Voraussetzungen, Tierhalter, die f\u00fcr die medizinische Versorgung Ihrer Tiere nicht aufkommen k\u00f6nnen.<br \/>\nOft sind gerade die Tiere die letzten Sozialpartner, die einem Menschen in finanzieller Not bleiben. Werden diese tierischen Familienmitglieder krank, fehlt den Besitzern oft das Geld um ihren Liebling behandeln lassen zu k\u00f6nnen.<br \/>\nKosten f\u00fcr medizinische Leistungen und Medikamente k\u00f6nnen anteilig vom Tierschutzverein Gie\u00dfen u.U. e.V. \u00fcbernommen werden.<\/span><\/p>\n<p>Bei Menschen ohne festen Wohnsitz wird die Kastration ihres Tieres \u00fcbernommen!<\/p>\n<\/div>\n<\/div>\n<\/div>\n<\/div>\n<\/div>\n<\/div>\n<div id=\"imGroup_7\" class=\"imHGroup\">\n<div id=\"imCell_4\">\n<div id=\"imCellStyle_4\">\n<div id=\"imTextObject_4\">\n<div id=\"imTextObject_4_tab0\" class=\"text-tab-content\">\n<div class=\"text-inner\">\n<p><span class=\"fs20\"><span class=\"ff2 cf0\">F\u00fcr die Kastration \u00a0von weiblichen Katzen, kann ein Teil der Gesamtrechnung \u00fcbernommen werden, wenn es sich dabei um Freig\u00e4nger handelt.<\/span><\/span><\/p>\n<p>&nbsp;<\/p>\n<p>&nbsp;<\/p>\n<\/div>\n<\/div>\n<\/div>\n<\/div>\n<\/div>\n<\/div>\n\r\n\t\t<\/div>\r\n\t<\/div>\r\n\r\n\t<div class=\"wpb_text_column \">\r\n\t\t<div class=\"wpb_wrapper\">\r\n\t\t\t<p><b>F\u00fcr die Behandlung gelten folgende Regeln:<\/b><\/p>\n<ul>\n<li><span class=\"ff2 fs20 cf0\">Sie beziehen B\u00fcrgergeld oder sind Rentner mit geringem Einkommen.<br \/>\n<\/span><\/li>\n<li><span class=\"ff2 fs20 cf0\">Ihr Wohnsitz liegt in der Stadt oder im Kreis Gie\u00dfen.<br \/>\n<\/span><\/li>\n<li><span class=\"ff2 fs20 cf0\">Sie m\u00fcssen einen aktuellen Nachweis f\u00fcr B\u00fcrgergeld oder Rente vorlegen.<br \/>\n<\/span><\/li>\n<li><span class=\"ff2 fs20 cf0\">Tiere bis zum 1. Lebensjahr sind von diesem Fond ausgeschlossen.<br \/>\n<\/span><\/li>\n<li><span class=\"ff2 fs20 cf0\">Maximal 2 Vierbeiner pro Zweibeiner werden behandelt.<br \/>\n<\/span><\/li>\n<li><span class=\"ff2 fs20 cf0\">Im Impfausweis \u00a0MUSS der Name des Tierhalters mit dem Namen des Antragstellers identisch sein.<br \/>\n<\/span><\/li>\n<li><span class=\"ff2 fs20 cf0\">Bevor Sie ihr Tier behandeln lassen k\u00f6nnen, setzen Sie sich bitte mit dem Tierschutzverein in Verbindung , um einen Antrag \u00a0auf Beihilfe zu stellen.<br \/>\n<\/span><\/li>\n<li><span class=\"cf1 ff2 fs20\"><b>Dauerbehandlungen bed\u00fcrfen der Einzelfallpr\u00fcfung !<\/b><\/span><span class=\"cf0 ff2 fs20\"><br \/>\n<\/span><\/li>\n<\/ul>\n<p><span class=\"ff2 cf0 fs20\"><br \/>\nWenn Sie einen der Punkte nicht erf\u00fcllen, kann der TSV Gie\u00dfen u.U. e.V. die Kosten der medizinische Versorgung nicht bezuschussen.<\/span><\/p>\n<p>Unterst\u00fctzen Sie uns \u00a0bitte dabei, helfen zu k\u00f6nnen und Spenden Sie unter dem Kennwort<\/p>\n<p><strong>\u201eMenschen mit Tieren in Not\u201c \u00a0auf das folgende Konto:<\/strong><br \/>\n<b>Tierschutzverein Giessen u.U. e.V.<br \/>\nVolksbank Mittelhessen<br \/>\nKto: 818 503 13,<br \/>\nBlz: 513 90000<\/b><br \/>\n<b>IBAN:DE06513900000081850313<br \/>\nBIC: VBMHDE5F<\/b><\/p>\n<p>damit wir auch auf l\u00e4ngere Zeit unsere Hilfe gew\u00e4hrleisten und erweitern k\u00f6nnen.<\/p>\n<p><span class=\"fs20 ff2 cf0\">Wir danken Ihnen!<\/span><\/p>\n\r\n\t\t<\/div>\r\n\t<\/div>\r\n<\/div><\/div><\/div><div class=\"vc_col-sm-4 wpb_column vc_column_container\"><div class=\"vc_column-inner\"><div class=\"wpb_wrapper\"><div class=\"w-image style_simple\"><div class=\"us-frame\"><a href=\"https:\/\/www.tsv-giessen.de\/wp-content\/uploads\/2025\/01\/Antrag-zur-finanziellen-Unterstuetzung.pdf\" title=\"\" target=\"\" rel=\"\"><img loading=\"lazy\" decoding=\"async\" width=\"213\" height=\"300\" src=\"https:\/\/www.tsv-giessen.de\/wp-content\/uploads\/2019\/11\/Huppert-213x300.png\" class=\"attachment-medium size-medium\" alt=\"\" srcset=\"https:\/\/www.tsv-giessen.de\/wp-content\/uploads\/2019\/11\/Huppert-213x300.png 213w, https:\/\/www.tsv-giessen.de\/wp-content\/uploads\/2019\/11\/Huppert-600x845.png 600w, https:\/\/www.tsv-giessen.de\/wp-content\/uploads\/2019\/11\/Huppert.png 605w\" sizes=\"(max-width: 213px) 100vw, 213px\" \/><\/a><\/div><\/div><div class=\"w-btn-wrapper align_center\"><a class=\"w-btn style_solid color_primary icon_none\" href=\"https:\/\/www.tsv-giessen.de\/wp-content\/uploads\/2025\/01\/Antrag-zur-finanziellen-Unterstuetzung.pdf\"><span class=\"w-btn-label\">Antragsformular<\/span><\/a><\/div><\/div><\/div><\/div><\/div><\/div><\/section><section class=\"l-section wpb_row height_small\"><div class=\"l-section-h i-cf\"><div class=\"g-cols type_default valign_top\"><div class=\"vc_col-sm-12 wpb_column vc_column_container\"><div class=\"vc_column-inner\"><div class=\"wpb_wrapper\"><\/div><\/div><\/div><\/div><\/div><\/section>\n","protected":false},"excerpt":{"rendered":"Der Tierschutzverein Gie\u00dfen u.U. e.V. unterst\u00fctzt, unter bestimmten Voraussetzungen, Tierhalter, die f\u00fcr die medizinische Versorgung Ihrer Tiere nicht aufkommen k\u00f6nnen. Oft sind gerade die Tiere die letzten Sozialpartner, die einem...","protected":false},"author":1,"featured_media":0,"parent":0,"menu_order":0,"comment_status":"closed","ping_status":"closed","template":"","meta":{"_piecal_is_event":false,"_piecal_start_date":"","_piecal_end_date":"","_piecal_is_allday":false,"footnotes":""},"_links":{"self":[{"href":"https:\/\/tsv-giessen.de\/index.php?rest_route=\/wp\/v2\/pages\/6252"}],"collection":[{"href":"https:\/\/tsv-giessen.de\/index.php?rest_route=\/wp\/v2\/pages"}],"about":[{"href":"https:\/\/tsv-giessen.de\/index.php?rest_route=\/wp\/v2\/types\/page"}],"author":[{"embeddable":true,"href":"https:\/\/tsv-giessen.de\/index.php?rest_route=\/wp\/v2\/users\/1"}],"replies":[{"embeddable":true,"href":"https:\/\/tsv-giessen.de\/index.php?rest_route=%2Fwp%2Fv2%2Fcomments&post=6252"}],"version-history":[{"count":5,"href":"https:\/\/tsv-giessen.de\/index.php?rest_route=\/wp\/v2\/pages\/6252\/revisions"}],"predecessor-version":[{"id":33042,"href":"https:\/\/tsv-giessen.de\/index.php?rest_route=\/wp\/v2\/pages\/6252\/revisions\/33042"}],"wp:attachment":[{"href":"https:\/\/tsv-giessen.de\/index.php?rest_route=%2Fwp%2Fv2%2Fmedia&parent=6252"}],"curies":[{"name":"wp","href":"https:\/\/api.w.org\/{rel}","templated":true}]}}