{"id":6220,"date":"2017-11-20T15:23:31","date_gmt":"2017-11-20T14:23:31","guid":{"rendered":"http:\/\/192.168.1.204\/wordpress\/?page_id=6220"},"modified":"2018-05-08T13:22:55","modified_gmt":"2018-05-08T11:22:55","slug":"leitgedanke","status":"publish","type":"page","link":"https:\/\/tsv-giessen.de\/?page_id=6220","title":{"rendered":"Leitgedanke"},"content":{"rendered":"<section class=\"l-section wpb_row height_small\"><div class=\"l-section-h i-cf\"><div class=\"g-cols type_default valign_top\"><div class=\"vc_col-sm-12 wpb_column vc_column_container\"><div class=\"vc_column-inner\"><div class=\"wpb_wrapper\">\r\n\t<div class=\"wpb_text_column \">\r\n\t\t<div class=\"wpb_wrapper\">\r\n\t\t\t<div id=\"imGroup_2\" class=\"imHGroup\">\n<div id=\"imCell_1\">\n<div id=\"imCellStyle_1\">\n<div id=\"imTextObject_1\">\n<div id=\"imTextObject_1_tab0\" class=\"text-tab-content\">\n<div class=\"text-inner\">\n<div><span class=\"fs13\">Wer sich selbst als Tierfreund f\u00fchlt, kommt meist um das Thema Tierschutz nicht herum. Doch wo anfangen? Die Gr\u00f6\u00dfe und Professionalit\u00e4t, welche Mastanlagen, Schlachth\u00f6fe oder Versuchslabore inzwischen erreicht haben kann ersch\u00fcttern und l\u00e4hmen. Wie kann man dagegen etwas ausrichten? Ist es nicht leichter, nicht hin zu sehen? Oder sich dem Schutz von Hund, Katze und Co. zu verschreiben, welche einen weit gr\u00f6\u00dferen Freundeskreis haben und bei welchen man nicht bel\u00e4chelt wird wie bei Kuh oder Schwein?<\/span><\/div>\n<div>Tierschutz f\u00e4ngt bei jedem einzelnen an!<\/div>\n<div>Denn was viele vergessen, die Konsumenten bestimmen den Markt. Es gibt keinen einfacheren Weg, sich f\u00fcr oder gegen Tierschutz zu entscheiden.<\/div>\n<\/div>\n<\/div>\n<\/div>\n<\/div>\n<\/div>\n<\/div>\n\r\n\t\t<\/div>\r\n\t<\/div>\r\n<\/div><\/div><\/div><\/div><\/div><\/section><section class=\"l-section wpb_row height_small\"><div class=\"l-section-h i-cf\"><div class=\"g-cols type_default valign_top\"><div class=\"vc_col-sm-6 wpb_column vc_column_container\"><div class=\"vc_column-inner\"><div class=\"wpb_wrapper\"><\/div><\/div><\/div><div class=\"vc_col-sm-6 wpb_column vc_column_container\"><div class=\"vc_column-inner\"><div class=\"wpb_wrapper\"><\/div><\/div><\/div><\/div><\/div><\/section><section class=\"l-section wpb_row height_small\"><div class=\"l-section-h i-cf\"><div class=\"g-cols type_default valign_top\"><div class=\"vc_col-sm-12 wpb_column vc_column_container\"><div class=\"vc_column-inner\"><div class=\"wpb_wrapper\">\r\n\t<div class=\"wpb_text_column \">\r\n\t\t<div class=\"wpb_wrapper\">\r\n\t\t\t<div id=\"imGroup_2\" class=\"imHGroup\"><\/div>\n<div id=\"imGroup_5\" class=\"imHGroup\">\n<div id=\"imCell_4\">\n<div id=\"imCellStyle_4\">\n<div id=\"imTextObject_4\">\n<div id=\"imTextObject_4_tab0\" class=\"text-tab-content\">\n<div class=\"text-inner\">\n<div><span class=\"fs10\">Jeder kann dazu beitragen, die Welt ein kleines bi\u00dfchen besser zu machen. \u00a0W\u00fcrde niemand mehr Fleisch aus Massentierhaltung kaufen, k\u00f6nnten diese nicht mehr so produzieren. W\u00fcrden Fleischesser nur einen Tag die Woche auf Fleisch verzichten, m\u00fcssten 750kg Fleisch pro Menschenleben niemals produziert werden.<\/span><\/div>\n<div>Jeder hat es selbst in der Hand, mit wieviel Respekt wir zuk\u00fcnftig unsere Nutztiere behandeln werden. Mit der Entscheidung, welches Produkt in unserem Einkaufskorb liegt beziehen wir gleichzeitig Stellung.<\/div>\n<div>Der Tierschutzverein m\u00f6chte helfen, diese Entscheidung bewusst zu treffen.<\/div>\n<div><span class=\"fs10\">Denn warum hat ein Haustier einen gr\u00f6\u00dferen Anspruch auf Mitgef\u00fchl, als ein Nutztier?<\/span><\/div>\n<\/div>\n<\/div>\n<\/div>\n<\/div>\n<\/div>\n<\/div>\n\r\n\t\t<\/div>\r\n\t<\/div>\r\n<\/div><\/div><\/div><\/div><\/div><\/section>\n","protected":false},"excerpt":{"rendered":"Wer sich selbst als Tierfreund f\u00fchlt, kommt meist um das Thema Tierschutz nicht herum. Doch wo anfangen? Die Gr\u00f6\u00dfe und Professionalit\u00e4t, welche Mastanlagen, Schlachth\u00f6fe oder Versuchslabore inzwischen erreicht haben kann...","protected":false},"author":1,"featured_media":0,"parent":0,"menu_order":0,"comment_status":"closed","ping_status":"closed","template":"","meta":{"_piecal_is_event":false,"_piecal_start_date":"","_piecal_end_date":"","_piecal_is_allday":false,"footnotes":""},"_links":{"self":[{"href":"https:\/\/tsv-giessen.de\/index.php?rest_route=\/wp\/v2\/pages\/6220"}],"collection":[{"href":"https:\/\/tsv-giessen.de\/index.php?rest_route=\/wp\/v2\/pages"}],"about":[{"href":"https:\/\/tsv-giessen.de\/index.php?rest_route=\/wp\/v2\/types\/page"}],"author":[{"embeddable":true,"href":"https:\/\/tsv-giessen.de\/index.php?rest_route=\/wp\/v2\/users\/1"}],"replies":[{"embeddable":true,"href":"https:\/\/tsv-giessen.de\/index.php?rest_route=%2Fwp%2Fv2%2Fcomments&post=6220"}],"version-history":[{"count":0,"href":"https:\/\/tsv-giessen.de\/index.php?rest_route=\/wp\/v2\/pages\/6220\/revisions"}],"wp:attachment":[{"href":"https:\/\/tsv-giessen.de\/index.php?rest_route=%2Fwp%2Fv2%2Fmedia&parent=6220"}],"curies":[{"name":"wp","href":"https:\/\/api.w.org\/{rel}","templated":true}]}}