{"id":4938,"date":"2016-07-11T13:55:11","date_gmt":"2016-07-11T13:55:11","guid":{"rendered":"http:\/\/impreza.us-themes.com\/?page_id=4938"},"modified":"2026-04-08T15:46:09","modified_gmt":"2026-04-08T13:46:09","slug":"aktuelles","status":"publish","type":"page","link":"https:\/\/tsv-giessen.de\/?page_id=4938","title":{"rendered":"Aktuelles"},"content":{"rendered":"<section class=\"l-section wpb_row height_auto width_full color_alternate\"><div class=\"l-section-h i-cf\"><div class=\"g-cols type_default valign_top\"><div class=\"vc_col-sm-12 wpb_column vc_column_container\"><div class=\"vc_column-inner\"><div class=\"wpb_wrapper\">\t<div class=\"w-blog layout_latest type_grid cols_3 with_categories\" itemscope=\"itemscope\" itemtype=\"https:\/\/schema.org\/Blog\">\t<div class=\"w-blog-list\">\r\n\r\n\t<article class=\"w-blog-post allgemein presseberichte post-39235 post type-post status-publish format-standard has-post-thumbnail hentry category-allgemein category-presseberichte\" data-id=\"39235\" data-categories=\"allgemein,presseberichte\">\r\n\t\t<div class=\"w-blog-post-h\">\r\n\t\t\t\t\t\t\t\t\t<div class=\"w-blog-post-body\">\r\n\t\t\t\t<h2 class=\"w-blog-post-title\">\r\n\t\t\t\t\t<a class=\"entry-title\" rel=\"bookmark\" href=\"https:\/\/tsv-giessen.de\/?p=39235\">500 Euro f\u00fcr das Tierheim Gie\u00dfen<\/a>\r\n\t\t\t\t<\/h2>\r\n\r\n\t\t\t\t<div class=\"w-blog-post-meta\">\r\n\t\t\t\t\t<time class=\"w-blog-post-meta-date date updated\" datetime=\"2026-03-22 08:06:20\"><span class=\"w-blog-post-meta-date-month\">M\u00e4rz<\/span><span class=\"w-blog-post-meta-date-day\">22<\/span><span class=\"w-blog-post-meta-date-year\">2026<\/span><\/time><span class=\"w-blog-post-meta-category\"><a href=\"https:\/\/tsv-giessen.de\/?cat=1\" rel=\"category\">Allgemein<\/a>, <a href=\"https:\/\/tsv-giessen.de\/?cat=93\" rel=\"category\">Presseberichte<\/a><\/span><span class=\"w-blog-post-meta-author vcard author hidden\"><a href=\"https:\/\/tsv-giessen.de\/?author=2\" class=\"fn\">Hannah Wern<\/a><\/span>\t\t\t\t<\/div>\r\n\t\t\t\t\t\t\t\t\t<div class=\"w-blog-post-content\">\r\n\t\t\t\t\t\t<p>Spenden\u00fcbergabe vom Mosconti Cup im Pool Billard der Billard W\u00f6lfe Gie\u00dfen e.V. gegen den PBC Gelnhausen e.V., welchen die \u201eW\u00f6lfe\u201c f\u00fcr sich entscheiden konnten. Peter Rattacher (li), Straight Pool Gie\u00dfen&#8230;<\/p>\n\t\t\t\t\t<\/div>\r\n\t\t\t\t\t\t\t\t\t\t\t<\/div>\r\n\t\t<\/div>\r\n\t<\/article>\r\n\r\n\r\n\r\n\t<article class=\"w-blog-post allgemein presseberichte post-39232 post type-post status-publish format-standard has-post-thumbnail hentry category-allgemein category-presseberichte\" data-id=\"39232\" data-categories=\"allgemein,presseberichte\">\r\n\t\t<div class=\"w-blog-post-h\">\r\n\t\t\t\t\t\t\t\t\t<div class=\"w-blog-post-body\">\r\n\t\t\t\t<h2 class=\"w-blog-post-title\">\r\n\t\t\t\t\t<a class=\"entry-title\" rel=\"bookmark\" href=\"https:\/\/tsv-giessen.de\/?p=39232\">108 Sonnengr\u00fc\u00dfe f\u00fcr den Tierschutz \u2013 850 Euro Spende an das Tierheim Gie\u00dfen<\/a>\r\n\t\t\t\t<\/h2>\r\n\r\n\t\t\t\t<div class=\"w-blog-post-meta\">\r\n\t\t\t\t\t<time class=\"w-blog-post-meta-date date updated\" datetime=\"2026-03-22 08:04:27\"><span class=\"w-blog-post-meta-date-month\">M\u00e4rz<\/span><span class=\"w-blog-post-meta-date-day\">22<\/span><span class=\"w-blog-post-meta-date-year\">2026<\/span><\/time><span class=\"w-blog-post-meta-category\"><a href=\"https:\/\/tsv-giessen.de\/?cat=1\" rel=\"category\">Allgemein<\/a>, <a href=\"https:\/\/tsv-giessen.de\/?cat=93\" rel=\"category\">Presseberichte<\/a><\/span><span class=\"w-blog-post-meta-author vcard author hidden\"><a href=\"https:\/\/tsv-giessen.de\/?author=2\" class=\"fn\">Hannah Wern<\/a><\/span>\t\t\t\t<\/div>\r\n\t\t\t\t\t\t\t\t\t<div class=\"w-blog-post-content\">\r\n\t\t\t\t\t\t<p>Gie\u00dfen.\u00a0Sonnengr\u00fc\u00dfe f\u00fcr den guten Zweck: Rund 70 Teilnehmerinnen und Teilnehmer versammelten sich zwischen den Jahren in den R\u00e4umlichkeiten des Hotels Heyligenstaedt, um im Rahmen einer Benefiz-Veranstaltung 108 Sonnengr\u00fc\u00dfe zu praktizieren&#8230;<\/p>\n\t\t\t\t\t<\/div>\r\n\t\t\t\t\t\t\t\t\t\t\t<\/div>\r\n\t\t<\/div>\r\n\t<\/article>\r\n\r\n\r\n\r\n\t<article class=\"w-blog-post allgemein presseberichte tv-presse post-39109 post type-post status-publish format-standard has-post-thumbnail hentry category-allgemein category-presseberichte category-tv-presse\" data-id=\"39109\" data-categories=\"allgemein,presseberichte,tv-presse\">\r\n\t\t<div class=\"w-blog-post-h\">\r\n\t\t\t\t\t\t\t\t\t<div class=\"w-blog-post-body\">\r\n\t\t\t\t<h2 class=\"w-blog-post-title\">\r\n\t\t\t\t\t<a class=\"entry-title\" rel=\"bookmark\" href=\"https:\/\/tsv-giessen.de\/?p=39109\">Drei junge Heldinnen sammeln mit Herz f\u00fcr das Tierheim \ud83d\udc3e<\/a>\r\n\t\t\t\t<\/h2>\r\n\r\n\t\t\t\t<div class=\"w-blog-post-meta\">\r\n\t\t\t\t\t<time class=\"w-blog-post-meta-date date updated\" datetime=\"2026-03-20 09:49:38\"><span class=\"w-blog-post-meta-date-month\">M\u00e4rz<\/span><span class=\"w-blog-post-meta-date-day\">20<\/span><span class=\"w-blog-post-meta-date-year\">2026<\/span><\/time><span class=\"w-blog-post-meta-category\"><a href=\"https:\/\/tsv-giessen.de\/?cat=1\" rel=\"category\">Allgemein<\/a>, <a href=\"https:\/\/tsv-giessen.de\/?cat=93\" rel=\"category\">Presseberichte<\/a>, <a href=\"https:\/\/tsv-giessen.de\/?cat=336\" rel=\"category\">TV &amp; Presse<\/a><\/span><span class=\"w-blog-post-meta-author vcard author hidden\"><a href=\"https:\/\/tsv-giessen.de\/?author=2\" class=\"fn\">Hannah Wern<\/a><\/span>\t\t\t\t<\/div>\r\n\t\t\t\t\t\t\t\t\t<div class=\"w-blog-post-content\">\r\n\t\t\t\t\t\t<p>Mit viel Kreativit\u00e4t, Engagement und Herz haben Nelly (13 Jahre) , Elli (10 Jahre) und Ella (9 Jahre) aus Alten-Buseck im letzten Sommer einen eigenen Verkaufsstand an der Stra\u00dfe betrieben,&#8230;<\/p>\n\t\t\t\t\t<\/div>\r\n\t\t\t\t\t\t\t\t\t\t\t<\/div>\r\n\t\t<\/div>\r\n\t<\/article>\r\n\r\n\r\n\r\n\t<article class=\"w-blog-post presseberichte post-39105 post type-post status-publish format-standard has-post-thumbnail hentry category-presseberichte\" data-id=\"39105\" data-categories=\"presseberichte\">\r\n\t\t<div class=\"w-blog-post-h\">\r\n\t\t\t\t\t\t\t\t\t<div class=\"w-blog-post-body\">\r\n\t\t\t\t<h2 class=\"w-blog-post-title\">\r\n\t\t\t\t\t<a class=\"entry-title\" rel=\"bookmark\" href=\"https:\/\/tsv-giessen.de\/?p=39105\">Tierheim Gie\u00dfen warnt: \u201eWer sich kein Tier leisten kann, sollte keins haben<\/a>\r\n\t\t\t\t<\/h2>\r\n\r\n\t\t\t\t<div class=\"w-blog-post-meta\">\r\n\t\t\t\t\t<time class=\"w-blog-post-meta-date date updated\" datetime=\"2026-03-20 09:46:00\"><span class=\"w-blog-post-meta-date-month\">M\u00e4rz<\/span><span class=\"w-blog-post-meta-date-day\">20<\/span><span class=\"w-blog-post-meta-date-year\">2026<\/span><\/time><span class=\"w-blog-post-meta-category\"><a href=\"https:\/\/tsv-giessen.de\/?cat=93\" rel=\"category\">Presseberichte<\/a><\/span><span class=\"w-blog-post-meta-author vcard author hidden\"><a href=\"https:\/\/tsv-giessen.de\/?author=2\" class=\"fn\">Hannah Wern<\/a><\/span>\t\t\t\t<\/div>\r\n\t\t\t\t\t\t\t\t\t<div class=\"w-blog-post-content\">\r\n\t\t\t\t\t\t<p>Ein junger Kater wurde v\u00f6llig abgemagert im Tierheim Gie\u00dfen abgegeben. Die Vorsitzende appelliert eindringlich an k\u00fcnftige Tierhalter. Gie\u00dfen \u2013 Leider kein Einzelfall: Ende vergangener Woche wurde ein junger Kater in&#8230;<\/p>\n\t\t\t\t\t<\/div>\r\n\t\t\t\t\t\t\t\t\t\t\t<\/div>\r\n\t\t<\/div>\r\n\t<\/article>\r\n\r\n\r\n\r\n\t<article class=\"w-blog-post presseberichte post-39102 post type-post status-publish format-standard has-post-thumbnail hentry category-presseberichte\" data-id=\"39102\" data-categories=\"presseberichte\">\r\n\t\t<div class=\"w-blog-post-h\">\r\n\t\t\t\t\t\t\t\t\t<div class=\"w-blog-post-body\">\r\n\t\t\t\t<h2 class=\"w-blog-post-title\">\r\n\t\t\t\t\t<a class=\"entry-title\" rel=\"bookmark\" href=\"https:\/\/tsv-giessen.de\/?p=39102\">Er war schon gelb im Gesicht\u201c: Tierheim Gie\u00dfen k\u00e4mpft um Kater Maverick<\/a>\r\n\t\t\t\t<\/h2>\r\n\r\n\t\t\t\t<div class=\"w-blog-post-meta\">\r\n\t\t\t\t\t<time class=\"w-blog-post-meta-date date updated\" datetime=\"2026-03-20 09:41:07\"><span class=\"w-blog-post-meta-date-month\">M\u00e4rz<\/span><span class=\"w-blog-post-meta-date-day\">20<\/span><span class=\"w-blog-post-meta-date-year\">2026<\/span><\/time><span class=\"w-blog-post-meta-category\"><a href=\"https:\/\/tsv-giessen.de\/?cat=93\" rel=\"category\">Presseberichte<\/a><\/span><span class=\"w-blog-post-meta-author vcard author hidden\"><a href=\"https:\/\/tsv-giessen.de\/?author=2\" class=\"fn\">Hannah Wern<\/a><\/span>\t\t\t\t<\/div>\r\n\t\t\t\t\t\t\t\t\t<div class=\"w-blog-post-content\">\r\n\t\t\t\t\t\t<p>Das Tier wog nur noch ein Kilogramm und war dem Tod nah. Jetzt schiebt das Team Nachtschichten, um den v\u00f6llig abgemagerten Kater zu retten. Gie\u00dfen \u2013 Kater Maverick lebt. \u201eEr&#8230;<\/p>\n\t\t\t\t\t<\/div>\r\n\t\t\t\t\t\t\t\t\t\t\t<\/div>\r\n\t\t<\/div>\r\n\t<\/article>\r\n\r\n<\/div>\t\t<div class=\"w-blog-json hidden\" onclick='return {&quot;ajax_url&quot;:&quot;https:\\\/\\\/www.tsv-giessen.de\\\/wp-admin\\\/admin-ajax.php&quot;,&quot;permalink_url&quot;:&quot;https:\\\/\\\/tsv-giessen.de\\\/?page_id=4938&quot;,&quot;action&quot;:&quot;us_ajax_blog&quot;,&quot;max_num_pages&quot;:81,&quot;infinite_scroll&quot;:true,&quot;template_vars&quot;:{&quot;query_args&quot;:{&quot;post_type&quot;:&quot;post&quot;,&quot;post_status&quot;:[&quot;publish&quot;],&quot;category_name&quot;:&quot;allgemein,presseberichte,sondernachrichten,tv-presse,wildtierschutz&quot;,&quot;orderby&quot;:{&quot;date&quot;:&quot;DESC&quot;},&quot;posts_per_page&quot;:5},&quot;layout&quot;:&quot;latest&quot;,&quot;img_size&quot;:&quot;us_img_size_2&quot;,&quot;type&quot;:&quot;grid&quot;,&quot;metas&quot;:[&quot;date&quot;,&quot;categories&quot;,&quot;comments&quot;],&quot;title_size&quot;:&quot;&quot;,&quot;columns&quot;:3,&quot;content_type&quot;:&quot;excerpt&quot;,&quot;show_read_more&quot;:false,&quot;is_shortcode&quot;:true}}'><\/div>\r\n\t\t\t\t<div class=\"g-loadmore\">\r\n\t\t\t<div class=\"g-loadmore-btn\">\r\n\t\t\t\t<span>Lade mehr<\/span>\r\n\t\t\t<\/div>\r\n\t\t\t<div class=\"g-preloader type_1\"><\/div>\r\n\t\t<\/div><\/div><\/div><\/div><\/div><\/div><\/div><\/section>\n","protected":false},"excerpt":{"rendered":"Das Tier wog nur noch ein Kilogramm und war dem Tod nah. Jetzt schiebt das Team Nachtschichten, um den v\u00f6llig abgemagerten Kater zu retten. Gie\u00dfen \u2013 Kater Maverick lebt. \u201eEr...","protected":false},"author":1,"featured_media":0,"parent":0,"menu_order":0,"comment_status":"closed","ping_status":"closed","template":"","meta":{"_piecal_is_event":false,"_piecal_start_date":"","_piecal_end_date":"","_piecal_is_allday":false,"footnotes":""},"_links":{"self":[{"href":"https:\/\/tsv-giessen.de\/index.php?rest_route=\/wp\/v2\/pages\/4938"}],"collection":[{"href":"https:\/\/tsv-giessen.de\/index.php?rest_route=\/wp\/v2\/pages"}],"about":[{"href":"https:\/\/tsv-giessen.de\/index.php?rest_route=\/wp\/v2\/types\/page"}],"author":[{"embeddable":true,"href":"https:\/\/tsv-giessen.de\/index.php?rest_route=\/wp\/v2\/users\/1"}],"replies":[{"embeddable":true,"href":"https:\/\/tsv-giessen.de\/index.php?rest_route=%2Fwp%2Fv2%2Fcomments&post=4938"}],"version-history":[{"count":1,"href":"https:\/\/tsv-giessen.de\/index.php?rest_route=\/wp\/v2\/pages\/4938\/revisions"}],"predecessor-version":[{"id":39616,"href":"https:\/\/tsv-giessen.de\/index.php?rest_route=\/wp\/v2\/pages\/4938\/revisions\/39616"}],"wp:attachment":[{"href":"https:\/\/tsv-giessen.de\/index.php?rest_route=%2Fwp%2Fv2%2Fmedia&parent=4938"}],"curies":[{"name":"wp","href":"https:\/\/api.w.org\/{rel}","templated":true}]}}