{"id":38433,"date":"2026-01-25T21:20:16","date_gmt":"2026-01-25T20:20:16","guid":{"rendered":"https:\/\/tsv-giessen.de\/?page_id=38433"},"modified":"2026-01-27T08:52:13","modified_gmt":"2026-01-27T07:52:13","slug":"ehrenamt-im-tierheim-vielfalt-die-bewegt","status":"publish","type":"page","link":"https:\/\/tsv-giessen.de\/?page_id=38433","title":{"rendered":"Ehrenamt im Tierheim \u2013 Vielfalt, die bewegt"},"content":{"rendered":"<section class=\"l-section wpb_row height_small\"><div class=\"l-section-h i-cf\"><div class=\"g-cols type_default valign_top\"><div class=\"vc_col-sm-8 wpb_column vc_column_container\"><div class=\"vc_column-inner\"><div class=\"wpb_wrapper\">\r\n\t<div class=\"wpb_text_column \">\r\n\t\t<div class=\"wpb_wrapper\">\r\n\t\t\t<h3 style=\"text-align: center;\">Du interessierst dich f\u00fcr ein Ehrenamt und m\u00f6chtest wissen, welche Aufgaben im Tierheim auf dich warten k\u00f6nnen? Ein Engagement bei uns ist so vielf\u00e4ltig wie unsere Tiere und genauso wertvoll. Ganz gleich, ob du regelm\u00e4\u00dfig Zeit einbringen m\u00f6chtest oder punktuell helfen kannst: Jede Unterst\u00fctzung z\u00e4hlt und tr\u00e4gt direkt zum Wohl unserer Sch\u00fctzlinge bei.<br \/>\nDiese Aufgaben fallen im Tierheim unter das Ehrenamt an:<\/h3>\n\r\n\t\t<\/div>\r\n\t<\/div>\r\n<\/div><\/div><\/div><div class=\"vc_col-sm-4 wpb_column vc_column_container\"><div class=\"vc_column-inner\"><div class=\"wpb_wrapper\"><div class=\"w-image style_simple vc_custom_1769372628814\"><div class=\"us-frame\"><img loading=\"lazy\" decoding=\"async\" width=\"1024\" height=\"683\" src=\"https:\/\/www.tsv-giessen.de\/wp-content\/uploads\/2025\/07\/IMG-20251123-WA0368-1024x683.jpg\" class=\"attachment-large size-large\" alt=\"\" srcset=\"https:\/\/www.tsv-giessen.de\/wp-content\/uploads\/2025\/07\/IMG-20251123-WA0368-1024x683.jpg 1024w, https:\/\/www.tsv-giessen.de\/wp-content\/uploads\/2025\/07\/IMG-20251123-WA0368-300x200.jpg 300w, https:\/\/www.tsv-giessen.de\/wp-content\/uploads\/2025\/07\/IMG-20251123-WA0368-768x512.jpg 768w, https:\/\/www.tsv-giessen.de\/wp-content\/uploads\/2025\/07\/IMG-20251123-WA0368-1536x1024.jpg 1536w, https:\/\/www.tsv-giessen.de\/wp-content\/uploads\/2025\/07\/IMG-20251123-WA0368-2048x1366.jpg 2048w, https:\/\/www.tsv-giessen.de\/wp-content\/uploads\/2025\/07\/IMG-20251123-WA0368-600x400.jpg 600w\" sizes=\"(max-width: 1024px) 100vw, 1024px\" \/><\/div><\/div><\/div><\/div><\/div><\/div><\/div><\/section><section class=\"l-section wpb_row height_small\"><div class=\"l-section-h i-cf\"><div class=\"g-cols type_default valign_top\"><div class=\"vc_col-sm-6 wpb_column vc_column_container\"><div class=\"vc_column-inner\"><div class=\"wpb_wrapper\">\r\n\t<div class=\"wpb_text_column \">\r\n\t\t<div class=\"wpb_wrapper\">\r\n\t\t\t<h4>&#8211; Versorgung unserer Tiere: Ein zentraler Bestandteil der ehrenamtlichen Arbeit ist die t\u00e4gliche Versorgung der Tiere. Dazu geh\u00f6ren das F\u00fcttern, das Auff\u00fcllen von Wasser, einfache Pflegearbeiten sowie liebevolle Zuwendung. Zeit und Aufmerksamkeit sind f\u00fcr viele Tiere genauso wichtig wie Futter.<\/h4>\n<h4>&#8211; Reinigung und Hygiene: Sauberkeit ist im Tierheim unverzichtbar. Ehrenamtliche helfen bei der Reinigung von Tierunterk\u00fcnften, Katzenzimmern, Gemeinschaftsr\u00e4umen und Arbeitsbereichen und tragen so ma\u00dfgeblich zur Gesundheit von Mensch und Tier bei.<\/h4>\n<h4>&#8211; Fahrdienste: F\u00fcr Tierarztbesuche, Abholungen oder Besorgungen werden regelm\u00e4\u00dfig Fahrten ben\u00f6tigt. Wer mobil ist und gern f\u00e4hrt, kann hier eine gro\u00dfe Unterst\u00fctzung sein.<\/h4>\n<h4>&#8211; Lotsendienste: Besucherinnen und Besucher werden begr\u00fc\u00dft, Fragen beantwortet und Orientierung im Tierheim gegeben. Der Lotsendienst sorgt f\u00fcr einen freundlichen ersten Eindruck und hilft dabei, den Ablauf vor Ort zu strukturieren.<\/h4>\n<h4>&#8211; Social Media und \u00d6ffentlichkeitsarbeit: Auch hinter den Kulissen wird Hilfe gebraucht. Das Erstellen von Beitr\u00e4gen, Fotos oder Texten f\u00fcr soziale Medien unterst\u00fctzt unsere \u00d6ffentlichkeitsarbeit und hilft, Tiere, Veranstaltungen und Anliegen sichtbar zu machen.<\/h4>\n<h4>&#8211; Kuchen backen f\u00fcr das Sonntags-Caf\u00e9 \u201eTierlieb\u201c: Selbstgebackene Kuchen f\u00fcr unser Caf\u00e9 sind eine wertvolle Unterst\u00fctzung<\/h4>\n\r\n\t\t<\/div>\r\n\t<\/div>\r\n<\/div><\/div><\/div><div class=\"vc_col-sm-6 wpb_column vc_column_container\"><div class=\"vc_column-inner\"><div class=\"wpb_wrapper\">\r\n\t<div class=\"wpb_text_column \">\r\n\t\t<div class=\"wpb_wrapper\">\r\n\t\t\t<h4>&#8211; Theken- und Flohmarktdienste am Sonntag: An unseren Besuchstagen helfen Ehrenamtliche im Caf\u00e9betrieb oder beim Flohmarktverkauf, betreuen G\u00e4ste und sorgen f\u00fcr einen reibungslosen Ablauf.<\/h4>\n<h4>&#8211; W\u00e4sche waschen: Decken, Handt\u00fccher, Kissen und Tierbettchen m\u00fcssen regelm\u00e4\u00dfig gewaschen werden. Diese Aufgabe ist weniger sichtbar, aber f\u00fcr den t\u00e4glichen Betrieb unverzichtbar.<\/h4>\n<h4>&#8211; R\u00e4umaktionen und Organisation: Aufr\u00e4umen, Sortieren und Strukturieren von Lagerr\u00e4umen schafft Ordnung und erleichtert die Arbeit im gesamten Tierheim.<\/h4>\n<h4>&#8211; Gartenpflege und Au\u00dfenanlagen: Die Pflege von Gr\u00fcnfl\u00e4chen, Ausl\u00e4ufen und Au\u00dfenbereichen sorgt f\u00fcr eine angenehme Umgebung und sichere Aufenthaltsfl\u00e4chen f\u00fcr Tiere und Besucher.<\/h4>\n<h4>&#8211; Handwerksarbeiten: Kleinere Reparaturen, Aufbauarbeiten oder Instandhaltungen fallen regelm\u00e4\u00dfig an. Handwerkliches Geschick ist daher immer willkommen.<\/h4>\n<h4>&#8211; Telefondienst: Ehrenamtliche unterst\u00fctzen bei der Annahme von Telefonaten, der Weiterleitung von Anfragen und sind h\u00e4ufig der erste Kontakt f\u00fcr Menschen, die sich an das Tierheim wenden.<\/h4>\n\r\n\t\t<\/div>\r\n\t<\/div>\r\n<\/div><\/div><\/div><\/div><\/div><\/section><section class=\"l-section wpb_row height_small\"><div class=\"l-section-h i-cf\"><div class=\"g-cols type_default valign_top\"><div class=\"vc_col-sm-12 wpb_column vc_column_container\"><div class=\"vc_column-inner\"><div class=\"wpb_wrapper\">\r\n\t<div class=\"wpb_text_column \">\r\n\t\t<div class=\"wpb_wrapper\">\r\n\t\t\t<h3 style=\"text-align: center;\">Gemeinsam helfen<br \/>\nEin Ehrenamt im Tierheim bedeutet, Verantwortung zu \u00fcbernehmen, Teil einer Gemeinschaft zu sein und aktiv zum Tierschutz beizutragen. Jede Aufgabe, ob gro\u00df oder klein, macht einen Unterschied.<\/h3>\n<h3><strong><span style=\"color: #ff0000;\">Haben wir dein Interesse geweckt? Dann melde dich gerne unter e<a class=\"decorated-link cursor-pointer\" style=\"color: #ff0000;\" rel=\"noopener\" data-start=\"64\" data-end=\"87\" data-is-only-node=\"\">hrenamt@tsv-giessen.de<\/a>.<\/span><\/strong><\/h3>\n\r\n\t\t<\/div>\r\n\t<\/div>\r\n<\/div><\/div><\/div><\/div><\/div><\/section>\n","protected":false},"excerpt":{"rendered":"Du interessierst dich f\u00fcr ein Ehrenamt und m\u00f6chtest wissen, welche Aufgaben im Tierheim auf dich warten k\u00f6nnen? Ein Engagement bei uns ist so vielf\u00e4ltig wie unsere Tiere und genauso wertvoll....","protected":false},"author":1,"featured_media":0,"parent":0,"menu_order":0,"comment_status":"closed","ping_status":"closed","template":"","meta":{"_piecal_is_event":false,"_piecal_start_date":"","_piecal_end_date":"","_piecal_is_allday":false,"footnotes":""},"_links":{"self":[{"href":"https:\/\/tsv-giessen.de\/index.php?rest_route=\/wp\/v2\/pages\/38433"}],"collection":[{"href":"https:\/\/tsv-giessen.de\/index.php?rest_route=\/wp\/v2\/pages"}],"about":[{"href":"https:\/\/tsv-giessen.de\/index.php?rest_route=\/wp\/v2\/types\/page"}],"author":[{"embeddable":true,"href":"https:\/\/tsv-giessen.de\/index.php?rest_route=\/wp\/v2\/users\/1"}],"replies":[{"embeddable":true,"href":"https:\/\/tsv-giessen.de\/index.php?rest_route=%2Fwp%2Fv2%2Fcomments&post=38433"}],"version-history":[{"count":13,"href":"https:\/\/tsv-giessen.de\/index.php?rest_route=\/wp\/v2\/pages\/38433\/revisions"}],"predecessor-version":[{"id":38506,"href":"https:\/\/tsv-giessen.de\/index.php?rest_route=\/wp\/v2\/pages\/38433\/revisions\/38506"}],"wp:attachment":[{"href":"https:\/\/tsv-giessen.de\/index.php?rest_route=%2Fwp%2Fv2%2Fmedia&parent=38433"}],"curies":[{"name":"wp","href":"https:\/\/api.w.org\/{rel}","templated":true}]}}