{"id":37326,"date":"2025-11-17T21:02:26","date_gmt":"2025-11-17T20:02:26","guid":{"rendered":"https:\/\/tsv-giessen.de\/?page_id=37326"},"modified":"2025-11-17T21:21:12","modified_gmt":"2025-11-17T20:21:12","slug":"besuchstage-im-tierheim","status":"publish","type":"page","link":"https:\/\/tsv-giessen.de\/?page_id=37326","title":{"rendered":"Besuchstage im Tierheim"},"content":{"rendered":"<section class=\"l-section wpb_row height_small\"><div class=\"l-section-h i-cf\"><div class=\"g-cols type_default valign_top\"><div class=\"vc_col-sm-12 wpb_column vc_column_container\"><div class=\"vc_column-inner\"><div class=\"wpb_wrapper\">\r\n\t<div class=\"wpb_text_column \">\r\n\t\t<div class=\"wpb_wrapper\">\r\n\t\t\t<ul>\n<li><strong>Wer darf uns besuchen?<\/strong><\/li>\n<\/ul>\n<p>Jeder, der Interesse hat das Tierheim kennenzulernen und mehr \u00fcber unsere Arbeit zu erfahren.<\/p>\n<ul>\n<li><strong>Was ist das Ziel der Besuchstage?<\/strong><\/li>\n<\/ul>\n<p>Wir wollen Euch einen Einblick geben \u2013 \u00fcber die Bewohner des Tierheims und wie sie untergebracht sind, \u00fcber die Arbeit im Tierheim und wie wir sicherstellen, dass die Tiere versorgt sind. Au\u00dferdem erz\u00e4hlen wir Euch gerne, wie uns Jeder einzelne unterst\u00fctzen kann.<\/p>\n<p>An den Besuchstagen finden keine Vermittlungsgespr\u00e4che statt; daf\u00fcr gibt es pers\u00f6nliche Kennenlerntermine, die per E-Mail vergeben werden.<\/p>\n<ul>\n<li><strong>Wie l\u00e4uft Euer Besuch im Tierheim ab?<\/strong><\/li>\n<\/ul>\n<p>Ab 13 Uhr steht die Eingangst\u00fcr des Tierheims offen und Ihr k\u00f6nnt einfach in den Innenhof kommen und Euch umschauen. Wenn Ihr Fragen habt, sprecht die Mitarbeiter (gr\u00fcne Shirts) oder Ehrenamtlichen (blaue Shirts), die an diesem Tag da sind, gerne an.<\/p>\n<p>In den Ausl\u00e4ufen im Innenhof sitzen die Hunde, die an diesem Tag kennengelernt werden k\u00f6nnen. Au\u00dferdem k\u00f6nnt Ihr die Katzen, die im Katzenhaus wohnen, besuchen und ein Mitarbeiter kann Euch unsere Kleintiere zeigen.<\/p>\n<p>Sonntags weist Euch ein Hinweisschild den Weg ins Caf\u00e9 Tierlieb und zu unserem tierischen Flohmarkt, wo Ihr Euch mit Kaffee &amp; Kuchen st\u00e4rken und nach Tierzubeh\u00f6r st\u00f6bern k\u00f6nnt.<\/p>\n<p>Au\u00dferdem finden F\u00fchrungen durch das Tierheim statt, im Rahmen, welcher Ihr Euch die R\u00e4umlichkeiten anschaut und viele interessante Fakten erfahrt.<\/p>\n<ul>\n<li><strong>Welche Tiere k\u00f6nnt Ihr am Besuchstag sehen?<\/strong><\/li>\n<\/ul>\n<p>Grunds\u00e4tzlich k\u00f6nnen an den Besuchstagen nur ausgew\u00e4hlte Tiere kennengelernt werden.<\/p>\n<p>Ihr k\u00f6nnt Euch morgens auf Social Media informieren, welche Hunde im Innenhof sitzen werden und nur diese kann man auch besuchen. Zus\u00e4tzlich kann es Einschr\u00e4nkungen geben ob z.B. Kinder in den Auslauf d\u00fcrfen oder nicht.<\/p>\n<p>Bitte beachtet, dass f\u00fcr den Besuch der Tiere Regeln gelten, die unbedingt einzuhalten sind. Diese Regeln dienen sowohl zum Schutz &amp; Wohl der Tiere als auch der Besucher, da nicht jedes Tier gleich reagiert.<\/p>\n<ul>\n<li><strong>Was wollen wir vermeiden?<\/strong><\/li>\n<\/ul>\n<p>Stress &amp; Aufregung f\u00fcr unsere tierischen Bewohner.<\/p>\n<p>Das Wohl der Tiere steht f\u00fcr uns als Tierschutzverein an oberster Stelle &#8211; egal ob an Besuchstagen oder an jedem anderen Tag.<\/p>\n<p>Deswegen bitten wir Euch, wenn Ihr uns im Tierheim besucht, immer darauf zu achten, dass es den Tieren gut geht und dass sie sich wohlf\u00fchlen.<\/p>\n<p>Bitte bedr\u00e4ngt sie nicht und leistet den Anweisungen der Mitarbeiter &amp; Ehrenamtlichen, die an diesem Tag vor Ort sind, Folge!<\/p>\n\r\n\t\t<\/div>\r\n\t<\/div>\r\n<\/div><\/div><\/div><\/div><\/div><\/section><section class=\"l-section wpb_row height_small\"><div class=\"l-section-h i-cf\"><div class=\"g-cols type_default valign_top\"><div class=\"vc_col-sm-12 wpb_column vc_column_container\"><div class=\"vc_column-inner\"><div class=\"wpb_wrapper\">\r\n\t<div class=\"wpb_text_column \">\r\n\t\t<div class=\"wpb_wrapper\">\r\n\t\t\t<h4 style=\"text-align: center;\"><strong>Wir freuen uns auf Euch<\/strong><\/h4>\n\r\n\t\t<\/div>\r\n\t<\/div>\r\n<div class=\"woocommerce columns-1 \"><ul class=\"products columns-1\">\n<li class=\"product type-product post-39733 status-publish first instock product_cat-freigaenger product_cat-katzen has-post-thumbnail shipping-taxable product-type-simple\">\n\t<a href=\"https:\/\/tsv-giessen.de\/?product=samson\" class=\"woocommerce-LoopProduct-link woocommerce-loop-product__link\"><div class=\"product-h\"><img loading=\"lazy\" decoding=\"async\" width=\"300\" height=\"300\" src=\"https:\/\/www.tsv-giessen.de\/wp-content\/uploads\/2026\/04\/Samson-300x300.jpg\" class=\"attachment-woocommerce_thumbnail size-woocommerce_thumbnail\" alt=\"\" srcset=\"https:\/\/www.tsv-giessen.de\/wp-content\/uploads\/2026\/04\/Samson-300x300.jpg 300w, https:\/\/www.tsv-giessen.de\/wp-content\/uploads\/2026\/04\/Samson-150x150.jpg 150w, https:\/\/www.tsv-giessen.de\/wp-content\/uploads\/2026\/04\/Samson-600x600.jpg 600w, https:\/\/www.tsv-giessen.de\/wp-content\/uploads\/2026\/04\/Samson-350x350.jpg 350w, https:\/\/www.tsv-giessen.de\/wp-content\/uploads\/2026\/04\/Samson-100x100.jpg 100w, https:\/\/www.tsv-giessen.de\/wp-content\/uploads\/2026\/04\/Samson.jpg 640w\" sizes=\"(max-width: 300px) 100vw, 300px\" \/><div class=\"product-meta\"><h2 class=\"woocommerce-loop-product__title\">Samson<\/h2>\n<\/div><\/a><a href=\"https:\/\/tsv-giessen.de\/?product=samson\" aria-describedby=\"woocommerce_loop_add_to_cart_link_describedby_39733\" data-quantity=\"1\" class=\"button product_type_simple\" data-product_id=\"39733\" data-product_sku=\"\" aria-label=\"Lese mehr \u00fcber &#8222;Samson&#8220;\" rel=\"nofollow\">Weiterlesen<\/a><span id=\"woocommerce_loop_add_to_cart_link_describedby_39733\" class=\"screen-reader-text\">\n\t<\/span>\n<\/div><\/li>\n<li class=\"product type-product post-39675 status-publish first instock product_cat-von-privat has-post-thumbnail shipping-taxable product-type-simple\">\n\t<a href=\"https:\/\/tsv-giessen.de\/?product=aslan\" class=\"woocommerce-LoopProduct-link woocommerce-loop-product__link\"><div class=\"product-h\"><img loading=\"lazy\" decoding=\"async\" width=\"300\" height=\"300\" src=\"https:\/\/www.tsv-giessen.de\/wp-content\/uploads\/2026\/04\/IMG_1069-300x300.jpeg\" class=\"attachment-woocommerce_thumbnail size-woocommerce_thumbnail\" alt=\"\" srcset=\"https:\/\/www.tsv-giessen.de\/wp-content\/uploads\/2026\/04\/IMG_1069-300x300.jpeg 300w, https:\/\/www.tsv-giessen.de\/wp-content\/uploads\/2026\/04\/IMG_1069-150x150.jpeg 150w, https:\/\/www.tsv-giessen.de\/wp-content\/uploads\/2026\/04\/IMG_1069-600x600.jpeg 600w, https:\/\/www.tsv-giessen.de\/wp-content\/uploads\/2026\/04\/IMG_1069-350x350.jpeg 350w, https:\/\/www.tsv-giessen.de\/wp-content\/uploads\/2026\/04\/IMG_1069-100x100.jpeg 100w\" sizes=\"(max-width: 300px) 100vw, 300px\" \/><div class=\"product-meta\"><h2 class=\"woocommerce-loop-product__title\">Aslan<\/h2>\n<\/div><\/a><a href=\"https:\/\/tsv-giessen.de\/?product=aslan\" aria-describedby=\"woocommerce_loop_add_to_cart_link_describedby_39675\" data-quantity=\"1\" class=\"button product_type_simple\" data-product_id=\"39675\" data-product_sku=\"\" aria-label=\"Lese mehr \u00fcber &#8222;Aslan&#8220;\" rel=\"nofollow\">Weiterlesen<\/a><span id=\"woocommerce_loop_add_to_cart_link_describedby_39675\" class=\"screen-reader-text\">\n\t<\/span>\n<\/div><\/li>\n<li class=\"product type-product post-39671 status-publish first instock product_cat-von-privat has-post-thumbnail shipping-taxable product-type-simple\">\n\t<a href=\"https:\/\/tsv-giessen.de\/?product=yoko-und-akido\" class=\"woocommerce-LoopProduct-link woocommerce-loop-product__link\"><div class=\"product-h\"><img loading=\"lazy\" decoding=\"async\" width=\"300\" height=\"300\" src=\"https:\/\/www.tsv-giessen.de\/wp-content\/uploads\/2026\/04\/Akido-Yoko-300x300.jpg\" class=\"attachment-woocommerce_thumbnail size-woocommerce_thumbnail\" alt=\"\" srcset=\"https:\/\/www.tsv-giessen.de\/wp-content\/uploads\/2026\/04\/Akido-Yoko-300x300.jpg 300w, https:\/\/www.tsv-giessen.de\/wp-content\/uploads\/2026\/04\/Akido-Yoko-150x150.jpg 150w, https:\/\/www.tsv-giessen.de\/wp-content\/uploads\/2026\/04\/Akido-Yoko-600x600.jpg 600w, https:\/\/www.tsv-giessen.de\/wp-content\/uploads\/2026\/04\/Akido-Yoko-350x350.jpg 350w, https:\/\/www.tsv-giessen.de\/wp-content\/uploads\/2026\/04\/Akido-Yoko-100x100.jpg 100w\" sizes=\"(max-width: 300px) 100vw, 300px\" \/><div class=\"product-meta\"><h2 class=\"woocommerce-loop-product__title\">Yoko und Akido<\/h2>\n<\/div><\/a><a href=\"https:\/\/tsv-giessen.de\/?product=yoko-und-akido\" aria-describedby=\"woocommerce_loop_add_to_cart_link_describedby_39671\" data-quantity=\"1\" class=\"button product_type_simple\" data-product_id=\"39671\" data-product_sku=\"\" aria-label=\"Lese mehr \u00fcber &#8222;Yoko und Akido&#8220;\" rel=\"nofollow\">Weiterlesen<\/a><span id=\"woocommerce_loop_add_to_cart_link_describedby_39671\" class=\"screen-reader-text\">\n\t<\/span>\n<\/div><\/li>\n<li class=\"product type-product post-39665 status-publish first instock product_cat-von-privat has-post-thumbnail shipping-taxable product-type-simple\">\n\t<a href=\"https:\/\/tsv-giessen.de\/?product=milow\" class=\"woocommerce-LoopProduct-link woocommerce-loop-product__link\"><div class=\"product-h\"><img loading=\"lazy\" decoding=\"async\" width=\"300\" height=\"300\" src=\"https:\/\/www.tsv-giessen.de\/wp-content\/uploads\/2026\/04\/IMG_7583-300x300.jpeg\" class=\"attachment-woocommerce_thumbnail size-woocommerce_thumbnail\" alt=\"\" srcset=\"https:\/\/www.tsv-giessen.de\/wp-content\/uploads\/2026\/04\/IMG_7583-300x300.jpeg 300w, https:\/\/www.tsv-giessen.de\/wp-content\/uploads\/2026\/04\/IMG_7583-150x150.jpeg 150w, https:\/\/www.tsv-giessen.de\/wp-content\/uploads\/2026\/04\/IMG_7583-600x600.jpeg 600w, https:\/\/www.tsv-giessen.de\/wp-content\/uploads\/2026\/04\/IMG_7583-350x350.jpeg 350w, https:\/\/www.tsv-giessen.de\/wp-content\/uploads\/2026\/04\/IMG_7583-100x100.jpeg 100w\" sizes=\"(max-width: 300px) 100vw, 300px\" \/><div class=\"product-meta\"><h2 class=\"woocommerce-loop-product__title\">Milow<\/h2>\n<\/div><\/a><a href=\"https:\/\/tsv-giessen.de\/?product=milow\" aria-describedby=\"woocommerce_loop_add_to_cart_link_describedby_39665\" data-quantity=\"1\" class=\"button product_type_simple\" data-product_id=\"39665\" data-product_sku=\"\" aria-label=\"Lese mehr \u00fcber &#8222;Milow&#8220;\" rel=\"nofollow\">Weiterlesen<\/a><span id=\"woocommerce_loop_add_to_cart_link_describedby_39665\" class=\"screen-reader-text\">\n\t<\/span>\n<\/div><\/li>\n<li class=\"product type-product post-39656 status-publish first instock product_cat-tiere-anderer-organisationen has-post-thumbnail shipping-taxable product-type-simple\">\n\t<a href=\"https:\/\/tsv-giessen.de\/?product=amira\" class=\"woocommerce-LoopProduct-link woocommerce-loop-product__link\"><div class=\"product-h\"><img loading=\"lazy\" decoding=\"async\" width=\"300\" height=\"300\" src=\"https:\/\/www.tsv-giessen.de\/wp-content\/uploads\/2026\/04\/Amira-28.3.26-001-300x300.jpeg\" class=\"attachment-woocommerce_thumbnail size-woocommerce_thumbnail\" alt=\"\" srcset=\"https:\/\/www.tsv-giessen.de\/wp-content\/uploads\/2026\/04\/Amira-28.3.26-001-300x300.jpeg 300w, https:\/\/www.tsv-giessen.de\/wp-content\/uploads\/2026\/04\/Amira-28.3.26-001-1024x1024.jpeg 1024w, https:\/\/www.tsv-giessen.de\/wp-content\/uploads\/2026\/04\/Amira-28.3.26-001-150x150.jpeg 150w, https:\/\/www.tsv-giessen.de\/wp-content\/uploads\/2026\/04\/Amira-28.3.26-001-768x768.jpeg 768w, https:\/\/www.tsv-giessen.de\/wp-content\/uploads\/2026\/04\/Amira-28.3.26-001-600x600.jpeg 600w, https:\/\/www.tsv-giessen.de\/wp-content\/uploads\/2026\/04\/Amira-28.3.26-001-350x350.jpeg 350w, https:\/\/www.tsv-giessen.de\/wp-content\/uploads\/2026\/04\/Amira-28.3.26-001-100x100.jpeg 100w, https:\/\/www.tsv-giessen.de\/wp-content\/uploads\/2026\/04\/Amira-28.3.26-001.jpeg 1199w\" sizes=\"(max-width: 300px) 100vw, 300px\" \/><div class=\"product-meta\"><h2 class=\"woocommerce-loop-product__title\">Amira<\/h2>\n<\/div><\/a><a href=\"https:\/\/tsv-giessen.de\/?product=amira\" aria-describedby=\"woocommerce_loop_add_to_cart_link_describedby_39656\" data-quantity=\"1\" class=\"button product_type_simple\" data-product_id=\"39656\" data-product_sku=\"\" aria-label=\"Lese mehr \u00fcber &#8222;Amira&#8220;\" rel=\"nofollow\">Weiterlesen<\/a><span id=\"woocommerce_loop_add_to_cart_link_describedby_39656\" class=\"screen-reader-text\">\n\t<\/span>\n<\/div><\/li>\n<li class=\"product type-product post-39654 status-publish first instock product_cat-hunde product_cat-junghunde has-post-thumbnail shipping-taxable product-type-simple\">\n\t<a href=\"https:\/\/tsv-giessen.de\/?product=gnocchi\" class=\"woocommerce-LoopProduct-link woocommerce-loop-product__link\"><div class=\"product-h\"><img loading=\"lazy\" decoding=\"async\" width=\"300\" height=\"300\" src=\"https:\/\/www.tsv-giessen.de\/wp-content\/uploads\/2026\/04\/IMG-20260415-WA0018-300x300.jpg\" class=\"attachment-woocommerce_thumbnail size-woocommerce_thumbnail\" alt=\"\" srcset=\"https:\/\/www.tsv-giessen.de\/wp-content\/uploads\/2026\/04\/IMG-20260415-WA0018-300x300.jpg 300w, https:\/\/www.tsv-giessen.de\/wp-content\/uploads\/2026\/04\/IMG-20260415-WA0018-150x150.jpg 150w, https:\/\/www.tsv-giessen.de\/wp-content\/uploads\/2026\/04\/IMG-20260415-WA0018-600x600.jpg 600w, https:\/\/www.tsv-giessen.de\/wp-content\/uploads\/2026\/04\/IMG-20260415-WA0018-350x350.jpg 350w, https:\/\/www.tsv-giessen.de\/wp-content\/uploads\/2026\/04\/IMG-20260415-WA0018-100x100.jpg 100w\" sizes=\"(max-width: 300px) 100vw, 300px\" \/><div class=\"product-meta\"><h2 class=\"woocommerce-loop-product__title\">Gnocchi<\/h2>\n<\/div><\/a><a href=\"https:\/\/tsv-giessen.de\/?product=gnocchi\" aria-describedby=\"woocommerce_loop_add_to_cart_link_describedby_39654\" data-quantity=\"1\" class=\"button product_type_simple\" data-product_id=\"39654\" data-product_sku=\"\" aria-label=\"Lese mehr \u00fcber &#8222;Gnocchi&#8220;\" rel=\"nofollow\">Weiterlesen<\/a><span id=\"woocommerce_loop_add_to_cart_link_describedby_39654\" class=\"screen-reader-text\">\n\t<\/span>\n<\/div><\/li>\n<\/ul>\n<\/div><\/div><\/div><\/div><\/div><\/div><\/section>\n","protected":false},"excerpt":{"rendered":"Wer darf uns besuchen? Jeder, der Interesse hat das Tierheim kennenzulernen und mehr \u00fcber unsere Arbeit zu erfahren. Was ist das Ziel der Besuchstage? Wir wollen Euch einen Einblick geben...","protected":false},"author":1,"featured_media":0,"parent":0,"menu_order":0,"comment_status":"closed","ping_status":"closed","template":"","meta":{"_piecal_is_event":false,"_piecal_start_date":"","_piecal_end_date":"","_piecal_is_allday":false,"footnotes":""},"_links":{"self":[{"href":"https:\/\/tsv-giessen.de\/index.php?rest_route=\/wp\/v2\/pages\/37326"}],"collection":[{"href":"https:\/\/tsv-giessen.de\/index.php?rest_route=\/wp\/v2\/pages"}],"about":[{"href":"https:\/\/tsv-giessen.de\/index.php?rest_route=\/wp\/v2\/types\/page"}],"author":[{"embeddable":true,"href":"https:\/\/tsv-giessen.de\/index.php?rest_route=\/wp\/v2\/users\/1"}],"replies":[{"embeddable":true,"href":"https:\/\/tsv-giessen.de\/index.php?rest_route=%2Fwp%2Fv2%2Fcomments&post=37326"}],"version-history":[{"count":9,"href":"https:\/\/tsv-giessen.de\/index.php?rest_route=\/wp\/v2\/pages\/37326\/revisions"}],"predecessor-version":[{"id":37336,"href":"https:\/\/tsv-giessen.de\/index.php?rest_route=\/wp\/v2\/pages\/37326\/revisions\/37336"}],"wp:attachment":[{"href":"https:\/\/tsv-giessen.de\/index.php?rest_route=%2Fwp%2Fv2%2Fmedia&parent=37326"}],"curies":[{"name":"wp","href":"https:\/\/api.w.org\/{rel}","templated":true}]}}