{"id":34383,"date":"2025-04-16T11:42:20","date_gmt":"2025-04-16T09:42:20","guid":{"rendered":"https:\/\/tsv-giessen.de\/?page_id=34383"},"modified":"2026-03-03T15:54:06","modified_gmt":"2026-03-03T14:54:06","slug":"fit-fuers-tier-die-jugendtierschutzgruppe-des-tierschutzvereins-giessen-und-umgebung-e-v","status":"publish","type":"page","link":"https:\/\/tsv-giessen.de\/?page_id=34383","title":{"rendered":"Fit f\u00fcrs Tier \u2013 Die Jugendtierschutzgruppe des Tierschutzvereins Gie\u00dfen und Umgebung e.V."},"content":{"rendered":"<section class=\"l-section wpb_row height_small\"><div class=\"l-section-h i-cf\"><div class=\"g-cols type_default valign_top\"><div class=\"vc_col-sm-6 wpb_column vc_column_container\"><div class=\"vc_column-inner\"><div class=\"wpb_wrapper\">\r\n\t<div class=\"wpb_text_column \">\r\n\t\t<div class=\"wpb_wrapper\">\r\n\t\t\t<h1 style=\"text-align: center;\"><strong>Infos<\/strong><\/h1>\n\r\n\t\t<\/div>\r\n\t<\/div>\r\n\r\n\t<div class=\"wpb_text_column \">\r\n\t\t<div class=\"wpb_wrapper\">\r\n\t\t\t<p style=\"text-align: center;\">Du liebst Tiere, m\u00f6chtest mehr \u00fcber ihre Bed\u00fcrfnisse lernen und dich aktiv f\u00fcr ihren Schutz<br \/>\neinsetzen? Dann bist du bei uns genau richtig!<\/p>\n<p style=\"text-align: center;\">\u201e<strong>Fit f\u00fcrs Tier<\/strong>\u201c ist unsere Jugendtierschutzgruppe f\u00fcr alle jungen Tierfreundinnen und -freunde<br \/>\nzwischen <strong>8 und 13 Jahren<\/strong>. Bei unseren monatlichen Treffen besch\u00e4ftigen wir uns mit spannenden<br \/>\nThemen rund um Tierschutz, wesensgerechte Haltung, Umweltschutz und vieles mehr. Au\u00dferdem<br \/>\nplanen wir kleine Aktionen, machen kreative Projekte und haben jede Menge Spa\u00df dabei!<\/p>\n<p style=\"text-align: center;\"><strong>\ud83d\uddd3 Wann?<\/strong><br \/>\nJeden 2. Samstag im Monat<br \/>\n\u23f0 10 bis 12 Uhr<\/p>\n<p style=\"text-align: center;\"><strong>\ud83d\udccdWo?<\/strong><br \/>\nIm Tierheim Gie\u00dfen<br \/>\n<a href=\"https:\/\/www.google.com\/maps\/place\/\/data=!4m2!3m1!1s0x47bcf5fa89bda111:0x14fb172c9b40b4a8?sa=X&amp;ved=1t:8290&amp;ictx=111\" data-url=\"\/maps\/place\/\/data=!4m2!3m1!1s0x47bcf5fa89bda111:0x14fb172c9b40b4a8?sa=X&amp;ved=2ahUKEwjTruqUodyMAxVK8wIHHST-DuMQ4kB6BAgIEAA\">Vixr\u00f6der Str. 16, 35396 Gie\u00dfen<\/a><\/p>\n<p style=\"text-align: center;\"><strong>\u2709\ufe0f Anmeldung<\/strong><br \/>\nEine vorherige Anmeldung per E-Mail ist erforderlich.<br \/>\nBitte meldet euch unter: <a href=\"mailto:fit-fuers-tier@tsv-giessen.de\"><strong>fit-fuers-tier@tsv-giessen.de<\/strong><\/a><\/p>\n<p style=\"text-align: center;\">Wir freuen uns auf dich \u2013 gemeinsam machen wir uns stark f\u00fcr Tiere!<\/p>\n\r\n\t\t<\/div>\r\n\t<\/div>\r\n<\/div><\/div><\/div><div class=\"vc_col-sm-6 wpb_column vc_column_container\"><div class=\"vc_column-inner\"><div class=\"wpb_wrapper\"><div class=\"g-cols wpb_row type_default valign_top vc_inner \"><div class=\"vc_col-sm-12 wpb_column vc_column_container\"><div class=\"vc_column-inner  vc_custom_1744798340211\"><div class=\"wpb_wrapper\"><\/div><\/div><\/div><\/div><div class=\"w-slider\"><div class=\"us-frame\"><div class=\"royalSlider\"><div class=\"rsContent\"><a class=\"rsImg\" data-rsw=\"1024\" data-rsh=\"768\" data-rsBigImg=\"https:\/\/www.tsv-giessen.de\/wp-content\/uploads\/2025\/04\/3A5203FDE08A77681E920.jpeg\" href=\"https:\/\/www.tsv-giessen.de\/wp-content\/uploads\/2025\/04\/3A5203FDE08A77681E920-1024x768.jpeg\"><\/a><\/div><div class=\"rsContent\"><a class=\"rsImg\" data-rsw=\"1024\" data-rsh=\"769\" data-rsBigImg=\"https:\/\/www.tsv-giessen.de\/wp-content\/uploads\/2025\/04\/3A7BC556B71F1E91D0460.jpeg\" href=\"https:\/\/www.tsv-giessen.de\/wp-content\/uploads\/2025\/04\/3A7BC556B71F1E91D0460-1024x769.jpeg\"><\/a><\/div><div class=\"rsContent\"><a class=\"rsImg\" data-rsw=\"1024\" data-rsh=\"576\" data-rsBigImg=\"https:\/\/www.tsv-giessen.de\/wp-content\/uploads\/2025\/04\/3F4D0B714B271253F9680.jpeg\" href=\"https:\/\/www.tsv-giessen.de\/wp-content\/uploads\/2025\/04\/3F4D0B714B271253F9680-1024x576.jpeg\"><\/a><\/div><div class=\"rsContent\"><a class=\"rsImg\" data-rsw=\"1024\" data-rsh=\"576\" data-rsBigImg=\"https:\/\/www.tsv-giessen.de\/wp-content\/uploads\/2025\/04\/3A944F07DEF3621D3ABA0.jpeg\" href=\"https:\/\/www.tsv-giessen.de\/wp-content\/uploads\/2025\/04\/3A944F07DEF3621D3ABA0-1024x576.jpeg\"><\/a><\/div><div class=\"rsContent\"><a class=\"rsImg\" data-rsw=\"1024\" data-rsh=\"576\" data-rsBigImg=\"https:\/\/www.tsv-giessen.de\/wp-content\/uploads\/2025\/04\/3AF86AFEC039876CAD5B0.jpeg\" href=\"https:\/\/www.tsv-giessen.de\/wp-content\/uploads\/2025\/04\/3AF86AFEC039876CAD5B0-1024x576.jpeg\"><\/a><\/div><div class=\"rsContent\"><a class=\"rsImg\" data-rsw=\"1024\" data-rsh=\"576\" data-rsBigImg=\"https:\/\/www.tsv-giessen.de\/wp-content\/uploads\/2025\/04\/3A6044E320CCF8F487B20.jpeg\" href=\"https:\/\/www.tsv-giessen.de\/wp-content\/uploads\/2025\/04\/3A6044E320CCF8F487B20-1024x576.jpeg\"><\/a><\/div><div class=\"rsContent\"><a class=\"rsImg\" data-rsw=\"1024\" data-rsh=\"576\" data-rsBigImg=\"https:\/\/www.tsv-giessen.de\/wp-content\/uploads\/2025\/04\/3ACF49CA6772A4BAD3010.jpeg\" href=\"https:\/\/www.tsv-giessen.de\/wp-content\/uploads\/2025\/04\/3ACF49CA6772A4BAD3010-1024x576.jpeg\"><\/a><\/div><div class=\"rsContent\"><a class=\"rsImg\" data-rsw=\"1024\" data-rsh=\"768\" data-rsBigImg=\"https:\/\/www.tsv-giessen.de\/wp-content\/uploads\/2025\/04\/3AECB4A491D1F371EE4B0.jpeg\" href=\"https:\/\/www.tsv-giessen.de\/wp-content\/uploads\/2025\/04\/3AECB4A491D1F371EE4B0-1024x768.jpeg\"><\/a><\/div><div class=\"rsContent\"><a class=\"rsImg\" data-rsw=\"1024\" data-rsh=\"576\" data-rsBigImg=\"https:\/\/www.tsv-giessen.de\/wp-content\/uploads\/2025\/04\/3F8DB1C0BABA73FD82CB0.jpeg\" href=\"https:\/\/www.tsv-giessen.de\/wp-content\/uploads\/2025\/04\/3F8DB1C0BABA73FD82CB0-1024x576.jpeg\"><\/a><\/div><div class=\"rsContent\"><a class=\"rsImg\" data-rsw=\"1024\" data-rsh=\"576\" data-rsBigImg=\"https:\/\/www.tsv-giessen.de\/wp-content\/uploads\/2025\/04\/3A118749735A81C6453F0.jpeg\" href=\"https:\/\/www.tsv-giessen.de\/wp-content\/uploads\/2025\/04\/3A118749735A81C6453F0-1024x576.jpeg\"><\/a><\/div><\/div><img decoding=\"async\" src=\"https:\/\/www.tsv-giessen.de\/wp-content\/uploads\/2025\/04\/3A5203FDE08A77681E920-1024x768.jpeg\" alt=\"\"><\/div><div class=\"w-slider-json\" onclick='return {&quot;transitionSpeed&quot;:300,&quot;loopRewind&quot;:true,&quot;slidesSpacing&quot;:0,&quot;imageScalePadding&quot;:0,&quot;numImagesToPreload&quot;:2,&quot;arrowsNav&quot;:true,&quot;arrowsNavAutoHide&quot;:false,&quot;transitionType&quot;:&quot;move&quot;,&quot;block&quot;:{&quot;moveEffect&quot;:&quot;none&quot;,&quot;speed&quot;:300},&quot;controlNavigation&quot;:&quot;bullets&quot;,&quot;autoplay&quot;:{&quot;enabled&quot;:true,&quot;pauseOnHover&quot;:true,&quot;delay&quot;:3000},&quot;fullscreen&quot;:{&quot;enabled&quot;:true},&quot;imageScaleMode&quot;:&quot;fit-if-smaller&quot;,&quot;autoScaleSlider&quot;:true,&quot;autoScaleSliderWidth&quot;:1024,&quot;autoScaleSliderHeight&quot;:768,&quot;fitInViewport&quot;:false}'><\/div><\/div><\/div><\/div><\/div><\/div><\/div><\/section><section class=\"l-section wpb_row height_small color_footer-top\"><div class=\"l-section-h i-cf\"><div class=\"g-cols type_default valign_top\"><div class=\"vc_col-sm-6 wpb_column vc_column_container\"><div class=\"vc_column-inner\"><div class=\"wpb_wrapper\">\r\n\t<div class=\"wpb_text_column \">\r\n\t\t<div class=\"wpb_wrapper\">\r\n\t\t\t<h1 style=\"text-align: center;\"><strong>N\u00e4chste Termine<\/strong><\/h1>\n\r\n\t\t<\/div>\r\n\t<\/div>\r\n<h2 class=\"cl-itext type_fadeIn align_center cl_custom_css_1\" style=\"font-size:50px;\" onclick='return {\"duration\":200,\"delay\":5000}'><span class=\"cl-itext-part changesat_0 changesat_1 changesat_2 changesat_3 dynamic\" onclick='return [\"14\",\"11\",\"09\",\"13\"]'>14<\/span><span class=\"cl-itext-part changesat_0 changesat_2 dynamic\" onclick='return [\". \",\".\",\".\",\". \"]'>. <\/span><span class=\"cl-itext-part changesat_0 changesat_1 changesat_2 changesat_3 dynamic\" onclick='return [\"M\\u00e4rz\",\"April\",\"Mai\",\"Juni\"]'>M&auml;rz<\/span>\u00a02026<\/h2><style type=\"text\/css\">@media only screen and (max-width: 599px) {.cl_custom_css_1 { font-size: 30px !important; }}<\/style><\/div><\/div><\/div><div class=\"vc_col-sm-6 wpb_column vc_column_container\"><div class=\"vc_column-inner\"><div class=\"wpb_wrapper\">\r\n\t<div class=\"wpb_text_column \">\r\n\t\t<div class=\"wpb_wrapper\">\r\n\t\t\t<h1 style=\"text-align: center;\"><strong>Thema im M\u00e4rz<\/strong><\/h1>\n\r\n\t\t<\/div>\r\n\t<\/div>\r\n\r\n\t<div class=\"wpb_text_column \">\r\n\t\t<div class=\"wpb_wrapper\">\r\n\t\t\t<p style=\"text-align: center;\"><strong>Tauben: Friedensboten mit schlechtem Ruf<\/strong><\/p>\n\r\n\t\t<\/div>\r\n\t<\/div>\r\n<\/div><\/div><\/div><\/div><\/div><\/section><section class=\"l-section wpb_row height_small\"><div class=\"l-section-h i-cf\"><div class=\"g-cols type_default valign_top\"><div class=\"vc_col-sm-12 wpb_column vc_column_container\"><div class=\"vc_column-inner\"><div class=\"wpb_wrapper\"><div class=\"w-separator type_default size_medium thick_1 style_solid color_border cont_none\"><span class=\"w-separator-h\"><\/span><\/div><\/div><\/div><\/div><\/div><\/div><\/section>\n","protected":false},"excerpt":{"rendered":"Infos Du liebst Tiere, m\u00f6chtest mehr \u00fcber ihre Bed\u00fcrfnisse lernen und dich aktiv f\u00fcr ihren Schutz einsetzen? Dann bist du bei uns genau richtig! \u201eFit f\u00fcrs Tier\u201c ist unsere Jugendtierschutzgruppe...","protected":false},"author":1,"featured_media":0,"parent":0,"menu_order":0,"comment_status":"closed","ping_status":"closed","template":"","meta":{"_piecal_is_event":false,"_piecal_start_date":"","_piecal_end_date":"","_piecal_is_allday":false,"footnotes":""},"_links":{"self":[{"href":"https:\/\/tsv-giessen.de\/index.php?rest_route=\/wp\/v2\/pages\/34383"}],"collection":[{"href":"https:\/\/tsv-giessen.de\/index.php?rest_route=\/wp\/v2\/pages"}],"about":[{"href":"https:\/\/tsv-giessen.de\/index.php?rest_route=\/wp\/v2\/types\/page"}],"author":[{"embeddable":true,"href":"https:\/\/tsv-giessen.de\/index.php?rest_route=\/wp\/v2\/users\/1"}],"replies":[{"embeddable":true,"href":"https:\/\/tsv-giessen.de\/index.php?rest_route=%2Fwp%2Fv2%2Fcomments&post=34383"}],"version-history":[{"count":40,"href":"https:\/\/tsv-giessen.de\/index.php?rest_route=\/wp\/v2\/pages\/34383\/revisions"}],"predecessor-version":[{"id":38958,"href":"https:\/\/tsv-giessen.de\/index.php?rest_route=\/wp\/v2\/pages\/34383\/revisions\/38958"}],"wp:attachment":[{"href":"https:\/\/tsv-giessen.de\/index.php?rest_route=%2Fwp%2Fv2%2Fmedia&parent=34383"}],"curies":[{"name":"wp","href":"https:\/\/api.w.org\/{rel}","templated":true}]}}