{"id":14832,"date":"2021-03-05T13:56:02","date_gmt":"2021-03-05T12:56:02","guid":{"rendered":"https:\/\/tsv-giessen.de\/?page_id=14832"},"modified":"2023-02-27T14:05:18","modified_gmt":"2023-02-27T13:05:18","slug":"tier-vermisst","status":"publish","type":"page","link":"https:\/\/tsv-giessen.de\/?page_id=14832","title":{"rendered":"Tier vermisst melden"},"content":{"rendered":"<section class=\"l-section wpb_row height_small\"><div class=\"l-section-h i-cf\"><div class=\"g-cols type_default valign_top\"><div class=\"vc_col-sm-8 wpb_column vc_column_container\"><div class=\"vc_column-inner\"><div class=\"wpb_wrapper\">\r\n\t<div class=\"wpb_text_column \">\r\n\t\t<div class=\"wpb_wrapper\">\r\n\t\t\t<p><strong>Ist Ihnen Ihr Tier entlaufen?<\/strong><\/p>\n<p>&nbsp;<\/p>\n<p><strong>Wir m\u00f6chten Ihnen helfen es wiederzufinden!<\/strong><\/p>\n<p>&nbsp;<\/p>\n<p>Senden Sie uns eine E-Mail und wir ver\u00f6ffentlichen Ihre Vermisstenmeldung auf unseren Social Media Kan\u00e4len, damit Ihr Tier bald wieder nach Hause findet.<\/p>\n<p>Bitte senden Sie uns ihre pers\u00f6nlichen Daten (Name, Adresse, Telefonnummer), folgende Informationen und ein Foto an die <strong>vermisstenmeldung@tsv-giessen.de<\/strong>:<\/p>\n<p>Name des verschwundenen Tieres :<\/p>\n<p>Art\/Rasse:<\/p>\n<p>Farbe:<\/p>\n<p>Alter:<\/p>\n<p>Geschlecht:<\/p>\n<p>kastriert\/nicht kastriert:<\/p>\n<p>Kennzeichung (Chipnr. oder Tattoo):<\/p>\n<p>bei Tasso gemeldet:<\/p>\n<p>Halsband oder Geschirr:<\/p>\n<p>besondere Kennzeichen\/Merkmale:<\/p>\n<p>seit wann vermisst:<\/p>\n<p>wo entlaufen:<\/p>\n<p>&nbsp;<\/p>\n<p><strong>Sollten Sie Ihr Tier wiedergefunden haben, freuen wir uns \u00fcber eine Nachricht!<\/strong><\/p>\n\r\n\t\t<\/div>\r\n\t<\/div>\r\n<\/div><\/div><\/div><div class=\"vc_col-sm-4 wpb_column vc_column_container\"><div class=\"vc_column-inner\"><div class=\"wpb_wrapper\"><div class=\"w-person layout_square with_socials with_desc\" itemscope=\"itemscope\" itemtype=\"https:\/\/schema.org\/Person\"><div class=\"w-person-image\"><div class=\"w-person-links\"><div class=\"w-person-links-list\"><a class=\"w-person-links-item\" href=\"mailto:vermisstenmeldung@tsv-giessen.de\"><i class=\"fa fa-envelope\"><\/i><\/a><\/div><\/div><\/div><div class=\"w-person-content\"><h4 class=\"w-person-name\" itemprop=\"name\"><span>Tier vermisst melden<\/span><\/h4><div class=\"w-person-role\" itemprop=\"jobTitle\">vermisstenmeldung@tsv-giessen.de<\/div><div class=\"w-person-description\" itemprop=\"description\">Ist Ihr Tier entlaufen?<br \/>\nBitte schreiben Sie eine E-Mail an die angegebene E-Mail Adresse.<\/div><\/div><\/div><\/div><\/div><\/div><\/div><\/div><\/section>\n","protected":false},"excerpt":{"rendered":"Ist Ihnen Ihr Tier entlaufen? &nbsp; Wir m\u00f6chten Ihnen helfen es wiederzufinden! &nbsp; Senden Sie uns eine E-Mail und wir ver\u00f6ffentlichen Ihre Vermisstenmeldung auf unseren Social Media Kan\u00e4len, damit Ihr...","protected":false},"author":1,"featured_media":0,"parent":0,"menu_order":0,"comment_status":"closed","ping_status":"closed","template":"","meta":{"_piecal_is_event":false,"_piecal_start_date":"","_piecal_end_date":"","_piecal_is_allday":false,"footnotes":""},"_links":{"self":[{"href":"https:\/\/tsv-giessen.de\/index.php?rest_route=\/wp\/v2\/pages\/14832"}],"collection":[{"href":"https:\/\/tsv-giessen.de\/index.php?rest_route=\/wp\/v2\/pages"}],"about":[{"href":"https:\/\/tsv-giessen.de\/index.php?rest_route=\/wp\/v2\/types\/page"}],"author":[{"embeddable":true,"href":"https:\/\/tsv-giessen.de\/index.php?rest_route=\/wp\/v2\/users\/1"}],"replies":[{"embeddable":true,"href":"https:\/\/tsv-giessen.de\/index.php?rest_route=%2Fwp%2Fv2%2Fcomments&post=14832"}],"version-history":[{"count":0,"href":"https:\/\/tsv-giessen.de\/index.php?rest_route=\/wp\/v2\/pages\/14832\/revisions"}],"wp:attachment":[{"href":"https:\/\/tsv-giessen.de\/index.php?rest_route=%2Fwp%2Fv2%2Fmedia&parent=14832"}],"curies":[{"name":"wp","href":"https:\/\/api.w.org\/{rel}","templated":true}]}}